{"id":188,"date":"2024-09-23T16:01:48","date_gmt":"2024-09-23T14:01:48","guid":{"rendered":"https:\/\/wp.unil.ch\/youthwellbeing\/?page_id=188"},"modified":"2026-03-09T08:02:31","modified_gmt":"2026-03-09T07:02:31","slug":"research","status":"publish","type":"page","link":"https:\/\/wp.unil.ch\/youthwellbeing\/research\/","title":{"rendered":"Research"},"content":{"rendered":"\n<h1 class=\"wp-block-heading\">Research &amp; Publications<\/h1>\n\n\n\n<p>You will find relevant research articles and publications below.<\/p>\n\n\n\n<hr class=\"wp-block-separator has-alpha-channel-opacity\" \/>\n\n\n\n<div class=\"wp-block-cover alignfull is-light\" style=\"min-height:543px;aspect-ratio:unset;\"><span aria-hidden=\"true\" class=\"wp-block-cover__background has-background-dim-100 has-background-dim\" style=\"background-color:#ffffff\"><\/span><div class=\"wp-block-cover__inner-container is-layout-flow wp-block-cover-is-layout-flow\">\n<div class=\"wp-block-media-text alignwide is-stacked-on-mobile is-vertically-aligned-center is-image-fill-element\" style=\"grid-template-columns:30% auto\"><figure class=\"wp-block-media-text__media\"><img alt=\"\" loading=\"lazy\" decoding=\"async\" width=\"709\" height=\"1024\" src=\"https:\/\/wp.unil.ch\/youthwellbeing\/files\/2024\/12\/R1-709x1024.png\" alt=\"\" class=\"wp-image-502 size-full\" style=\"object-position:50% 50%\" srcset=\"https:\/\/wp.unil.ch\/youthwellbeing\/files\/2024\/12\/R1-709x1024.png 709w, https:\/\/wp.unil.ch\/youthwellbeing\/files\/2024\/12\/R1-208x300.png 208w, https:\/\/wp.unil.ch\/youthwellbeing\/files\/2024\/12\/R1-768x1109.png 768w, https:\/\/wp.unil.ch\/youthwellbeing\/files\/2024\/12\/R1-540x780.png 540w, https:\/\/wp.unil.ch\/youthwellbeing\/files\/2024\/12\/R1.png 882w\" sizes=\"auto, (max-width: 709px) 100vw, 709px\" \/><\/figure><div class=\"wp-block-media-text__content\">\n<h1 class=\"wp-block-heading has-accent-color has-text-color\" style=\"font-size:32px\"><strong>Piloting a mental health intervention for young adults in poverty enrolled in post-secondary education in post-conflict regions in Colombia: a study protocol<\/strong><\/h1>\n\n\n\n<p class=\"has-text-color\" style=\"color:#000000;font-size:17px\"><em>Zimmerman, A., Garc\u00eda Dur\u00e1n, M. C., Araya, R., Avendano, M., Hessel, P., D\u00edaz, Y., &#8230; &amp; Idrobo, F. (2023). Piloting a mental health intervention for young adults in poverty enrolled in post-secondary education in post-conflict regions in Colombia: a study protocol.&nbsp;<em>Frontiers in Psychiatry<\/em>,&nbsp;<em>14<\/em>, 1238725.<\/em><\/p>\n\n\n\n<div class=\"wp-block-buttons is-layout-flex wp-block-buttons-is-layout-flex\">\n<div class=\"wp-block-button has-custom-width wp-block-button__width-50 is-style-fill\"><a class=\"wp-block-button__link has-accent-background-color has-background wp-element-button\" href=\"https:\/\/www.frontiersin.org\/journals\/psychiatry\/articles\/10.3389\/fpsyt.2023.1238725\/full\" style=\"border-radius:30px\" target=\"_blank\" rel=\"noreferrer noopener\">Download here<\/a><\/div>\n<\/div>\n<\/div><\/div>\n<\/div><\/div>\n\n\n\n<hr class=\"wp-block-separator has-alpha-channel-opacity\" \/>\n\n\n\n<div class=\"wp-block-cover alignfull is-light\" style=\"min-height:543px;aspect-ratio:unset;\"><span aria-hidden=\"true\" class=\"wp-block-cover__background has-background-dim-100 has-background-dim\" style=\"background-color:#ffffff\"><\/span><div class=\"wp-block-cover__inner-container is-layout-flow wp-block-cover-is-layout-flow\">\n<div class=\"wp-block-media-text alignwide is-stacked-on-mobile is-vertically-aligned-center is-image-fill-element\" style=\"grid-template-columns:30% auto\"><figure class=\"wp-block-media-text__media\"><img alt=\"\" loading=\"lazy\" decoding=\"async\" width=\"1024\" height=\"993\" src=\"https:\/\/wp.unil.ch\/youthwellbeing\/files\/2024\/12\/R2-1024x993.png\" alt=\"\" class=\"wp-image-504 size-full\" style=\"object-position:50% 50%\" srcset=\"https:\/\/wp.unil.ch\/youthwellbeing\/files\/2024\/12\/R2-1024x993.png 1024w, https:\/\/wp.unil.ch\/youthwellbeing\/files\/2024\/12\/R2-300x291.png 300w, https:\/\/wp.unil.ch\/youthwellbeing\/files\/2024\/12\/R2-768x745.png 768w, https:\/\/wp.unil.ch\/youthwellbeing\/files\/2024\/12\/R2-540x524.png 540w, https:\/\/wp.unil.ch\/youthwellbeing\/files\/2024\/12\/R2-1080x1047.png 1080w, https:\/\/wp.unil.ch\/youthwellbeing\/files\/2024\/12\/R2.png 1186w\" sizes=\"auto, (max-width: 1024px) 100vw, 1024px\" \/><\/figure><div class=\"wp-block-media-text__content\">\n<h1 class=\"wp-block-heading has-accent-color has-text-color\" style=\"font-size:32px\"><strong>Co-designing and piloting a mental health intervention among young adults in post-secondary education in post-conflict areas in Colombia: A study protocol<\/strong><\/h1>\n\n\n\n<p class=\"has-text-color\" style=\"color:#000000;font-size:17px\"><em>Zimmerman, A., Dur\u00e1n, M. C. G., Araya, R., Avenda\u00f1o, M., Hessel, P., D\u00edaz, Y., &#8230; &amp; Idrobo, F. (2023). Co-designing and piloting a mental health intervention among young adults in post-secondary education in post-conflict areas in Colombia: A study protocol.<\/em><\/p>\n\n\n\n<div class=\"wp-block-buttons is-layout-flex wp-block-buttons-is-layout-flex\">\n<div class=\"wp-block-button has-custom-width wp-block-button__width-50 is-style-fill\"><a class=\"wp-block-button__link has-accent-background-color has-background wp-element-button\" href=\"https:\/\/www.researchsquare.com\/article\/rs-2899109\/v1\" style=\"border-radius:30px\" target=\"_blank\" rel=\"noreferrer noopener\">Download here<\/a><\/div>\n<\/div>\n<\/div><\/div>\n<\/div><\/div>\n\n\n\n<hr class=\"wp-block-separator has-alpha-channel-opacity\" \/>\n\n\n\n<div class=\"wp-block-cover alignfull is-light\" style=\"min-height:543px;aspect-ratio:unset;\"><span aria-hidden=\"true\" class=\"wp-block-cover__background has-background-dim-100 has-background-dim\" style=\"background-color:#ffffff\"><\/span><div class=\"wp-block-cover__inner-container is-layout-flow wp-block-cover-is-layout-flow\">\n<div class=\"wp-block-media-text alignwide is-stacked-on-mobile is-vertically-aligned-center is-image-fill-element\" style=\"grid-template-columns:30% auto\"><figure class=\"wp-block-media-text__media\"><img alt=\"\" loading=\"lazy\" decoding=\"async\" width=\"799\" height=\"1024\" src=\"https:\/\/wp.unil.ch\/youthwellbeing\/files\/2024\/12\/R3-799x1024.png\" alt=\"\" class=\"wp-image-505 size-full\" style=\"object-position:50% 50%\" srcset=\"https:\/\/wp.unil.ch\/youthwellbeing\/files\/2024\/12\/R3-799x1024.png 799w, https:\/\/wp.unil.ch\/youthwellbeing\/files\/2024\/12\/R3-234x300.png 234w, https:\/\/wp.unil.ch\/youthwellbeing\/files\/2024\/12\/R3-768x984.png 768w, https:\/\/wp.unil.ch\/youthwellbeing\/files\/2024\/12\/R3-540x692.png 540w, https:\/\/wp.unil.ch\/youthwellbeing\/files\/2024\/12\/R3-1080x1384.png 1080w, https:\/\/wp.unil.ch\/youthwellbeing\/files\/2024\/12\/R3.png 1110w\" sizes=\"auto, (max-width: 799px) 100vw, 799px\" \/><\/figure><div class=\"wp-block-media-text__content\">\n<h1 class=\"wp-block-heading has-accent-color has-text-color\" style=\"font-size:32px\"><strong>The relationship between multidimensional poverty, income poverty and youth depressive symptoms: cross-sectional evidence from Mexico, South Africa and Colombia<\/strong><\/h1>\n\n\n\n<p class=\"has-text-color\" style=\"color:#000000;font-size:17px\"><em>Zimmerman A, Lund C, Araya R, et al. The relationship between multidimensional poverty, income poverty and youth depressive symptoms: cross-sectional evidence from Mexico, South Africa and Colombia. <em>BMJ Glob Health<\/em>. Jan 2022;7(1)doi:10.1136\/bmjgh-2021-006960<\/em>.<\/p>\n\n\n\n<div class=\"wp-block-buttons is-layout-flex wp-block-buttons-is-layout-flex\">\n<div class=\"wp-block-button has-custom-width wp-block-button__width-50 is-style-fill\"><a class=\"wp-block-button__link has-accent-background-color has-background wp-element-button\" href=\"https:\/\/gh.bmj.com\/content\/7\/1\/e006960\" style=\"border-radius:30px\" target=\"_blank\" rel=\"noreferrer noopener\">Download here<\/a><\/div>\n<\/div>\n<\/div><\/div>\n<\/div><\/div>\n\n\n\n<hr class=\"wp-block-separator has-alpha-channel-opacity\" \/>\n\n\n\n<div class=\"wp-block-cover alignfull is-light\" style=\"min-height:543px;aspect-ratio:unset;\"><span aria-hidden=\"true\" class=\"wp-block-cover__background has-background-dim-100 has-background-dim\" style=\"background-color:#ffffff\"><\/span><div class=\"wp-block-cover__inner-container is-layout-flow wp-block-cover-is-layout-flow\">\n<div class=\"wp-block-media-text alignwide is-stacked-on-mobile is-vertically-aligned-center is-image-fill-element\" style=\"grid-template-columns:30% auto\"><figure class=\"wp-block-media-text__media\"><img alt=\"\" loading=\"lazy\" decoding=\"async\" width=\"815\" height=\"1024\" src=\"https:\/\/wp.unil.ch\/youthwellbeing\/files\/2024\/12\/R4-815x1024.png\" alt=\"\" class=\"wp-image-506 size-full\" style=\"object-position:50% 50%\" srcset=\"https:\/\/wp.unil.ch\/youthwellbeing\/files\/2024\/12\/R4-815x1024.png 815w, https:\/\/wp.unil.ch\/youthwellbeing\/files\/2024\/12\/R4-239x300.png 239w, https:\/\/wp.unil.ch\/youthwellbeing\/files\/2024\/12\/R4-768x965.png 768w, https:\/\/wp.unil.ch\/youthwellbeing\/files\/2024\/12\/R4-540x678.png 540w, https:\/\/wp.unil.ch\/youthwellbeing\/files\/2024\/12\/R4-1080x1356.png 1080w, https:\/\/wp.unil.ch\/youthwellbeing\/files\/2024\/12\/R4.png 1164w\" sizes=\"auto, (max-width: 815px) 100vw, 815px\" \/><\/figure><div class=\"wp-block-media-text__content\">\n<h1 class=\"wp-block-heading has-accent-color has-text-color\" style=\"font-size:32px\"><strong>Cash transfers and the mental health of young people: Evidence from South Africa&#8217;s child support grant<\/strong><\/h1>\n\n\n\n<p class=\"has-text-color\" style=\"color:#000000;font-size:17px\"><em>Garman EC, Eyal K, Avendano M, Evans-Lacko S, Lund C. Cash transfers and the mental health of young people: Evidence from South Africa&#8217;s child support grant. <em>Soc Sci Med<\/em>. Jan 2022;292:114631. doi:10.1016\/j.socscimed.2021.114631<\/em>.<\/p>\n\n\n\n<div class=\"wp-block-buttons is-layout-flex wp-block-buttons-is-layout-flex\">\n<div class=\"wp-block-button has-custom-width wp-block-button__width-50 is-style-fill\"><a class=\"wp-block-button__link has-accent-background-color has-background wp-element-button\" href=\"https:\/\/www.sciencedirect.com\/science\/article\/pii\/S0277953621009631?via%3Dihub\" style=\"border-radius:30px\" target=\"_blank\" rel=\"noreferrer noopener\">Download here<\/a><\/div>\n<\/div>\n<\/div><\/div>\n<\/div><\/div>\n\n\n\n<hr class=\"wp-block-separator has-alpha-channel-opacity\" \/>\n\n\n\n<div class=\"wp-block-cover alignfull is-light\" style=\"min-height:543px;aspect-ratio:unset;\"><span aria-hidden=\"true\" class=\"wp-block-cover__background has-background-dim-100 has-background-dim\" style=\"background-color:#ffffff\"><\/span><div class=\"wp-block-cover__inner-container is-layout-flow wp-block-cover-is-layout-flow\">\n<div class=\"wp-block-media-text alignwide is-stacked-on-mobile is-vertically-aligned-center is-image-fill-element\" style=\"grid-template-columns:30% auto\"><figure class=\"wp-block-media-text__media\"><img alt=\"\" loading=\"lazy\" decoding=\"async\" width=\"799\" height=\"1024\" src=\"https:\/\/wp.unil.ch\/youthwellbeing\/files\/2024\/12\/R5-799x1024.png\" alt=\"\" class=\"wp-image-507 size-full\" style=\"object-position:50% 50%\" srcset=\"https:\/\/wp.unil.ch\/youthwellbeing\/files\/2024\/12\/R5-799x1024.png 799w, https:\/\/wp.unil.ch\/youthwellbeing\/files\/2024\/12\/R5-234x300.png 234w, https:\/\/wp.unil.ch\/youthwellbeing\/files\/2024\/12\/R5-768x984.png 768w, https:\/\/wp.unil.ch\/youthwellbeing\/files\/2024\/12\/R5-540x692.png 540w, https:\/\/wp.unil.ch\/youthwellbeing\/files\/2024\/12\/R5-1080x1384.png 1080w, https:\/\/wp.unil.ch\/youthwellbeing\/files\/2024\/12\/R5.png 1136w\" sizes=\"auto, (max-width: 799px) 100vw, 799px\" \/><\/figure><div class=\"wp-block-media-text__content\">\n<h1 class=\"wp-block-heading has-accent-color has-text-color\" style=\"font-size:32px\"><strong>Understanding the complex relationship between multidimensional poverty and depressive symptoms among young South Africans: A cross-sectional study<\/strong><\/h1>\n\n\n\n<p class=\"has-text-color\" style=\"color:#000000;font-size:17px\"><em>Garman EC, Avendano M, Araya R, et al. Understanding the complex relationship between multidimensional poverty and depressive symptoms among young South Africans: A cross-sectional study. <em>J Affect Disord<\/em>. Sep 24 2022;319:352-360. doi:10.1016\/j.jad.2022.09.101<\/em>.<\/p>\n\n\n\n<div class=\"wp-block-buttons is-layout-flex wp-block-buttons-is-layout-flex\">\n<div class=\"wp-block-button has-custom-width wp-block-button__width-50 is-style-fill\"><a class=\"wp-block-button__link has-accent-background-color has-background wp-element-button\" href=\"https:\/\/www.sciencedirect.com\/science\/article\/pii\/S0165032722011077\" style=\"border-radius:30px\" target=\"_blank\" rel=\"noreferrer noopener\">Download here<\/a><\/div>\n<\/div>\n<\/div><\/div>\n<\/div><\/div>\n\n\n\n<hr class=\"wp-block-separator has-alpha-channel-opacity\" \/>\n\n\n\n<div class=\"wp-block-cover alignfull is-light\" style=\"min-height:543px;aspect-ratio:unset;\"><span aria-hidden=\"true\" class=\"wp-block-cover__background has-background-dim-100 has-background-dim\" style=\"background-color:#ffffff\"><\/span><div class=\"wp-block-cover__inner-container is-layout-flow wp-block-cover-is-layout-flow\">\n<div class=\"wp-block-media-text alignwide is-stacked-on-mobile is-vertically-aligned-center is-image-fill-element\" style=\"grid-template-columns:30% auto\"><figure class=\"wp-block-media-text__media\"><img alt=\"\" loading=\"lazy\" decoding=\"async\" width=\"820\" height=\"1024\" src=\"https:\/\/wp.unil.ch\/youthwellbeing\/files\/2024\/12\/R6-820x1024.png\" alt=\"\" class=\"wp-image-508 size-full\" style=\"object-position:50% 50%\" srcset=\"https:\/\/wp.unil.ch\/youthwellbeing\/files\/2024\/12\/R6-820x1024.png 820w, https:\/\/wp.unil.ch\/youthwellbeing\/files\/2024\/12\/R6-240x300.png 240w, https:\/\/wp.unil.ch\/youthwellbeing\/files\/2024\/12\/R6-768x959.png 768w, https:\/\/wp.unil.ch\/youthwellbeing\/files\/2024\/12\/R6-540x674.png 540w, https:\/\/wp.unil.ch\/youthwellbeing\/files\/2024\/12\/R6-1080x1349.png 1080w, https:\/\/wp.unil.ch\/youthwellbeing\/files\/2024\/12\/R6.png 1166w\" sizes=\"auto, (max-width: 820px) 100vw, 820px\" \/><\/figure><div class=\"wp-block-media-text__content\">\n<h1 class=\"wp-block-heading has-accent-color has-text-color\" style=\"font-size:32px\"><strong>Multidimensional poverty and adolescent mental health: Unpacking the relationship<\/strong><\/h1>\n\n\n\n<p class=\"has-text-color\" style=\"color:#000000;font-size:17px\"><em>Diaz Y, Hessel P, Avendano M, Evans-Lacko S. Multidimensional poverty and adolescent mental health: Unpacking the relationship. <em>Soc Sci Med<\/em>. Aug 31 2022;311:115324. doi:10.1016\/j.socscimed.2022.115324<\/em>.<\/p>\n\n\n\n<div class=\"wp-block-buttons is-layout-flex wp-block-buttons-is-layout-flex\">\n<div class=\"wp-block-button has-custom-width wp-block-button__width-50 is-style-fill\"><a class=\"wp-block-button__link has-accent-background-color has-background wp-element-button\" href=\"https:\/\/www.sciencedirect.com\/science\/article\/abs\/pii\/S027795362200630X?via%3Dihub\" style=\"border-radius:30px\" target=\"_blank\" rel=\"noreferrer noopener\">Download here<\/a><\/div>\n<\/div>\n<\/div><\/div>\n<\/div><\/div>\n\n\n\n<hr class=\"wp-block-separator has-alpha-channel-opacity\" \/>\n\n\n\n<div class=\"wp-block-cover alignfull is-light\" style=\"min-height:543px;aspect-ratio:unset;\"><span aria-hidden=\"true\" class=\"wp-block-cover__background has-background-dim-100 has-background-dim\" style=\"background-color:#ffffff\"><\/span><div class=\"wp-block-cover__inner-container is-layout-flow wp-block-cover-is-layout-flow\">\n<div class=\"wp-block-media-text alignwide is-stacked-on-mobile is-vertically-aligned-center is-image-fill-element\" style=\"grid-template-columns:30% auto\"><figure class=\"wp-block-media-text__media\"><img alt=\"\" loading=\"lazy\" decoding=\"async\" width=\"806\" height=\"1024\" src=\"https:\/\/wp.unil.ch\/youthwellbeing\/files\/2024\/12\/R7-806x1024.png\" alt=\"\" class=\"wp-image-509 size-full\" style=\"object-position:50% 50%\" srcset=\"https:\/\/wp.unil.ch\/youthwellbeing\/files\/2024\/12\/R7-806x1024.png 806w, https:\/\/wp.unil.ch\/youthwellbeing\/files\/2024\/12\/R7-236x300.png 236w, https:\/\/wp.unil.ch\/youthwellbeing\/files\/2024\/12\/R7-768x976.png 768w, https:\/\/wp.unil.ch\/youthwellbeing\/files\/2024\/12\/R7-540x686.png 540w, https:\/\/wp.unil.ch\/youthwellbeing\/files\/2024\/12\/R7-1080x1372.png 1080w, https:\/\/wp.unil.ch\/youthwellbeing\/files\/2024\/12\/R7.png 1124w\" sizes=\"auto, (max-width: 806px) 100vw, 806px\" \/><\/figure><div class=\"wp-block-media-text__content\">\n<h1 class=\"wp-block-heading has-accent-color has-text-color\" style=\"font-size:32px\"><strong>The impact of cash transfers on mental health in children and young people in low-income and middle-income countries: a systematic review and meta-analysis<\/strong><\/h1>\n\n\n\n<p class=\"has-text-color\" style=\"color:#000000;font-size:17px\"><em>Zimmerman A, Garman E, Avendano-Pabon M, et al. The impact of cash transfers on mental health in children and young people in low-income and middle-income countries: a systematic review and meta-analysis. <em>BMJ Glob Health<\/em>. Apr 2021;6(4)doi:10.1136\/bmjgh-2020-004661<\/em>.<\/p>\n\n\n\n<div class=\"wp-block-buttons is-layout-flex wp-block-buttons-is-layout-flex\">\n<div class=\"wp-block-button has-custom-width wp-block-button__width-50 is-style-fill\"><a class=\"wp-block-button__link has-accent-background-color has-background wp-element-button\" href=\"https:\/\/gh.bmj.com\/content\/6\/4\/e004661\" style=\"border-radius:30px\" target=\"_blank\" rel=\"noreferrer noopener\">Download here<\/a><\/div>\n<\/div>\n<\/div><\/div>\n<\/div><\/div>\n\n\n\n<hr class=\"wp-block-separator has-alpha-channel-opacity\" \/>\n\n\n\n<div class=\"wp-block-cover alignfull is-light\" style=\"min-height:543px;aspect-ratio:unset;\"><span aria-hidden=\"true\" class=\"wp-block-cover__background has-background-dim-100 has-background-dim\" style=\"background-color:#ffffff\"><\/span><div class=\"wp-block-cover__inner-container is-layout-flow wp-block-cover-is-layout-flow\">\n<div class=\"wp-block-media-text alignwide is-stacked-on-mobile is-vertically-aligned-center is-image-fill-element\" style=\"grid-template-columns:30% auto\"><figure class=\"wp-block-media-text__media\"><img alt=\"\" loading=\"lazy\" decoding=\"async\" width=\"848\" height=\"1024\" src=\"https:\/\/wp.unil.ch\/youthwellbeing\/files\/2024\/12\/R8-848x1024.png\" alt=\"\" class=\"wp-image-510 size-full\" style=\"object-position:50% 50%\" srcset=\"https:\/\/wp.unil.ch\/youthwellbeing\/files\/2024\/12\/R8-848x1024.png 848w, https:\/\/wp.unil.ch\/youthwellbeing\/files\/2024\/12\/R8-249x300.png 249w, https:\/\/wp.unil.ch\/youthwellbeing\/files\/2024\/12\/R8-768x927.png 768w, https:\/\/wp.unil.ch\/youthwellbeing\/files\/2024\/12\/R8-540x652.png 540w, https:\/\/wp.unil.ch\/youthwellbeing\/files\/2024\/12\/R8-1080x1304.png 1080w, https:\/\/wp.unil.ch\/youthwellbeing\/files\/2024\/12\/R8.png 1168w\" sizes=\"auto, (max-width: 848px) 100vw, 848px\" \/><\/figure><div class=\"wp-block-media-text__content\">\n<h1 class=\"wp-block-heading has-accent-color has-text-color\" style=\"font-size:32px\"><strong>Integrating youth mental health into cash transfer programmes in response to the COVID-19 crisis in low-income and middle-income countries<\/strong><\/h1>\n\n\n\n<p class=\"has-text-color\" style=\"color:#000000;font-size:17px\"><em>Bauer A, Garman E, McDaid D, et al. Integrating youth mental health into cash transfer programmes in response to the COVID-19 crisis in low-income and middle-income countries. <em>Lancet Psychiatry<\/em>. Apr 2021;8(4):340-346. doi:10.1016\/S2215-0366(20)30382-5<\/em>.<\/p>\n\n\n\n<div class=\"wp-block-buttons is-layout-flex wp-block-buttons-is-layout-flex\">\n<div class=\"wp-block-button has-custom-width wp-block-button__width-50 is-style-fill\"><a class=\"wp-block-button__link has-accent-background-color has-background wp-element-button\" href=\"https:\/\/www.thelancet.com\/journals\/lanpsy\/article\/PIIS2215-0366(20)30382-5\/fulltext\" style=\"border-radius:30px\" target=\"_blank\" rel=\"noreferrer noopener\">Download here<\/a><\/div>\n<\/div>\n<\/div><\/div>\n<\/div><\/div>\n\n\n\n<hr class=\"wp-block-separator has-alpha-channel-opacity\" \/>\n\n\n\n<div class=\"wp-block-cover alignfull is-light\" style=\"min-height:543px;aspect-ratio:unset;\"><span aria-hidden=\"true\" class=\"wp-block-cover__background has-background-dim-100 has-background-dim\" style=\"background-color:#ffffff\"><\/span><div class=\"wp-block-cover__inner-container is-layout-flow wp-block-cover-is-layout-flow\">\n<div class=\"wp-block-media-text alignwide is-stacked-on-mobile is-vertically-aligned-center is-image-fill-element\" style=\"grid-template-columns:30% auto\"><figure class=\"wp-block-media-text__media\"><img alt=\"\" loading=\"lazy\" decoding=\"async\" width=\"775\" height=\"1024\" src=\"https:\/\/wp.unil.ch\/youthwellbeing\/files\/2024\/12\/R9-775x1024.png\" alt=\"\" class=\"wp-image-511 size-full\" style=\"object-position:50% 50%\" srcset=\"https:\/\/wp.unil.ch\/youthwellbeing\/files\/2024\/12\/R9-775x1024.png 775w, https:\/\/wp.unil.ch\/youthwellbeing\/files\/2024\/12\/R9-227x300.png 227w, https:\/\/wp.unil.ch\/youthwellbeing\/files\/2024\/12\/R9-768x1014.png 768w, https:\/\/wp.unil.ch\/youthwellbeing\/files\/2024\/12\/R9-540x713.png 540w, https:\/\/wp.unil.ch\/youthwellbeing\/files\/2024\/12\/R9-1080x1426.png 1080w, https:\/\/wp.unil.ch\/youthwellbeing\/files\/2024\/12\/R9.png 1086w\" sizes=\"auto, (max-width: 775px) 100vw, 775px\" \/><\/figure><div class=\"wp-block-media-text__content\">\n<h1 class=\"wp-block-heading has-accent-color has-text-color\" style=\"font-size:32px\"><strong>Investigating the impact of poverty on mental illness in the UK Biobank using Mendelian randomization<\/strong><\/h1>\n\n\n\n<p class=\"has-text-color\" style=\"color:#000000;font-size:17px\"><em>Marchi, M., Alkema, A., Xia, C. <em>et al.<\/em> Investigating the impact of poverty on mental illness in the UK Biobank using Mendelian randomization. <em>Nat Hum Behav<\/em> 8, 1771\u20131783 (2024). https:\/\/doi.org\/10.1038\/s41562-024-01919-3<\/em>.<\/p>\n\n\n\n<div class=\"wp-block-buttons is-layout-flex wp-block-buttons-is-layout-flex\">\n<div class=\"wp-block-button has-custom-width wp-block-button__width-50 is-style-fill\"><a class=\"wp-block-button__link has-accent-background-color has-background wp-element-button\" href=\"https:\/\/www.nature.com\/articles\/s41562-024-01919-3\" style=\"border-radius:30px\" target=\"_blank\" rel=\"noreferrer noopener\">Download here<\/a><\/div>\n<\/div>\n<\/div><\/div>\n<\/div><\/div>\n\n\n\n<div class=\"wp-block-group alignwide has-contrast-color has-text-color has-background has-small-font-size is-vertical is-content-justification-center is-layout-flex wp-container-core-group-is-layout-c1140310 wp-block-group-is-layout-flex\" style=\"background-color:#b2adcb;min-height:40vh;margin-top:0;margin-bottom:0;padding-top:var(--wp--preset--spacing--60);padding-right:var(--wp--preset--spacing--50);padding-bottom:var(--wp--preset--spacing--60);padding-left:var(--wp--preset--spacing--50)\"><div style=\"margin-bottom:6px;\" class=\"is-default-size aligncenter wp-block-site-logo\"><a href=\"https:\/\/wp.unil.ch\/youthwellbeing\/\" class=\"custom-logo-link\" rel=\"home\"><img loading=\"lazy\" decoding=\"async\" width=\"999\" height=\"750\" src=\"https:\/\/wp.unil.ch\/youthwellbeing\/files\/2024\/11\/cropped-Logo-Transparent.png\" class=\"custom-logo\" alt=\"Youth Well-Being Project\" srcset=\"https:\/\/wp.unil.ch\/youthwellbeing\/files\/2024\/11\/cropped-Logo-Transparent.png 999w, https:\/\/wp.unil.ch\/youthwellbeing\/files\/2024\/11\/cropped-Logo-Transparent-300x225.png 300w, https:\/\/wp.unil.ch\/youthwellbeing\/files\/2024\/11\/cropped-Logo-Transparent-768x577.png 768w, https:\/\/wp.unil.ch\/youthwellbeing\/files\/2024\/11\/cropped-Logo-Transparent-540x405.png 540w\" sizes=\"auto, (max-width: 999px) 100vw, 999px\" \/><\/a><\/div>\n\n\n<p class=\"has-text-align-center\" style=\"font-size:18px\">If you are interested in&nbsp;<strong>collaborating with Youth Well-Being<\/strong>, please complete the form on the&nbsp;<strong><a href=\"https:\/\/web.archive.org\/web\/20250624015238\/https:\/\/wp.unil.ch\/youthwellbeing\/contact\/\">contact<\/a><\/strong>&nbsp;page.<\/p>\n\n\n\n<p class=\"has-text-align-center\" style=\"font-size:18px\">All photos feature participants from the Renta Joven program, provided courtesy of Prosperidad Social.<\/p>\n\n\n\n<p style=\"font-size:18px\">\u00a9 2026&nbsp;<a href=\"https:\/\/wp.unil.ch\/youthwellbeing\">Youth Well-Being Project<\/a><\/p>\n<\/div>\n\n\n","protected":false},"excerpt":{"rendered":"<p>Research &amp; Publications You will find relevant research articles and publications below.<\/p>\n","protected":false},"author":1002864,"featured_media":0,"parent":0,"menu_order":0,"comment_status":"closed","ping_status":"closed","template":"template-full-width.php","meta":{"_seopress_robots_primary_cat":"","_seopress_titles_title":"","_seopress_titles_desc":"","_seopress_robots_index":"","footnotes":""},"class_list":["post-188","page","type-page","status-publish","has-post-thumbnail"],"_links":{"self":[{"href":"https:\/\/wp.unil.ch\/youthwellbeing\/wp-json\/wp\/v2\/pages\/188","targetHints":{"allow":["GET"]}}],"collection":[{"href":"https:\/\/wp.unil.ch\/youthwellbeing\/wp-json\/wp\/v2\/pages"}],"about":[{"href":"https:\/\/wp.unil.ch\/youthwellbeing\/wp-json\/wp\/v2\/types\/page"}],"author":[{"embeddable":true,"href":"https:\/\/wp.unil.ch\/youthwellbeing\/wp-json\/wp\/v2\/users\/1002864"}],"replies":[{"embeddable":true,"href":"https:\/\/wp.unil.ch\/youthwellbeing\/wp-json\/wp\/v2\/comments?post=188"}],"version-history":[{"count":5,"href":"https:\/\/wp.unil.ch\/youthwellbeing\/wp-json\/wp\/v2\/pages\/188\/revisions"}],"predecessor-version":[{"id":824,"href":"https:\/\/wp.unil.ch\/youthwellbeing\/wp-json\/wp\/v2\/pages\/188\/revisions\/824"}],"wp:attachment":[{"href":"https:\/\/wp.unil.ch\/youthwellbeing\/wp-json\/wp\/v2\/media?parent=188"}],"curies":[{"name":"wp","href":"https:\/\/api.w.org\/{rel}","templated":true}]}}