{"id":842,"date":"2026-03-09T11:56:38","date_gmt":"2026-03-09T10:56:38","guid":{"rendered":"https:\/\/wp.unil.ch\/youthwellbeing\/?page_id=842"},"modified":"2026-03-09T11:56:38","modified_gmt":"2026-03-09T10:56:38","slug":"about-2","status":"publish","type":"page","link":"https:\/\/wp.unil.ch\/youthwellbeing\/es\/about-2\/","title":{"rendered":"Acerca de"},"content":{"rendered":"<h1 class=\"wp-block-heading\">Breve descripci\u00f3n del proyecto<\/h1>\n\n\n\n<div class=\"wp-block-columns is-layout-flex wp-container-core-columns-is-layout-9d6595d7 wp-block-columns-is-layout-flex\">\n<div class=\"wp-block-column is-layout-flow wp-block-column-is-layout-flow\">\n<p><\/p>\n\n\n\n<p><\/p>\n\n\n\n<p><\/p>\n\n\n\n<p class=\"has-text-align-left\">Los trastornos mentales afectan a m\u00e1s de 1.100 millones de personas en todo el mundo, con importantes consecuencias para los individuos y las sociedades. La relaci\u00f3n entre la salud mental y la pobreza es especialmente marcada, ya que los problemas de salud mental a menudo agravan la pobreza, limitan la movilidad social y obstaculizan la prosperidad econ\u00f3mica al interrumpir el rendimiento educativo entre las personas con mayor potencial de progreso econ\u00f3mico. Sin embargo, el acceso a una atenci\u00f3n eficaz sigue siendo limitado, especialmente en los entornos con pocos recursos.<br><\/p>\n<\/div>\n\n\n\n<div class=\"wp-block-column is-layout-flow wp-block-column-is-layout-flow\">\n<figure class=\"wp-block-image alignwide size-large\"><img alt=\"\" loading=\"lazy\" decoding=\"async\" width=\"1024\" height=\"683\" src=\"https:\/\/wp.unil.ch\/youthwellbeing\/files\/2024\/11\/78A8793-1024x683.jpg\" class=\"wp-image-364\" srcset=\"https:\/\/wp.unil.ch\/youthwellbeing\/files\/2024\/11\/78A8793-1024x683.jpg 1024w, https:\/\/wp.unil.ch\/youthwellbeing\/files\/2024\/11\/78A8793-300x200.jpg 300w, https:\/\/wp.unil.ch\/youthwellbeing\/files\/2024\/11\/78A8793-768x512.jpg 768w, https:\/\/wp.unil.ch\/youthwellbeing\/files\/2024\/11\/78A8793-1536x1024.jpg 1536w, https:\/\/wp.unil.ch\/youthwellbeing\/files\/2024\/11\/78A8793-540x360.jpg 540w, https:\/\/wp.unil.ch\/youthwellbeing\/files\/2024\/11\/78A8793-1080x720.jpg 1080w, https:\/\/wp.unil.ch\/youthwellbeing\/files\/2024\/11\/78A8793.jpg 1800w\" sizes=\"auto, (max-width: 1024px) 100vw, 1024px\" \/><\/figure>\n<\/div>\n<\/div>\n\n\n\n<p>Para abordar este vac\u00edo, estamos llevando a cabo un ensayo controlado aleatorizado a gran escala en Colombia para evaluar el impacto de la tecnolog\u00eda digital de salud mental en la salud mental, la educaci\u00f3n y los resultados econ\u00f3micos de los estudiantes de bajos ingresos. En colaboraci\u00f3n con el gobierno colombiano, estamos integrando este ensayo dentro de un programa nacional que apoya la educaci\u00f3n superior para estudiantes de bajos ingresos, a saber, Renta Joven. Colombia se enfrenta a una acuciante crisis de salud mental, especialmente entre los adultos j\u00f3venes, por lo que esta intervenci\u00f3n es oportuna y fundamental.<\/p>\n\n\n\n<p>Nuestro enfoque consiste en crear una plataforma digital de vanguardia basada en los principios de la terapia transdiagn\u00f3stica, que incorpora herramientas basadas en la terapia cognitivo-conductual (TCC) para aliviar los s\u00edntomas de la depresi\u00f3n, la ansiedad y el TEPT. La plataforma incluye seis m\u00f3dulos: entrevista motivacional, activaci\u00f3n conductual, resoluci\u00f3n de problemas, eficacia interpersonal, estrategias de sue\u00f1o y gesti\u00f3n de los s\u00edntomas del TEPT (con reevaluaci\u00f3n cognitiva y atenci\u00f3n plena). Una caja de herramientas de regulaci\u00f3n emocional adicional ofrece a los usuarios flexibilidad para acceder a los recursos seg\u00fan sea necesario. Este enfoque integral y escalable pretende proporcionar un apoyo sostenible en salud mental a quienes m\u00e1s lo necesitan.<\/p>\n\n\n\n<hr class=\"wp-block-separator has-alpha-channel-opacity\" \/>\n\n\n\n<h1 class=\"wp-block-heading\"><strong>Paquetes de trabajo<\/strong><\/h1>\n\n\n\n<p>El proyecto de Bienestar Juvenil est\u00e1 estructurado en cuatro paquetes de trabajo clave, cada uno de ellos alineado con un objetivo principal del proyecto. Estos paquetes de trabajo est\u00e1n dise\u00f1ados para garantizar un compromiso exhaustivo con los participantes de Renta Joven y cumplir los objetivos del proyecto de forma eficaz.<\/p>\n\n\n\n<p><br><\/p>\n\n\n\n<div class=\"wp-block-columns is-layout-flex wp-container-core-columns-is-layout-9d6595d7 wp-block-columns-is-layout-flex\">\n<div class=\"wp-block-column is-layout-flow wp-block-column-is-layout-flow\" style=\"flex-basis:33.33%\"><div class=\"wp-block-image\">\n<figure class=\"aligncenter size-large is-resized\"><img alt=\"\" loading=\"lazy\" decoding=\"async\" width=\"1024\" height=\"1024\" src=\"https:\/\/wp.unil.ch\/youthwellbeing\/files\/2024\/11\/1-4-1024x1024.png\" class=\"wp-image-427\" style=\"width:160px\" srcset=\"https:\/\/wp.unil.ch\/youthwellbeing\/files\/2024\/11\/1-4-1024x1024.png 1024w, https:\/\/wp.unil.ch\/youthwellbeing\/files\/2024\/11\/1-4-300x300.png 300w, https:\/\/wp.unil.ch\/youthwellbeing\/files\/2024\/11\/1-4-150x150.png 150w, https:\/\/wp.unil.ch\/youthwellbeing\/files\/2024\/11\/1-4-768x768.png 768w, https:\/\/wp.unil.ch\/youthwellbeing\/files\/2024\/11\/1-4-540x540.png 540w, https:\/\/wp.unil.ch\/youthwellbeing\/files\/2024\/11\/1-4-400x400.png 400w, https:\/\/wp.unil.ch\/youthwellbeing\/files\/2024\/11\/1-4-600x600.png 600w, https:\/\/wp.unil.ch\/youthwellbeing\/files\/2024\/11\/1-4.png 1080w\" sizes=\"auto, (max-width: 1024px) 100vw, 1024px\" \/><\/figure>\n<\/div><\/div>\n\n\n\n<div class=\"wp-block-column is-layout-flow wp-block-column-is-layout-flow\" style=\"flex-basis:66.66%\">\n<h4 class=\"wp-block-heading\"><strong>Desarrollo conjunto de una intervenci\u00f3n adaptada a las condiciones locales<\/strong><\/h4>\n\n\n\n<p>Este paquete de trabajo se centra en el co-dise\u00f1o de una intervenci\u00f3n escalable y sostenible que satisfaga las necesidades \u00fanicas de los j\u00f3venes del programa Renta Joven que experimentan s\u00edntomas de depresi\u00f3n, ansiedad y TEPT. Mediante la participaci\u00f3n de las partes interesadas locales, nuestro objetivo es crear una intervenci\u00f3n que sea culturalmente apropiada y f\u00e1cilmente adaptable.<\/p>\n<\/div>\n<\/div>\n\n\n\n<div class=\"wp-block-columns is-layout-flex wp-container-core-columns-is-layout-9d6595d7 wp-block-columns-is-layout-flex\">\n<div class=\"wp-block-column is-layout-flow wp-block-column-is-layout-flow\" style=\"flex-basis:33.33%\"><div class=\"wp-block-image\">\n<figure class=\"aligncenter size-large is-resized\"><img alt=\"\" loading=\"lazy\" decoding=\"async\" width=\"1024\" height=\"1024\" src=\"https:\/\/wp.unil.ch\/youthwellbeing\/files\/2024\/11\/2-2-1024x1024.png\" class=\"wp-image-404\" style=\"width:160px\" srcset=\"\" sizes=\"auto, (max-width: 1024px) 100vw, 1024px\" data-srcset=\"\" \/><\/figure>\n<\/div><\/div>\n\n\n\n<div class=\"wp-block-column is-layout-flow wp-block-column-is-layout-flow\" style=\"flex-basis:66.66%\">\n<h4 class=\"wp-block-heading\"><strong><strong>Ensayo controlado aleatorio (ECA) h\u00edbrido de tipo 2 de eficacia e implantaci\u00f3n<\/strong><\/strong><\/h4>\n\n\n\n<p>En este paquete de trabajo, implementamos y evaluamos la intervenci\u00f3n en salud mental dentro del programa Renta Joven para valorar su viabilidad y eficacia en un contexto real. Esta evaluaci\u00f3n proporcionar\u00e1 pruebas para apoyar la posible ampliaci\u00f3n de la intervenci\u00f3n en Colombia y otros pa\u00edses de ingresos bajos y medios.<\/p>\n<\/div>\n<\/div>\n\n\n\n<div class=\"wp-block-columns is-layout-flex wp-container-core-columns-is-layout-9d6595d7 wp-block-columns-is-layout-flex\">\n<div class=\"wp-block-column is-layout-flow wp-block-column-is-layout-flow\" style=\"flex-basis:33.33%\"><div class=\"wp-block-image\">\n<figure class=\"aligncenter size-large is-resized\"><img alt=\"\" loading=\"lazy\" decoding=\"async\" width=\"1024\" height=\"1024\" src=\"https:\/\/wp.unil.ch\/youthwellbeing\/files\/2024\/11\/3-2-1024x1024.png\" class=\"wp-image-405\" style=\"width:162px\" srcset=\"\" sizes=\"auto, (max-width: 1024px) 100vw, 1024px\" data-srcset=\"\" \/><\/figure>\n<\/div><\/div>\n\n\n\n<div class=\"wp-block-column is-layout-flow wp-block-column-is-layout-flow\" style=\"flex-basis:66.66%\">\n<h4 class=\"wp-block-heading\"><strong><strong>An\u00e1lisis coste-eficacia y modelos de impacto socioecon\u00f3mico<\/strong><\/strong><\/h4>\n\n\n\n<p>Llevaremos a cabo una evaluaci\u00f3n econ\u00f3mica sanitaria, que incluir\u00e1 un an\u00e1lisis de coste-utilidad para evaluar el impacto de la intervenci\u00f3n en los resultados de salud mental. Para ello, se calcular\u00e1n los costes de la intervenci\u00f3n y los resultados previstos. Adem\u00e1s, modelaremos los posibles efectos a largo plazo sobre la salud mental y el capital humano, comparando los costes de la intervenci\u00f3n con las reducciones previstas de los futuros costes sanitarios y sociales para generar estimaciones del rendimiento de la inversi\u00f3n.<\/p>\n<\/div>\n<\/div>\n\n\n\n<div class=\"wp-block-columns is-layout-flex wp-container-core-columns-is-layout-9d6595d7 wp-block-columns-is-layout-flex\">\n<div class=\"wp-block-column is-layout-flow wp-block-column-is-layout-flow\" style=\"flex-basis:33.33%\"><div class=\"wp-block-image\">\n<figure class=\"aligncenter size-large is-resized\"><img alt=\"\" loading=\"lazy\" decoding=\"async\" width=\"1024\" height=\"1024\" src=\"https:\/\/wp.unil.ch\/youthwellbeing\/files\/2024\/11\/4-2-1024x1024.png\" class=\"wp-image-406\" style=\"width:169px\" srcset=\"\" sizes=\"auto, (max-width: 1024px) 100vw, 1024px\" data-srcset=\"\" \/><\/figure>\n<\/div><\/div>\n\n\n\n<div class=\"wp-block-column is-layout-flow wp-block-column-is-layout-flow\" style=\"flex-basis:66.66%\">\n<h4 class=\"wp-block-heading\"><strong><strong>Creaci\u00f3n del Grupo de Impacto Pol\u00edtico en Am\u00e9rica Latina<\/strong><\/strong><\/h4>\n\n\n\n<p>Este paquete de trabajo aprovecha los conocimientos obtenidos de la implementaci\u00f3n colombiana para formular una estrategia de codesarrollo, prueba y despliegue de una intervenci\u00f3n de salud mental dentro de los programas sociales existentes en otros pa\u00edses latinoamericanos. Nuestro objetivo es proporcionar pruebas s\u00f3lidas e involucrar a los responsables pol\u00edticos para alentar a los gobiernos de Colombia, Honduras, Bolivia, El Salvador y Guatemala a integrar el apoyo a la salud mental en los programas de protecci\u00f3n social de los j\u00f3venes.<\/p>\n<\/div>\n<\/div>","protected":false},"excerpt":{"rendered":"<p>A brief overview of the project Mental health disorders affect over 1.1 billion people worldwide, with significant consequences for individuals and societies. The connection between mental health and&hellip;<\/p>","protected":false},"author":1002815,"featured_media":0,"parent":0,"menu_order":0,"comment_status":"closed","ping_status":"closed","template":"template-full-width.php","meta":{"_seopress_robots_primary_cat":"","_seopress_titles_title":"","_seopress_titles_desc":"","_seopress_robots_index":"","footnotes":""},"class_list":["post-842","page","type-page","status-publish","has-post-thumbnail"],"_links":{"self":[{"href":"https:\/\/wp.unil.ch\/youthwellbeing\/es\/wp-json\/wp\/v2\/pages\/842","targetHints":{"allow":["GET"]}}],"collection":[{"href":"https:\/\/wp.unil.ch\/youthwellbeing\/es\/wp-json\/wp\/v2\/pages"}],"about":[{"href":"https:\/\/wp.unil.ch\/youthwellbeing\/es\/wp-json\/wp\/v2\/types\/page"}],"author":[{"embeddable":true,"href":"https:\/\/wp.unil.ch\/youthwellbeing\/es\/wp-json\/wp\/v2\/users\/1002815"}],"replies":[{"embeddable":true,"href":"https:\/\/wp.unil.ch\/youthwellbeing\/es\/wp-json\/wp\/v2\/comments?post=842"}],"version-history":[{"count":5,"href":"https:\/\/wp.unil.ch\/youthwellbeing\/es\/wp-json\/wp\/v2\/pages\/842\/revisions"}],"predecessor-version":[{"id":849,"href":"https:\/\/wp.unil.ch\/youthwellbeing\/es\/wp-json\/wp\/v2\/pages\/842\/revisions\/849"}],"wp:attachment":[{"href":"https:\/\/wp.unil.ch\/youthwellbeing\/es\/wp-json\/wp\/v2\/media?parent=842"}],"curies":[{"name":"wp","href":"https:\/\/api.w.org\/{rel}","templated":true}]}}