{"id":6,"date":"2019-11-28T16:00:19","date_gmt":"2019-11-28T15:00:19","guid":{"rendered":"http:\/\/wp.unil.ch\/modele\/?page_id=6"},"modified":"2026-03-09T11:58:05","modified_gmt":"2026-03-09T10:58:05","slug":"home","status":"publish","type":"page","link":"https:\/\/wp.unil.ch\/youthwellbeing\/es\/","title":{"rendered":"Inicio"},"content":{"rendered":"<p class=\"has-text-align-center\"><strong>BienEstar Joven<\/strong>&nbsp;combina de manera \u00fanica el apoyo a la salud mental y el empoderamiento econ\u00f3mico para mejorar el \u00e9xito de los estudiantes de bajos ingresos en Colombia. A trav\u00e9s de un ensayo controlado aleatorizado a gran escala, este proyecto eval\u00faa c\u00f3mo el acceso a intervenciones digitales de salud mental puede fortalecer la salud mental, el rendimiento acad\u00e9mico y las perspectivas del mercado laboral de los estudiantes universitarios y de formaci\u00f3n profesional que se enfrentan a dificultades econ\u00f3micas.<br><\/p>\n\n\n\n<hr class=\"wp-block-separator has-alpha-channel-opacity\" \/>\n\n\n\n<h1 class=\"wp-block-heading has-text-align-center has-buttons-background-color has-text-color has-link-color wp-elements-6d5e2a574d220c9365a15488d4b6fecb\">Fines y objetivos de la investigaci\u00f3n<\/h1>\n\n\n\n<p class=\"has-text-align-center\">El objetivo de este proyecto es co-desarrollar, implementar y evaluar el impacto de una intervenci\u00f3n de salud mental sostenible y escalable entre j\u00f3venes vulnerables en el programa&nbsp;<a href=\"https:\/\/web.archive.org\/web\/20250624015238\/https:\/\/prosperidadsocial.gov.co\/sgpp\/transferencias\/renta-joven\/\">Renta Joven<\/a>&nbsp;en Colombia, y proporcionar evidencia para su ampliaci\u00f3n en Colombia y otros pa\u00edses de bajos ingresos.<\/p>\n\n\n\n<h3 class=\"wp-block-heading has-text-align-center\">Este objetivo se alcanzar\u00e1 abordando cuatro cuestiones clave de la investigaci\u00f3n:<\/h3>\n\n\n\n<div class=\"wp-block-columns is-layout-flex wp-container-core-columns-is-layout-9d6595d7 wp-block-columns-is-layout-flex\">\n<div class=\"wp-block-column is-layout-flow wp-block-column-is-layout-flow\"><div class=\"wp-block-image\">\n<figure class=\"aligncenter size-large is-resized\"><img alt=\"\" loading=\"lazy\" decoding=\"async\" width=\"1024\" height=\"1024\" src=\"https:\/\/wp.unil.ch\/youthwellbeing\/files\/2024\/11\/1-1-1024x1024.png\" class=\"wp-image-352\" style=\"width:125px;height:auto\" srcset=\"\" sizes=\"auto, (max-width: 1024px) 100vw, 1024px\" data-srcset=\"\" \/><\/figure>\n<\/div>\n\n\n<p class=\"has-text-align-center\"><strong>Desarrollo conjunto de la intervenci\u00f3n<\/strong><\/p>\n\n\n\n<p class=\"has-text-align-center\">\u00bfCu\u00e1les son los componentes esenciales de un enfoque de atenci\u00f3n gradual, transdiagn\u00f3stico y codesarrollado que aprovecha la tecnolog\u00eda digital, la formaci\u00f3n y el apoyo entre iguales para dotar a los j\u00f3venes vulnerables de herramientas para gestionar la depresi\u00f3n, la ansiedad y el TEPT?<\/p>\n<\/div>\n\n\n\n<div class=\"wp-block-column is-layout-flow wp-block-column-is-layout-flow\"><div class=\"wp-block-image\">\n<figure class=\"aligncenter size-large is-resized\"><img alt=\"\" loading=\"lazy\" decoding=\"async\" width=\"1024\" height=\"1024\" src=\"https:\/\/wp.unil.ch\/youthwellbeing\/files\/2024\/11\/2-1-1024x1024.png\" class=\"wp-image-353\" style=\"width:125px\" srcset=\"https:\/\/wp.unil.ch\/youthwellbeing\/files\/2024\/11\/2-1-1024x1024.png 1024w, https:\/\/wp.unil.ch\/youthwellbeing\/files\/2024\/11\/2-1-300x300.png 300w, https:\/\/wp.unil.ch\/youthwellbeing\/files\/2024\/11\/2-1-150x150.png 150w, https:\/\/wp.unil.ch\/youthwellbeing\/files\/2024\/11\/2-1-768x768.png 768w, https:\/\/wp.unil.ch\/youthwellbeing\/files\/2024\/11\/2-1-540x540.png 540w, https:\/\/wp.unil.ch\/youthwellbeing\/files\/2024\/11\/2-1-400x400.png 400w, https:\/\/wp.unil.ch\/youthwellbeing\/files\/2024\/11\/2-1-600x600.png 600w, https:\/\/wp.unil.ch\/youthwellbeing\/files\/2024\/11\/2-1.png 1080w\" sizes=\"auto, (max-width: 1024px) 100vw, 1024px\" \/><\/figure>\n<\/div>\n\n\n<p class=\"has-text-align-center\"><strong>Comprender los mecanismos causales<\/strong><\/p>\n\n\n\n<p class=\"has-text-align-center\">\u00bfC\u00f3mo ayudan las tecnolog\u00edas de salud mental a reducir los s\u00edntomas de depresi\u00f3n, ansiedad y TEPT, mejorando al mismo tiempo el capital humano y los resultados de bienestar a largo plazo entre los j\u00f3venes del programa Renta Joven?<\/p>\n<\/div>\n\n\n\n<div class=\"wp-block-column is-layout-flow wp-block-column-is-layout-flow\"><div class=\"wp-block-image\">\n<figure class=\"aligncenter size-large is-resized\"><img alt=\"\" loading=\"lazy\" decoding=\"async\" width=\"1024\" height=\"1024\" src=\"https:\/\/wp.unil.ch\/youthwellbeing\/files\/2024\/11\/3-1-1024x1024.png\" class=\"wp-image-354\" style=\"width:125px\" srcset=\"\" sizes=\"auto, (max-width: 1024px) 100vw, 1024px\" data-srcset=\"\" \/><\/figure>\n<\/div>\n\n\n<p class=\"has-text-align-center\"><strong>Evaluar la viabilidad y el impacto<\/strong><\/p>\n\n\n\n<p class=\"has-text-align-center\">\u00bfCu\u00e1l es la viabilidad, la aceptabilidad y el coste de desarrollar e implantar una aplicaci\u00f3n digital de salud mental? \u00bfEs esta intervenci\u00f3n rentable y produce un retorno socioecon\u00f3mico de la inversi\u00f3n?<\/p>\n<\/div>\n\n\n\n<div class=\"wp-block-column is-layout-flow wp-block-column-is-layout-flow\"><div class=\"wp-block-image\">\n<figure class=\"aligncenter size-large is-resized\"><img alt=\"\" loading=\"lazy\" decoding=\"async\" width=\"1024\" height=\"1024\" src=\"https:\/\/wp.unil.ch\/youthwellbeing\/files\/2024\/11\/4-1-1024x1024.png\" class=\"wp-image-355\" style=\"width:125px\" srcset=\"\" sizes=\"auto, (max-width: 1024px) 100vw, 1024px\" data-srcset=\"\" \/><\/figure>\n<\/div>\n\n\n<p class=\"has-text-align-center\"><strong>Ampliaci\u00f3n y mayor aplicaci\u00f3n<\/strong><\/p>\n\n\n\n<p class=\"has-text-align-center\">\u00bfPuede la evidencia de Colombia informar el dise\u00f1o, implementaci\u00f3n y evaluaci\u00f3n de pol\u00edticas en otros pa\u00edses? Nuestro objetivo es explorar c\u00f3mo las intervenciones de salud mental podr\u00edan integrarse dentro de los programas sociales existentes para los j\u00f3venes en Honduras, Guatemala, El Salvador y Bolivia.<\/p>\n<\/div>\n<\/div>\n\n\n\n<hr class=\"wp-block-separator has-alpha-channel-opacity\" \/>\n\n\n\n<h1 class=\"wp-block-heading has-text-align-center has-buttons-background-color has-text-color has-link-color wp-elements-a4832217a5864cd02f8e6f08e89a38d7\">Financiaci\u00f3n<\/h1>\n\n\n\n<p class=\"has-text-align-center\"><strong>BienEstar Joven<\/strong>&nbsp;es un proyecto de investigaci\u00f3n de 4 a\u00f1os financiado por la&nbsp;<a href=\"https:\/\/web.archive.org\/web\/20250624015238\/https:\/\/www.snf.ch\/en\/nZgIcM3pAvSR8Oik\/page\/funding\/documents-downloads\/regulations-project-funding\">Fundaci\u00f3n Nacional Suiza para la Ciencia<\/a>&nbsp;y la&nbsp;<a href=\"https:\/\/web.archive.org\/web\/20250624015238\/https:\/\/www.fdfa.admin.ch\/sdc\">Agencia Suiza para el Desarrollo y la Cooperaci\u00f3n<\/a>&nbsp;en el contexto del programa&nbsp;<a href=\"https:\/\/web.archive.org\/web\/20250624015238\/https:\/\/www.sor4d.ch\/en\">SOR4D<\/a>&nbsp;(subvenci\u00f3n n\u00famero 400440_213267), dirigido por Mauricio Avendano en la Universidad de Lausana.<br><a href=\"https:\/\/web.archive.org\/web\/20250624015238\/https:\/\/www.sor4d.ch\/\"><\/a><\/p>\n\n\n\n<div class=\"wp-block-group alignwide is-horizontal is-content-justification-center is-nowrap is-layout-flex wp-container-core-group-is-layout-ebaf334c wp-block-group-is-layout-flex\">\n<figure class=\"wp-block-image size-full\"><a href=\"https:\/\/www.sor4d.ch\/\"><img alt=\"\" loading=\"lazy\" decoding=\"async\" width=\"250\" height=\"250\" src=\"https:\/\/wp.unil.ch\/youthwellbeing\/files\/2024\/12\/1.png\" class=\"wp-image-551\" style=\"aspect-ratio:16\/9;object-fit:cover\" srcset=\"https:\/\/wp.unil.ch\/youthwellbeing\/files\/2024\/12\/1.png 250w, https:\/\/wp.unil.ch\/youthwellbeing\/files\/2024\/12\/1-150x150.png 150w, https:\/\/wp.unil.ch\/youthwellbeing\/files\/2024\/12\/1-12x12.png 12w\" sizes=\"auto, (max-width: 250px) 100vw, 250px\" \/><\/a><\/figure>\n\n\n\n<figure class=\"wp-block-image size-full\"><a href=\"https:\/\/www.fdfa.admin.ch\/sdc\"><img alt=\"\" loading=\"lazy\" decoding=\"async\" width=\"250\" height=\"250\" src=\"https:\/\/wp.unil.ch\/youthwellbeing\/files\/2024\/12\/2.png\" class=\"wp-image-552\" style=\"aspect-ratio:16\/9;object-fit:cover\" srcset=\"https:\/\/wp.unil.ch\/youthwellbeing\/files\/2024\/12\/2.png 250w, https:\/\/wp.unil.ch\/youthwellbeing\/files\/2024\/12\/2-150x150.png 150w, https:\/\/wp.unil.ch\/youthwellbeing\/files\/2024\/12\/2-12x12.png 12w\" sizes=\"auto, (max-width: 250px) 100vw, 250px\" \/><\/a><\/figure>\n\n\n\n<figure class=\"wp-block-image size-full\"><a href=\"https:\/\/www.snf.ch\/en\/nZgIcM3pAvSR8Oik\/page\/funding\/documents-downloads\/regulations-project-funding\"><img alt=\"\" loading=\"lazy\" decoding=\"async\" width=\"250\" height=\"250\" src=\"https:\/\/wp.unil.ch\/youthwellbeing\/files\/2024\/12\/3.png\" class=\"wp-image-553\" style=\"aspect-ratio:16\/9;object-fit:cover\" srcset=\"https:\/\/wp.unil.ch\/youthwellbeing\/files\/2024\/12\/3.png 250w, https:\/\/wp.unil.ch\/youthwellbeing\/files\/2024\/12\/3-150x150.png 150w, https:\/\/wp.unil.ch\/youthwellbeing\/files\/2024\/12\/3-12x12.png 12w\" sizes=\"auto, (max-width: 250px) 100vw, 250px\" \/><\/a><\/figure>\n<\/div>\n\n\n\n<hr class=\"wp-block-separator has-alpha-channel-opacity\" \/>\n\n\n\n<h1 class=\"wp-block-heading has-text-align-center has-buttons-background-color has-text-color has-link-color wp-elements-23fc152ecde4707a7a2571feefaba47d\">Partner Institutions<\/h1>\n\n\n\n<div class=\"wp-block-group alignwide has-small-font-size is-nowrap is-layout-flex wp-container-core-group-is-layout-ad2f72ca wp-block-group-is-layout-flex\">\n<figure class=\"wp-block-image size-full\"><a href=\"https:\/\/fundacionsantafedebogota.com\/\" target=\"_blank\" rel=\" noreferrer noopener\"><img alt=\"\" loading=\"lazy\" decoding=\"async\" width=\"250\" height=\"250\" src=\"https:\/\/wp.unil.ch\/youthwellbeing\/files\/2024\/11\/4.png\" class=\"wp-image-342\" srcset=\"https:\/\/wp.unil.ch\/youthwellbeing\/files\/2024\/11\/4.png 250w, https:\/\/wp.unil.ch\/youthwellbeing\/files\/2024\/11\/4-150x150.png 150w\" sizes=\"auto, (max-width: 250px) 100vw, 250px\" \/><\/a><\/figure>\n\n\n\n<figure class=\"wp-block-image size-full\"><a href=\"https:\/\/prosperidadsocial.gov.co\/\" target=\"_blank\" rel=\" noreferrer noopener\"><img alt=\"\" loading=\"lazy\" decoding=\"async\" width=\"250\" height=\"250\" src=\"https:\/\/wp.unil.ch\/youthwellbeing\/files\/2024\/11\/3.png\" class=\"wp-image-341\" srcset=\"https:\/\/wp.unil.ch\/youthwellbeing\/files\/2024\/11\/3.png 250w, https:\/\/wp.unil.ch\/youthwellbeing\/files\/2024\/11\/3-150x150.png 150w\" sizes=\"auto, (max-width: 250px) 100vw, 250px\" \/><\/a><\/figure>\n\n\n\n<figure class=\"wp-block-image size-medium\"><img loading=\"lazy\" decoding=\"async\" width=\"300\" height=\"300\" src=\"https:\/\/wp.unil.ch\/youthwellbeing\/files\/2026\/01\/imagen-2-03-300x300.png\" alt=\"imagen 2 03\" class=\"wp-image-578\" srcset=\"https:\/\/wp.unil.ch\/youthwellbeing\/files\/2026\/01\/imagen-2-03-300x300.png 300w, https:\/\/wp.unil.ch\/youthwellbeing\/files\/2026\/01\/imagen-2-03-150x150.png 150w, https:\/\/wp.unil.ch\/youthwellbeing\/files\/2026\/01\/imagen-2-03-12x12.png 12w, https:\/\/wp.unil.ch\/youthwellbeing\/files\/2026\/01\/imagen-2-03.png 521w\" sizes=\"auto, (max-width: 300px) 100vw, 300px\" \/><\/figure>\n\n\n\n<figure class=\"wp-block-image size-full\"><a href=\"https:\/\/www.unil.ch\/\" target=\"_blank\" rel=\" noreferrer noopener\"><img alt=\"\" loading=\"lazy\" decoding=\"async\" width=\"250\" height=\"250\" src=\"https:\/\/wp.unil.ch\/youthwellbeing\/files\/2024\/11\/1.png\" class=\"wp-image-339\" srcset=\"https:\/\/wp.unil.ch\/youthwellbeing\/files\/2024\/11\/1.png 250w, https:\/\/wp.unil.ch\/youthwellbeing\/files\/2024\/11\/1-150x150.png 150w\" sizes=\"auto, (max-width: 250px) 100vw, 250px\" \/><\/a><\/figure>\n\n\n\n<figure class=\"wp-block-image size-full\"><a href=\"https:\/\/www.unisante.ch\/\" target=\"_blank\" rel=\" noreferrer noopener\"><img alt=\"\" loading=\"lazy\" decoding=\"async\" width=\"250\" height=\"250\" src=\"https:\/\/wp.unil.ch\/youthwellbeing\/files\/2024\/11\/2.png\" class=\"wp-image-340\" srcset=\"https:\/\/wp.unil.ch\/youthwellbeing\/files\/2024\/11\/2.png 250w, https:\/\/wp.unil.ch\/youthwellbeing\/files\/2024\/11\/2-150x150.png 150w\" sizes=\"auto, (max-width: 250px) 100vw, 250px\" \/><\/a><\/figure>\n<\/div>\n\n\n\n<hr class=\"wp-block-separator has-alpha-channel-opacity\" \/>\n\n\n\n<div class=\"wp-block-group alignwide has-contrast-color has-text-color has-background has-small-font-size is-vertical is-content-justification-center is-layout-flex wp-container-core-group-is-layout-c1140310 wp-block-group-is-layout-flex\" style=\"background-color:#b2adcb;min-height:40vh;margin-top:0;margin-bottom:0;padding-top:var(--wp--preset--spacing--60);padding-right:var(--wp--preset--spacing--50);padding-bottom:var(--wp--preset--spacing--60);padding-left:var(--wp--preset--spacing--50)\"><div style=\"margin-bottom:6px;\" class=\"is-default-size aligncenter wp-block-site-logo\"><a href=\"https:\/\/wp.unil.ch\/youthwellbeing\/es\/\" class=\"custom-logo-link\" rel=\"home\"><img loading=\"lazy\" decoding=\"async\" width=\"999\" height=\"750\" src=\"https:\/\/wp.unil.ch\/youthwellbeing\/files\/2024\/11\/cropped-Logo-Transparent.png\" class=\"custom-logo\" alt=\"Youth Well-Being Project\" srcset=\"https:\/\/wp.unil.ch\/youthwellbeing\/files\/2024\/11\/cropped-Logo-Transparent.png 999w, https:\/\/wp.unil.ch\/youthwellbeing\/files\/2024\/11\/cropped-Logo-Transparent-300x225.png 300w, https:\/\/wp.unil.ch\/youthwellbeing\/files\/2024\/11\/cropped-Logo-Transparent-768x577.png 768w, https:\/\/wp.unil.ch\/youthwellbeing\/files\/2024\/11\/cropped-Logo-Transparent-540x405.png 540w\" sizes=\"auto, (max-width: 999px) 100vw, 999px\" \/><\/a><\/div>\n\n\n<p class=\"has-text-align-center\" style=\"font-size:18px\">Si est\u00e1s interesado en&nbsp;<strong>colabora BienEstar Joven<\/strong>, rellena el formulario de&nbsp;<strong><a href=\"https:\/\/web.archive.org\/web\/20250624015238\/https:\/\/wp.unil.ch\/youthwellbeing\/contact\/\">p\u00e1gina<\/a><\/strong>&nbsp;de contacto.<\/p>\n\n\n\n<p class=\"has-text-align-center\" style=\"font-size:18px\">All photos feature participants from the Renta Joven program, provided courtesy of Prosperidad Social.<\/p>\n\n\n\n<p style=\"font-size:18px\">\u00a9 2026&nbsp;<a href=\"https:\/\/wp.unil.ch\/youthwellbeing\/es\/youthwellbeing\/\">Proyecto de BienEstar Joven<\/a><\/p>\n<\/div>","protected":false},"excerpt":{"rendered":"<p>Youth Well-being&nbsp;uniquely combines mental health support and economic empowerment to enhance the success of low-income students in Colombia. Through a large-scale randomized controlled trial, this project assesses how&hellip;<\/p>","protected":false},"author":108,"featured_media":309,"parent":0,"menu_order":0,"comment_status":"closed","ping_status":"closed","template":"template-full-width.php","meta":{"_seopress_robots_primary_cat":"","_seopress_titles_title":"","_seopress_titles_desc":"","_seopress_robots_index":"","footnotes":""},"class_list":["post-6","page","type-page","status-publish","has-post-thumbnail"],"_links":{"self":[{"href":"https:\/\/wp.unil.ch\/youthwellbeing\/es\/wp-json\/wp\/v2\/pages\/6","targetHints":{"allow":["GET"]}}],"collection":[{"href":"https:\/\/wp.unil.ch\/youthwellbeing\/es\/wp-json\/wp\/v2\/pages"}],"about":[{"href":"https:\/\/wp.unil.ch\/youthwellbeing\/es\/wp-json\/wp\/v2\/types\/page"}],"author":[{"embeddable":true,"href":"https:\/\/wp.unil.ch\/youthwellbeing\/es\/wp-json\/wp\/v2\/users\/108"}],"replies":[{"embeddable":true,"href":"https:\/\/wp.unil.ch\/youthwellbeing\/es\/wp-json\/wp\/v2\/comments?post=6"}],"version-history":[{"count":5,"href":"https:\/\/wp.unil.ch\/youthwellbeing\/es\/wp-json\/wp\/v2\/pages\/6\/revisions"}],"predecessor-version":[{"id":851,"href":"https:\/\/wp.unil.ch\/youthwellbeing\/es\/wp-json\/wp\/v2\/pages\/6\/revisions\/851"}],"wp:featuredmedia":[{"embeddable":true,"href":"https:\/\/wp.unil.ch\/youthwellbeing\/es\/wp-json\/wp\/v2\/media\/309"}],"wp:attachment":[{"href":"https:\/\/wp.unil.ch\/youthwellbeing\/es\/wp-json\/wp\/v2\/media?parent=6"}],"curies":[{"name":"wp","href":"https:\/\/api.w.org\/{rel}","templated":true}]}}