{"id":175,"date":"2022-02-15T18:29:24","date_gmt":"2022-02-15T17:29:24","guid":{"rendered":"https:\/\/wp.unil.ch\/workshopgbi\/?page_id=175"},"modified":"2022-02-18T15:05:41","modified_gmt":"2022-02-18T14:05:41","slug":"keynote-speakers","status":"publish","type":"page","link":"https:\/\/wp.unil.ch\/workshopgbi\/keynote-speakers\/","title":{"rendered":"Keynote speakers"},"content":{"rendered":"\n<p class=\"has-medium-font-size\">Val\u00e9rie Schafer<\/p>\n\n\n\n<div class=\"wp-block-media-text alignwide is-stacked-on-mobile is-vertically-aligned-top\" style=\"grid-template-columns:34% auto\"><figure class=\"wp-block-media-text__media\"><img alt=\"\" loading=\"lazy\" decoding=\"async\" width=\"634\" height=\"784\" src=\"https:\/\/wp.unil.ch\/workshopgbi\/files\/2022\/02\/Valerie_schafer_photo.jpg\" alt=\"\" class=\"wp-image-255 size-full\" srcset=\"https:\/\/wp.unil.ch\/workshopgbi\/files\/2022\/02\/Valerie_schafer_photo.jpg 634w, https:\/\/wp.unil.ch\/workshopgbi\/files\/2022\/02\/Valerie_schafer_photo-243x300.jpg 243w\" sizes=\"auto, (max-width: 634px) 100vw, 634px\" \/><\/figure><div class=\"wp-block-media-text__content\">\n<p style=\"font-size:15px\"><strong>Val\u00e9rie Schafer<\/strong> has been a Professor in Contemporary European History at the C\u00b2DH (Luxembourg Centre for Contemporary and Digital History) at the University of Luxembourg since February 2018. She previously worked at the CNRS in France and is still an Associate Researcher at the Center for Internet and Society (CIS \u2013 CNRS UPR 2000). She specialises in the history of computing, telecommunications and data&nbsp;networks.&nbsp;Her main research interests are the history of the&nbsp;Internet and the Web, the history&nbsp;of European digital cultures and infrastructures, and born-digital heritage (especially Web archives).<\/p>\n<\/div><\/div>\n\n\n\n<div style=\"height:18px\" aria-hidden=\"true\" class=\"wp-block-spacer\"><\/div>\n\n\n\n<p style=\"font-size:15px\">She is Vice-Chair of the ECREA Communication History Section, a member of the Management Committee of the &#8220;Tensions of Europe&#8221; network, and General Secretary of the Society for the History of Media (SPHM). She participated to OPERAS-P (H2020, 2019-2021) as a task leader on innovative models of governance, she is involved in the SNF Project Web Historyalbi (USI, Switzerland), in the DFG-FNR funded project Popkult (<a rel=\"noreferrer noopener\" href=\"https:\/\/popkult60.eu\/project\/\" target=\"_blank\">https:\/\/popkult60.eu\/project\/<\/a>, 2021-2024) &nbsp;and she is one of the co-PI of the WARCnet project (supported by the Independent Research Fund Denmark | Humanities (grant number 9055-00005B)) related to the study of trasnational web archives. She is also the PI of the AWAC2 cohort (Analysing Web Archives of the COVID Crisis through the IIPC Novel Coronavirus dataset, 2021-22) which is engaged in collaborative activities with the&nbsp;<a rel=\"noreferrer noopener\" href=\"https:\/\/news.archivesunleashed.org\/introducing-archives-unleashed-cohorts-88481cbaa952\" target=\"_blank\">Archives Unleashed Project<\/a>&nbsp;and benefit from its support and mentorship. She is the principal investigator of the&nbsp;<a rel=\"noreferrer noopener\" href=\"https:\/\/hivi.uni.lu\/\" target=\"_blank\">HIVI project<\/a>, a project running from March 2021 to February 2024, which is supported by the Luxembourg National Research Fund (C20\/SC\/14758148) and dedicated to the history of online virality.&nbsp;She is on the editorial board of the journals&nbsp;<em>Le Temps des M\u00e9dias, Flux and Cahiers Fran\u00e7ois Vi\u00e8te<\/em>&nbsp;and she is a co-founder of the journal<em>&nbsp;Internet Histories. Digital Technology, Culture and Society <\/em>(Taylor &amp; Francis). She is a member of the Scientific Board of the Orange Group and of Afnic, the French domain name management company. She is part of the advisory group of&nbsp;<a rel=\"noreferrer noopener\" href=\"https:\/\/hexa-x.eu\/advisory-group\/\" target=\"_blank\">HEXA-X<\/a>&nbsp;(6G flagship initiative).<\/p>\n\n\n\n<ul class=\"wp-block-list\" style=\"font-size:15px\"><li><a rel=\"noreferrer noopener\" href=\"https:\/\/www.c2dh.uni.lu\/people\/valerie-schafer\" target=\"_blank\">C\u00b2DH (Luxembourg Centre for Contemporary and Digital History) at the University of Luxembourg<\/a><\/li><li><a rel=\"noreferrer noopener\" href=\"https:\/\/orcid.org\/0000-0002-8204-1265\" target=\"_blank\">ORCID<\/a><\/li><\/ul>\n\n\n\n<hr class=\"wp-block-separator is-style-wide\" \/>\n\n\n\n<p class=\"has-medium-font-size\">Robin Williams<\/p>\n\n\n\n<div class=\"wp-block-media-text alignwide is-stacked-on-mobile\" style=\"grid-template-columns:44% auto\"><figure class=\"wp-block-media-text__media\"><img alt=\"\" loading=\"lazy\" decoding=\"async\" width=\"960\" height=\"967\" src=\"https:\/\/wp.unil.ch\/workshopgbi\/files\/2022\/02\/robin.osh_.cropped.jpg\" alt=\"\" class=\"wp-image-263 size-full\" srcset=\"https:\/\/wp.unil.ch\/workshopgbi\/files\/2022\/02\/robin.osh_.cropped.jpg 960w, https:\/\/wp.unil.ch\/workshopgbi\/files\/2022\/02\/robin.osh_.cropped-298x300.jpg 298w, https:\/\/wp.unil.ch\/workshopgbi\/files\/2022\/02\/robin.osh_.cropped-150x150.jpg 150w, https:\/\/wp.unil.ch\/workshopgbi\/files\/2022\/02\/robin.osh_.cropped-768x774.jpg 768w\" sizes=\"auto, (max-width: 960px) 100vw, 960px\" \/><\/figure><div class=\"wp-block-media-text__content\">\n<p style=\"font-size:15px\"><strong>Robin Williams<\/strong> is Director of the Institute for the Study of Science, Technology and Innovation at The University&nbsp;of Edinburgh. His studies of the \u2018social shaping of technology\u2019, apply the Biography of Artefacts perspective to&nbsp;address the design and implementation of information infrastructures through multi-site and longitudinal&nbsp;ethnographic investigation, most recently in relation to Health IT. His latest books, co-authored with Neil Pollock,&nbsp;are&nbsp;Software and Organisations: <br>The Biography of the Enterprise-Wide System&nbsp;(2009) and&nbsp;How Industry&nbsp;Analysts Shape the Digital Future&nbsp;(2016).&nbsp;<br><br><a href=\"https:\/\/www.sps.ed.ac.uk\/staff\/robin-williams\" target=\"_blank\" rel=\"noreferrer noopener\">Web site<\/a><\/p>\n<\/div><\/div>\n","protected":false},"excerpt":{"rendered":"<p>Val\u00e9rie Schafer Val\u00e9rie Schafer has been a Professor in Contemporary European History at the C\u00b2DH (Luxembourg Centre for Contemporary and Digital History) at the University of Luxembourg since February 2018. &hellip; <\/p>\n","protected":false},"author":1002387,"featured_media":0,"parent":0,"menu_order":0,"comment_status":"closed","ping_status":"closed","template":"","meta":{"_seopress_robots_primary_cat":"","_seopress_titles_title":"","_seopress_titles_desc":"","_seopress_robots_index":"","footnotes":""},"class_list":["post-175","page","type-page","status-publish"],"_links":{"self":[{"href":"https:\/\/wp.unil.ch\/workshopgbi\/wp-json\/wp\/v2\/pages\/175","targetHints":{"allow":["GET"]}}],"collection":[{"href":"https:\/\/wp.unil.ch\/workshopgbi\/wp-json\/wp\/v2\/pages"}],"about":[{"href":"https:\/\/wp.unil.ch\/workshopgbi\/wp-json\/wp\/v2\/types\/page"}],"author":[{"embeddable":true,"href":"https:\/\/wp.unil.ch\/workshopgbi\/wp-json\/wp\/v2\/users\/1002387"}],"replies":[{"embeddable":true,"href":"https:\/\/wp.unil.ch\/workshopgbi\/wp-json\/wp\/v2\/comments?post=175"}],"version-history":[{"count":0,"href":"https:\/\/wp.unil.ch\/workshopgbi\/wp-json\/wp\/v2\/pages\/175\/revisions"}],"wp:attachment":[{"href":"https:\/\/wp.unil.ch\/workshopgbi\/wp-json\/wp\/v2\/media?parent=175"}],"curies":[{"name":"wp","href":"https:\/\/api.w.org\/{rel}","templated":true}]}}