{"id":473,"date":"2023-10-19T23:38:09","date_gmt":"2023-10-19T21:38:09","guid":{"rendered":"https:\/\/wp.unil.ch\/womenandthecourt\/?page_id=473"},"modified":"2025-06-19T10:07:33","modified_gmt":"2025-06-19T08:07:33","slug":"nadia-cattoni","status":"publish","type":"page","link":"https:\/\/wp.unil.ch\/womenandthecourt\/nadia-cattoni\/","title":{"rendered":"Nadia Cattoni"},"content":{"rendered":"\n<p>Nadia Cattoni is a literary historian, Assistant Professor at the South Asian Studies Department, University of Lausanne.&nbsp;Her research focuses on&nbsp;early modern North Indian literature, particularly court poetry, erotics and aesthetics. She is also interested in understanding how literature relates to Indian miniature painting.<\/p>\n\n\n\n<p>She is the author of\u00a0<em>Dev, l\u2019artisan-po\u00e8te du 18\u00e8me si\u00e8cle et la n\u0101yik\u0101 dans le Rasavil\u0101sa.\u00a0Circulation et \u00e9changes, intertextualit\u00e9 et transformations<\/em>\u00a0(De Gruyter, 2020) and the co-editor (with Philippe Bornet) of\u00a0<em>Significant Others, Significant Encounters. Essays on South Asian History and Literature<\/em>\u00a0(Heidelberg Asian Studies Publishing, 2023), and (with Maya Burger) of\u00a0<em>Early Modern India: Literatures and Images, Texts and Languages<\/em> (CrossAsia ebooks, 2019).<\/p>\n\n\n\n<p><\/p>\n","protected":false},"excerpt":{"rendered":"<p>Nadia Cattoni is a literary historian, Assistant Professor at the South Asian Studies Department, University of Lausanne.&nbsp;Her research focuses on&nbsp;early modern North Indian literature, particularly court poetry, erotics and aesthetics. &hellip; <\/p>\n","protected":false},"author":1002703,"featured_media":0,"parent":0,"menu_order":0,"comment_status":"closed","ping_status":"closed","template":"","meta":{"_seopress_robots_primary_cat":"","_seopress_titles_title":"","_seopress_titles_desc":"","_seopress_robots_index":"","footnotes":""},"class_list":["post-473","page","type-page","status-publish"],"_links":{"self":[{"href":"https:\/\/wp.unil.ch\/womenandthecourt\/wp-json\/wp\/v2\/pages\/473","targetHints":{"allow":["GET"]}}],"collection":[{"href":"https:\/\/wp.unil.ch\/womenandthecourt\/wp-json\/wp\/v2\/pages"}],"about":[{"href":"https:\/\/wp.unil.ch\/womenandthecourt\/wp-json\/wp\/v2\/types\/page"}],"author":[{"embeddable":true,"href":"https:\/\/wp.unil.ch\/womenandthecourt\/wp-json\/wp\/v2\/users\/1002703"}],"replies":[{"embeddable":true,"href":"https:\/\/wp.unil.ch\/womenandthecourt\/wp-json\/wp\/v2\/comments?post=473"}],"version-history":[{"count":5,"href":"https:\/\/wp.unil.ch\/womenandthecourt\/wp-json\/wp\/v2\/pages\/473\/revisions"}],"predecessor-version":[{"id":1456,"href":"https:\/\/wp.unil.ch\/womenandthecourt\/wp-json\/wp\/v2\/pages\/473\/revisions\/1456"}],"wp:attachment":[{"href":"https:\/\/wp.unil.ch\/womenandthecourt\/wp-json\/wp\/v2\/media?parent=473"}],"curies":[{"name":"wp","href":"https:\/\/api.w.org\/{rel}","templated":true}]}}