{"id":1222,"date":"2024-08-26T21:27:40","date_gmt":"2024-08-26T19:27:40","guid":{"rendered":"https:\/\/wp.unil.ch\/womenandthecourt\/?page_id=1222"},"modified":"2024-10-03T07:50:42","modified_gmt":"2024-10-03T05:50:42","slug":"the-annual-conference-on-south-asia","status":"publish","type":"page","link":"https:\/\/wp.unil.ch\/womenandthecourt\/the-annual-conference-on-south-asia\/","title":{"rendered":"The Annual Conference on South Asia"},"content":{"rendered":"\n<p>University of Wisconsin, Madison (October 30 &#8211; November 2, 2024) <\/p>\n\n\n\n<p class=\"has-text-align-right\"><strong>Session 6<\/strong>: Friday, 10:30 AM &#8211; 12:15 PM <br>Conference Room 2 <br>Floor 2<\/p>\n\n\n\n<h1 class=\"wp-block-heading has-text-align-center\">WOMEN IN LAW COURTS<\/h1>\n\n\n\n<h2 class=\"wp-block-heading has-text-align-center\">ARCHIVES, PERFORMANCE AND LEGIBILITY<\/h2>\n\n\n\n<div class=\"wp-block-buttons is-content-justification-center is-layout-flex wp-container-core-buttons-is-layout-16018d1d wp-block-buttons-is-layout-flex\">\n<div class=\"wp-block-button is-style-outline is-style-outline--1\"><a class=\"wp-block-button__link has-light-green-cyan-color has-text-color has-link-color wp-element-button\" href=\"https:\/\/register.southasiaconference.wisc.edu\/gridschedule\">Learn More<\/a><\/div>\n<\/div>\n\n\n\n<p><\/p>\n\n\n\n<p>This panel examines women&rsquo;s engagement with early modern and modern law courts. In projecting sovereign authority, the court is commonly understood as a male-dominated arena structured by fixed rules and masculinist norms. In contrast centering women\u2019s relationship to courts reorients our very understanding of law and legal authority. By delving into undervalued archives, developing new methodological tools, and addressing the gendered approaches of history writing, this panel not only seeks to reassess women\u2019s role in shaping the court, but also to reframe how we view law itself.\u00a0<\/p>\n\n\n\n<p>The court \u2013 understood as e.g.,&nbsp;\u02bfad\u0101lat or kacahar\u012b &#8211; unfolded plural realities and imaginaries of power. Rather than an immutable power structure, the panel engages the court as a variegated and protean space that women reinvested at different scales to assert their claims. From this perspective, we ask how women imagined and navigated official and nonofficial legal venues, not necessarily centered on the courtroom, to appeal to justice. What strategies did they develop to negotiate with legal authorities? The court is an arena of performance as well as of contestation. At the same time, law is an active category of discourses and debates. We therefore analyze how \u201ccourts\u201d spatialized dialectical and dynamic fields of law and justice. As such, the discussion will investigate the language, material engagements, and positionalities that women used to define their rights when appealing to justice. The papers will also explore visual archives and gendered biographies of prominent feminine figures to reflect on how women\u2019s presence in court and legal records interfaced with other spheres of representation. Finally, panelists will comment on the obstacles and possibilities for overcoming the problem of women\u2019s invisibility in the archives, and hence in historical narratives.&nbsp;<\/p>\n\n\n\n<p class=\"has-medium-font-size\"><strong>Chair<\/strong> :<a href=\"https:\/\/wp.unil.ch\/womenandthecourt\/rohit-de\/\" data-type=\"page\" data-id=\"448\"> Rohit De<\/a><\/p>\n\n\n\n<p class=\"has-medium-font-size\"><a href=\"https:\/\/wp.unil.ch\/womenandthecourt\/nandini-chatterjee\/\" data-type=\"page\" data-id=\"1265\">Nandini Chatterjee<\/a><\/p>\n\n\n\n<h6 class=\"wp-block-heading\">Where were the women? Efforts to imagine women in and around Mughal courtrooms<\/h6>\n\n\n\n<p>Barring talented princesses and objectified courtesans, the lives and thoughts of women of Mughal South Asia are hardly legible\/visible. The problem of feminine insibility is even more acute when it comes to Mughal courtrooms, about which our knowledge is only preliminary. Extant documents suggest exclusively masculine spaces, peopled by male judges, male scribes, male guards and mainly male litigants and\/or representatives. Were women, then, outsiders to law, as has been suggested even in other, more proximate contexts, or are we in need of imaginative reconstruction of legal spaces and episodes to locate women, if not necessarily&nbsp;<em>in<\/em>&nbsp;the courtroom, somewhere nearby, and highly aware of it? &nbsp;In answering this question, we might need to rethink the spatial limits of the courtroom itself, and re-situate it in scholarly and noble households, and see it less as a discrete space and more as &nbsp;a specific form of authority and mode of exercise of power. In this paper, I shall use documents recording specific low-level legal episodes from different locations around South Asia between the seventeenth and nineteenth centuries, to trial the \u2018tracking of women in law\u2019, commenting on the challenges and possible imaginative leaps necessary in order to create narratives that are comprehensible to us today.<\/p>\n\n\n\n<p class=\"has-medium-font-size\"><a href=\"https:\/\/wp.unil.ch\/womenandthecourt\/julia-stephens-2\/\" data-type=\"page\" data-id=\"1134\">Julia Stephens<\/a><\/p>\n\n\n\n<h6 class=\"wp-block-heading\">Veiled Sightings: Tracing Janbai\u2019s Visual and Embodied Presences and Absences across Legal, Family, and Museum Archives<\/h6>\n\n\n\n<p>Studies of trade, politics, and law in the western Indian Ocean often revolve around towering male figures, such as the Ismaili-Khoja business tycoon Tharia Topan. Women, such as his third wife, Janbai, have, at best, been mentioned in footnotes appended to histories of their more famous male relations. This paper inverts these optics by tracing Janbai\u2019s presence and absence across legal, family, and museum archives. Janbai, the illiterate daughter of a fruit seller, amassed significant influence in the cosmopolitan worlds through which she traveled. The paper follows Janbai\u2019s evolution from a girl peddling her wares in the alleyways of Zanzibar\u2019s Stone Town, to a young wife petitioning the Aga Khan to bless her with sons, to a matriarch demanding that the Sultan of Zanzibar attend the wedding of her daughters, to a litigant battling her sons in courtrooms in Bombay. It finds her entanglement in networks of women in unexpected places, including a gold bracelet and photograph that she gifted to the wife of an American sea captain, now housed in the Peabody Essex Museum in Salem, Massachusetts. Triangulating between these different archives and spheres of influence suggests that women like Janbai used their visual presence and embodied consumption to exercise power in circuits of commerce, religion, politics, and law dominated by men engaged in textual exchanges. The paper considers how centering such visuality and embodiment unsettles frameworks of gendered agency that revolve around questions of voice and silence.<\/p>\n\n\n\n<p class=\"has-medium-font-size\"><a href=\"https:\/\/wp.unil.ch\/womenandthecourt\/melina-gravier\/\" data-type=\"page\" data-id=\"476\">Melina Gravier <\/a><\/p>\n\n\n\n<h6 class=\"wp-block-heading\">Law Courts and Economic Rights in North Indian Women&rsquo;s Magazines<\/h6>\n\n\n\n<p>This paper examines how Hindi and Urdu women\u2019s magazines might be interpreted as an archive for accessing ordinary women\u2019s engagement with religious personal laws and their economic rights in late colonial India. With the expansion of the modern state, print technologies participated in raising legal consciousness in people\u2019s daily lives. From the late nineteenth century, women\u2019s magazines played a critical role in bringing legal discussions into everyday reading practices. Along with debates on social reforms, these magazines created variegated spaces that advised women on their rights, circulated summaries of court cases, and engaged women in legal discussions. This contributed not only to forging women\u2019s understanding of \u201cjustice\u201d (ins\u0101f), \u201crights\u201d (huq\u016bq) and the role of the court (\u2018ad\u0101lat), but also to inculcating a sense of familiarity with law in women\u2019s daily lives. In this context, women\u2019s magazines such as \u0100w\u0101z-e-Nisw\u0101n, D\u012bd\u012b or Ch\u0101nd came to reflect and shape women\u2019s legal consciousness. Recent scholarship has shown how legal discourses and imaginaries were constantly produced in everyday encounters. In this perspective, how did women make sense of law in their everyday experiences? To answer this question, this paper focuses on the relationship between financial (in)stability, religion and law in women\u2019s quotidian lives. In the 1930s, the economic crisis, and the issue of indebtedness in particular, prompted women to reflect on their economic rights in religious laws and on legal and financial institutions that might address their concerns. In women\u2019s magazines, contributors shared their everyday struggles and challenged legal and\/or religious authorities, seeking to defend their economic rights. At the same time, they questioned the role of the court and its legitimacy in religious and family affairs, asserting a space for their own legal interpretation.<\/p>\n\n\n\n<p class=\"has-medium-font-size\"><a href=\"https:\/\/wp.unil.ch\/womenandthecourt\/apurva-prasad\/\" data-type=\"page\" data-id=\"1226\">Apurva Prasad <\/a><\/p>\n\n\n\n<h6 class=\"wp-block-heading\">She goes to court! Constructing authorship, authorial rights and reading publics in Mannu Bhandari vs. Kala Vikas Pictures (1985-86)<\/h6>\n\n\n\n<p>This project analyses how authorship is constructed at the intersection of law and literature and against a reading public in the landmark case&nbsp;<em>Mannu Bhandari vs. Kala Vikas Pictures<\/em>&nbsp;(1985-86). Renowned author of modern Hindi literature Mannu Bhandari argued that a&nbsp;<em>vy\u0101vas\u0101ik<\/em>&nbsp;(commercial) cinematic adaptation of&nbsp;<em>\u0100pk\u0101 Bun\u1e6d\u012b<\/em>&nbsp;or&nbsp;<em>Your Bunty&nbsp;<\/em>(1971) \u201cmutilated\u201d and \u201cdistorted\u201d her celebrated novel. She was the first Indian citizen to invoke her authorial moral rights, and this case illuminated tensions around defining authorship. For instance, what is the \u201creputation\u201d that Bhandari wished to protect? Why was she averse to a \u201ccommercial\u201d adaptation of her novel? Legal studies on the case highlighted how the court verdict divorced an author\u2019s economic rights from her moral rights and \u201cbalanced\u201d the interests of Bhandari and the film production house. While invaluable, this legal scholarship does not delve into either Bhandari\u2019s positionality in the case or that she did not ask for economic remuneration from the court,&nbsp;<em>only<\/em>&nbsp;the restoration of her<em>&nbsp;n\u0101m&nbsp;<\/em>(reputation\/literary name) and&nbsp;<em>adhik\u0101r<\/em>&nbsp;(rights) over her novel. Additionally, an exclusively legal reading of the case does not really grapple with the tensions that emerge around gender, both in the court proceedings and Bhandari\u2019s own marginal position as a woman author in the&nbsp;<em>Nay\u012b Kah\u0101n\u012b<\/em>&nbsp;or&nbsp;<em>New Story&nbsp;<\/em>(1950s-1970s) literary movement in northern India. This paper centers on Bhandari, who constituted herself simultaneously as a reputed author, \u201cwoman author, and international author in court, arguing that \u201cauthorship\u201d is a fractured category. In court, Bhandari articulated her literary&nbsp;<em>n\u0101m<\/em>&nbsp;in firm opposition to the&nbsp;<em>vy\u0101vas\u0101ik<\/em>&nbsp;<em>lekhak<\/em>&nbsp;(commercial writer). The anxiety of being perceived as a \u201ccommercial\u201d author by her reading public prompts Bhandari to go to court, regain her<em>&nbsp;adhik\u0101r<\/em>&nbsp;over&nbsp;<em>\u0100pk\u0101 Bun\u1e6d\u012b<\/em>, setting a nationwide precedent for authorial moral rights.&nbsp;<\/p>\n","protected":false},"excerpt":{"rendered":"<p>University of Wisconsin, Madison (October 30 &#8211; November 2, 2024) Session 6: Friday, 10:30 AM &#8211; 12:15 PM Conference Room 2 Floor 2 WOMEN IN LAW COURTS ARCHIVES, PERFORMANCE AND &hellip; <\/p>\n","protected":false},"author":1002844,"featured_media":0,"parent":0,"menu_order":0,"comment_status":"closed","ping_status":"closed","template":"","meta":{"_seopress_robots_primary_cat":"","_seopress_titles_title":"","_seopress_titles_desc":"","_seopress_robots_index":"","footnotes":""},"class_list":["post-1222","page","type-page","status-publish"],"_links":{"self":[{"href":"https:\/\/wp.unil.ch\/womenandthecourt\/wp-json\/wp\/v2\/pages\/1222","targetHints":{"allow":["GET"]}}],"collection":[{"href":"https:\/\/wp.unil.ch\/womenandthecourt\/wp-json\/wp\/v2\/pages"}],"about":[{"href":"https:\/\/wp.unil.ch\/womenandthecourt\/wp-json\/wp\/v2\/types\/page"}],"author":[{"embeddable":true,"href":"https:\/\/wp.unil.ch\/womenandthecourt\/wp-json\/wp\/v2\/users\/1002844"}],"replies":[{"embeddable":true,"href":"https:\/\/wp.unil.ch\/womenandthecourt\/wp-json\/wp\/v2\/comments?post=1222"}],"version-history":[{"count":5,"href":"https:\/\/wp.unil.ch\/womenandthecourt\/wp-json\/wp\/v2\/pages\/1222\/revisions"}],"predecessor-version":[{"id":1301,"href":"https:\/\/wp.unil.ch\/womenandthecourt\/wp-json\/wp\/v2\/pages\/1222\/revisions\/1301"}],"wp:attachment":[{"href":"https:\/\/wp.unil.ch\/womenandthecourt\/wp-json\/wp\/v2\/media?parent=1222"}],"curies":[{"name":"wp","href":"https:\/\/api.w.org\/{rel}","templated":true}]}}