{"id":21,"date":"2015-09-22T12:58:36","date_gmt":"2015-09-22T10:58:36","guid":{"rendered":"http:\/\/wp.unil.ch\/wkdialogue\/?page_id=21"},"modified":"2017-10-19T17:39:13","modified_gmt":"2017-10-19T15:39:13","slug":"programme","status":"publish","type":"page","link":"https:\/\/wp.unil.ch\/wkdialogue\/programme\/","title":{"rendered":"2015"},"content":{"rendered":"<p style=\"text-align: left\"><strong>Au cours de son histoire, l\u2019humanit\u00e9 a travers\u00e9 plusieurs bouleversements majeurs en relation avec l\u2019acc\u00e8s \u00e0 l\u2019\u00e9nergie.<\/strong> Depuis les chasseurs-cueilleurs (il y a 4 millions d\u2019ann\u00e9es), \u00e0 l\u2019agriculture (il y a 10 mille ans), jusqu\u2019\u00e0 l\u2019industrialisation (il y a 200 ans), la population mondiale a augment\u00e9 de fa\u00e7on exponentielle. L\u2019organisation de la soci\u00e9t\u00e9 a \u00e9volu\u00e9 de fa\u00e7on drastique et la demande en \u00e9nergie d\u00e9passe aujourd\u2019hui ce qui est commun\u00e9ment admis comme ressources renouvelables.<\/p>\n<h3><a href=\"https:\/\/issuu.com\/adrien.moreillon\/docs\/wkd_2015_brochure_screen\"><img loading=\"lazy\" decoding=\"async\" class=\"alignleft wp-image-190\" src=\"https:\/\/wp.unil.ch\/wkdialogue\/files\/2015\/06\/WKD_2015_BROCHURE_COVER.jpg\" alt=\"WKD_2015_BROCHURE_COVER\" width=\"133\" height=\"190\" \/><\/a><a href=\"https:\/\/wp.unil.ch\/wkdialogue\/files\/2015\/09\/Programme-2015.pdf\">Programme 2015<\/a><\/h3>\n<p><span style=\"color: #0000ff\"><strong>Session d&rsquo;ouverture<br \/>\n<\/strong><\/span>Mod\u00e9rateur\u00a0: <strong>Philippe Moreillon, Universit\u00e9 de Lausanne, CH-Lausanne<\/strong><\/p>\n<p><a href=\"https:\/\/wp.unil.ch\/wkdialogue\/2015\/11\/mathieu-arnoux-paris-diderot-f-paris\/\">L\u2019\u00e9nergie de demain : simple question d\u2019innovation ou responsabilit\u00e9 collective ?<\/a><br \/>\n<strong>Mathieu ARNOUX, Paris Diderot, F-Paris<br \/>\n<\/strong><\/p>\n<p><a href=\"https:\/\/wp.unil.ch\/wkdialogue\/2015\/11\/alain-boillat-universite-de-lausanne-ch-lausanne\/\">Fictions cin\u00e9matographiques<\/a><br \/>\n<strong>Alain BOILLAT, Universit\u00e9 de Lausanne, CH-Lausanne<br \/>\n<\/strong><\/p>\n<p><span style=\"color: #ff0000\"><span style=\"color: #0000ff\"><strong>Comment produirons-nous l\u2019\u00e9nergie en 2049\u00a0? (partie 1<\/strong>)<br \/>\n<\/span><\/span>Mod\u00e9rateur\u00a0: <strong>Guillaume MASSARD, Universit\u00e9 de Lausanne, CH-Lausanne<\/strong><\/p>\n<p><a href=\"https:\/\/wp.unil.ch\/wkdialogue\/2015\/11\/franco-romerio-universite-de-geneve-ch-geneve\/\">La place des \u00e9nergies fossiles et nucl\u00e9aires<\/a><br \/>\n<strong>Franco ROMERIO, Universit\u00e9 de Gen\u00e8ve, CH-Lausanne <\/strong><\/p>\n<p><a href=\"https:\/\/wp.unil.ch\/wkdialogue\/2015\/11\/daniel-favrat-epfl-ch-lausanne\/\">La contribution des \u00e9nergies renouvelables<\/a><br \/>\n<strong>Daniel FAVRAT, EPFL, Lausanne, CH-Lausanne \u00a0\u00a0\u00a0\u00a0\u00a0\u00a0<\/strong><\/p>\n<p><span style=\"color: #0000ff\"><strong>Comment produirons-nous l\u2019\u00e9nergie en 2049\u00a0? (partie 2)<\/strong><br \/>\n<\/span>Mod\u00e9ratrice : <strong>Nelly NIWA, Universit\u00e9 de Lausanne, CH-Lausanne<br \/>\n<\/strong><\/p>\n<p><a href=\"https:\/\/wp.unil.ch\/wkdialogue\/2015\/11\/olivier-cateura-tenerrdis-f-grenoble\/\">Les nouvelles fili\u00e8res<\/a><br \/>\n<strong>Olivier CATEURA, Tenerrdis, France\u00a0\u00a0\u00a0\u00a0\u00a0<\/strong><\/p>\n<p><a href=\"https:\/\/wp.unil.ch\/wkdialogue\/2015\/11\/francois-david-vuataz-universite-de-neuchatel-ch-neuchatel\/\">Perspectives de l\u2019\u00e9nergie g\u00e9othermique : chaleur, froid et \u00e9lectricit\u00e9 tir\u00e9s du sous-sol<\/a><br \/>\n<strong>Fran\u00e7ois VUATAZ, Universit\u00e9 de Neuch\u00e2tel, CH-Neuch\u00e2tel<\/strong><\/p>\n<p><span style=\"color: #0000ff\"><strong>Comment consommerons-nous l\u2019\u00e9nergie en 2049\u00a0?<\/strong><br \/>\n<\/span>Mod\u00e9ratrice: <strong>Ellen HERTZ, Universit\u00e9 de Neuch\u00e2tel, CH-Neuch\u00e2tel<br \/>\n<\/strong><\/p>\n<p><a href=\"https:\/\/wp.unil.ch\/wkdialogue\/2015\/11\/gaetan-cherix-crem-ch-martigny\/\">Smart city<\/a><br \/>\n<strong>Ga\u00ebtan CHERIX, Centre de Recherche \u00e9nerg\u00e9tique et municipale (CREM), CH-Martigny<\/strong><\/p>\n<p><a href=\"https:\/\/wp.unil.ch\/wkdialogue\/2015\/11\/dominique-bourg-universite-de-lausanne-ch-lausanne\/\">Smart collectivity<\/a><br \/>\n<strong>Dominique BOURG, Universit\u00e9 de Lausanne, CH-Lausanne<br \/>\n<\/strong><\/p>\n<p><a href=\"https:\/\/wp.unil.ch\/wkdialogue\/2015\/11\/jean-philippe-fouquet-universite-de-tours-f-tours\/\">Smart Citizen<\/a><br \/>\n<strong>Jean-Philippe FOUQUET, Universit\u00e9 de Tours, F-Tours<br \/>\n<\/strong><\/p>\n<p><strong><span style=\"color: #0000ff\">Quels mod\u00e8les \u00e9conomiques\u00a0?<\/span><\/strong><\/p>\n<p><a href=\"https:\/\/wp.unil.ch\/wkdialogue\/2015\/11\/stephane-robin-universite-lumiere-lyon-2-f-lyon\/\">Vers un management responsable de l\u2019\u00e9nergie, fiction ou r\u00e9alit\u00e9 ?<\/a><br \/>\n<strong>Bernard LACHAL, Universit\u00e9 de Gen\u00e8ve, CH Gen\u00e8ve<br \/>\nSt\u00e9phane ROBIN, Universit\u00e9 Lumi\u00e8re Lyon 2, F-Lyon<\/strong><\/p>\n<p>Les s\u00e9minaires WKD sont compos\u00e9s d&rsquo;une alternence de conf\u00e9rences pl\u00e9ni\u00e8res et d&rsquo;ateliers. L\u2019objectif du s\u00e9minaire 2015 est de rassembler autour d\u2019une m\u00eame table\u00a0de chercheuses et chercheurs des sciences de base et des sciences humaines, ainsi que d\u2019autres expertes et experts de la soci\u00e9t\u00e9 civile, afin de discuter les ingr\u00e9dients essentiels n\u00e9cessaires \u00e0 construire un \u00e9quilibre entre les besoins et la production en \u00e9nergie, dans le respect de la durabilit\u00e9, de l\u2019environnement et de l\u2019acceptabilit\u00e9 soci\u00e9tale.<\/p>\n<table style=\"height: 179px\" width=\"100%\">\n<tbody>\n<tr>\n<td>\n<p><a href=\"https:\/\/issuu.com\/adrien.moreillon\/docs\/wkd_2014_brochure_screen\"><img loading=\"lazy\" decoding=\"async\" class=\"alignleft wp-image-17\" src=\"https:\/\/wp.unil.ch\/wkdialogue\/files\/2015\/06\/wkd14.jpg\" alt=\"wkd14\" width=\"80\" height=\"119\" \/><\/a><\/p>\n<p>&nbsp;<\/p>\n<p>&nbsp;<\/p>\n<p><strong>2014<\/strong><\/td>\n<td>\n<p><a href=\"https:\/\/issuu.com\/adrien.moreillon\/docs\/wkd_2013-brochure\"><img loading=\"lazy\" decoding=\"async\" class=\"alignleft wp-image-79\" src=\"https:\/\/wp.unil.ch\/wkdialogue\/files\/2015\/06\/wkdCover-2013.jpg\" alt=\"wkdCover 2013\" width=\"80\" height=\"120\" srcset=\"https:\/\/wp.unil.ch\/wkdialogue\/files\/2015\/06\/wkdCover-2013.jpg 483w, https:\/\/wp.unil.ch\/wkdialogue\/files\/2015\/06\/wkdCover-2013-201x300.jpg 201w\" sizes=\"auto, (max-width: 80px) 100vw, 80px\" \/><\/a><\/p>\n<p>&nbsp;<\/p>\n<p>&nbsp;<\/p>\n<p><strong>2013<\/strong><\/td>\n<td>\n<p><a href=\"https:\/\/issuu.com\/adrien.moreillon\/docs\/wkd_2012_screen\"><img loading=\"lazy\" decoding=\"async\" class=\"alignleft wp-image-80\" src=\"https:\/\/wp.unil.ch\/wkdialogue\/files\/2015\/06\/WKDCover2012.jpg\" alt=\"WKDCover2012\" width=\"82\" height=\"122\" \/><\/a><\/p>\n<p>&nbsp;<\/p>\n<p>&nbsp;<\/p>\n<p><strong>2012<\/strong><\/td>\n<td>\n<p><a href=\"https:\/\/issuu.com\/adrien.moreillon\/docs\/wkd-2011\"><img loading=\"lazy\" decoding=\"async\" class=\"alignleft wp-image-78\" src=\"https:\/\/wp.unil.ch\/wkdialogue\/files\/2015\/06\/wkdCover-2011.jpg\" alt=\"wkdCover 2011\" width=\"79\" height=\"117\" \/><\/a><\/p>\n<p>&nbsp;<\/p>\n<p>&nbsp;<\/p>\n<p><strong>2011<\/strong><\/td>\n<td>\n<p><a href=\"https:\/\/issuu.com\/adrien.moreillon\/docs\/world_knowledge_dialogue_2010\"><img loading=\"lazy\" decoding=\"async\" class=\"alignleft wp-image-77\" src=\"https:\/\/wp.unil.ch\/wkdialogue\/files\/2015\/06\/wkd-Cover2010.jpg\" alt=\"wkd Cover2010\" width=\"78\" height=\"116\" \/><\/a><\/p>\n<p>&nbsp;<\/p>\n<p>&nbsp;<\/p>\n<p><strong>2010<\/strong><\/td>\n<\/tr>\n<\/tbody>\n<\/table>\n<p>S\u00e9minaires pr\u00e9c\u00e9dents: <a href=\"https:\/\/www.wkdialogue.ch\">www.wkdialogue.ch<\/a><\/p>\n","protected":false},"excerpt":{"rendered":"<p>Au cours de son histoire, l\u2019humanit\u00e9 a travers\u00e9 plusieurs bouleversements majeurs en relation avec l\u2019acc\u00e8s \u00e0 l\u2019\u00e9nergie. Depuis les chasseurs-cueilleurs (il y a 4 millions d\u2019ann\u00e9es), \u00e0 l\u2019agriculture (il y &hellip; <\/p>\n","protected":false},"author":47,"featured_media":0,"parent":0,"menu_order":0,"comment_status":"closed","ping_status":"closed","template":"","meta":{"_seopress_robots_primary_cat":"","_seopress_titles_title":"","_seopress_titles_desc":"","_seopress_robots_index":"","footnotes":"","_links_to":"","_links_to_target":""},"class_list":["post-21","page","type-page","status-publish"],"_links":{"self":[{"href":"https:\/\/wp.unil.ch\/wkdialogue\/wp-json\/wp\/v2\/pages\/21","targetHints":{"allow":["GET"]}}],"collection":[{"href":"https:\/\/wp.unil.ch\/wkdialogue\/wp-json\/wp\/v2\/pages"}],"about":[{"href":"https:\/\/wp.unil.ch\/wkdialogue\/wp-json\/wp\/v2\/types\/page"}],"author":[{"embeddable":true,"href":"https:\/\/wp.unil.ch\/wkdialogue\/wp-json\/wp\/v2\/users\/47"}],"replies":[{"embeddable":true,"href":"https:\/\/wp.unil.ch\/wkdialogue\/wp-json\/wp\/v2\/comments?post=21"}],"version-history":[{"count":0,"href":"https:\/\/wp.unil.ch\/wkdialogue\/wp-json\/wp\/v2\/pages\/21\/revisions"}],"wp:attachment":[{"href":"https:\/\/wp.unil.ch\/wkdialogue\/wp-json\/wp\/v2\/media?parent=21"}],"curies":[{"name":"wp","href":"https:\/\/api.w.org\/{rel}","templated":true}]}}