{"id":19,"date":"2015-06-19T10:04:45","date_gmt":"2015-06-19T08:04:45","guid":{"rendered":"http:\/\/wp.unil.ch\/wkdialogue\/?page_id=19"},"modified":"2018-04-09T12:10:04","modified_gmt":"2018-04-09T10:10:04","slug":"historique","status":"publish","type":"page","link":"https:\/\/wp.unil.ch\/wkdialogue\/historique\/","title":{"rendered":"Qui sommes-nous \/ Who are we"},"content":{"rendered":"<p>Sous la d\u00e9nomination WKD\u00a0(\u00ab\u00a0World Knowledge Dialogue\u00a0\u00bbou Dialogue des savoirs) les Universit\u00e9s AZUR* et l&rsquo;EPFL, organisent des ateliers de type \u00ab\u00a0think-out-of-the-box\u00a0\u00bb hautement interdisciplinaires et respectant la \u00ab\u00a0pens\u00e9e libre\u00a0\u00bb sur des sujets complexes.<\/p>\n<p>Under the name of WKD\u00a0(World Knowledge Dialogue or \u00ab\u00a0Dialogue des savoirs\u00a0\u00bb) the Universities AZUR** and the Swiss Institute of Technology of Lausanne (EPFL) organize highly interdisciplinary think-out-of-the-box and free-thinking workshops on complex subjects.<\/p>\n<p>*Universit\u00e9s de Gen\u00e8ve, Lausanne et Neuch\u00e2tel<br \/>\n**Universities of Geneva, Lausanne and Neuch\u00e2tel<\/p>\n<p><strong>Board Members<\/strong><strong>\u00a0:<br \/>\n<\/strong>Micheline Louis-Courvoisier, University of Geneva<br \/>\nFran\u00e7ois Bussy, University of Lausanne<strong><br \/>\n<\/strong>F\u00e9lix Kessler, University of Neuch\u00e2tel<br \/>\nChristopher Tucci, Swiss Institute of Technology of Lausanne (EPFL)<\/p>\n<figure id=\"attachment_267\" aria-describedby=\"caption-attachment-267\" style=\"width: 251px\" class=\"wp-caption alignleft\"><a href=\"https:\/\/wp.unil.ch\/wkdialogue\/files\/2015\/06\/F.-Waldvogel-A.-Hurst.png\"><img loading=\"lazy\" decoding=\"async\" class=\" wp-image-267\" src=\"https:\/\/wp.unil.ch\/wkdialogue\/files\/2015\/06\/F.-Waldvogel-A.-Hurst.png\" alt=\"Prof. Andr\u00e9 Husrt et Prof. Francis Waldvogel\" width=\"251\" height=\"188\" srcset=\"https:\/\/wp.unil.ch\/wkdialogue\/files\/2015\/06\/F.-Waldvogel-A.-Hurst.png 794w, https:\/\/wp.unil.ch\/wkdialogue\/files\/2015\/06\/F.-Waldvogel-A.-Hurst-300x225.png 300w, https:\/\/wp.unil.ch\/wkdialogue\/files\/2015\/06\/F.-Waldvogel-A.-Hurst-624x468.png 624w\" sizes=\"auto, (max-width: 251px) 100vw, 251px\" \/><\/a><figcaption id=\"caption-attachment-267\" class=\"wp-caption-text\">Prof. Andr\u00e9 Husrt et Prof. Francis Waldvogel<\/figcaption><\/figure>\n<p>&nbsp;<\/p>\n<p><strong>WKD de 2003 \u00e0 aujourd&rsquo;hui<br \/>\n<\/strong><a href=\"https:\/\/wp.unil.ch\/wkdialogue\/files\/2015\/06\/Historique-de-WKD_2.pdf\">Historique WKD<br \/>\n<\/a><a href=\"https:\/\/wp.unil.ch\/wkdialogue\/files\/2015\/06\/History-WKD_2.pdf\">History of WKD<\/a><\/p>\n<p>&nbsp;<\/p>\n<p>&nbsp;<\/p>\n<p>&nbsp;<\/p>\n<p>&nbsp;<\/p>\n<p><strong>Secretariat<\/strong><strong> &amp; Webmaster:<br \/>\n<\/strong>Martine Moreillon<br \/>\nUNIL| Universit\u00e9 de Lausanne<br \/>\nD\u00e9partement de Microbiologie Fondamentale<br \/>\nQuartier Unil-Sorge<br \/>\nB\u00e2timent Biophore<br \/>\nCH-1015 Lausanne<\/p>\n<p>Martine.Moreillon@unil.ch<br \/>\nTel: +41 (0)21 692 56 00<br \/>\nMobile: +41 (0)79 515 07 19<br \/>\nFax: +41 (0)21 692 56 05<\/p>\n","protected":false},"excerpt":{"rendered":"<p>Sous la d\u00e9nomination WKD\u00a0(\u00ab\u00a0World Knowledge Dialogue\u00a0\u00bbou Dialogue des savoirs) les Universit\u00e9s AZUR* et l&rsquo;EPFL, organisent des ateliers de type \u00ab\u00a0think-out-of-the-box\u00a0\u00bb hautement interdisciplinaires et respectant la \u00ab\u00a0pens\u00e9e libre\u00a0\u00bb sur des sujets &hellip; <\/p>\n","protected":false},"author":47,"featured_media":0,"parent":0,"menu_order":0,"comment_status":"closed","ping_status":"closed","template":"","meta":{"_seopress_robots_primary_cat":"","_seopress_titles_title":"","_seopress_titles_desc":"","_seopress_robots_index":"","footnotes":"","_links_to":"","_links_to_target":""},"class_list":["post-19","page","type-page","status-publish"],"_links":{"self":[{"href":"https:\/\/wp.unil.ch\/wkdialogue\/wp-json\/wp\/v2\/pages\/19","targetHints":{"allow":["GET"]}}],"collection":[{"href":"https:\/\/wp.unil.ch\/wkdialogue\/wp-json\/wp\/v2\/pages"}],"about":[{"href":"https:\/\/wp.unil.ch\/wkdialogue\/wp-json\/wp\/v2\/types\/page"}],"author":[{"embeddable":true,"href":"https:\/\/wp.unil.ch\/wkdialogue\/wp-json\/wp\/v2\/users\/47"}],"replies":[{"embeddable":true,"href":"https:\/\/wp.unil.ch\/wkdialogue\/wp-json\/wp\/v2\/comments?post=19"}],"version-history":[{"count":0,"href":"https:\/\/wp.unil.ch\/wkdialogue\/wp-json\/wp\/v2\/pages\/19\/revisions"}],"wp:attachment":[{"href":"https:\/\/wp.unil.ch\/wkdialogue\/wp-json\/wp\/v2\/media?parent=19"}],"curies":[{"name":"wp","href":"https:\/\/api.w.org\/{rel}","templated":true}]}}