{"id":152,"date":"2015-09-28T21:35:27","date_gmt":"2015-09-28T19:35:27","guid":{"rendered":"http:\/\/wp.unil.ch\/wkdialogue\/?page_id=152"},"modified":"2018-06-20T21:32:06","modified_gmt":"2018-06-20T19:32:06","slug":"wkd-wkd-2018","status":"publish","type":"page","link":"https:\/\/wp.unil.ch\/wkdialogue\/wkd-wkd-2018\/","title":{"rendered":"WKD 2018"},"content":{"rendered":"<h2><span style=\"color: #ff0000\"><strong>\u00ab\u00a0MIGRATION\u00a0\u00bb, Villars-sur-Ollon, 10-13 juin 2018<br \/>\n<\/strong><\/span><\/h2>\n<p><strong>Intervenants principaux (main speakers):<\/strong><\/p>\n<p><em><strong><span style=\"color: #ff0000\">10 juin<\/span> \/ Les migrations qui fa\u00e7onnent le monde <\/strong><\/em><strong>or <em>Migrations that build the World \/ <span style=\"color: #ff0000\">10 June<\/span><\/em> <\/strong><br \/>\nBruno Dum\u00e9zil, Universit\u00e9 de Nanterre, Paris, FR<\/p>\n<p><em><strong><span style=\"color: #ff0000\">11 juin<\/span> \/ Migrations dans la nature <\/strong><\/em><strong>or <\/strong><em><strong>Migration in Nature \/ <span style=\"color: #ff0000\">11 June<\/span><br \/>\n<\/strong><\/em>Lukas Yenni, Swiss Ornithological Institute, Sempach, CH<br \/>\nAlexandre Roulin, Universit\u00e9 de lausanne, CH<br \/>\nYossi Leshem, SPNI, Israel<br \/>\nRashid, ACPD, Ammam, Jordan<br \/>\nBaruch Spiegel, ECF, Tel-Aviv, Israel<\/p>\n<p><em>Workshop I<\/em><\/p>\n<p><strong><em>Human Migrations <\/em>ou <em>Migration Humaine<br \/>\n<\/em><\/strong>Eleonore Kofmann, University Middlesex, London, UK<br \/>\nOana Ciobanu, Universit\u00e9 de Gen\u00e8ve, CH<\/p>\n<div><\/div>\n<div><\/div>\n<p><em>Workshop II<br \/>\n<\/em><\/p>\n<p><em><strong><span style=\"color: #ff0000\">12 juin<\/span> \/ Impact des nouvelles technologies <\/strong><\/em><strong>or <\/strong><em><strong>Impact on New Technologies \/ <span style=\"color: #ff0000\">12 June<\/span><br \/>\n<\/strong><\/em>Peter Zurbr\u00fcgg, Charg\u00e9 de cours \u00e0 l&rsquo;EPFL, Lausanne, CH<br \/>\nBernard Benhamou, Institut de la Souvrainet\u00e9 Num\u00e9rique, Paris, F<\/p>\n<p><em>Workshop III &amp; Workshop IV<\/em><\/p>\n<p><em><strong><span style=\"color: #ff0000\">13 June<\/span> \/ Social acceptability <\/strong><\/em><strong>ou <\/strong><em><strong>Acceptabilit\u00e9 soci\u00e9tale \/ <span style=\"color: #ff0000\">13 juin<\/span><br \/>\n<\/strong><\/em>Sandro Cattacin<em><strong>, <\/strong><\/em>Universit\u00e9 de Gen\u00e8ve, CH<em><strong><br \/>\n<\/strong><\/em><\/p>\n<p><em>Plenary session: Workshops&rsquo; pitches<\/em><\/p>\n<table>\n<tbody>\n<tr>\n<td>\n<p><a href=\"https:\/\/wp.unil.ch\/wkdialogue\/files\/2018\/05\/WKD2018Cover-Screen300.jpg\"><img alt=\"\" loading=\"lazy\" decoding=\"async\" class=\"alignleft wp-image-318\" src=\"https:\/\/wp.unil.ch\/wkdialogue\/files\/2018\/05\/WKD2018Cover-Screen300.jpg\" alt=\"\" width=\"127\" height=\"181\" srcset=\"https:\/\/wp.unil.ch\/wkdialogue\/files\/2018\/05\/WKD2018Cover-Screen300.jpg 846w, https:\/\/wp.unil.ch\/wkdialogue\/files\/2018\/05\/WKD2018Cover-Screen300-212x300.jpg 212w, https:\/\/wp.unil.ch\/wkdialogue\/files\/2018\/05\/WKD2018Cover-Screen300-768x1089.jpg 768w, https:\/\/wp.unil.ch\/wkdialogue\/files\/2018\/05\/WKD2018Cover-Screen300-722x1024.jpg 722w, https:\/\/wp.unil.ch\/wkdialogue\/files\/2018\/05\/WKD2018Cover-Screen300-624x885.jpg 624w\" sizes=\"auto, (max-width: 127px) 100vw, 127px\" \/><\/a><\/p>\n<p><a href=\"https:\/\/wp.unil.ch\/wkdialogue\/files\/2018\/05\/FR_Prog_15.05.2018.pdf\">Programme<\/a><a href=\"https:\/\/wp.unil.ch\/wkdialogue\/files\/2018\/05\/FR_Prog_-pre?_30.04.2018.pdf\"><br \/>\n<\/a><a href=\"https:\/\/wp.unil.ch\/wkdialogue\/files\/2018\/05\/EN_Prog_15.05.2018.pdf\">English Programme<\/a><\/p>\n<p><strong><span style=\"color: #ff0000\">Vous \u00eates int\u00e9ress\u00e9 \u00e0 participer?<\/span><br \/>\n<span style=\"color: #ff0000\"> Envoyez votre C.V. et un court e-mail de motivation \u00e0<\/span><br \/>\n<\/strong>Martine.Moreillon@unil.ch (secr\u00e9tariat WKD). Le nombre de places est limit\u00e9.<\/td>\n<\/tr>\n<\/tbody>\n<\/table>\n<p><strong>Comit\u00e9 Scientifique et d&rsquo;Organisation (Scientific and Organizing Committee) :<\/strong><br \/>\nProf. Micheline Louis-Courvoisier, Universit\u00e9 de Gen\u00e8ve,<br \/>\nProf. Christian Lovis, Universit\u00e9 de Gen\u00e8ve,<br \/>\nProf. Fran\u00e7ois Bussy, Universit\u00e9 de Lausanne,<br \/>\nProf. Philippe Moreillon, Universit\u00e9 de Lausanne,<br \/>\nProf. Alexandre Roulin, Universit\u00e9 de Lausanne,<br \/>\nProf. F\u00e9lix Kessler, Universit\u00e9 de Neuch\u00e2tel,<br \/>\nProf. Janine Dahinden, Universit\u00e9 de Neuch\u00e2tel,<br \/>\nProf. Christopher Tucci, EPFL, Lausanne,<br \/>\nProf. Fran\u00e7ois Vuille, EPFL, Lausanne,<\/p>\n<p>&nbsp;<\/p>\n<table style=\"height: 179px\" width=\"100%\">\n<tbody>\n<tr>\n<td>\n<p><strong><a href=\"https:\/\/issuu.com\/adrien.moreillon\/docs\/wkd_2015_brochure_screen\"><img loading=\"lazy\" decoding=\"async\" class=\"alignleft wp-image-190\" src=\"https:\/\/wp.unil.ch\/wkdialogue\/files\/2015\/06\/WKD_2015_BROCHURE_COVER.jpg\" alt=\"WKD_2015_BROCHURE_COVER\" width=\"84\" height=\"120\" \/><\/a><\/strong><\/p>\n<p>&nbsp;<\/p>\n<p>&nbsp;<\/p>\n<p><strong><br \/>\n2015<\/strong><\/td>\n<td>\n<p>&nbsp;<\/p>\n<p><strong>\u00a0<\/strong><\/td>\n<td>\n<p>&nbsp;<\/p>\n<p>&nbsp;<\/p>\n<p>&nbsp;<\/p>\n<p><strong>\u00a0<\/strong><\/td>\n<td>\n<p>&nbsp;<\/p>\n<p>&nbsp;<\/p>\n<p>&nbsp;<\/p>\n<p><strong>\u00a0<\/strong><\/td>\n<td>\n<p>&nbsp;<\/p>\n<p>&nbsp;<\/p>\n<p>&nbsp;<\/p>\n<p><strong>\u00a0<\/strong><\/td>\n<\/tr>\n<\/tbody>\n<\/table>\n<p>&nbsp;<\/p>\n<table width=\"100%\">\n<tbody>\n<tr>\n<td>\n<p><a href=\"https:\/\/issuu.com\/adrien.moreillon\/docs\/wkd_2014_brochure_screen\"><img loading=\"lazy\" decoding=\"async\" class=\"alignleft wp-image-17\" src=\"https:\/\/wp.unil.ch\/wkdialogue\/files\/2015\/06\/wkd14.jpg\" alt=\"wkd14\" width=\"80\" height=\"119\" \/><\/a><\/p>\n<p>&nbsp;<\/p>\n<p>&nbsp;<\/p>\n<p><strong>2014<\/strong><\/td>\n<td>\n<p><a href=\"https:\/\/issuu.com\/adrien.moreillon\/docs\/wkd_2013-brochure\"><img loading=\"lazy\" decoding=\"async\" class=\"alignleft wp-image-79\" src=\"https:\/\/wp.unil.ch\/wkdialogue\/files\/2015\/06\/wkdCover-2013.jpg\" alt=\"wkdCover 2013\" width=\"80\" height=\"120\" srcset=\"https:\/\/wp.unil.ch\/wkdialogue\/files\/2015\/06\/wkdCover-2013.jpg 483w, https:\/\/wp.unil.ch\/wkdialogue\/files\/2015\/06\/wkdCover-2013-201x300.jpg 201w\" sizes=\"auto, (max-width: 80px) 100vw, 80px\" \/><\/a><\/p>\n<p>&nbsp;<\/p>\n<p>&nbsp;<\/p>\n<p><strong>2013<\/strong><\/td>\n<td>\n<p><a href=\"https:\/\/issuu.com\/adrien.moreillon\/docs\/wkd_2012_screen\"><img loading=\"lazy\" decoding=\"async\" class=\"alignleft wp-image-80\" src=\"https:\/\/wp.unil.ch\/wkdialogue\/files\/2015\/06\/WKDCover2012.jpg\" alt=\"WKDCover2012\" width=\"82\" height=\"122\" \/><\/a><\/p>\n<p>&nbsp;<\/p>\n<p>&nbsp;<\/p>\n<p><strong>2012<\/strong><\/td>\n<td>\n<p><a href=\"https:\/\/issuu.com\/adrien.moreillon\/docs\/wkd-2011\"><img loading=\"lazy\" decoding=\"async\" class=\"alignleft wp-image-78\" src=\"https:\/\/wp.unil.ch\/wkdialogue\/files\/2015\/06\/wkdCover-2011.jpg\" alt=\"wkdCover 2011\" width=\"79\" height=\"117\" \/><\/a><\/p>\n<p>&nbsp;<\/p>\n<p>&nbsp;<\/p>\n<p><strong>2011<\/strong><\/td>\n<td>\n<p><a href=\"https:\/\/issuu.com\/adrien.moreillon\/docs\/world_knowledge_dialogue_2010\"><img loading=\"lazy\" decoding=\"async\" class=\"alignleft wp-image-77\" src=\"https:\/\/wp.unil.ch\/wkdialogue\/files\/2015\/06\/wkd-Cover2010.jpg\" alt=\"wkd Cover2010\" width=\"78\" height=\"116\" \/><\/a><\/p>\n<p>&nbsp;<\/p>\n<p>&nbsp;<\/p>\n<p><strong>2010<\/strong><\/td>\n<\/tr>\n<\/tbody>\n<\/table>\n<p>S\u00e9minaires pr\u00e9c\u00e9dents: <a href=\"https:\/\/www.wkdialogue.ch\">www.wkdialogue.ch<\/a><\/p>\n","protected":false},"excerpt":{"rendered":"<p>\u00ab\u00a0MIGRATION\u00a0\u00bb, Villars-sur-Ollon, 10-13 juin 2018 Intervenants principaux (main speakers): 10 juin \/ Les migrations qui fa\u00e7onnent le monde or Migrations that build the World \/ 10 June Bruno Dum\u00e9zil, Universit\u00e9 &hellip; <\/p>\n","protected":false},"author":47,"featured_media":0,"parent":0,"menu_order":0,"comment_status":"closed","ping_status":"closed","template":"","meta":{"_seopress_robots_primary_cat":"","_seopress_titles_title":"","_seopress_titles_desc":"","_seopress_robots_index":"","footnotes":"","_links_to":"","_links_to_target":""},"class_list":["post-152","page","type-page","status-publish"],"_links":{"self":[{"href":"https:\/\/wp.unil.ch\/wkdialogue\/wp-json\/wp\/v2\/pages\/152","targetHints":{"allow":["GET"]}}],"collection":[{"href":"https:\/\/wp.unil.ch\/wkdialogue\/wp-json\/wp\/v2\/pages"}],"about":[{"href":"https:\/\/wp.unil.ch\/wkdialogue\/wp-json\/wp\/v2\/types\/page"}],"author":[{"embeddable":true,"href":"https:\/\/wp.unil.ch\/wkdialogue\/wp-json\/wp\/v2\/users\/47"}],"replies":[{"embeddable":true,"href":"https:\/\/wp.unil.ch\/wkdialogue\/wp-json\/wp\/v2\/comments?post=152"}],"version-history":[{"count":0,"href":"https:\/\/wp.unil.ch\/wkdialogue\/wp-json\/wp\/v2\/pages\/152\/revisions"}],"wp:attachment":[{"href":"https:\/\/wp.unil.ch\/wkdialogue\/wp-json\/wp\/v2\/media?parent=152"}],"curies":[{"name":"wp","href":"https:\/\/api.w.org\/{rel}","templated":true}]}}