{"id":66,"date":"2011-03-29T23:03:30","date_gmt":"2011-03-29T21:03:30","guid":{"rendered":"http:\/\/wp.unil.ch\/walras\/?page_id=66"},"modified":"2013-11-30T18:11:03","modified_gmt":"2013-11-30T17:11:03","slug":"web-links","status":"publish","type":"page","link":"https:\/\/wp.unil.ch\/walras\/resources\/web-links\/","title":{"rendered":"Web links"},"content":{"rendered":"<ul>\n<li><a href=\"https:\/\/www.unil.ch\/cwp\" target=\"_self\">Centre d&#8217;\u00e9tudes interdisciplinaires Walras-Pareto\/University of Lausanne<\/a><\/li>\n<li><a href=\"https:\/\/www.ish-lyon.cnrs.fr\/labo\/walras\/walras.html\" target=\"_self\">Auguste et L\u00e9on Walras Center of Lyon &#8211; Lumi\u00e8re University &#8211; Lyon II<\/a><\/li>\n<li><a href=\"https:\/\/cepa.newschool.edu\/het\/profiles\/walras.htm\" target=\"_self\">L\u00e9on Walras and Walrasian Economics (The History of Economic Thought Website)<\/a><\/li>\n<li><a href=\"https:\/\/phare.univ-paris1.fr\/\" target=\"_self\">P\u00f4le d&#8217;histoire de l&#8217;analyse et des repr\u00e9sentations \u00e9conomiques (Phare) Paris X &amp; I<\/a><\/li>\n<li><a href=\"https:\/\/www.eshet.net\/\" target=\"_self\">European Society for the History of Economic Thought<\/a><\/li>\n<li><a href=\"https:\/\/cfec.vub.ac.be\/cfec\/genoot.html\" target=\"_self\">Dutch-Flemish Society for The History of Economic Thought<\/a><\/li>\n<li><a href=\"https:\/\/society.cpm.ehime-u.ac.jp\/shet\/shet.html\" target=\"_self\">The Japanese Society for the History of Economic Thought<\/a><\/li>\n<li><a href=\"https:\/\/hetsa.fec.anu.edu.au\/default.asp\" target=\"_self\">History of Economic Thought Society of Australia<\/a><\/li>\n<li><a href=\"https:\/\/www.efm.bris.ac.uk\/het2\/het.htm\" target=\"_self\">Department of Economics, History of Economic Thought &#8211; University of Bristol<\/a><\/li>\n<li><a href=\"https:\/\/www.charlesgide.fr\/\" target=\"_self\">Association Charles Gide pour l&#8217;\u00e9tude de la pens\u00e9e \u00e9conomique &#8211; France<\/a><\/li>\n<li><a href=\"https:\/\/www.cesmep.unito.it\/\" target=\"_self\">Centro di Studi sulla Storia e i Metodi dell&#8217;Economia Politica &#8211; University of Turin<\/a><\/li>\n<li><a href=\"https:\/\/www.mcmaster.ca\/economics\/\" target=\"_self\">Archive of the History of Economic Thought &#8211; McMaster University, Ontario<\/a><\/li>\n<li><a href=\"https:\/\/www.cpm.ll.ehime-u.ac.jp\/AkamacHomePage\/Akamac_E-text_Links\/Akamac_E-text_Links.html\" target=\"_self\">Akama Michio website: biographies<\/a><\/li>\n<\/ul>\n","protected":false},"excerpt":{"rendered":"<p>Centre d&#8217;\u00e9tudes interdisciplinaires Walras-Pareto\/University of Lausanne Auguste et L\u00e9on Walras Center of Lyon &#8211; Lumi\u00e8re University &#8211; Lyon II L\u00e9on Walras and Walrasian Economics (The History of Economic Thought Website) P\u00f4le d&#8217;histoire de l&#8217;analyse et des repr\u00e9sentations \u00e9conomiques (Phare) Paris<\/p>\n","protected":false},"author":195,"featured_media":0,"parent":54,"menu_order":0,"comment_status":"closed","ping_status":"closed","template":"","meta":{"_seopress_robots_primary_cat":"","_seopress_titles_title":"","_seopress_titles_desc":"","_seopress_robots_index":"","footnotes":""},"class_list":["post-66","page","type-page","status-publish"],"_links":{"self":[{"href":"https:\/\/wp.unil.ch\/walras\/wp-json\/wp\/v2\/pages\/66","targetHints":{"allow":["GET"]}}],"collection":[{"href":"https:\/\/wp.unil.ch\/walras\/wp-json\/wp\/v2\/pages"}],"about":[{"href":"https:\/\/wp.unil.ch\/walras\/wp-json\/wp\/v2\/types\/page"}],"author":[{"embeddable":true,"href":"https:\/\/wp.unil.ch\/walras\/wp-json\/wp\/v2\/users\/195"}],"replies":[{"embeddable":true,"href":"https:\/\/wp.unil.ch\/walras\/wp-json\/wp\/v2\/comments?post=66"}],"version-history":[{"count":0,"href":"https:\/\/wp.unil.ch\/walras\/wp-json\/wp\/v2\/pages\/66\/revisions"}],"up":[{"embeddable":true,"href":"https:\/\/wp.unil.ch\/walras\/wp-json\/wp\/v2\/pages\/54"}],"wp:attachment":[{"href":"https:\/\/wp.unil.ch\/walras\/wp-json\/wp\/v2\/media?parent=66"}],"curies":[{"name":"wp","href":"https:\/\/api.w.org\/{rel}","templated":true}]}}