{"id":56,"date":"2011-03-29T22:59:43","date_gmt":"2011-03-29T20:59:43","guid":{"rendered":"http:\/\/wp.unil.ch\/walras\/?page_id=56"},"modified":"2017-12-05T14:44:12","modified_gmt":"2017-12-05T13:44:12","slug":"oeuvres-economiques-completes","status":"publish","type":"page","link":"https:\/\/wp.unil.ch\/walras\/resources\/oeuvres-economiques-completes\/","title":{"rendered":"\u0152uvres \u00e9conomiques compl\u00e8tes"},"content":{"rendered":"<p><a href=\"https:\/\/wp.unil.ch\/walras\/files\/2011\/03\/oeuvre1.jpg\"><img loading=\"lazy\" decoding=\"async\" class=\"alignleft wp-image-320\" src=\"https:\/\/wp.unil.ch\/walras\/files\/2011\/03\/oeuvre1-192x300.jpg\" alt=\"oeuvre1\" width=\"154\" height=\"240\" srcset=\"https:\/\/wp.unil.ch\/walras\/files\/2011\/03\/oeuvre1-192x300.jpg 192w, https:\/\/wp.unil.ch\/walras\/files\/2011\/03\/oeuvre1.jpg 304w\" sizes=\"auto, (max-width: 154px) 100vw, 154px\" \/><\/a>\u00a0 <a href=\"https:\/\/wp.unil.ch\/walras\/files\/2011\/03\/oeuvre5.gif\"><img loading=\"lazy\" decoding=\"async\" class=\"alignleft wp-image-322\" src=\"https:\/\/wp.unil.ch\/walras\/files\/2011\/03\/oeuvre5-194x300.gif\" alt=\"oeuvre5\" width=\"155\" height=\"240\" \/><\/a><\/p>\n<p>&nbsp;<\/p>\n<p>&nbsp;<\/p>\n<p>&nbsp;<\/p>\n<p>&nbsp;<\/p>\n<p>&nbsp;<\/p>\n<div class=\"su-spacer\" style=\"height:10px\"><\/div>The entire economic works of Auguste and L\u00e9on Walras are published by Economica, under the auspices of the Centre Auguste et L\u00e9on Walras (Lyon). Here are the list of the 14 volumes of the <strong>Auguste et L\u00e9on Walras.<\/strong> <strong>\u0152uvres \u00e9conomiques compl\u00e8tes:<\/strong><\/p>\n<p>Auguste Walras<\/p>\n<ul>\n<li>I. Richesse, libert\u00e9 et soci\u00e9t\u00e9<\/li>\n<li>II. La v\u00e9rit\u00e9 sociale<\/li>\n<li>III. Cours et pi\u00e8ces diverses<\/li>\n<li>IV. Correspondance<\/li>\n<\/ul>\n<p>L\u00e9on Walras<\/p>\n<ul>\n<li>V. L&#8217;\u00e9conomie politique et la justice<\/li>\n<li>VI. Les associations populaires coop\u00e9ratives<\/li>\n<li>VII. M\u00e9langes d&#8217;\u00e9conomie politique et sociale<\/li>\n<li>VIII. \u00c9l\u00e9ments d&#8217;\u00e9conomie politique pure ou th\u00e9orie de la richesse sociale<\/li>\n<li>IX. \u00c9tudes d&#8217;\u00e9conomie sociale : th\u00e9orie de la r\u00e9partition de la richesse sociale<\/li>\n<li>X. \u00c9tudes d&#8217;\u00e9conomie politique appliqu\u00e9e : th\u00e9orie de la production de la richesse sociale<\/li>\n<li>XI. Th\u00e9orie math\u00e9matique de la richesse sociale (et autres \u00e9crits math\u00e9matiques et d&#8217;\u00e9conomie pure)<\/li>\n<li>XII. Cours d&#8217;\u00e9conomie sociale et d&#8217;\u00e9conomie politique appliqu\u00e9e<\/li>\n<li>XIII. \u0152uvres diverses<\/li>\n<li>XIV. Tables et index<\/li>\n<\/ul>\n<p>You can order these volumes by the publisher (<a href=\"https:\/\/www.economica.fr\/les-oeuvres-completes-walras,fr,3,18.cfm\">Economica &#8211; \u0152uvres<\/a>)<\/p>\n","protected":false},"excerpt":{"rendered":"<p>\u00a0 &nbsp; &nbsp; &nbsp; &nbsp; &nbsp; The entire economic works of Auguste and L\u00e9on Walras are published by Economica, under the auspices of the Centre Auguste et L\u00e9on Walras (Lyon). Here are the list of the 14 volumes of the<\/p>\n","protected":false},"author":195,"featured_media":0,"parent":54,"menu_order":0,"comment_status":"closed","ping_status":"closed","template":"","meta":{"_seopress_robots_primary_cat":"","_seopress_titles_title":"","_seopress_titles_desc":"","_seopress_robots_index":"","footnotes":""},"class_list":["post-56","page","type-page","status-publish"],"_links":{"self":[{"href":"https:\/\/wp.unil.ch\/walras\/wp-json\/wp\/v2\/pages\/56","targetHints":{"allow":["GET"]}}],"collection":[{"href":"https:\/\/wp.unil.ch\/walras\/wp-json\/wp\/v2\/pages"}],"about":[{"href":"https:\/\/wp.unil.ch\/walras\/wp-json\/wp\/v2\/types\/page"}],"author":[{"embeddable":true,"href":"https:\/\/wp.unil.ch\/walras\/wp-json\/wp\/v2\/users\/195"}],"replies":[{"embeddable":true,"href":"https:\/\/wp.unil.ch\/walras\/wp-json\/wp\/v2\/comments?post=56"}],"version-history":[{"count":0,"href":"https:\/\/wp.unil.ch\/walras\/wp-json\/wp\/v2\/pages\/56\/revisions"}],"up":[{"embeddable":true,"href":"https:\/\/wp.unil.ch\/walras\/wp-json\/wp\/v2\/pages\/54"}],"wp:attachment":[{"href":"https:\/\/wp.unil.ch\/walras\/wp-json\/wp\/v2\/media?parent=56"}],"curies":[{"name":"wp","href":"https:\/\/api.w.org\/{rel}","templated":true}]}}