{"id":54,"date":"2011-03-29T22:55:24","date_gmt":"2011-03-29T20:55:24","guid":{"rendered":"http:\/\/wp.unil.ch\/walras\/?page_id=54"},"modified":"2013-11-30T18:09:40","modified_gmt":"2013-11-30T17:09:40","slug":"resources","status":"publish","type":"page","link":"https:\/\/wp.unil.ch\/walras\/resources\/","title":{"rendered":"Resources"},"content":{"rendered":"<p>&#8211; <a title=\"\u0152uvres \u00e9conomiques compl\u00e8tes\" href=\"https:\/\/wp.unil.ch\/walras\/resources\/oeuvres-economiques-completes\/\">\u0152uvres \u00e9conomiques compl\u00e8tes<\/a><\/p>\n<p>&#8211; <a title=\"Translated works\" href=\"https:\/\/wp.unil.ch\/walras\/resources\/translated-works\/\">Translated works<\/a><\/p>\n<p>&#8211; <a title=\"Archives collections\" href=\"https:\/\/wp.unil.ch\/walras\/resources\/archives-collections\/\">Archives collections<\/a><\/p>\n<p>&#8211; <a title=\"Bibliographies\" href=\"https:\/\/wp.unil.ch\/walras\/resources\/bibliographies\/\">Bibliographies<\/a><\/p>\n<p>&#8211; <a title=\"Web links\" href=\"https:\/\/wp.unil.ch\/walras\/resources\/web-links\/\">Web links<\/a><\/p>\n","protected":false},"excerpt":{"rendered":"<p>&#8211; \u0152uvres \u00e9conomiques compl\u00e8tes &#8211; Translated works &#8211; Archives collections &#8211; Bibliographies &#8211; Web links<\/p>\n","protected":false},"author":195,"featured_media":0,"parent":0,"menu_order":5,"comment_status":"closed","ping_status":"closed","template":"","meta":{"_seopress_robots_primary_cat":"","_seopress_titles_title":"","_seopress_titles_desc":"","_seopress_robots_index":"","footnotes":""},"class_list":["post-54","page","type-page","status-publish"],"_links":{"self":[{"href":"https:\/\/wp.unil.ch\/walras\/wp-json\/wp\/v2\/pages\/54","targetHints":{"allow":["GET"]}}],"collection":[{"href":"https:\/\/wp.unil.ch\/walras\/wp-json\/wp\/v2\/pages"}],"about":[{"href":"https:\/\/wp.unil.ch\/walras\/wp-json\/wp\/v2\/types\/page"}],"author":[{"embeddable":true,"href":"https:\/\/wp.unil.ch\/walras\/wp-json\/wp\/v2\/users\/195"}],"replies":[{"embeddable":true,"href":"https:\/\/wp.unil.ch\/walras\/wp-json\/wp\/v2\/comments?post=54"}],"version-history":[{"count":0,"href":"https:\/\/wp.unil.ch\/walras\/wp-json\/wp\/v2\/pages\/54\/revisions"}],"wp:attachment":[{"href":"https:\/\/wp.unil.ch\/walras\/wp-json\/wp\/v2\/media?parent=54"}],"curies":[{"name":"wp","href":"https:\/\/api.w.org\/{rel}","templated":true}]}}