{"id":49,"date":"2011-03-29T22:51:22","date_gmt":"2011-03-29T20:51:22","guid":{"rendered":"http:\/\/wp.unil.ch\/walras\/?page_id=49"},"modified":"2017-12-05T14:38:21","modified_gmt":"2017-12-05T13:38:21","slug":"conferences-proceedings","status":"publish","type":"page","link":"https:\/\/wp.unil.ch\/walras\/publications\/conferences-proceedings\/","title":{"rendered":"Conferences proceedings"},"content":{"rendered":"<p>You can download here most of the papers from the proceedings of the five first conferences of the <em>International Walras Association<\/em>, which were first published as special issues of the <em>Cahiers du Ceras<\/em>. Copyright on all texts belong to their authors.<\/p>\n<p>Hard copies of the <em>Cahiers du Ceras<\/em> can still be ordered, at the price of 8 euros per issue, at the following address: Arnaud Diemer, 15 rue Gambetta, 58 000 Nevers, France. Cheques of postal orders must be made payable to &#8220;L&#8217;agent comptable de l&#8217;Association Internationale Walras&#8221;.<\/p>\n<p>If you are the author of a paper listed below that is not available to download, please contact us at <a href=\"mailto:walras@unil.ch\">walras@unil.ch<\/a>.<\/p>\n<h5>Conference Proceedings &#8211; Paris 1999<\/h5>\n<p>&#8211; <a href=\"https:\/\/wp.unil.ch\/walras\/files\/2011\/03\/cahier-1.pdf\">Table of contents<\/a><\/p>\n<p>&#8211; <a href=\"https:\/\/wp.unil.ch\/walras\/files\/2011\/03\/00.couverture.pdf\">Couverture<\/a><\/p>\n<p>&#8211; <a href=\"https:\/\/wp.unil.ch\/walras\/files\/2011\/03\/01.ragni_.pdf\">Ludovic Ragni, Le th\u00e9or\u00e8me des productivit\u00e9s marginales: enjeux de pertinence et de coh\u00e9rence des El\u00e9ments d&#8217;\u00e9conomie politique pure<\/a><\/p>\n<p>&#8211; <a href=\"https:\/\/wp.unil.ch\/walras\/files\/2011\/03\/02.dockes.pdf\">Pierre Dock\u00e8s, L\u00e9on Walras et le progr\u00e8s \u00e9conomique<\/a><\/p>\n<p>&#8211; <a href=\"https:\/\/wp.unil.ch\/walras\/files\/2011\/03\/03.walker.pdf\">Donald A. Walker, Les Id\u00e9es de L\u00e9on Walras sur la Nature Humaine<\/a><\/p>\n<p>&#8211; <a href=\"https:\/\/wp.unil.ch\/walras\/files\/2011\/03\/04.potier.pdf\">Jean-Pierre Potier, Quelques r\u00e9flexions sur l&#8217;apport des &#8220;Notes d&#8217;humeur&#8221; \u00e0 la connaissance de L\u00e9on Walras<\/a><\/p>\n<p>&#8211; <a href=\"https:\/\/wp.unil.ch\/walras\/files\/2011\/03\/05.diemer.pdf\">Arnaud Diemer, La diff\u00e9renciation des prix chez Walras<\/a><\/p>\n<p>&#8211; <a href=\"https:\/\/wp.unil.ch\/walras\/files\/2011\/03\/06.baranzini.pdf\">Roberto Baranzini, L\u00e9on Walras: l&#8217;\u00e9pargne, le cr\u00e9dit et les crises (1860-1871)<\/a><\/p>\n<p>&#8211; <a href=\"https:\/\/wp.unil.ch\/walras\/files\/2011\/03\/07.alcouffe-belloc.pdf\">Alain Alcouffe et Bernard Belloc, Les approches fran\u00e7aises de l&#8217;\u00e9quilibre g\u00e9n\u00e9ral de Cournot et Walras \u00e0 Allais<\/a><\/p>\n<p>&#8211; <a href=\"https:\/\/wp.unil.ch\/walras\/files\/2011\/03\/08.lendjel.pdf\">Emeric Lendjel, La distinction entre th\u00e9orique et pratique chez Walras : une interpr\u00e9tation math\u00e9matique<\/a><\/p>\n<p>&#8211; <a href=\"https:\/\/wp.unil.ch\/walras\/files\/2011\/03\/09.lhuillier.pdf\">Vincent Lhuillier, La confusion entre \u00e9pargne brute et \u00e9pargne nette au sein des El\u00e9ments d&#8217;\u00e9conomie politique pure : un commentaire critique<\/a><\/p>\n<p>&#8211; Kayoko Misaki, A Social Vision in Walras&#8217;s capital formation model<\/p>\n<h5>Conference Proceedings &#8211; Dijon 2000<\/h5>\n<p>&#8211; <a href=\"https:\/\/wp.unil.ch\/walras\/files\/2011\/03\/sommaire-cahier-ceras-2.pdf\">Table of contents<\/a><\/p>\n<p>&#8211; <a href=\"https:\/\/wp.unil.ch\/walras\/files\/2011\/03\/0.introduction.pdf\">Introduction<\/a><\/p>\n<p>&#8211; Michel De Vroey, Equilibrium and Disequilibrium in Walrasian Economics<\/p>\n<p>&#8211; S\u00e9bastien Barillot, La Th\u00e9orie des clubs : Une interpr\u00e9tation th\u00e9orique des principes coop\u00e9ratifs de Walras ?<\/p>\n<p>&#8211; <a href=\"https:\/\/wp.unil.ch\/walras\/files\/2011\/03\/3.arnaud-lacan.pdf\">Arnaud Lacan, L\u00e9on Walras et les soci\u00e9t\u00e9s d&#8217;assurance mutuelles<\/a><\/p>\n<p>&#8211; Laurent Derobert, Walras et le concept de travail : une note<\/p>\n<p>&#8211; Antoine Rebeyrol, Stock et flux dans l&#8217;analyse du march\u00e9 du travail : une comparaison des approches ricardienne, keyn\u00e9sienne et walrassienne<\/p>\n<p>&#8211; Kunio Nakakubo, Letters of Ohtsuka-Kin&#8217;nosuke to Aline Walras: An Episode in process of Introducing Walras to Japanese<\/p>\n<p>&#8211; <a href=\"https:\/\/wp.unil.ch\/walras\/files\/2011\/03\/7.donald-walker.pdf\">Donald Walker, Controverses walrassiennes r\u00e9centes dans la litt\u00e9rature en langue anglaise<\/a><\/p>\n<p>&#8211; <a href=\"https:\/\/wp.unil.ch\/walras\/files\/2011\/03\/8.jan-van-daal.pdf\">Jan van Daal, Translating L\u00e9on Walras \u00c9tudes<\/a><\/p>\n<p>&#8211; <a href=\"https:\/\/wp.unil.ch\/walras\/files\/2011\/03\/9.marlyse-pouchol.pdf\">Marlyse Pouchol, Les fondements du lib\u00e9ralisme walrassien<\/a><\/p>\n<p>&#8211; <a href=\"https:\/\/wp.unil.ch\/walras\/files\/2011\/03\/10.arnaud-diemer.pdf\">Arnaud Diemer, L\u00e9on Walras et le syndrome Dupuit<\/a><\/p>\n<p>&#8211; Jean-Marc Clerc, March\u00e9 bilat\u00e9ral, march\u00e9 g\u00e9n\u00e9ral et num\u00e9raire<\/p>\n<p>&#8211; Cyrille Rouge-Pullon, L\u00e9on Walras : Justice proc\u00e9durale et efficacit\u00e9 \u00e9conomique<\/p>\n<p>&#8211; Elisabeth Huck, The &#8220;neutrality&#8221; of the walrassian t\u00e2tonnement with respect to the distribution of wealth : An imperative of internal coherence in all editions of the El\u00e9ments<\/p>\n<h5>Conference Proceedings &#8211; Lyon 2002<\/h5>\n<p>&#8211; <a href=\"https:\/\/wp.unil.ch\/walras\/files\/2011\/03\/sommaire-cahier-ceras-3.pdf\">Table of contents<\/a><\/p>\n<p>&#8211; <a href=\"https:\/\/wp.unil.ch\/walras\/files\/2011\/03\/0.kirman.pdf\">Alan Kirman, Introduction<\/a><\/p>\n<p>&#8211; <a href=\"https:\/\/wp.unil.ch\/walras\/files\/2011\/03\/1.potier-walker.pdf\">Jean-Pierre Potier et Donald Walker, La correspondance entre Aline Walras et William Jaff\u00e9<\/a><\/p>\n<p>&#8211; Dominique Sagot-Duvauroux, Controverse sur le Monautopole : Jules Dupuit face au droit d&#8217;auteur<\/p>\n<p>&#8211; <a href=\"https:\/\/wp.unil.ch\/walras\/files\/2011\/03\/3.bauvert.pdf\">Joanna Bauvert, Monnaie et capital dans l&#8217;oeuvre de Walras<\/a><\/p>\n<p>&#8211; <a href=\"https:\/\/wp.unil.ch\/walras\/files\/2011\/03\/4.gimenez.pdf\">Sandrine Gimenez, Les structures de taux dans les \u00e9conomies \u00ab pure \u00bb et \u00ab appliqu\u00e9e \u00bb de Walras<\/a><\/p>\n<p>&#8211; <a href=\"https:\/\/wp.unil.ch\/walras\/files\/2011\/03\/5.montesano.pdf\">Aldo Montesano, A Restatement of Walras&#8217; Theories of Capitalization and Money<\/a><\/p>\n<p>&#8211; <a href=\"https:\/\/wp.unil.ch\/walras\/files\/2011\/03\/6.bourdeau.pdf\">Bourdeau Vincent, Cr\u00e9dit et d\u00e9mocratie chez L\u00e9on Walras (1860-1874)<\/a><\/p>\n<p>&#8211; Laure Chantrel et Beno\u00eet Pr\u00e9vost, L\u00e9on Walras, la concurrence et la r\u00e9mun\u00e9ration du travail selon la justice : une \u00e9quation impossible<\/p>\n<p>&#8211; Antoine Fr\u00e9javille, De l&#8217;\u00e9conomie pure \u00e0 l&#8217;\u00e9conomie appliqu\u00e9e M\u00e9canismes et comportements chez Walras<\/p>\n<p>&#8211; <a href=\"https:\/\/wp.unil.ch\/walras\/files\/2011\/03\/9.legris-ragni.pdf\">Andr\u00e9 Legris et Ludovic Ragni, La rationalit\u00e9 des acteurs \u00e9conomiques dans l&#8217;oeuvre de Pareto : enjeux et mise en ordre<\/a><\/p>\n<p>&#8211; J.A.H. Hans Maks, Gross Substitutes, Walras&#8217; &#8220;raret\u00e9&#8221; and the Stability of the Middle Class<\/p>\n<p>&#8211; Piet de Vries, Walrasian Equilibrium and Positive Transaction Cost<\/p>\n<p>&#8211; <a href=\"https:\/\/wp.unil.ch\/walras\/files\/2011\/03\/12.ege_.pdf\">Ragip Ege, La question de la science chez L\u00e9on Walras<\/a><\/p>\n<p>&#8211; Ludovic A. Julien et Fabrice Tricou, De Debreu \u00e0 Walras : La r\u00e9alisation de l&#8217;h\u00e9ritier \u00e0 la lumi\u00e8re du projet du fondateur<\/p>\n<p>&#8211; <a href=\"https:\/\/wp.unil.ch\/walras\/files\/2011\/03\/14.salvat.pdf\">Christophe Salvat, \u00abOn ne fait point d&#8217;industrie et de commerce entre ciel et terre\u00bb : Walras, lecteur de Quesnay<\/a><\/p>\n<p>&#8211; <a href=\"https:\/\/wp.unil.ch\/walras\/files\/2011\/03\/15.lallement.pdf\">J\u00e9r\u00f4me Lallement, Walras et les math\u00e9matiques, un malentendu persistant<\/a><\/p>\n<p>&#8211; <a href=\"https:\/\/wp.unil.ch\/walras\/files\/2011\/03\/16.diemer.pdf\">Arnaud Diemer, Economie Pure et Economie Appliqu\u00e9e Retour sur les origines de l&#8217;oeuvre de L\u00e9on Walras<\/a><\/p>\n<h5>Conference Proceedings &#8211; Nice 2004<\/h5>\n<p>&#8211;\u00a0 <a href=\"https:\/\/wp.unil.ch\/walras\/files\/2011\/03\/sommaire-du-hs-4.pdf\">Table of contents<\/a><\/p>\n<p>&#8211; <a href=\"https:\/\/wp.unil.ch\/walras\/files\/2011\/03\/01introduction.pdf\">Introduction<\/a><\/p>\n<p>&#8211; <a href=\"https:\/\/wp.unil.ch\/walras\/files\/2011\/03\/02gronewegen.pdf\">Peter Groenewegen, Notions of Competition and Organised Markets in Walras, Marshall and some of the Classical Economists<\/a><\/p>\n<p>&#8211; <a href=\"https:\/\/wp.unil.ch\/walras\/files\/2011\/03\/03baranzini.pdf\">Roberto Baranzini, La concurrence et le t\u00e2tonnement \u00e0 la lumi\u00e8re du r\u00e9alisme walrassien : une note sur les six premi\u00e8res sections des \u00c9l\u00e9ments<\/a><\/p>\n<p>&#8211; <a href=\"https:\/\/wp.unil.ch\/walras\/files\/2011\/03\/04beraud.pdf\">Alain B\u00e9raud, Le march\u00e9, les services publics et les monopoles<\/a><\/p>\n<p>&#8211; <a href=\"https:\/\/wp.unil.ch\/walras\/files\/2011\/03\/05bauvert.pdf\">Joanna Bauvert, Qu&#8217;est-ce qu&#8217;une banque d&#8217;apr\u00e8s Walras ? De l&#8217;\u00e9conomie appliqu\u00e9e \u00e0 l&#8217;\u00e9conomie pure<\/a><\/p>\n<p>&#8211; Kayoko Misaki, Walras&#8217;s organized free competition from a Hayekian perspective<\/p>\n<p>&#8211; <a href=\"https:\/\/wp.unil.ch\/walras\/files\/2011\/03\/07akhabbar-lallement.pdf\">Amanar Akhabbar et J\u00e9r\u00f4me Lallement, Des coefficients de fabrication de Walras aux coefficients techniques de Leontief : quelques remarques \u00e9pist\u00e9mologiques<\/a><\/p>\n<p>&#8211; <a href=\"https:\/\/wp.unil.ch\/walras\/files\/2011\/03\/08diemer.pdf\">Arnaud Diemer et J\u00e9r\u00f4me Lallement, De Auguste \u00e0 L\u00e9on Walras : Retour sur les origines du march\u00e9 et de la concurrence walrassiennes<\/a><\/p>\n<p>&#8211; <a href=\"https:\/\/wp.unil.ch\/walras\/files\/2011\/03\/09legris-ragni.pdf\">Andr\u00e9 Legris et Ludovic Ragni, Statut et usage m\u00e9thodologique des math\u00e9matiques dans les mod\u00e8les de concurrence chez Walras et Cournot : une tentative d&#8217;\u00e9claircissement<\/a><\/p>\n<p>&#8211; Benkemoune Rabah, L&#8217;influence de Gustave de Molinari sur L\u00e9on Walras<\/p>\n<p>&#8211; <a href=\"https:\/\/wp.unil.ch\/walras\/files\/2011\/03\/11ege.pdf\">Ragip Ege, Concurrence et justice chez Walras<\/a><\/p>\n<p>&#8211; <a href=\"https:\/\/wp.unil.ch\/walras\/files\/2011\/03\/12dockes.pdf\">Pierre Dock\u00e8s, L\u00e9on Walras et la conciliation des v\u00e9rit\u00e9s<\/a><\/p>\n<h5>Conference Proceedings &#8211; Lausanne 2006<\/h5>\n<p>&#8211; <a href=\"https:\/\/wp.unil.ch\/walras\/files\/2011\/03\/cahier-5.pdf\">Table of contents<\/a><\/p>\n<p>&#8211; <a href=\"https:\/\/wp.unil.ch\/walras\/files\/2011\/03\/0.introduction1.pdf\">Couverture<\/a><\/p>\n<p>&#8211; <a href=\"https:\/\/wp.unil.ch\/walras\/files\/2011\/03\/1.dockes.pdf\">Pierre Dock\u00e8s, Introduction &#8211; Lire Walras et les autres : une \u00ab note d&#8217;humeur \u00bb<\/a><\/p>\n<p>&#8211; <a href=\"https:\/\/wp.unil.ch\/walras\/files\/2011\/03\/2.diemer-guillemin.pdf\">Arnaud Diemer et Herv\u00e9 Guillemin, De la physique \u00e0 la science \u00e9conomique, nouveaux regards sur le statut scientifique des travaux walrassiens<\/a><\/p>\n<p>&#8211; <a href=\"https:\/\/wp.unil.ch\/walras\/files\/2011\/03\/3.bee_.pdf\">Michele Bee, Walras et Peguy : quand l&#8217;\u00e9conomie et la philosophie s&#8217;\u00e9coutent<\/a><\/p>\n<p>&#8211; <a href=\"https:\/\/wp.unil.ch\/walras\/files\/2011\/03\/4.kartechevsky-pouchol.pdf\">Andr\u00e9e Kartchevsky et Marlyse Pouchol, Le r\u00f4le du th\u00e9oricien et le statut de la th\u00e9orie chez Walras et Schumpeter<\/a><\/p>\n<p>&#8211; <a href=\"https:\/\/wp.unil.ch\/walras\/files\/2011\/03\/5.legris-ragni.pdf\">Andr\u00e9 Legris et Ludovic Ragni, Le statut conceptuel du libre \u00e9change chez Walras et chez Pareto : Un point de vue comparatif<\/a><\/p>\n<p>&#8211; <a href=\"https:\/\/wp.unil.ch\/walras\/files\/2011\/03\/6.bauvert.pdf\">Joanna Bauvert, La th\u00e9orie pure de L\u00e9on Walras : \u00e9conomie r\u00e9elle ou \u00e9conomie mon\u00e9taire ?<\/a><\/p>\n<p>&#8211; <a href=\"https:\/\/wp.unil.ch\/walras\/files\/2011\/03\/7.walker.pdf\">Donald Walker, Non virtualit\u00e9 et virtualit\u00e9 dans les mod\u00e8les de l&#8217;\u00e9quilibre \u00e9conomique g\u00e9n\u00e9ral<\/a><\/p>\n<p>&#8211; <a href=\"https:\/\/wp.unil.ch\/walras\/files\/2011\/03\/8.lallement-amanar.pdf\">Amanar Akhabbar et J\u00e9r\u00f4me Lallement, Appliquer la th\u00e9orie \u00e9conomique de l&#8217;\u00e9quilibre g\u00e9n\u00e9ral : \u00e9conomie appliqu\u00e9e et politique \u00e9conomique de Walras \u00e0 Leontief<\/a><\/p>\n<p>&#8211; <a href=\"https:\/\/wp.unil.ch\/walras\/files\/2011\/03\/9.beraud.pdf\">Alain B\u00e9raud, Walras et les ing\u00e9nieurs \u00e9conomistes fran\u00e7ais : des \u00e9l\u00e9ments d&#8217;\u00e9conomie politique Pure ou Trait\u00e9 d&#8217;\u00e9conomie pure<\/a><\/p>\n<p>&#8211; Richard Ar\u00e9na, Sraffa sans Walras ?<\/p>\n<p>&#8211; Annie L. Cot, General equilibrium theory as a boundary object within American social sciences : the \u00ab Harvard Pareto Circle \u00bb<\/p>\n<p>&#8211; <a href=\"https:\/\/wp.unil.ch\/walras\/files\/2011\/03\/12.dos-santos.pdf\">Rodolphe Dos Santos Ferreira, La filiation Cournot-Walras<\/a><\/p>\n<p>&#8211; <a href=\"https:\/\/wp.unil.ch\/walras\/files\/2011\/03\/13.donzelli.pdf\">Franco Donzelli, Marshall vs. Walras on Equilibrium and Disequilibrium<\/a><\/p>\n","protected":false},"excerpt":{"rendered":"<p>You can download here most of the papers from the proceedings of the five first conferences of the International Walras Association, which were first published as special issues of the Cahiers du Ceras. Copyright on all texts belong to their<\/p>\n","protected":false},"author":195,"featured_media":0,"parent":45,"menu_order":0,"comment_status":"closed","ping_status":"closed","template":"","meta":{"_seopress_robots_primary_cat":"","_seopress_titles_title":"","_seopress_titles_desc":"","_seopress_robots_index":"","footnotes":""},"class_list":["post-49","page","type-page","status-publish"],"_links":{"self":[{"href":"https:\/\/wp.unil.ch\/walras\/wp-json\/wp\/v2\/pages\/49","targetHints":{"allow":["GET"]}}],"collection":[{"href":"https:\/\/wp.unil.ch\/walras\/wp-json\/wp\/v2\/pages"}],"about":[{"href":"https:\/\/wp.unil.ch\/walras\/wp-json\/wp\/v2\/types\/page"}],"author":[{"embeddable":true,"href":"https:\/\/wp.unil.ch\/walras\/wp-json\/wp\/v2\/users\/195"}],"replies":[{"embeddable":true,"href":"https:\/\/wp.unil.ch\/walras\/wp-json\/wp\/v2\/comments?post=49"}],"version-history":[{"count":0,"href":"https:\/\/wp.unil.ch\/walras\/wp-json\/wp\/v2\/pages\/49\/revisions"}],"up":[{"embeddable":true,"href":"https:\/\/wp.unil.ch\/walras\/wp-json\/wp\/v2\/pages\/45"}],"wp:attachment":[{"href":"https:\/\/wp.unil.ch\/walras\/wp-json\/wp\/v2\/media?parent=49"}],"curies":[{"name":"wp","href":"https:\/\/api.w.org\/{rel}","templated":true}]}}