{"id":17,"date":"2011-03-29T22:35:22","date_gmt":"2011-03-29T20:35:22","guid":{"rendered":"http:\/\/wp.unil.ch\/walras\/?page_id=17"},"modified":"2016-03-25T10:37:12","modified_gmt":"2016-03-25T09:37:12","slug":"members","status":"publish","type":"page","link":"https:\/\/wp.unil.ch\/walras\/the-association\/members\/","title":{"rendered":"Members"},"content":{"rendered":"<p>Amanar Akhabbar, Pr. Asst., ESSCA Ecole de Management, Angers-Paris-Budapest-Shanghai.<\/p>\n<p>Alain Alcouffe, Pr. Em\u00e9rite, Universit\u00e9 de Toulouse, Toulouse, France.<\/p>\n<p>Fran\u00e7ois Allisson, Dr., Ma\u00eetre assistant, Universit\u00e9 de Lausanne, Lausanne, Suisse.<\/p>\n<p>Roberto Baranzini, Pr. Asc\u00e9., Universit\u00e9 de Lausanne, Lausanne, Suisse.<\/p>\n<p>Alain B\u00e9raud, Pr. Em\u00e9rite, Universit\u00e9 Cergy-Pontoise, France.<\/p>\n<p>Pascal Bridel, Pr. Em\u00e9rite, Universit\u00e9 de Lausanne, Lausanne, Suisse.<\/p>\n<p>Annie L. Cot, Pr., Universit\u00e9 Paris 1 Panth\u00e9on-Sorbonne, Paris, France.<\/p>\n<p>Hicham Hachem, chercheur \u2013 Universit\u00e9 de Picardie, France &amp; \u00e9conomiste, Conseil du D\u00e9veloppement et de la reconstruction, Beyrouth, Liban.<\/p>\n<p>James Edward Johnston, chercheur \u2013 Universit\u00e9 de Franche-Comt\u00e9, Besan\u00e7on, France.<\/p>\n<p>Antoine Missemer, charg\u00e9 de recherche, CNRS, CIRED, Paris, France.<\/p>\n<p><span lang=\"en-US\">Kayoko Misaki, Pr., Shiga University, Shiga, Japon.<\/span><\/p>\n<p>J\u00e9r\u00f4me Lallement, Pr., Universit\u00e9 Paris Descartes, Paris, France.<\/p>\n<p>Thomas M\u00fcller, Dr., Universit\u00e9 de Lausanne, Lausanne, Suisse.<\/p>\n<p>Jean-Pierre Potier, Pr. Em\u00e9rite, Universit\u00e9 Lyon 2, Lyon, France.<\/p>\n<p><span lang=\"en-US\">Donald Walker, Pr. Em\u00e9rite, <\/span><span lang=\"en-US\">Indiana <\/span><span lang=\"en-US\">University<\/span><span lang=\"en-US\"> of <\/span><span lang=\"en-US\">Pennsylvania<\/span><\/p>\n","protected":false},"excerpt":{"rendered":"<p>Amanar Akhabbar, Pr. Asst., ESSCA Ecole de Management, Angers-Paris-Budapest-Shanghai. Alain Alcouffe, Pr. Em\u00e9rite, Universit\u00e9 de Toulouse, Toulouse, France. Fran\u00e7ois Allisson, Dr., Ma\u00eetre assistant, Universit\u00e9 de Lausanne, Lausanne, Suisse. Roberto Baranzini, Pr. Asc\u00e9., Universit\u00e9 de Lausanne, Lausanne, Suisse. Alain B\u00e9raud, Pr.<\/p>\n","protected":false},"author":195,"featured_media":0,"parent":8,"menu_order":0,"comment_status":"closed","ping_status":"closed","template":"","meta":{"_seopress_robots_primary_cat":"","_seopress_titles_title":"","_seopress_titles_desc":"","_seopress_robots_index":"","footnotes":""},"class_list":["post-17","page","type-page","status-publish"],"_links":{"self":[{"href":"https:\/\/wp.unil.ch\/walras\/wp-json\/wp\/v2\/pages\/17","targetHints":{"allow":["GET"]}}],"collection":[{"href":"https:\/\/wp.unil.ch\/walras\/wp-json\/wp\/v2\/pages"}],"about":[{"href":"https:\/\/wp.unil.ch\/walras\/wp-json\/wp\/v2\/types\/page"}],"author":[{"embeddable":true,"href":"https:\/\/wp.unil.ch\/walras\/wp-json\/wp\/v2\/users\/195"}],"replies":[{"embeddable":true,"href":"https:\/\/wp.unil.ch\/walras\/wp-json\/wp\/v2\/comments?post=17"}],"version-history":[{"count":0,"href":"https:\/\/wp.unil.ch\/walras\/wp-json\/wp\/v2\/pages\/17\/revisions"}],"up":[{"embeddable":true,"href":"https:\/\/wp.unil.ch\/walras\/wp-json\/wp\/v2\/pages\/8"}],"wp:attachment":[{"href":"https:\/\/wp.unil.ch\/walras\/wp-json\/wp\/v2\/media?parent=17"}],"curies":[{"name":"wp","href":"https:\/\/api.w.org\/{rel}","templated":true}]}}