{"id":15,"date":"2011-03-29T22:34:52","date_gmt":"2011-03-29T20:34:52","guid":{"rendered":"http:\/\/wp.unil.ch\/walras\/?page_id=15"},"modified":"2023-08-03T16:12:49","modified_gmt":"2023-08-03T14:12:49","slug":"comittee","status":"publish","type":"page","link":"https:\/\/wp.unil.ch\/walras\/the-association\/comittee\/","title":{"rendered":"Committee"},"content":{"rendered":"<p>In accordance with article 4 of the International Walras Association statutes, the members have elected for the committee:<\/p>\n<p align=\"center\"><strong>Committee 2019-2024<\/strong><\/p>\n<p align=\"center\"><strong>Fran\u00e7ois Allisson<\/strong> (Universit\u00e9 de Lausanne), president<\/p>\n<p align=\"center\"><strong>Roberto Baranzini<\/strong> (Universit\u00e9 de Lausanne), co-president<\/p>\n<p align=\"center\"><strong>Kayoko Misaki<\/strong> (Shiga Unversity), co-president<\/p>\n<p align=\"center\"><strong>Thomas Mueller<\/strong> (Universit\u00e9 Paris 8), secretary-treasurer<\/p>\n<p align=\"center\"><strong>Jean-Pierre Potier<\/strong> (Universit\u00e9 de Lyon 2), member<\/p>\n<p align=\"center\"><strong>Pascal Bridel<\/strong> (Universit\u00e9 de Lausanne), member<\/p>\n<p align=\"center\"><strong>Alain Alcouffe<\/strong> (Universit\u00e9 de Toulouse 1), member<\/p>\n<p>.<\/p>\n<p align=\"center\"><strong>Former presidents of the Association<\/strong><\/p>\n<p align=\"center\">Donald Walker (1997-2000)<\/p>\n<p align=\"center\">Jan van Daal (2000-2002)<\/p>\n<p align=\"center\">Claude Mouchot (2002-2004)<\/p>\n<p align=\"center\">Richard Arena (2004-2006)<\/p>\n<p align=\"center\">Roberto Baranzini (2006-2008)<\/p>\n<p align=\"center\">Kayoko Misaki (2008-2010)<\/p>\n<p align=\"center\">Pascal Bridel and Jean-Pierre Potier (2010-2012)<\/p>\n<p align=\"center\">Alain Alcouffe (2012-2015)<\/p>\n<p align=\"center\">Annie L. Cot and J\u00e9r\u00f4me Lallement (2015-2019)<\/p>\n<p>.<\/p>\n<p align=\"center\"><strong>Association internationale Walras (aiw)<\/strong> &#8211; <a href=\"mailto:walras@unil.ch\">walras@unil.ch<\/a><\/p>\n","protected":false},"excerpt":{"rendered":"<p>In accordance with article 4 of the International Walras Association statutes, the members have elected for the committee: Committee 2019-2024 Fran\u00e7ois Allisson (Universit\u00e9 de Lausanne), president Roberto Baranzini (Universit\u00e9 de Lausanne), co-president Kayoko Misaki (Shiga Unversity), co-president Thomas Mueller (Universit\u00e9<\/p>\n","protected":false},"author":195,"featured_media":0,"parent":8,"menu_order":0,"comment_status":"closed","ping_status":"closed","template":"","meta":{"_seopress_robots_primary_cat":"","_seopress_titles_title":"","_seopress_titles_desc":"","_seopress_robots_index":"","footnotes":""},"class_list":["post-15","page","type-page","status-publish"],"_links":{"self":[{"href":"https:\/\/wp.unil.ch\/walras\/wp-json\/wp\/v2\/pages\/15","targetHints":{"allow":["GET"]}}],"collection":[{"href":"https:\/\/wp.unil.ch\/walras\/wp-json\/wp\/v2\/pages"}],"about":[{"href":"https:\/\/wp.unil.ch\/walras\/wp-json\/wp\/v2\/types\/page"}],"author":[{"embeddable":true,"href":"https:\/\/wp.unil.ch\/walras\/wp-json\/wp\/v2\/users\/195"}],"replies":[{"embeddable":true,"href":"https:\/\/wp.unil.ch\/walras\/wp-json\/wp\/v2\/comments?post=15"}],"version-history":[{"count":0,"href":"https:\/\/wp.unil.ch\/walras\/wp-json\/wp\/v2\/pages\/15\/revisions"}],"up":[{"embeddable":true,"href":"https:\/\/wp.unil.ch\/walras\/wp-json\/wp\/v2\/pages\/8"}],"wp:attachment":[{"href":"https:\/\/wp.unil.ch\/walras\/wp-json\/wp\/v2\/media?parent=15"}],"curies":[{"name":"wp","href":"https:\/\/api.w.org\/{rel}","templated":true}]}}