{"id":1304,"date":"2026-02-25T14:04:23","date_gmt":"2026-02-25T13:04:23","guid":{"rendered":"https:\/\/wp.unil.ch\/vonaeschlab\/?page_id=1304"},"modified":"2026-03-30T23:29:49","modified_gmt":"2026-03-30T21:29:49","slug":"nutribiome-cohorte-mere-enfant-a-lausanne","status":"publish","type":"page","link":"https:\/\/wp.unil.ch\/vonaeschlab\/nutribiome-cohorte-mere-enfant-a-lausanne\/","title":{"rendered":"NutriBiome- Cohorte m\u00e8re-enfant \u00e0 Lausanne"},"content":{"rendered":"\n<p><strong>Envie de contribuer \u00e0 am\u00e9liorer la sant\u00e9 des b\u00e9b\u00e9s et des mamans&nbsp;?&nbsp;<\/strong><\/p>\n\n\n\n<p><strong>Nous recrutons des participantes pour notre \u00e9tude&nbsp;NutriBiome!<\/strong><\/p>\n\n\n\n<figure class=\"wp-block-embed is-type-video is-provider-youtube wp-block-embed-youtube wp-embed-aspect-16-9 wp-has-aspect-ratio\"><div class=\"wp-block-embed__wrapper\">\n<iframe loading=\"lazy\" title=\"NutriBiome\" width=\"580\" height=\"326\" src=\"https:\/\/www.youtube.com\/embed\/kNtKr9WiO58?feature=oembed\" frameborder=\"0\" allow=\"accelerometer; autoplay; clipboard-write; encrypted-media; gyroscope; picture-in-picture; web-share\" referrerpolicy=\"strict-origin-when-cross-origin\" allowfullscreen><\/iframe>\n<\/div><\/figure>\n\n\n\n<p><strong>Quel est l\u2019objectif de l\u2019\u00e9tude&nbsp;:<\/strong><\/p>\n\n\n\n<p>Nous \u00e9tudions le lien entre le microbiote vaginal et la grossesse pour rep\u00e9rer plus t\u00f4t les personnes qui pourraient avoir un risque plus \u00e9lev\u00e9 de complications pendant la grossesse ou d\u2019attraper une infection sexuellement transmissible..&nbsp;<\/p>\n\n\n\n<p>Par ailleurs, une meilleure compr\u00e9hension du r\u00f4le du microbiote intestinal contribuerait \u00e0 \u00e9clairer l\u2019influence des facteurs p\u00e9rinataux sur son d\u00e9veloppement, et \u00e0 mieux anticiper les cons\u00e9quences potentielles \u00e0 long terme sur la sant\u00e9.<\/p>\n\n\n\n<p><strong>Pourquoi cette \u00e9tude&nbsp;?&nbsp;<\/strong><\/p>\n\n\n\n<p>Le microbiote vaginal et intestinal, abritent des trillions de micro-organismes, principalement des bact\u00e9ries, qui contribuent \u00e0 notre bien-\u00eatre. Ces micro-organismes, exercent des fonctions sp\u00e9cifiques selon leur localisation dans et sur notre corps. Par exemple, dans le c\u00f4lon, ils sont responsables de d\u00e9composer et d\u2019absorber les glucides complexes alors que dans le vagin, ils prot\u00e8gent notamment contre de potentiels probl\u00e8mes li\u00e9s \u00e0 la grossesse comme l\u2019accouchement pr\u00e9matur\u00e9.&nbsp;<\/p>\n\n\n\n<p>Le microbiote intestinal se compose \u00e0 la naissance, h\u00e9rit\u00e9 en partie par la m\u00e8re (par son propre microbiote intestinal et vaginal). Il se d\u00e9veloppe dans les premi\u00e8res ann\u00e9es de vie et d\u00e9pend de l\u2019environnement (autres contacts, environnement plus large, allaitement, \u2026). Le microbiote est influenc\u00e9 par diff\u00e9rents facteurs, comme la grossesse et l\u2019accouchement, mais aussi notre alimentation. On parle alors de statut nutritionnel, qu\u2019on mesure avec l\u2019index de masse corporelle (IMC). \u00c0 ce jour, l\u2019impact de l\u2019IMC maternel sur l\u2019\u00e9volution du microbiote de leur b\u00e9b\u00e9 ainsi que sur leur propre microbiote vaginal reste encore mal compris.<\/p>\n\n\n\n<p><strong>Comment pouvez-vous aider ?<\/strong><\/p>\n\n\n\n<p>En participant \u00e0 cette \u00e9tude vous contribuerez au domaine de la recherche acad\u00e9mique sur le microbiome. Vous ne serez pas r\u00e9mun\u00e9r\u00e9 pour votre participation, mais votre aide contribuera directement \u00e0 la d\u00e9couverte de nouvelles th\u00e9rapies pour des maladies de l\u2019intestin li\u00e9es au microbiote ainsi qu\u2019\u00e0 la sant\u00e9 des femmes.<\/p>\n\n\n\n<p><strong>Quels sont les crit\u00e8res pour participer&nbsp;?&nbsp;<\/strong><\/p>\n\n\n\n<ul class=\"wp-block-list\">\n<li>Avoir 18 ans<\/li>\n\n\n\n<li>\u00catre enceinte, sans complications, d\u2019un seul enfant et \u00eatre suivie au CHUV\u00a0<\/li>\n\n\n\n<li>Donner votre consentement volontaire pour participer<\/li>\n\n\n\n<li>D\u2019autres crit\u00e8res sp\u00e9cifiques vous seront communiqu\u00e9s par votre m\u00e9decin\/sage-femme<\/li>\n<\/ul>\n\n\n\n<p><strong>Comment \u00e7a se passe&nbsp;?<\/strong><\/p>\n\n\n\n<p>Pour \u00e9tudier la composition et la transmission du microbiote, nous avons besoin d\u2019\u00e9chantillons de salive, de selles et du vagin lors du troisi\u00e8me trimestre de votre grossesse et ensuite de vous et de votre enfant \u00e0 4 reprises jusqu\u2019\u00e0 son premier anniversaire.<\/p>\n\n\n\n<p>Des \u00e9chantillons seront collect\u00e9s lors de votre inclusion et apr\u00e8s l\u2019accouchement \u00e0 l\u2019h\u00f4pital, ou vous remplissez aussi un questionnaire.<\/p>\n\n\n\n<p>Vous collectez vous-m\u00eames des \u00e9chantillons de vous et de votre enfant par la suite \u00e0 trois reprises (3, 6, 12 mois apr\u00e8s l\u2019accouchement et les envoyez par la poste aux responsables de l\u2019\u00e9tude.<\/p>\n\n\n\n<p>Vous remplissez \u00e0 3, 6 et 12 mois un questionnaire en ligne.<\/p>\n\n\n\n<p>Des kits de pr\u00e9l\u00e8vement contenant tout le mat\u00e9riel n\u00e9cessaire ainsi que des enveloppes pr\u00e9timbr\u00e9es pour le retour vous seront fournis.<\/p>\n\n\n\n<p>Vous serez d&#8217;ailleurs remerci\u00e9 de vos efforts avec une somme maximale de 100 CHF pour l&#8217;\u00e9tude enti\u00e8re.<\/p>\n\n\n\n<p><strong>Comment participer&nbsp;?<\/strong><\/p>\n\n\n\n<p>Contactez-nous au 079&nbsp;556 20 19<\/p>\n\n\n\n<p><strong>Qui m\u00e8ne cette \u00e9tude&nbsp;?<\/strong><\/p>\n\n\n\n<p>L\u2019\u00e9tude est une collaboration entre le D\u00e9partement femme-m\u00e8re-enfant du Centre Hospitalo-Universitaire Vaudois (CHUV; Prof. David Baud et Dr. Milos Stojanov) et le groupe de recherche sur le microbiote humain de l\u2019Universit\u00e9 de Lausanne (Prof. Pascale Vonaesch et Dr. Jeanne Tamarelle).<\/p>\n\n\n\n<p><strong>Financement de l\u2019\u00e9tude<\/strong><\/p>\n\n\n\n<p>Cette \u00e9tude est financ\u00e9e par la Facult\u00e9 de Biologie et M\u00e9dicine de l\u2019Universit\u00e9 de Lausanne.<\/p>\n\n\n\n<p><strong>Summary of the NutriBiome study (voir ci-dessus pour une description plus d\u00e9taill\u00e9e en fran\u00e7ais)<\/strong><\/p>\n\n\n\n<p>The NutriBiome project is conducted through a collaboration between the Woman-mother-child department of the University Hospital of Lausanne (Dr. Milos Stojanov, Prof. David Baud) and researchers from the University of Lausanne (Prof. Pascale Vonaesch, Dr. Jeanne Tamarelle). The project aims to explore the vaginal and fecal microbiota of mothers of different nutritional states (either normal weight or overweight) and their babies during the first year of life. The vaginal and fecal microbiota play essential roles in maintaining health. For example, gut bacteria help break down and absorb complex carbohydrates, while vaginal bacteria help prevent adverse pregnancy outcomes such as premature birth.<\/p>\n\n\n\n<p>The gut microbiota begins developing at birth. It is partly inherited from the mother (through her intestinal and vaginal microbiota, vertical transmission) and continues to develop during early life through environmental exposure, breastfeeding, and contact with others (horizontal transmission). The microbiota is influenced by various factors, including pregnancy, childbirth, and nutritional status, which is commonly measured using Body Mass Index (BMI). However, the impact of maternal BMI on both the baby\u2019s developing microbiota and the mother\u2019s vaginal microbiota is still not well understood.<\/p>\n\n\n\n<p>Improving knowledge about vaginal microbiota dynamics could help identify individuals at higher risk of adverse pregnancy outcomes and sexually transmitted infections. Likewise, a better understanding of the development of the infant gut microbiota could clarify how perinatal factors influence long-term health outcomes.<\/p>\n\n\n\n<p>The project is currently actively recruiting interested mother-child pairs to participate to the study. Please note that you need to understand and speak french to be eligible to participate to the study and plan to give birth at the CHUV Hospital in Lausanne.<\/p>\n\n\n\n<p><strong>Funding<\/strong><\/p>\n\n\n\n<figure class=\"wp-block-image size-large is-resized\"><img alt=\"\" loading=\"lazy\" decoding=\"async\" width=\"1024\" height=\"362\" src=\"https:\/\/wp.unil.ch\/vonaeschlab\/files\/2024\/09\/logo_UNIL-1024x362.png\" alt=\"\" class=\"wp-image-1047\" style=\"aspect-ratio:2.8287541283114326;width:130px;height:auto\" srcset=\"https:\/\/wp.unil.ch\/vonaeschlab\/files\/2024\/09\/logo_UNIL-1024x362.png 1024w, https:\/\/wp.unil.ch\/vonaeschlab\/files\/2024\/09\/logo_UNIL-300x106.png 300w, https:\/\/wp.unil.ch\/vonaeschlab\/files\/2024\/09\/logo_UNIL-768x272.png 768w, https:\/\/wp.unil.ch\/vonaeschlab\/files\/2024\/09\/logo_UNIL-540x191.png 540w, https:\/\/wp.unil.ch\/vonaeschlab\/files\/2024\/09\/logo_UNIL-1080x382.png 1080w, https:\/\/wp.unil.ch\/vonaeschlab\/files\/2024\/09\/logo_UNIL.png 1280w\" sizes=\"auto, (max-width: 1024px) 100vw, 1024px\" \/><\/figure>\n\n\n\n<hr class=\"wp-block-separator has-alpha-channel-opacity\" \/>\n\n\n\n<p><a id=\"_msocom_1\"><\/a><\/p>\n\n\n\n<figure class=\"wp-block-gallery has-nested-images columns-default is-cropped wp-block-gallery-1 is-layout-flex wp-block-gallery-is-layout-flex\">\n<figure class=\"wp-block-image size-large\"><img loading=\"lazy\" decoding=\"async\" width=\"724\" height=\"1024\" data-id=\"1355\" src=\"https:\/\/wp.unil.ch\/vonaeschlab\/files\/2026\/03\/flyer-nb-recto-724x1024.jpg\" alt=\"flyer nb recto\" class=\"wp-image-1355\" srcset=\"https:\/\/wp.unil.ch\/vonaeschlab\/files\/2026\/03\/flyer-nb-recto-724x1024.jpg 724w, https:\/\/wp.unil.ch\/vonaeschlab\/files\/2026\/03\/flyer-nb-recto-212x300.jpg 212w, https:\/\/wp.unil.ch\/vonaeschlab\/files\/2026\/03\/flyer-nb-recto-768x1087.jpg 768w, https:\/\/wp.unil.ch\/vonaeschlab\/files\/2026\/03\/flyer-nb-recto-540x764.jpg 540w, https:\/\/wp.unil.ch\/vonaeschlab\/files\/2026\/03\/flyer-nb-recto.jpg 848w\" sizes=\"auto, (max-width: 724px) 100vw, 724px\" \/><\/figure>\n\n\n\n<figure class=\"wp-block-image size-large\"><img loading=\"lazy\" decoding=\"async\" width=\"724\" height=\"1024\" data-id=\"1356\" src=\"https:\/\/wp.unil.ch\/vonaeschlab\/files\/2026\/03\/flyer-nb-verso-724x1024.jpg\" alt=\"flyer nb verso\" class=\"wp-image-1356\" srcset=\"https:\/\/wp.unil.ch\/vonaeschlab\/files\/2026\/03\/flyer-nb-verso-724x1024.jpg 724w, https:\/\/wp.unil.ch\/vonaeschlab\/files\/2026\/03\/flyer-nb-verso-212x300.jpg 212w, https:\/\/wp.unil.ch\/vonaeschlab\/files\/2026\/03\/flyer-nb-verso-768x1087.jpg 768w, https:\/\/wp.unil.ch\/vonaeschlab\/files\/2026\/03\/flyer-nb-verso-540x764.jpg 540w, https:\/\/wp.unil.ch\/vonaeschlab\/files\/2026\/03\/flyer-nb-verso.jpg 848w\" sizes=\"auto, (max-width: 724px) 100vw, 724px\" \/><\/figure>\n<\/figure>\n\n\n\n<p><\/p>\n","protected":false},"excerpt":{"rendered":"<p>Envie de contribuer \u00e0 am\u00e9liorer la sant\u00e9 des b\u00e9b\u00e9s et des mamans&nbsp;?&nbsp; Nous recrutons des participantes pour notre \u00e9tude&nbsp;NutriBiome! Quel est l\u2019objectif de l\u2019\u00e9tude&nbsp;: Nous \u00e9tudions le lien&hellip;<\/p>\n","protected":false},"author":1002395,"featured_media":1339,"parent":0,"menu_order":0,"comment_status":"open","ping_status":"closed","template":"template-cover.php","meta":{"_seopress_robots_primary_cat":"","_seopress_titles_title":"","_seopress_titles_desc":"","_seopress_robots_index":"","footnotes":""},"class_list":["post-1304","page","type-page","status-publish","has-post-thumbnail"],"_links":{"self":[{"href":"https:\/\/wp.unil.ch\/vonaeschlab\/wp-json\/wp\/v2\/pages\/1304","targetHints":{"allow":["GET"]}}],"collection":[{"href":"https:\/\/wp.unil.ch\/vonaeschlab\/wp-json\/wp\/v2\/pages"}],"about":[{"href":"https:\/\/wp.unil.ch\/vonaeschlab\/wp-json\/wp\/v2\/types\/page"}],"author":[{"embeddable":true,"href":"https:\/\/wp.unil.ch\/vonaeschlab\/wp-json\/wp\/v2\/users\/1002395"}],"replies":[{"embeddable":true,"href":"https:\/\/wp.unil.ch\/vonaeschlab\/wp-json\/wp\/v2\/comments?post=1304"}],"version-history":[{"count":4,"href":"https:\/\/wp.unil.ch\/vonaeschlab\/wp-json\/wp\/v2\/pages\/1304\/revisions"}],"predecessor-version":[{"id":1357,"href":"https:\/\/wp.unil.ch\/vonaeschlab\/wp-json\/wp\/v2\/pages\/1304\/revisions\/1357"}],"wp:featuredmedia":[{"embeddable":true,"href":"https:\/\/wp.unil.ch\/vonaeschlab\/wp-json\/wp\/v2\/media\/1339"}],"wp:attachment":[{"href":"https:\/\/wp.unil.ch\/vonaeschlab\/wp-json\/wp\/v2\/media?parent=1304"}],"curies":[{"name":"wp","href":"https:\/\/api.w.org\/{rel}","templated":true}]}}