{"id":238,"date":"2020-04-18T11:52:02","date_gmt":"2020-04-18T09:52:02","guid":{"rendered":"http:\/\/wp.unil.ch\/vjesticalab\/?page_id=238"},"modified":"2023-08-03T15:23:05","modified_gmt":"2023-08-03T13:23:05","slug":"team","status":"publish","type":"page","link":"https:\/\/wp.unil.ch\/vjesticalab\/team\/","title":{"rendered":"Team"},"content":{"rendered":"<div class=\"entry-sections\" style=\"background-color: #dadada;overflow: auto\"><img alt=\"\" loading=\"lazy\" decoding=\"async\" class=\"size-medium wp-image-607\" src=\"https:\/\/wp.unil.ch\/vjesticalab\/files\/2023\/07\/20230703-Lab.jpg\" alt=\"\" width=\"585\" height=\"439\"><br \/>\nFor information regarding recruitment and internships please click <a href=\"https:\/\/wp.unil.ch\/vjesticalab\/team\/recruitment\/\">here<\/a>.<\/div>\n<div class=\"entry-sections\" style=\"background-color: #dadada;overflow: auto\">\n<div class=\"verticalL70\">\n<p style=\"color: #01669a;font-size: 19px;line-height: 1\"><strong>Prof. Aleksandar Vje\u0161tica<\/strong><\/p>\n<p>After undergraduate studies at University of Belgrade in Serbia, Aleksandar obtained a PhD from the National University of Singapore under mentorship of Snezhana Oliferenko. He then moved to Sophie Martin\u2019s group where he discovered how fungal zygotes prevent re-fertilization. Currently he is an Assistant Professor at the University of Lausanne in Switzerland and continues to study the mechanisms of zygotic specification and development.<\/p>\n<p style=\"text-align: right\">\u2706 +41 21 692 41 40<br \/>\n@ Aleksandar.Vjestica[at]unil.ch<\/p>\n<\/div>\n<div class=\"verticalR30\"><img alt=\"\" loading=\"lazy\" decoding=\"async\" class=\"size-medium wp-image-607\" src=\"https:\/\/wp.unil.ch\/vjesticalab\/files\/2021\/06\/20210601-Aleks.jpg\" alt=\"\" width=\"300\" height=\"300\"><\/div>\n<p style=\"clear: right\">\n<\/div>\n<div class=\"sub-title-sections\">\n<p style=\"text-align: center;color: #FFFFFF;font-size: 30px;line-height: 1\"><strong>Current members <\/strong><\/p>\n<\/div>\n<div class=\"entry-sections\" style=\"background-color: #dadada;overflow: auto\">\n<div class=\"verticalL30\"><img alt=\"\" loading=\"lazy\" decoding=\"async\" class=\"size-medium wp-image-607\" src=\"https:\/\/wp.unil.ch\/vjesticalab\/files\/2021\/06\/20210601-Claudia.jpg\" alt=\"\" width=\"300\" height=\"300\"><\/div>\n<p style=\"clear: right\">\n<div class=\"verticalR70\">\n<p style=\"color: #01669a;font-size: 19px;line-height: 1\"><strong>Dr Claudia Salat Canela<\/strong><\/p>\n<p>Cl\u00e0udia obtained a bachelor diploma in Biotechnology at URV, Tarragona and a master\u2019s degree in Biomedical Research from UPF, Barcelona. She joined Elena Hidalgo and Jos\u00e9 Ayt\u00e9\u2019s groups for her doctoral studies, where she focused on the role of MAP kinases in regulating transcription and cell polarity upon stress in fission yeast. Currently, as a post-doctoral researcher, she is interested in the molecular mechanisms driving zygotic fate in fission yeast, with a particular interest in RNA-binding proteins and membrane-less organelles.<\/p>\n<p style=\"text-align: right\">\u2706 +41 21 692 41 41<br \/>\n@ claudia.salatcanela[at]unil.ch<\/p>\n<\/div>\n<\/div>\n<div class=\"entry-sections\" style=\"background-color: #dadada;overflow: auto\">\n<div class=\"verticalL70\">\n<p style=\"color: #01669a;font-size: 19px;line-height: 1\"><strong>Dr Celso Martins <\/strong><\/p>\n<p>Celso Martins received his bachelor and master degrees in Biology and Microbiology at the University of Aveiro, Portugal. He then obtained a PhD in Cristina Silva Pereira\u2019s lab at ITQB NOVA studying the impacts pollutants exert on fungal communities. Celso joined the lab to study how re\u2011fertilization blocks affect the adaptive fitness in fungi.<\/p>\n<p style=\"text-align: right\">\u2706 +41 21 692 41 41<br \/>\n@ celso.martins[at]unil.ch<\/p>\n<\/div>\n<div class=\"verticalR30\"><img alt=\"\" loading=\"lazy\" decoding=\"async\" class=\"size-medium wp-image-607\" src=\"https:\/\/wp.unil.ch\/vjesticalab\/files\/2021\/06\/20210601-Celso.jpg\" alt=\"\" width=\"300\" height=\"300\"><\/div>\n<p style=\"clear: right\">\n<\/div>\n<div class=\"entry-sections\" style=\"background-color: #dadada;overflow: auto\">\n<div class=\"verticalL30\"><img alt=\"\" loading=\"lazy\" decoding=\"async\" class=\"size-medium wp-image-607\" src=\"https:\/\/wp.unil.ch\/vjesticalab\/files\/2021\/06\/20210601-Ayo.jpg\" alt=\"\" width=\"300\" height=\"300\"><\/div>\n<p style=\"clear: right\">\n<div class=\"verticalR70\">\n<p style=\"color: #01669a;font-size: 19px;line-height: 1\"><strong>Ayokunle Araoyinbo<\/strong><\/p>\n<p>Following his B.Sc in Microbiology at Adekunle Ajasin University in Nigeria, Ayo obtained his Masters at Leeds Beckett University, UK.  His initial work focused on functional and molecular characterisation of the adenosine nucleotide transporters in budding yeast. Ayo then became CBMnet fellow and worked on developing yeast strains to metabolise distillery waste. He joined the Vjestica\u2019s group to study how molecular signaling drives zygotic specification in fission yeast.<\/p>\n<p style=\"text-align: right\">\u2706 +41 21 692 41 41<br \/>\n@ ayokunleoluwaseun.araoyinbo[at]unil.ch<\/p>\n<\/div>\n<\/div>\n<div class=\"entry-sections\" style=\"background-color: #dadada;overflow: auto\">\n<div class=\"verticalL70\">\n<p style=\"color: #01669a;font-size: 19px;line-height: 1\"><strong>An\u0111ela Bran\u010di\u0107 Tri\u010dkovi\u0107  <\/strong><\/p>\n<p>An\u0111ela Bran\u010di\u0107 Tri\u010dkovi\u0107 received her bachelor&#8217;s and master&#8217;s degrees in Molecular Biology and Physiology at the University of Belgrade, Serbia. Her master thesis characterized prostate cancer cell lines through bioinformatics analysis of genomic, transcriptomic, and epigenomic data. An\u0111ela joined the Vje\u0161tica lab to study how fertilization triggers zygote-specific transcription.<\/p>\n<p style=\"text-align: right\">\u2706 +41 21 692 41 41<br \/>\n@ andela.brancictrickovic[at]unil.ch<\/p>\n<\/div>\n<div class=\"verticalR30\"><img alt=\"\" loading=\"lazy\" decoding=\"async\" class=\"size-medium wp-image-607\" src=\"https:\/\/wp.unil.ch\/vjesticalab\/files\/2023\/02\/20230222-Andjela.jpg\" alt=\"\" width=\"300\" height=\"300\"><\/div>\n<p style=\"clear: right\">\n<\/div>\n<div class=\"sub-title-sections\">\n<p style=\"text-align: center;color: #FFFFFF;font-size: 30px;line-height: 1\"><strong>Associated staff <\/strong><\/p>\n<\/div>\n<div class=\"entry-sections\" style=\"background-color: #dadada;overflow: auto\">\n<div class=\"verticalL30\"><img alt=\"\" loading=\"lazy\" decoding=\"async\" class=\"size-medium wp-image-607\" src=\"https:\/\/wp.unil.ch\/vjesticalab\/files\/2023\/07\/AriannaRavera_P1010372.jpg\" alt=\"\" width=\"300\" height=\"300\"><\/div>\n<p style=\"clear: right\">\n<div class=\"verticalR70\">\n<p style=\"color: #01669a;font-size: 19px;line-height: 1\"><strong>Arianna Ravera <\/strong><\/p>\n<p>Arianna is a data analyst who received her bachelor degree from Politecnico di Torino in Italy and a master degree from the joint program with Uppsala University, Sweden. After working as a consultant in industry, she joined the University of Lausanne as an Image Processing Engineer in 2022. In the Vje\u0161tica lab, Arianna has been implementing machine learning tools to automate image analyses of fission yeast.<\/p>\n<p style=\"text-align: right\">\u2706 +41 21 692 62 68<br \/>\n@ arianna.ravera[at]unil.ch<\/p>\n<\/div>\n<\/div>\n<div class=\"entry-sections\" style=\"background-color: #dadada;overflow: auto\">\n<div class=\"verticalL70\">\n<p style=\"color: #01669a;font-size: 19px;line-height: 1\"><strong>Dr Julien Dorier <\/strong><\/p>\n<p>Julien was trained as a physicist and obtained both MSc and PhD from EPFL in Switzerland. After joining the University of Lausanne, he worked on models for chromatin organization and gained skills in sequencing analyses. Julien works with the Vje\u0161tica team to develop and automate machine learning tools for segmentation and tracking of fission yeast cells.<\/p>\n<p style=\"text-align: right\">\u2706 +41 21 692 40 70<br \/>\n@ Julien.Dorier[at]unil.ch<\/p>\n<\/div>\n<div class=\"verticalR30\"><img alt=\"\" loading=\"lazy\" decoding=\"async\" class=\"size-medium wp-image-607\" src=\"https:\/\/wp.unil.ch\/vjesticalab\/files\/2023\/07\/JulienDorier_P1010375.jpg\" alt=\"\" width=\"300\" height=\"300\"><\/div>\n<p style=\"clear: right\">\n<\/div>\n<div class=\"sub-title-sections\">\n<p style=\"text-align: center;color: #FFFFFF;font-size: 30px;line-height: 1\"><strong>Alumni <\/strong><\/p>\n<\/div>\n<div class=\"entry-sections\" style=\"background-color: #dadada;overflow: auto\">\n<div class=\"verticalL30\"><img alt=\"\" loading=\"lazy\" decoding=\"async\" class=\"size-medium wp-image-607\" src=\"https:\/\/wp.unil.ch\/vjesticalab\/files\/2023\/02\/20230222-Valentin.jpg\" alt=\"\" width=\"300\" height=\"300\"><\/div>\n<p style=\"clear: right\">\n<div class=\"verticalR70\">\n<p style=\"color: #01669a;font-size: 19px;line-height: 1\"><strong>Valentin Zufferey <\/strong><\/p>\n<p>Valentin Zufferey received his bachelor and master degrees from the University of Lausanne, Switzerland.<br \/>\nIn 2021, Valentin joined the Vje\u0161tica lab to study the how fission yeast prevent consecutive fertilization events. A year later, Valentin moved on to apply his skills in image analysis at the Centre hospitalier universitaire vaudois (CHUV), Switzerland.<\/p>\n<p style=\"text-align: right\">\u2706 +41 21 692 41 41<br \/>\n@ valentin.zufferey[at]unil.ch<\/p>\n<\/div>\n<\/div>\n<div class=\"entry-sections\" style=\"background-color: #dadada;overflow: auto\">\n<div class=\"verticalL70\">\n<p style=\"color: #01669a;font-size: 19px;line-height: 1\"><strong>Camille Schmidt <\/strong><\/p>\n<p>Camille Schmidt joined the lab as a master student at the University of Lausanne, Switzerland.<br \/>\nDuring her time in the lab, Camille developed a tool to inactivate a protein of interest specifically post-fertilization. She then moved to Jolanda van Leeuwen&#8217;s group at University of Lausanne.<\/p>\n<p style=\"text-align: right\">\u2706 +41 21 692 41 41<br \/>\n@ camille.schmidt[at]unil.ch<\/p>\n<\/div>\n<div class=\"verticalR30\"><img alt=\"\" loading=\"lazy\" decoding=\"async\" class=\"size-medium wp-image-607\" src=\"https:\/\/wp.unil.ch\/vjesticalab\/files\/2023\/02\/20230222-Camile.jpg\" alt=\"\" width=\"300\" height=\"300\"><\/div>\n<p style=\"clear: right\">\n<\/div>\n","protected":false},"excerpt":{"rendered":"<p>For information regarding recruitment and internships please click here. Prof. Aleksandar Vje\u0161tica After undergraduate studies at University of Belgrade in Serbia, Aleksandar obtained a PhD from the National University of Singapore under mentorship of Snezhana Oliferenko. He then moved to Sophie Martin\u2019s group where he discovered how fungal zygotes prevent re-fertilization. Currently he is an [&hellip;]<\/p>\n","protected":false},"author":1002032,"featured_media":0,"parent":0,"menu_order":0,"comment_status":"closed","ping_status":"closed","template":"","meta":{"_seopress_robots_primary_cat":"","_seopress_titles_title":"","_seopress_titles_desc":"","_seopress_robots_index":"","footnotes":""},"class_list":["post-238","page","type-page","status-publish"],"_links":{"self":[{"href":"https:\/\/wp.unil.ch\/vjesticalab\/wp-json\/wp\/v2\/pages\/238","targetHints":{"allow":["GET"]}}],"collection":[{"href":"https:\/\/wp.unil.ch\/vjesticalab\/wp-json\/wp\/v2\/pages"}],"about":[{"href":"https:\/\/wp.unil.ch\/vjesticalab\/wp-json\/wp\/v2\/types\/page"}],"author":[{"embeddable":true,"href":"https:\/\/wp.unil.ch\/vjesticalab\/wp-json\/wp\/v2\/users\/1002032"}],"replies":[{"embeddable":true,"href":"https:\/\/wp.unil.ch\/vjesticalab\/wp-json\/wp\/v2\/comments?post=238"}],"version-history":[{"count":0,"href":"https:\/\/wp.unil.ch\/vjesticalab\/wp-json\/wp\/v2\/pages\/238\/revisions"}],"wp:attachment":[{"href":"https:\/\/wp.unil.ch\/vjesticalab\/wp-json\/wp\/v2\/media?parent=238"}],"curies":[{"name":"wp","href":"https:\/\/api.w.org\/{rel}","templated":true}]}}