{"id":251,"date":"2024-03-18T11:53:48","date_gmt":"2024-03-18T10:53:48","guid":{"rendered":"https:\/\/wp.unil.ch\/vettiger-lab\/?page_id=251"},"modified":"2024-06-06T15:16:22","modified_gmt":"2024-06-06T13:16:22","slug":"contact","status":"publish","type":"page","link":"https:\/\/wp.unil.ch\/vettiger-lab\/contact\/","title":{"rendered":"Contact"},"content":{"rendered":"\n<figure class=\"wp-block-image size-large is-resized\"><img alt=\"\" loading=\"lazy\" decoding=\"async\" width=\"1024\" height=\"527\" src=\"https:\/\/wp.unil.ch\/vettiger-lab\/files\/2024\/03\/DMF-1-1-1024x527.jpg\" alt=\"\" class=\"wp-image-254\" style=\"width:733px;height:auto\" srcset=\"https:\/\/wp.unil.ch\/vettiger-lab\/files\/2024\/03\/DMF-1-1-1024x527.jpg 1024w, https:\/\/wp.unil.ch\/vettiger-lab\/files\/2024\/03\/DMF-1-1-300x155.jpg 300w, https:\/\/wp.unil.ch\/vettiger-lab\/files\/2024\/03\/DMF-1-1-768x396.jpg 768w, https:\/\/wp.unil.ch\/vettiger-lab\/files\/2024\/03\/DMF-1-1-1536x791.jpg 1536w, https:\/\/wp.unil.ch\/vettiger-lab\/files\/2024\/03\/DMF-1-1.jpg 1920w\" sizes=\"auto, (max-width: 1024px) 100vw, 1024px\" \/><\/figure>\n\n\n\n<p><strong>We are located at the beautiful UNIL-Sorge campus next to the Lac L\u00e9man in the heart of Europe.<\/strong><\/p>\n\n\n\n<div class=\"wp-block-columns is-layout-flex wp-container-core-columns-is-layout-9d6595d7 wp-block-columns-is-layout-flex\">\n<div class=\"wp-block-column is-layout-flow wp-block-column-is-layout-flow\">\n<p>Email: andrea[dot]vettiger{at}unil.ch<\/p>\n\n\n\n<p>Universit\u00e9 de Lausanne<\/p>\n\n\n\n<p>Department of Fundamental Microbiology<\/p>\n\n\n\n<p>Quartier UNIL-Sorge<\/p>\n\n\n\n<p>B\u00e2timent Biophore&nbsp;2310.2<\/p>\n\n\n\n<p>CH &#8211; 1015 Lausanne<\/p>\n\n\n\n<p>Tel.: +41 (0)21 692 3931<\/p>\n<\/div>\n\n\n\n<div class=\"wp-block-column is-layout-flow wp-block-column-is-layout-flow\">\n<figure class=\"wp-block-image size-large\"><img alt=\"\" loading=\"lazy\" decoding=\"async\" width=\"1024\" height=\"741\" src=\"https:\/\/wp.unil.ch\/vettiger-lab\/files\/2024\/03\/site-map-1024x741.png\" alt=\"\" class=\"wp-image-271\" srcset=\"https:\/\/wp.unil.ch\/vettiger-lab\/files\/2024\/03\/site-map-1024x741.png 1024w, https:\/\/wp.unil.ch\/vettiger-lab\/files\/2024\/03\/site-map-300x217.png 300w, https:\/\/wp.unil.ch\/vettiger-lab\/files\/2024\/03\/site-map-768x556.png 768w, https:\/\/wp.unil.ch\/vettiger-lab\/files\/2024\/03\/site-map-1536x1111.png 1536w, https:\/\/wp.unil.ch\/vettiger-lab\/files\/2024\/03\/site-map.png 1659w\" sizes=\"auto, (max-width: 1024px) 100vw, 1024px\" \/><\/figure>\n<\/div>\n<\/div>\n\n\n\n<p><\/p>\n","protected":false},"excerpt":{"rendered":"<p>We are located at the beautiful UNIL-Sorge campus next to the Lac L\u00e9man in the heart of Europe. Email: andrea[dot]vettiger{at}unil.ch Universit\u00e9 de Lausanne Department of Fundamental Microbiology Quartier UNIL-Sorge B\u00e2timent &hellip; <\/p>\n","protected":false},"author":1002734,"featured_media":0,"parent":0,"menu_order":6,"comment_status":"closed","ping_status":"closed","template":"","meta":{"_seopress_robots_primary_cat":"","_seopress_titles_title":"","_seopress_titles_desc":"","_seopress_robots_index":"","footnotes":""},"class_list":["post-251","page","type-page","status-publish"],"_links":{"self":[{"href":"https:\/\/wp.unil.ch\/vettiger-lab\/wp-json\/wp\/v2\/pages\/251","targetHints":{"allow":["GET"]}}],"collection":[{"href":"https:\/\/wp.unil.ch\/vettiger-lab\/wp-json\/wp\/v2\/pages"}],"about":[{"href":"https:\/\/wp.unil.ch\/vettiger-lab\/wp-json\/wp\/v2\/types\/page"}],"author":[{"embeddable":true,"href":"https:\/\/wp.unil.ch\/vettiger-lab\/wp-json\/wp\/v2\/users\/1002734"}],"replies":[{"embeddable":true,"href":"https:\/\/wp.unil.ch\/vettiger-lab\/wp-json\/wp\/v2\/comments?post=251"}],"version-history":[{"count":5,"href":"https:\/\/wp.unil.ch\/vettiger-lab\/wp-json\/wp\/v2\/pages\/251\/revisions"}],"predecessor-version":[{"id":322,"href":"https:\/\/wp.unil.ch\/vettiger-lab\/wp-json\/wp\/v2\/pages\/251\/revisions\/322"}],"wp:attachment":[{"href":"https:\/\/wp.unil.ch\/vettiger-lab\/wp-json\/wp\/v2\/media?parent=251"}],"curies":[{"name":"wp","href":"https:\/\/api.w.org\/{rel}","templated":true}]}}