{"id":989,"date":"2025-04-15T15:36:21","date_gmt":"2025-04-15T13:36:21","guid":{"rendered":"https:\/\/wp.unil.ch\/vcl\/?page_id=989"},"modified":"2025-04-15T15:36:21","modified_gmt":"2025-04-15T13:36:21","slug":"narratives-of-ecological-transformation","status":"publish","type":"page","link":"https:\/\/wp.unil.ch\/vcl\/narratives-of-ecological-transformation\/","title":{"rendered":"Narratives of ecological transformation"},"content":{"rendered":"\n<blockquote class=\"wp-block-quote is-layout-flow wp-block-quote-is-layout-flow\">\n<p class=\"has-text-align-center\"><strong>What narratives for ecological transformation? (re)Thinking technosolutionist and apocalyptic imaginaries for a more sustainable society<\/strong><\/p>\n<\/blockquote>\n\n\n\n<p>This project aims to analyze the impact of two types of dominant narratives &#8211; technosolutionist narratives and apocalyptic narratives &#8211; on the ecological and social transformation, with a particular focus on the cultural and economic\/managerial fields. By collecting and studying data from these two fields, and adopting an action-research approach, the project will intervene in the secondary and university education sector.<\/p>\n\n\n\n<p>The aim is to develop tools for deconstructing dominant narratives that would be demobilizing and potentially disempowering &#8211; \u00ab\u00a0technology will solve everything\u00a0\u00bb and \u00ab\u00a0all is lost\u00a0\u00bb &#8211; and to promote the emergence of alternative narratives carrying action and hope (so-called \u00ab\u00a0earth narratives\u00a0\u00bb).<\/p>\n\n\n\n<figure class=\"wp-block-embed is-type-video is-provider-youtube wp-block-embed-youtube wp-embed-aspect-16-9 wp-has-aspect-ratio\"><div class=\"wp-block-embed__wrapper\">\n<iframe loading=\"lazy\" title=\"STRIVE - Quels re\u0301cits pour la transformation e\u0301cologique?\" width=\"580\" height=\"326\" src=\"https:\/\/www.youtube.com\/embed\/2jr53VwZPAo?feature=oembed\" frameborder=\"0\" allow=\"accelerometer; autoplay; clipboard-write; encrypted-media; gyroscope; picture-in-picture; web-share\" referrerpolicy=\"strict-origin-when-cross-origin\" allowfullscreen><\/iframe>\n<\/div><\/figure>\n\n\n\n<p>Learn more by visiting our website by clicking <a href=\"https:\/\/www.unil.ch\/strive\/en\/home\/menuinst\/les%20projets\/recits.html\" data-type=\"link\" data-id=\"https:\/\/www.unil.ch\/strive\/en\/home\/menuinst\/les%20projets\/recits.html\">here<\/a>.<\/p>\n\n\n\n<p>Involved researchers: St\u00e9phanie&nbsp;Missonier&nbsp;(HEC), Estefania Amer (HEC), Rapha\u00ebl Baroni (Lettres), Gr\u00e9goire Zimmermann (SSP), with the collaboration of Marc Aud\u00e9tat (SSP)<\/p>\n","protected":false},"excerpt":{"rendered":"<p>What narratives for ecological transformation? (re)Thinking technosolutionist and apocalyptic imaginaries for a more sustainable society This project aims to analyze the impact of two types of dominant narratives &#8211; technosolutionist narratives and apocalyptic narratives &#8211; on the ecological and social transformation, with a particular focus on the cultural and economic\/managerial fields. By collecting and studying [&hellip;]<\/p>\n","protected":false},"author":1002194,"featured_media":0,"parent":0,"menu_order":0,"comment_status":"closed","ping_status":"closed","template":"","meta":{"_seopress_robots_primary_cat":"","_seopress_titles_title":"","_seopress_titles_desc":"","_seopress_robots_index":"","footnotes":""},"class_list":["post-989","page","type-page","status-publish"],"_links":{"self":[{"href":"https:\/\/wp.unil.ch\/vcl\/wp-json\/wp\/v2\/pages\/989","targetHints":{"allow":["GET"]}}],"collection":[{"href":"https:\/\/wp.unil.ch\/vcl\/wp-json\/wp\/v2\/pages"}],"about":[{"href":"https:\/\/wp.unil.ch\/vcl\/wp-json\/wp\/v2\/types\/page"}],"author":[{"embeddable":true,"href":"https:\/\/wp.unil.ch\/vcl\/wp-json\/wp\/v2\/users\/1002194"}],"replies":[{"embeddable":true,"href":"https:\/\/wp.unil.ch\/vcl\/wp-json\/wp\/v2\/comments?post=989"}],"version-history":[{"count":1,"href":"https:\/\/wp.unil.ch\/vcl\/wp-json\/wp\/v2\/pages\/989\/revisions"}],"predecessor-version":[{"id":991,"href":"https:\/\/wp.unil.ch\/vcl\/wp-json\/wp\/v2\/pages\/989\/revisions\/991"}],"wp:attachment":[{"href":"https:\/\/wp.unil.ch\/vcl\/wp-json\/wp\/v2\/media?parent=989"}],"curies":[{"name":"wp","href":"https:\/\/api.w.org\/{rel}","templated":true}]}}