{"id":97,"date":"2017-04-11T09:10:10","date_gmt":"2017-04-11T07:10:10","guid":{"rendered":"http:\/\/wp.unil.ch\/vallondenant\/?page_id=97"},"modified":"2022-05-23T11:16:20","modified_gmt":"2022-05-23T09:16:20","slug":"dernieres-infos","status":"publish","type":"page","link":"https:\/\/wp.unil.ch\/vallondenant\/dernieres-infos\/","title":{"rendered":"Derni\u00e8res infos"},"content":{"rendered":"\n<div class=\"wp-block-columns is-layout-flex wp-container-core-columns-is-layout-9d6595d7 wp-block-columns-is-layout-flex\">\n<div class=\"wp-block-column is-layout-flow wp-block-column-is-layout-flow\">\n<div class=\"wp-block-group has-light-background-background-color has-background\"><div class=\"wp-block-group__inner-container is-layout-flow wp-block-group-is-layout-flow\">\n<h2 class=\"wp-block-heading\">Publication<\/h2>\n\n\n\n<p>Un article r\u00e9cemment paru nous a \u00e9t\u00e9 signal\u00e9 :<\/p>\n\n\n\n<p><a rel=\"noreferrer noopener\" href=\"https:\/\/agupubs.onlinelibrary.wiley.com\/doi\/full\/10.1029\/2021WR030663#\" target=\"_blank\">\u00ab&nbsp;Hydrological Drivers of Bedload Transport in an Alpine Watershed&nbsp;\u00bb<\/a><br>G. Antoniazza,&nbsp;T. Nicollier,&nbsp;S. Boss,&nbsp;F. Mettra,&nbsp;A. Badoux,&nbsp;B. Schaefli,&nbsp;D. Rickenmann,&nbsp;S. N. Lane,&nbsp;publi\u00e9 le&nbsp;10 mars 2022.<\/p>\n\n\n\n<p><strong>Water Ressource Research<\/strong>, Volume 58, Issue 3, 10 March 2022<\/p>\n<\/div><\/div>\n<\/div>\n\n\n\n<div class=\"wp-block-column is-layout-flow wp-block-column-is-layout-flow\"><\/div>\n<\/div>\n","protected":false},"excerpt":{"rendered":"<p>Publication Un article r\u00e9cemment paru nous a \u00e9t\u00e9 signal\u00e9 : \u00ab&nbsp;Hydrological Drivers of Bedload Transport in an Alpine Watershed&nbsp;\u00bbG. Antoniazza,&nbsp;T. Nicollier,&nbsp;S. Boss,&nbsp;F. Mettra,&nbsp;A. Badoux,&nbsp;B. Schaefli,&nbsp;D. Rickenmann,&nbsp;S. N. Lane,&nbsp;publi\u00e9&hellip;<\/p>\n","protected":false},"author":953,"featured_media":0,"parent":0,"menu_order":0,"comment_status":"closed","ping_status":"closed","template":"template-full-width.php","meta":{"_seopress_robots_primary_cat":"","_seopress_titles_title":"","_seopress_titles_desc":"","_seopress_robots_index":"","footnotes":""},"class_list":["post-97","page","type-page","status-publish","has-post-thumbnail"],"_links":{"self":[{"href":"https:\/\/wp.unil.ch\/vallondenant\/wp-json\/wp\/v2\/pages\/97","targetHints":{"allow":["GET"]}}],"collection":[{"href":"https:\/\/wp.unil.ch\/vallondenant\/wp-json\/wp\/v2\/pages"}],"about":[{"href":"https:\/\/wp.unil.ch\/vallondenant\/wp-json\/wp\/v2\/types\/page"}],"author":[{"embeddable":true,"href":"https:\/\/wp.unil.ch\/vallondenant\/wp-json\/wp\/v2\/users\/953"}],"replies":[{"embeddable":true,"href":"https:\/\/wp.unil.ch\/vallondenant\/wp-json\/wp\/v2\/comments?post=97"}],"version-history":[{"count":0,"href":"https:\/\/wp.unil.ch\/vallondenant\/wp-json\/wp\/v2\/pages\/97\/revisions"}],"wp:attachment":[{"href":"https:\/\/wp.unil.ch\/vallondenant\/wp-json\/wp\/v2\/media?parent=97"}],"curies":[{"name":"wp","href":"https:\/\/api.w.org\/{rel}","templated":true}]}}