{"id":2,"date":"2016-06-01T10:09:30","date_gmt":"2016-06-01T08:09:30","guid":{"rendered":"http:\/\/wp.unil.ch\/vallondenant\/?page_id=2"},"modified":"2023-12-04T15:02:45","modified_gmt":"2023-12-04T14:02:45","slug":"accueil","status":"publish","type":"page","link":"https:\/\/wp.unil.ch\/vallondenant\/","title":{"rendered":"Conseil de coordination scientifique"},"content":{"rendered":"\n<div class=\"wp-block-image\"><figure class=\"aligncenter size-full\"><img alt=\"\" loading=\"lazy\" decoding=\"async\" width=\"445\" height=\"80\" src=\"https:\/\/wp.unil.ch\/vallondenant\/files\/2016\/07\/banner4.jpg\" alt=\"\" class=\"wp-image-90\" \/><\/figure><\/div>\n\n\n\n<div class=\"wp-block-columns is-layout-flex wp-container-core-columns-is-layout-9d6595d7 wp-block-columns-is-layout-flex\">\n<div class=\"wp-block-column is-layout-flow wp-block-column-is-layout-flow\" style=\"flex-basis:66.66%\">\n<p class=\"has-text-align-center has-border-background-color has-background has-normal-font-size\">Vous \u00eates sur le site internet du Conseil de coordination scientifique du Vallon de Nant (conseil de gestion), qui r\u00e9unit diff\u00e9rents partenaires institutionnels et l\u2019UNIL dans le cadre de la mise en \u0153uvre de la <a href=\"https:\/\/wp.unil.ch\/vallondenant\/la-convention\/\" data-type=\"page\" data-id=\"10\">Convention sur le Vallon de Nant.<\/a><\/p>\n\n\n\n<p><a href=\"https:\/\/wp.unil.ch\/vallondenant\/le-vallon\">Le Vallon de Nant<\/a> est une r\u00e9serve naturelle depuis le 29 novembre 1969. Il est soumis \u00e0 un r\u00e9gime institutionnel particulier puisqu\u2019il est une r\u00e9serve g\u00e9r\u00e9e par Pro Natura Vaud sur le plan cantonal et fait partie du district franc f\u00e9d\u00e9ral du Grand Muveran au niveau f\u00e9d\u00e9ral.<\/p>\n\n\n\n<p>Des chercheurs de l\u2019UNIL y travaillent depuis des d\u00e9cennies, comme en t\u00e9moignent l\u2019\u00e9tablissement du jardin botanique cantonal et tout <a href=\"https:\/\/wp.unil.ch\/vallondenant\/projets-de-recherche\/\" data-type=\"page\" data-id=\"143\">l\u2019historique de recherches associ\u00e9es<\/a>, en botanique, en g\u00e9ologie, g\u00e9omorphologie, hydrologie, m\u00e9t\u00e9orologie, p\u00e9dologie, zoologie et d\u2019autres domaines des sciences naturelles.<\/p>\n<\/div>\n\n\n\n<div class=\"wp-block-column is-layout-flow wp-block-column-is-layout-flow\" style=\"flex-basis:33.33%\">\n<h5 class=\"wp-block-heading\">Navigation<\/h5>\n\n\n<ul class=\"wp-block-page-list\"><li class=\"wp-block-pages-list__item menu-item-home\"><a class=\"wp-block-pages-list__item__link\" href=\"https:\/\/wp.unil.ch\/vallondenant\/\">Conseil de coordination scientifique<\/a><\/li><li class=\"wp-block-pages-list__item\"><a class=\"wp-block-pages-list__item__link\" href=\"https:\/\/wp.unil.ch\/vallondenant\/dernieres-infos\/\">Derni\u00e8res infos<\/a><\/li><li class=\"wp-block-pages-list__item\"><a class=\"wp-block-pages-list__item__link\" href=\"https:\/\/wp.unil.ch\/vallondenant\/geoguide\/\">G\u00e9oguide<\/a><\/li><li class=\"wp-block-pages-list__item\"><a class=\"wp-block-pages-list__item__link\" href=\"https:\/\/wp.unil.ch\/vallondenant\/informations-aux-chercheurs\/\">Informations aux chercheurs<\/a><\/li><li class=\"wp-block-pages-list__item\"><a class=\"wp-block-pages-list__item__link\" href=\"https:\/\/wp.unil.ch\/vallondenant\/la-convention\/\">La Convention<\/a><\/li><li class=\"wp-block-pages-list__item\"><a class=\"wp-block-pages-list__item__link\" href=\"https:\/\/wp.unil.ch\/vallondenant\/le-vallon\/\">Le Vallon<\/a><\/li><li class=\"wp-block-pages-list__item\"><a class=\"wp-block-pages-list__item__link\" href=\"https:\/\/wp.unil.ch\/vallondenant\/projets-de-recherche\/\">Projets de recherche<\/a><\/li><\/ul>\n\n\n<div class=\"wp-block-group\"><div class=\"wp-block-group__inner-container is-layout-flow wp-block-group-is-layout-flow\">\n<h5 class=\"wp-block-heading\">Contact<\/h5>\n\n\n\n<ul class=\"wp-block-list\"><li><a href=\"mailto:coordin-nant@unil.ch\">coordin-nant@unil.ch<\/a><\/li><\/ul>\n<\/div><\/div>\n<\/div>\n<\/div>\n\n\n\n<div style=\"height:20px\" aria-hidden=\"true\" class=\"wp-block-spacer\"><\/div>\n","protected":false},"excerpt":{"rendered":"<p>Vous \u00eates sur le site internet du Conseil de coordination scientifique du Vallon de Nant (conseil de gestion), qui r\u00e9unit diff\u00e9rents partenaires institutionnels et l\u2019UNIL dans le cadre&hellip;<\/p>\n","protected":false},"author":47,"featured_media":366,"parent":0,"menu_order":0,"comment_status":"closed","ping_status":"open","template":"template-full-width-cover.php","meta":{"_seopress_robots_primary_cat":"","_seopress_titles_title":"","_seopress_titles_desc":"","_seopress_robots_index":"","footnotes":""},"class_list":["post-2","page","type-page","status-publish","has-post-thumbnail"],"_links":{"self":[{"href":"https:\/\/wp.unil.ch\/vallondenant\/wp-json\/wp\/v2\/pages\/2","targetHints":{"allow":["GET"]}}],"collection":[{"href":"https:\/\/wp.unil.ch\/vallondenant\/wp-json\/wp\/v2\/pages"}],"about":[{"href":"https:\/\/wp.unil.ch\/vallondenant\/wp-json\/wp\/v2\/types\/page"}],"author":[{"embeddable":true,"href":"https:\/\/wp.unil.ch\/vallondenant\/wp-json\/wp\/v2\/users\/47"}],"replies":[{"embeddable":true,"href":"https:\/\/wp.unil.ch\/vallondenant\/wp-json\/wp\/v2\/comments?post=2"}],"version-history":[{"count":1,"href":"https:\/\/wp.unil.ch\/vallondenant\/wp-json\/wp\/v2\/pages\/2\/revisions"}],"predecessor-version":[{"id":363,"href":"https:\/\/wp.unil.ch\/vallondenant\/wp-json\/wp\/v2\/pages\/2\/revisions\/363"}],"wp:featuredmedia":[{"embeddable":true,"href":"https:\/\/wp.unil.ch\/vallondenant\/wp-json\/wp\/v2\/media\/366"}],"wp:attachment":[{"href":"https:\/\/wp.unil.ch\/vallondenant\/wp-json\/wp\/v2\/media?parent=2"}],"curies":[{"name":"wp","href":"https:\/\/api.w.org\/{rel}","templated":true}]}}