{"id":151,"date":"2019-11-06T10:02:40","date_gmt":"2019-11-06T09:02:40","guid":{"rendered":"http:\/\/wp.unil.ch\/vallondenant\/?page_id=151"},"modified":"2025-02-12T17:33:41","modified_gmt":"2025-02-12T16:33:41","slug":"geoguide","status":"publish","type":"page","link":"https:\/\/wp.unil.ch\/vallondenant\/geoguide\/","title":{"rendered":"G\u00e9oguide"},"content":{"rendered":"\n<div class=\"wp-block-columns is-layout-flex wp-container-core-columns-is-layout-9d6595d7 wp-block-columns-is-layout-flex\">\n<div class=\"wp-block-column is-layout-flow wp-block-column-is-layout-flow\" style=\"flex-basis:66.66%\">\n<h5 class=\"wp-block-heading\">Un g\u00e9oguide t\u00e9l\u00e9chargeable a \u00e9t\u00e9 d\u00e9velopp\u00e9 par la FGSE \u00e0 l&rsquo;occasion de ses Dix Ans (2013)<\/h5>\n\n\n\n<ul class=\"wp-block-list\"><li><a href=\"https:\/\/igd.unil.ch\/geoguide\/nant\/\">Le g\u00e9oguide du Vallon de Nant<\/a><\/li><\/ul>\n\n\n\n<p>Cette application est r\u00e9guli\u00e8rement t\u00e9l\u00e9chargeable sur iPhone ou smartphone, mais attention la couverture r\u00e9seau dans le Vallon est inexistante \u00e0 l&rsquo;exception d&rsquo;un ou deux spots \u00e0 Pont-de-Nant. Il vaut donc mieux la t\u00e9l\u00e9charger \u00e0 l&rsquo;avance.<\/p>\n<\/div>\n\n\n\n<div class=\"wp-block-column is-layout-flow wp-block-column-is-layout-flow\" style=\"flex-basis:33.33%\">\n<div class=\"wp-block-group\"><div class=\"wp-block-group__inner-container is-layout-flow wp-block-group-is-layout-flow\">\n<h5 class=\"wp-block-heading\">Contact<\/h5>\n\n\n\n<ul class=\"wp-block-list\"><li><a href=\"mailto:coordin-nant@unil.ch\">coordin-nant@unil.ch<\/a><\/li><\/ul>\n<\/div><\/div>\n<\/div>\n<\/div>\n","protected":false},"excerpt":{"rendered":"<p>Un g\u00e9oguide t\u00e9l\u00e9chargeable a \u00e9t\u00e9 d\u00e9velopp\u00e9 par la FGSE \u00e0 l&rsquo;occasion de ses Dix Ans (2013) Le g\u00e9oguide du Vallon de Nant Cette application est r\u00e9guli\u00e8rement t\u00e9l\u00e9chargeable sur&hellip;<\/p>\n","protected":false},"author":953,"featured_media":120,"parent":0,"menu_order":0,"comment_status":"closed","ping_status":"closed","template":"template-full-width-cover.php","meta":{"_seopress_robots_primary_cat":"","_seopress_titles_title":"","_seopress_titles_desc":"","_seopress_robots_index":"","footnotes":""},"class_list":["post-151","page","type-page","status-publish","has-post-thumbnail"],"_links":{"self":[{"href":"https:\/\/wp.unil.ch\/vallondenant\/wp-json\/wp\/v2\/pages\/151","targetHints":{"allow":["GET"]}}],"collection":[{"href":"https:\/\/wp.unil.ch\/vallondenant\/wp-json\/wp\/v2\/pages"}],"about":[{"href":"https:\/\/wp.unil.ch\/vallondenant\/wp-json\/wp\/v2\/types\/page"}],"author":[{"embeddable":true,"href":"https:\/\/wp.unil.ch\/vallondenant\/wp-json\/wp\/v2\/users\/953"}],"replies":[{"embeddable":true,"href":"https:\/\/wp.unil.ch\/vallondenant\/wp-json\/wp\/v2\/comments?post=151"}],"version-history":[{"count":1,"href":"https:\/\/wp.unil.ch\/vallondenant\/wp-json\/wp\/v2\/pages\/151\/revisions"}],"predecessor-version":[{"id":385,"href":"https:\/\/wp.unil.ch\/vallondenant\/wp-json\/wp\/v2\/pages\/151\/revisions\/385"}],"wp:featuredmedia":[{"embeddable":true,"href":"https:\/\/wp.unil.ch\/vallondenant\/wp-json\/wp\/v2\/media\/120"}],"wp:attachment":[{"href":"https:\/\/wp.unil.ch\/vallondenant\/wp-json\/wp\/v2\/media?parent=151"}],"curies":[{"name":"wp","href":"https:\/\/api.w.org\/{rel}","templated":true}]}}