{"id":14,"date":"2016-06-16T22:36:10","date_gmt":"2016-06-16T20:36:10","guid":{"rendered":"http:\/\/wp.unil.ch\/vallondenant\/?page_id=14"},"modified":"2024-07-01T15:50:31","modified_gmt":"2024-07-01T13:50:31","slug":"informations-aux-chercheurs","status":"publish","type":"page","link":"https:\/\/wp.unil.ch\/vallondenant\/informations-aux-chercheurs\/","title":{"rendered":"Informations aux chercheurs"},"content":{"rendered":"\n<div class=\"wp-block-columns is-layout-flex wp-container-core-columns-is-layout-9d6595d7 wp-block-columns-is-layout-flex\">\n<div class=\"wp-block-column is-layout-flow wp-block-column-is-layout-flow\" style=\"flex-basis:66.66%\">\n<p>Les demandes aupr\u00e8s du Conseil de coordination scientifique peuvent \u00eatre d\u00e9pos\u00e9es en tout temps, en tenant compte des deux d\u00e9lais annuels suivants :<\/p>\n\n\n\n<ul class=\"wp-block-list\">\n<li><strong>1<sup>er<\/sup> octobre <\/strong>pour l\u2019ann\u00e9e civile suivante<\/li>\n\n\n\n<li><strong>1<sup>er<\/sup> f\u00e9vrier<\/strong> pour les travaux dans la m\u00eame ann\u00e9e civile<\/li>\n<\/ul>\n\n\n\n<p><strong>ATTENTION<\/strong> &#8211; Les dossiers arriv\u00e9s apr\u00e8s ces dates sont trait\u00e9s dans la phase suivante, c\u2019est \u00e0 dire pour l\u2019ann\u00e9e civile suivante si arriv\u00e9s apr\u00e8s le 1<sup>er<\/sup> f\u00e9vrier.<\/p>\n\n\n\n<p>Pour les chercheurs membres d&rsquo;autres institutions acad\u00e9miques que l&rsquo;UNIL, ou rattach\u00e9s \u00e0 d&rsquo;autres Facult\u00e9s de l&rsquo;UNIL que la FBM et la FGSE, leurs demandes devront imp\u00e9rativement \u00eatre communiqu\u00e9es par un membre du corps professoral de la FBM ou de la FGSE, qui jouera le r\u00f4le de r\u00e9f\u00e9rent pour le Conseil de coordination.<\/p>\n\n\n\n<p>Par contre, le d\u00e9p\u00f4t de la demande aupr\u00e8s du Conseil de coordination scientifique est pour les chercheurs acad\u00e9miques une condition <em>sine qua non<\/em> pour la d\u00e9livrance de l\u2019autorisation cantonale.<\/p>\n\n\n\n<p class=\"has-border-background-color has-background\">Ce n\u2019est qu\u2019une fois obtenu ces deux niveaux d\u2019autorisations (Conseil de coordination scientifique et Etat de Vaud) que les chercheurs peuvent d\u00e9buter leur projet sur le terrain. Seule l\u2019autorisation cantonale a valeur l\u00e9gale; les personnes se d\u00e9pla\u00e7ant sur le terrain devront imp\u00e9rativement \u00eatre porteuses de l&rsquo;autorisation de fa\u00e7on \u00e0 pouvoir la pr\u00e9senter en cas de contr\u00f4le (garde forestier, garde-faune par ex.).<\/p>\n\n\n\n<p>Sachant qu\u2019il faut compter plusieurs semaines entre le d\u00e9lai de f\u00e9vrier et la fin des d\u00e9marches aupr\u00e8s du conseil et du canton, et compte tenu des contraintes saisonni\u00e8res dans le Vallon, les d\u00e9p\u00f4ts de demande au 1<sup>er<\/sup> octobre pr\u00e9c\u00e9dant sont encourag\u00e9s.<\/p>\n\n\n\n<p>Le Conseil vous sugg\u00e8re d\u2019\u00e9valuer a priori la n\u00e9cessit\u00e9 de mener vos recherches dans la R\u00e9serve ; la zone adjacente de La Vare \/ Anzeindaz est aussi propos\u00e9e ; ne b\u00e9n\u00e9ficiant pas d\u2019un statut de protection, elle est d\u2019un acc\u00e8s plus ais\u00e9, tout en restant proche du Vallon de Nant et de ses facilit\u00e9s (labo du chalet de Nant, etc.). Si vous concluez \u00e0 la n\u00e9cessit\u00e9 de mener des recherches dans la R\u00e9serve, il faut produire un argumentaire et le justifier (voir le <a href=\"https:\/\/wp.unil.ch\/vallondenant\/files\/2021\/01\/5_Formulaire_requete_Vallon_Nant_V9.docx\">formulaire de demande<\/a>).<\/p>\n\n\n\n<p>Les interventions doivent r\u00e9pondre \u00e0 deux crit\u00e8res essentiels :<\/p>\n\n\n\n<ul class=\"wp-block-list\">\n<li>le respect des \u00e9cosyst\u00e8mes pr\u00e9sents<\/li>\n\n\n\n<li>le respect visuel du paysage.<\/li>\n<\/ul>\n\n\n\n<p>Les projets les mieux re\u00e7us sont les moins intrusifs, les moins marquants pour l\u2019environnement et les plus discrets par rapport au public visiteur du Vallon. Cette derni\u00e8re dimension est jug\u00e9e tr\u00e8s importante par le Conseil pour le respect du statut de la R\u00e9serve et de ses diff\u00e9rentes cat\u00e9gories de visiteurs.<\/p>\n<\/div>\n\n\n\n<div class=\"wp-block-column is-layout-flow wp-block-column-is-layout-flow\" style=\"flex-basis:33.33%\">\n<h5 class=\"wp-block-heading\">Convention<\/h5>\n\n\n\n<p>Depuis 2006, les interventions de scientifiques dans le Vallon sont r\u00e9gl\u00e9es par une <a href=\"https:\/\/wp.unil.ch\/vallondenant\/la-convention\">Convention<\/a> sign\u00e9e avec l\u2019ensemble des partenaires concern\u00e9s : la Commune de Bex, le Service faune, for\u00eat, nature du canton, Pro Natura et l\u2019UNIL (Facult\u00e9 des g\u00e9osciences et de l\u2019environnement, FGSE et Facult\u00e9 de biologie et de m\u00e9decine, FBM).<\/p>\n\n\n\n<h5 class=\"wp-block-heading\">Documents<\/h5>\n\n\n\n<ul class=\"wp-block-list\">\n<li><a href=\"https:\/\/wp.unil.ch\/vallondenant\/files\/2016\/06\/Directive_recherche_scient_Vallon_Nant_V6.pdf\">Directive<\/a><\/li>\n\n\n\n<li><a href=\"https:\/\/wp.unil.ch\/vallondenant\/files\/2021\/01\/5_Formulaire_requete_Vallon_Nant_V9.docx\">Formulaire de demande au Conseil de coordination<\/a><\/li>\n\n\n\n<li><a href=\"https:\/\/wp.unil.ch\/vallondenant\/files\/2016\/06\/Formul_check_out_fin_recherche_Vallon_Nant_V5.docx\">Formulaire de fin de projet sur le terrain<\/a><\/li>\n\n\n\n<li><a href=\"https:\/\/www.admin.ch\/opc\/fr\/classified-compilation\/19910230\/201507150000\/922.31.pdf\">Directives sur la protection de la faune<\/a><\/li>\n\n\n\n<li><a href=\"https:\/\/wp.unil.ch\/vallondenant\/files\/2018\/07\/20180724_DGE_OFEV_drone_Muveran.pdf\">D\u00e9cision de l\u2019OFEV sur les vols de drones dans le district franc du Grand Muveran<\/a><\/li>\n\n\n\n<li><a href=\"https:\/\/www.unil.ch\/gse\/home\/menuinst\/faculte\/reglements-generaux-de-facul.html\">Directives internes FGSE<\/a><\/li>\n\n\n\n<li><a href=\"https:\/\/wp.unil.ch\/vallondenant\/files\/2021\/01\/Annexe2_Valeursfaunistiques_oiseauxmammiferes.pdf\">Valeurs faunistiques : oiseaux et mammif\u00e8res<\/a><\/li>\n\n\n\n<li><a href=\"https:\/\/wp.unil.ch\/vallondenant\/files\/2021\/01\/Annexe3_Valeursfaunistiques_petitefaune.pdf\">Valeurs faunistiques : petite faune<\/a><\/li>\n\n\n\n<li><a href=\"https:\/\/wp.unil.ch\/vallondenant\/files\/2021\/01\/Annexe11_Mesures_gestion.pdf\">Mesures de gestion<\/a><\/li>\n<\/ul>\n\n\n\n<div class=\"wp-block-group\"><div class=\"wp-block-group__inner-container is-layout-flow wp-block-group-is-layout-flow\">\n<h5 class=\"wp-block-heading\">Contact<\/h5>\n\n\n\n<ul class=\"wp-block-list\"><li><a href=\"mailto:coordin-nant@unil.ch\">coordin-nant@unil.ch<\/a><\/li><\/ul>\n<\/div><\/div>\n<\/div>\n<\/div>\n\n\n\n<div class=\"wp-block-columns is-layout-flex wp-container-core-columns-is-layout-9d6595d7 wp-block-columns-is-layout-flex\">\n<div class=\"wp-block-column is-layout-flow wp-block-column-is-layout-flow\" style=\"flex-basis:66.66%\">\n<h5 class=\"wp-block-heading\"><strong>Votre projet cadre avec ces principes ?<\/strong><\/h5>\n\n\n\n<p>Prenez connaissance de la directive ci-dessous et remplissez le formulaire de demande, \u00e0 communiquer ensuite \u00e0 <a href=\"mailto:coordin-nant@unil.ch\">coordin-nant@unil.ch<\/a> dans les d\u00e9lais mentionn\u00e9s ci-dessus.<\/p>\n\n\n\n<p>Vous aviez d\u00e9j\u00e0 effectu\u00e9 une recherche dans la R\u00e9serve qui est maintenant achev\u00e9e? Avant de pouvoir d\u00e9poser une nouvelle requ\u00eate pour un projet, ou une demande de poursuite du projet, vous devez avoir rempli le formulaire de check-out que vous trouvez en marge et communiqu\u00e9 un bref rapport scientifique sur la recherche men\u00e9e et ses \u00e9ventuels r\u00e9sultats.<\/p>\n\n\n\n<h5 class=\"wp-block-heading\">Principales restrictions<\/h5>\n\n\n\n<p>Rappel des principales restrictions pour le public qui acc\u00e8de au Vallon, et donc \u00e9galement pour les chercheurs :<\/p>\n\n\n\n<ul class=\"wp-block-list\">\n<li>les chiens doivent \u00eatre tenus en laisse<\/li>\n\n\n\n<li>les v\u00e9los sont interdits, les v\u00e9hicules motoris\u00e9s sont interdits<\/li>\n\n\n\n<li>le ski pratiqu\u00e9 en dehors d&rsquo;itin\u00e9raires balis\u00e9s est interdit<\/li>\n\n\n\n<li>la chasse est interdite<\/li>\n\n\n\n<li>la cueillette des plantes est interdite<\/li>\n\n\n\n<li>le camping est interdit.<\/li>\n<\/ul>\n<\/div>\n\n\n\n<div class=\"wp-block-column is-layout-flow wp-block-column-is-layout-flow\" style=\"flex-basis:33.33%\"><\/div>\n<\/div>\n","protected":false},"excerpt":{"rendered":"<p>Les demandes aupr\u00e8s du Conseil de coordination scientifique peuvent \u00eatre d\u00e9pos\u00e9es en tout temps, en tenant compte des deux d\u00e9lais annuels suivants : ATTENTION &#8211; Les dossiers arriv\u00e9s&hellip;<\/p>\n","protected":false},"author":47,"featured_media":127,"parent":0,"menu_order":0,"comment_status":"closed","ping_status":"closed","template":"template-full-width-cover.php","meta":{"_seopress_robots_primary_cat":"","_seopress_titles_title":"","_seopress_titles_desc":"","_seopress_robots_index":"","footnotes":""},"class_list":["post-14","page","type-page","status-publish","has-post-thumbnail"],"_links":{"self":[{"href":"https:\/\/wp.unil.ch\/vallondenant\/wp-json\/wp\/v2\/pages\/14","targetHints":{"allow":["GET"]}}],"collection":[{"href":"https:\/\/wp.unil.ch\/vallondenant\/wp-json\/wp\/v2\/pages"}],"about":[{"href":"https:\/\/wp.unil.ch\/vallondenant\/wp-json\/wp\/v2\/types\/page"}],"author":[{"embeddable":true,"href":"https:\/\/wp.unil.ch\/vallondenant\/wp-json\/wp\/v2\/users\/47"}],"replies":[{"embeddable":true,"href":"https:\/\/wp.unil.ch\/vallondenant\/wp-json\/wp\/v2\/comments?post=14"}],"version-history":[{"count":2,"href":"https:\/\/wp.unil.ch\/vallondenant\/wp-json\/wp\/v2\/pages\/14\/revisions"}],"predecessor-version":[{"id":383,"href":"https:\/\/wp.unil.ch\/vallondenant\/wp-json\/wp\/v2\/pages\/14\/revisions\/383"}],"wp:featuredmedia":[{"embeddable":true,"href":"https:\/\/wp.unil.ch\/vallondenant\/wp-json\/wp\/v2\/media\/127"}],"wp:attachment":[{"href":"https:\/\/wp.unil.ch\/vallondenant\/wp-json\/wp\/v2\/media?parent=14"}],"curies":[{"name":"wp","href":"https:\/\/api.w.org\/{rel}","templated":true}]}}