{"id":10,"date":"2016-06-16T22:31:45","date_gmt":"2016-06-16T20:31:45","guid":{"rendered":"http:\/\/wp.unil.ch\/vallondenant\/?page_id=10"},"modified":"2025-05-16T15:04:35","modified_gmt":"2025-05-16T13:04:35","slug":"la-convention","status":"publish","type":"page","link":"https:\/\/wp.unil.ch\/vallondenant\/la-convention\/","title":{"rendered":"La Convention"},"content":{"rendered":"\n<div class=\"wp-block-columns is-layout-flex wp-container-core-columns-is-layout-9d6595d7 wp-block-columns-is-layout-flex\">\n<div class=\"wp-block-column is-layout-flow wp-block-column-is-layout-flow\" style=\"flex-basis:66.66%\">\n<p>Une premi\u00e8re convention avait \u00e9t\u00e9 sign\u00e9e en 2006 entre l\u2019UNIL (FGSE) et ces diff\u00e9rents partenaires.<\/p>\n\n\n\n<p>Elle vise \u00e0 r\u00e9gler, via son Conseil de gestion (Conseil de coordination scientifique), les modalit\u00e9s d\u2019interventions des chercheurs dans la R\u00e9serve, strictement r\u00e9glement\u00e9es et soumises \u00e0 autorisation de l\u2019autorit\u00e9 cantonale.<\/p>\n\n\n\n<h5 class=\"wp-block-heading\"><strong>Composition du conseil de coordination scientifique<\/strong><\/h5>\n\n\n\n<ul class=\"wp-block-list\">\n<li>Prof. Stuart Lane, pr\u00e9sident du 1er ao\u00fbt 2024 au 1er ao\u00fbt 2026 au nom de la FGSE<\/li>\n\n\n\n<li>Prof. John Pannell, repr\u00e9sentant de la FBM &#8211; DEE<\/li>\n\n\n\n<li>M. Nadir Alvarez, directeur du Natureum, repr\u00e9sentant de la Fondation du Jardin alpin et des Mus\u00e9es et Jardins botaniques cantonaux (suppl\u00e9ant pour les MJBC: M. Fran\u00e7ois Bonnet, responsable du Jardin alpin de Pont-de-Nant)<\/li>\n\n\n\n<li>M. Pierre-Yves Rapaz, conseiller municipal (Commune de Bex)<\/li>\n\n\n\n<li>M. Guy Rochat, collaborateur scientifique BIODIV (DGE \u2013 DIRNA)<\/li>\n\n\n\n<li>Mme Kelly Delawy, responsable des r\u00e9serves naturelles pour Pro natura Vaud et Pro natura Suisse<\/li>\n\n\n\n<li>M. R\u00e9my Freymond, coordination (D\u00e9canat FGSE)<\/li>\n<\/ul>\n<\/div>\n\n\n\n<div class=\"wp-block-column is-layout-flow wp-block-column-is-layout-flow\" style=\"flex-basis:33.33%\">\n<h5 class=\"wp-block-heading\">Document<\/h5>\n\n\n\n<ul class=\"wp-block-list\">\n<li><a href=\"https:\/\/wp.unil.ch\/vallondenant\/files\/2021\/01\/Annexe11_Mesures_gestion.pdf\"><\/a><a href=\"https:\/\/wp.unil.ch\/vallondenant\/files\/2016\/07\/Convention_Vallon_de_Nant2014.pdf\">Le texte de la Convention<\/a><\/li>\n<\/ul>\n\n\n\n<div class=\"wp-block-group\"><div class=\"wp-block-group__inner-container is-layout-flow wp-block-group-is-layout-flow\">\n<h5 class=\"wp-block-heading\">Contact<\/h5>\n\n\n\n<ul class=\"wp-block-list\"><li><a href=\"mailto:coordin-nant@unil.ch\">coordin-nant@unil.ch<\/a><\/li><\/ul>\n<\/div><\/div>\n<\/div>\n<\/div>\n","protected":false},"excerpt":{"rendered":"<p>Une premi\u00e8re convention avait \u00e9t\u00e9 sign\u00e9e en 2006 entre l\u2019UNIL (FGSE) et ces diff\u00e9rents partenaires. Elle vise \u00e0 r\u00e9gler, via son Conseil de gestion (Conseil de coordination scientifique),&hellip;<\/p>\n","protected":false},"author":47,"featured_media":133,"parent":0,"menu_order":0,"comment_status":"closed","ping_status":"closed","template":"template-full-width-cover.php","meta":{"_seopress_robots_primary_cat":"","_seopress_titles_title":"","_seopress_titles_desc":"","_seopress_robots_index":"","footnotes":""},"class_list":["post-10","page","type-page","status-publish","has-post-thumbnail"],"_links":{"self":[{"href":"https:\/\/wp.unil.ch\/vallondenant\/wp-json\/wp\/v2\/pages\/10","targetHints":{"allow":["GET"]}}],"collection":[{"href":"https:\/\/wp.unil.ch\/vallondenant\/wp-json\/wp\/v2\/pages"}],"about":[{"href":"https:\/\/wp.unil.ch\/vallondenant\/wp-json\/wp\/v2\/types\/page"}],"author":[{"embeddable":true,"href":"https:\/\/wp.unil.ch\/vallondenant\/wp-json\/wp\/v2\/users\/47"}],"replies":[{"embeddable":true,"href":"https:\/\/wp.unil.ch\/vallondenant\/wp-json\/wp\/v2\/comments?post=10"}],"version-history":[{"count":2,"href":"https:\/\/wp.unil.ch\/vallondenant\/wp-json\/wp\/v2\/pages\/10\/revisions"}],"predecessor-version":[{"id":389,"href":"https:\/\/wp.unil.ch\/vallondenant\/wp-json\/wp\/v2\/pages\/10\/revisions\/389"}],"wp:featuredmedia":[{"embeddable":true,"href":"https:\/\/wp.unil.ch\/vallondenant\/wp-json\/wp\/v2\/media\/133"}],"wp:attachment":[{"href":"https:\/\/wp.unil.ch\/vallondenant\/wp-json\/wp\/v2\/media?parent=10"}],"curies":[{"name":"wp","href":"https:\/\/api.w.org\/{rel}","templated":true}]}}