{"id":173,"date":"2018-02-15T13:07:24","date_gmt":"2018-02-15T12:07:24","guid":{"rendered":"http:\/\/wp.unil.ch\/urbanrepair\/?page_id=173"},"modified":"2018-02-23T16:26:33","modified_gmt":"2018-02-23T15:26:33","slug":"projektbeschreibung","status":"publish","type":"page","link":"https:\/\/wp.unil.ch\/urbanrepair\/info\/projektbeschreibung\/","title":{"rendered":"\u00dcber das Projekt"},"content":{"rendered":"<h4><span style=\"color: #ff0000\">New project<\/span><\/h4>\n<h3>Taking care of heating, ventilation and air conditioning in times of energy transition: or how repair and maintenance shape energy infrastructure<\/h3>\n<p><a href=\"https:\/\/wp.unil.ch\/urbanrepair\/description-du-projet\/\">Fran\u00e7ais<\/a>\u00a0\/ <a href=\"https:\/\/wp.unil.ch\/urbanrepair\/projektbeschreibung\/\">Deutsch<\/a> \/ <a href=\"https:\/\/wp.unil.ch\/urbanrepair\/info\/project-description\/\">English<\/a><\/p>\n<p>Ein ethnographisches Forschungsprojekt am <a href=\"https:\/\/www.unil.ch\/igd\" target=\"_blank\" rel=\"noopener\">Institut de G\u00e9ographie et Durabilit\u00e9 (Universit\u00e4t Lausanne)<\/a> \u00fcber:<\/p>\n<ul>\n<li>Reparatur und Unterhalt von Energiewendeinfrastruktur<\/li>\n<li>die Bedingungen von Reparatur- und Unterhaltsarbeit<\/li>\n<li>die r\u00e4umlichen und sozialen Auswirkungen von Reparatur und Unterhalt<\/li>\n<\/ul>\n<p>Das Projekt untersucht Reparatur und Unterhalt an Heizungs-, L\u00fcftungs-, und K\u00fchlsystemen (HLK) als einen wenig beachteten aber wichtigen Aspekt der infrastrukturellen Transformation und des gesellschaftlichen Wandels. Dokumentiert und beschrieben werden sollen, routine- und notfallm\u00e4ssige technische Interventionen von Serviceleuten und welche Interaktionen mit Nutzern, Bewohnern, Eigent\u00fcmern, Arbeitskollegen, Spezialisten und Vorgesetzten diese Arbeit pr\u00e4gen. Wie gehen die Arbeiter von ausgew\u00e4hlten Facility Service Gesamtanbietern und HLK-Spezielisten (KMU) mit Anforderungen an Raumklima und Lebensqualit\u00e4t um, die w\u00e4hrend der Arbeit an sie herangetragen werden? Wie werden Probleme angegangen, welche technischen Anpassungen werden vorgenommen? Welchen Beitrag leisten Reparatur und Unterhalt schliesslich zum nachhaltigen Zusammenhalt unserer Stadtlandschaften?<\/p>\n<p>Die Erkentnisse des Projektes sind von Interesse f\u00fcr die Industrie, die Politik und insbesondere f\u00fcr:<\/p>\n<ul>\n<li>Entscheidungstr\u00e4ger, die neue Technologien bevorzugen und die sich nicht nur fur die \u00f6kologischen, sondern auch fur die sozialen Auswirkungen der Energiewende interessieren.<\/li>\n<li>Institutionen und Nutzergruppen, welche direkt vom infrastrukturellen Wandel betroffen sind.<\/li>\n<li>Interessenverb\u00e4nde, die die Neuorganisation von Arbeitsbedingungen im Reinigungssektor und Facility Management beobachten.<\/li>\n<li>Akteure der Wirtschaft, welche den Zusammenhang zwischen technischer Arbeit und sozialer Koh\u00e4sion erkannt haben.<\/li>\n<li>Bildungsinitiativen, die den Beitrag zur Lebensqualit\u00e4t von St\u00e4dten und Siedlungen von einkommensschwachen Gesellschaftsschichten wertsch\u00e4tzen.<\/li>\n<li>Konsumenten und Nutzer\/innen, die bevorzugen, zu reparieren statt wegzuwerfen.<\/li>\n<li>Forscher und Forscherinnen, die mehr dar\u00fcber wissen m\u00f6chten, was Unterhalt und Reparatur bewirken und f\u00fcr die Gesellschaft tun.<\/li>\n<\/ul>\n<p>Dieses Projekt wird vom <a href=\"https:\/\/p3.snf.ch\/Project-165718\" target=\"_blank\" rel=\"noopener\">Schweizerischen Nationalfonds zur F\u00f6rderung\u00a0der wissenschaftlichen Forschung (SNF) gef\u00f6rdert<\/a>.<\/p>\n","protected":false},"excerpt":{"rendered":"<p>New project Taking care of heating, ventilation and air conditioning in times of energy transition: or how repair and maintenance shape energy infrastructure Fran\u00e7ais\u00a0\/ Deutsch \/ English Ein ethnographisches Forschungsprojekt am Institut de G\u00e9ographie et Durabilit\u00e9 (Universit\u00e4t Lausanne) \u00fcber: Reparatur<\/p>\n","protected":false},"author":1001711,"featured_media":0,"parent":190,"menu_order":0,"comment_status":"closed","ping_status":"closed","template":"","meta":{"_seopress_robots_primary_cat":"","_seopress_titles_title":"","_seopress_titles_desc":"","_seopress_robots_index":"","footnotes":""},"class_list":["post-173","page","type-page","status-publish"],"_links":{"self":[{"href":"https:\/\/wp.unil.ch\/urbanrepair\/wp-json\/wp\/v2\/pages\/173","targetHints":{"allow":["GET"]}}],"collection":[{"href":"https:\/\/wp.unil.ch\/urbanrepair\/wp-json\/wp\/v2\/pages"}],"about":[{"href":"https:\/\/wp.unil.ch\/urbanrepair\/wp-json\/wp\/v2\/types\/page"}],"author":[{"embeddable":true,"href":"https:\/\/wp.unil.ch\/urbanrepair\/wp-json\/wp\/v2\/users\/1001711"}],"replies":[{"embeddable":true,"href":"https:\/\/wp.unil.ch\/urbanrepair\/wp-json\/wp\/v2\/comments?post=173"}],"version-history":[{"count":0,"href":"https:\/\/wp.unil.ch\/urbanrepair\/wp-json\/wp\/v2\/pages\/173\/revisions"}],"up":[{"embeddable":true,"href":"https:\/\/wp.unil.ch\/urbanrepair\/wp-json\/wp\/v2\/pages\/190"}],"wp:attachment":[{"href":"https:\/\/wp.unil.ch\/urbanrepair\/wp-json\/wp\/v2\/media?parent=173"}],"curies":[{"name":"wp","href":"https:\/\/api.w.org\/{rel}","templated":true}]}}