{"id":9529,"date":"2024-04-15T14:55:59","date_gmt":"2024-04-15T12:55:59","guid":{"rendered":"https:\/\/wp.unil.ch\/uniscope\/?page_id=9529"},"modified":"2025-06-12T11:13:22","modified_gmt":"2025-06-12T09:13:22","slug":"podcast-de-luniscope","status":"publish","type":"page","link":"https:\/\/wp.unil.ch\/uniscope\/podcast-de-luniscope\/","title":{"rendered":"Podcast de l&rsquo;uniscope"},"content":{"rendered":"\n<p><strong>Quelles sont les cons\u00e9quences de la m\u00e9ritocratie&nbsp;? Que peut-on lire dans nos g\u00e8nes&nbsp;? Que se cache-t-il derri\u00e8re la surprotection parentale ou l\u2019architecture lausannoise&nbsp;? Ces questions (et bien d&rsquo;autres&nbsp;!) sont au c\u0153ur du podcast de <em>l&rsquo;uniscope <\/em>donnant la parole aux acteurs et actrices de l&rsquo;Universit\u00e9 de Lausanne.<\/strong><\/p>\n\n\n\n<p>Pour chaque nouvel \u00e9pisode, une nouvelle rencontre et une nouvelle th\u00e9matique, toutes deux puis\u00e9es dans la richesse de toutes les facult\u00e9s. Laissez-vous inspirer par ce podcast disponible sur toutes les plateformes&nbsp;:<\/p>\n\n\n\n<div style=\"height:41px\" aria-hidden=\"true\" class=\"wp-block-spacer\"><\/div>\n\n\n\n<!-- iframe plugin v.6.0 wordpress.org\/plugins\/iframe\/ -->\n<iframe data-role=\"podcasticsPlayer\" data-format=\"playlist\" loading=\"lazy\" src=\"https:\/\/www.podcastics.com\/player\/playlist\/4838\/\" height=\"870\" width=\"100%\" 0=\"style=&quot;border:\" 1=\"none;\" 2=\"border-radius:\" 3=\"10px;&quot;&gt;&lt;\/iframe\" scrolling=\"yes\" class=\"iframe-class\" frameborder=\"0\"><\/iframe>\n\n\n\n\n<div style=\"height:47px\" aria-hidden=\"true\" class=\"wp-block-spacer\"><\/div>\n\n\n\n<p>Pour ne rater aucun \u00e9pisode, <strong>abonnez-vous<\/strong> d\u00e8s maintenant&nbsp;sur votre plateforme favorite !<\/p>\n\n\n\n<figure class=\"wp-block-gallery has-nested-images columns-5 is-cropped wp-block-gallery-1 is-layout-flex wp-block-gallery-is-layout-flex\">\n<figure class=\"wp-block-image size-large\"><a href=\"https:\/\/open.spotify.com\/show\/58lrDL8VioN1VJMc5avsls\" target=\"_blank\" rel=\"noreferrer noopener\"><img alt=\"\" loading=\"lazy\" decoding=\"async\" width=\"600\" height=\"600\" data-id=\"8217\" src=\"https:\/\/wp.unil.ch\/uniscope\/files\/2023\/10\/spotify.png\" alt=\"\" class=\"wp-image-8217\" srcset=\"https:\/\/wp.unil.ch\/uniscope\/files\/2023\/10\/spotify.png 600w, https:\/\/wp.unil.ch\/uniscope\/files\/2023\/10\/spotify-300x300.png 300w, https:\/\/wp.unil.ch\/uniscope\/files\/2023\/10\/spotify-150x150.png 150w, https:\/\/wp.unil.ch\/uniscope\/files\/2023\/10\/spotify-540x540.png 540w\" sizes=\"auto, (max-width: 600px) 100vw, 600px\" \/><\/a><\/figure>\n\n\n\n<figure class=\"wp-block-image size-full is-style-default\"><a href=\"https:\/\/youtube.com\/playlist?list=PLGLNN-KqKMrQi9Lw6vchAInFu6rV-mTUv&amp;si=AF0h147xUp63-4lc\" target=\"_blank\" rel=\" noreferrer noopener\"><img loading=\"lazy\" decoding=\"async\" width=\"256\" height=\"256\" data-id=\"12330\" src=\"https:\/\/wp.unil.ch\/uniscope\/files\/2025\/03\/432560.webp\" alt=\"432560\" class=\"wp-image-12330\" srcset=\"https:\/\/wp.unil.ch\/uniscope\/files\/2025\/03\/432560.webp 256w, https:\/\/wp.unil.ch\/uniscope\/files\/2025\/03\/432560-150x150.webp 150w\" sizes=\"auto, (max-width: 256px) 100vw, 256px\" \/><\/a><\/figure>\n\n\n\n<figure class=\"wp-block-image size-large\"><a href=\"https:\/\/podcasts.apple.com\/fr\/podcast\/luniscope-le-magazine-du-campus\/id523068664?uo=4\" target=\"_blank\" rel=\"noreferrer noopener\"><img alt=\"\" loading=\"lazy\" decoding=\"async\" width=\"600\" height=\"600\" data-id=\"8218\" src=\"https:\/\/wp.unil.ch\/uniscope\/files\/2023\/10\/applepodcasts.png\" alt=\"\" class=\"wp-image-8218\" srcset=\"https:\/\/wp.unil.ch\/uniscope\/files\/2023\/10\/applepodcasts.png 600w, https:\/\/wp.unil.ch\/uniscope\/files\/2023\/10\/applepodcasts-300x300.png 300w, https:\/\/wp.unil.ch\/uniscope\/files\/2023\/10\/applepodcasts-150x150.png 150w, https:\/\/wp.unil.ch\/uniscope\/files\/2023\/10\/applepodcasts-540x540.png 540w\" sizes=\"auto, (max-width: 600px) 100vw, 600px\" \/><\/a><\/figure>\n\n\n\n<figure class=\"wp-block-image size-full\"><a href=\"https:\/\/www.deezer.com\/show\/5230867\" target=\"_blank\" rel=\"noreferrer noopener\"><img alt=\"\" loading=\"lazy\" decoding=\"async\" width=\"600\" height=\"600\" data-id=\"10472\" src=\"https:\/\/wp.unil.ch\/uniscope\/files\/2024\/08\/deezer3.png\" alt=\"\" class=\"wp-image-10472\" srcset=\"https:\/\/wp.unil.ch\/uniscope\/files\/2024\/08\/deezer3.png 600w, https:\/\/wp.unil.ch\/uniscope\/files\/2024\/08\/deezer3-300x300.png 300w, https:\/\/wp.unil.ch\/uniscope\/files\/2024\/08\/deezer3-150x150.png 150w, https:\/\/wp.unil.ch\/uniscope\/files\/2024\/08\/deezer3-540x540.png 540w\" sizes=\"auto, (max-width: 600px) 100vw, 600px\" \/><\/a><\/figure>\n\n\n\n<figure class=\"wp-block-image size-large\"><a href=\"https:\/\/music.amazon.com\/podcasts\/e693ee68-f3b2-4012-b2ad-be837b576212\" target=\"_blank\" rel=\"noreferrer noopener\"><img alt=\"\" loading=\"lazy\" decoding=\"async\" width=\"600\" height=\"600\" data-id=\"8215\" src=\"https:\/\/wp.unil.ch\/uniscope\/files\/2023\/10\/amazon.png\" alt=\"\" class=\"wp-image-8215\" srcset=\"https:\/\/wp.unil.ch\/uniscope\/files\/2023\/10\/amazon.png 600w, https:\/\/wp.unil.ch\/uniscope\/files\/2023\/10\/amazon-300x300.png 300w, https:\/\/wp.unil.ch\/uniscope\/files\/2023\/10\/amazon-150x150.png 150w, https:\/\/wp.unil.ch\/uniscope\/files\/2023\/10\/amazon-540x540.png 540w\" sizes=\"auto, (max-width: 600px) 100vw, 600px\" \/><\/a><\/figure>\n<\/figure>\n\n\n\n<p><\/p>\n","protected":false},"excerpt":{"rendered":"<p>Quelles sont les cons\u00e9quences de la m\u00e9ritocratie&nbsp;? Que peut-on lire dans nos g\u00e8nes&nbsp;? Que se cache-t-il derri\u00e8re la surprotection parentale ou l\u2019architecture lausannoise&nbsp;? Ces questions (et bien d&rsquo;autres&nbsp;!)&hellip;<\/p>\n","protected":false},"author":108,"featured_media":12878,"parent":0,"menu_order":0,"comment_status":"closed","ping_status":"closed","template":"","meta":{"_seopress_robots_primary_cat":"","_seopress_titles_title":"","_seopress_titles_desc":"","_seopress_robots_index":"","_uag_custom_page_level_css":"","footnotes":""},"class_list":["post-9529","page","type-page","status-publish","has-post-thumbnail"],"uagb_featured_image_src":{"full":["https:\/\/wp.unil.ch\/uniscope\/files\/2025\/06\/podcast-uniscope.png",1200,700,false],"thumbnail":["https:\/\/wp.unil.ch\/uniscope\/files\/2025\/06\/podcast-uniscope-150x150.png",150,150,true],"medium":["https:\/\/wp.unil.ch\/uniscope\/files\/2025\/06\/podcast-uniscope-300x175.png",300,175,true],"medium_large":["https:\/\/wp.unil.ch\/uniscope\/files\/2025\/06\/podcast-uniscope-768x448.png",580,338,true],"large":["https:\/\/wp.unil.ch\/uniscope\/files\/2025\/06\/podcast-uniscope-1024x597.png",580,338,true],"1536x1536":["https:\/\/wp.unil.ch\/uniscope\/files\/2025\/06\/podcast-uniscope.png",1200,700,false],"2048x2048":["https:\/\/wp.unil.ch\/uniscope\/files\/2025\/06\/podcast-uniscope.png",1200,700,false],"post-thumbnail":["https:\/\/wp.unil.ch\/uniscope\/files\/2025\/06\/podcast-uniscope.png",1200,700,false],"chaplin_preview_image_low_resolution":["https:\/\/wp.unil.ch\/uniscope\/files\/2025\/06\/podcast-uniscope-540x315.png",540,315,true],"chaplin_preview_image_high_resolution":["https:\/\/wp.unil.ch\/uniscope\/files\/2025\/06\/podcast-uniscope-1080x630.png",1080,630,true],"chaplin_fullscreen":["https:\/\/wp.unil.ch\/uniscope\/files\/2025\/06\/podcast-uniscope.png",1200,700,false],"gform-image-choice-sm":["https:\/\/wp.unil.ch\/uniscope\/files\/2025\/06\/podcast-uniscope.png",300,175,false],"gform-image-choice-md":["https:\/\/wp.unil.ch\/uniscope\/files\/2025\/06\/podcast-uniscope.png",400,233,false],"gform-image-choice-lg":["https:\/\/wp.unil.ch\/uniscope\/files\/2025\/06\/podcast-uniscope.png",600,350,false],"mailpoet_newsletter_max":["https:\/\/wp.unil.ch\/uniscope\/files\/2025\/06\/podcast-uniscope.png",1200,700,false]},"uagb_author_info":{"display_name":"centre informatique","author_link":"https:\/\/wp.unil.ch\/uniscope\/author\/ci-unil\/"},"uagb_comment_info":0,"uagb_excerpt":"Quelles sont les cons\u00e9quences de la m\u00e9ritocratie&nbsp;? Que peut-on lire dans nos g\u00e8nes&nbsp;? Que se cache-t-il derri\u00e8re la surprotection parentale ou l\u2019architecture lausannoise&nbsp;? Ces questions (et bien d&rsquo;autres&nbsp;!)&hellip;","_links":{"self":[{"href":"https:\/\/wp.unil.ch\/uniscope\/wp-json\/wp\/v2\/pages\/9529","targetHints":{"allow":["GET"]}}],"collection":[{"href":"https:\/\/wp.unil.ch\/uniscope\/wp-json\/wp\/v2\/pages"}],"about":[{"href":"https:\/\/wp.unil.ch\/uniscope\/wp-json\/wp\/v2\/types\/page"}],"author":[{"embeddable":true,"href":"https:\/\/wp.unil.ch\/uniscope\/wp-json\/wp\/v2\/users\/108"}],"replies":[{"embeddable":true,"href":"https:\/\/wp.unil.ch\/uniscope\/wp-json\/wp\/v2\/comments?post=9529"}],"version-history":[{"count":4,"href":"https:\/\/wp.unil.ch\/uniscope\/wp-json\/wp\/v2\/pages\/9529\/revisions"}],"predecessor-version":[{"id":13122,"href":"https:\/\/wp.unil.ch\/uniscope\/wp-json\/wp\/v2\/pages\/9529\/revisions\/13122"}],"wp:featuredmedia":[{"embeddable":true,"href":"https:\/\/wp.unil.ch\/uniscope\/wp-json\/wp\/v2\/media\/12878"}],"wp:attachment":[{"href":"https:\/\/wp.unil.ch\/uniscope\/wp-json\/wp\/v2\/media?parent=9529"}],"curies":[{"name":"wp","href":"https:\/\/api.w.org\/{rel}","templated":true}]}}