{"id":465,"date":"2020-12-17T00:36:37","date_gmt":"2020-12-16T23:36:37","guid":{"rendered":"https:\/\/wp.unil.ch\/uniscope\/?page_id=465"},"modified":"2026-03-26T16:06:05","modified_gmt":"2026-03-26T15:06:05","slug":"qui-sommes-nous","status":"publish","type":"page","link":"https:\/\/wp.unil.ch\/uniscope\/qui-sommes-nous\/","title":{"rendered":"Qui sommes-nous ?"},"content":{"rendered":"\n<figure class=\"wp-block-embed is-type-video is-provider-youtube wp-block-embed-youtube wp-embed-aspect-16-9 wp-has-aspect-ratio\"><div class=\"wp-block-embed__wrapper\">\n<iframe loading=\"lazy\" title=\"L\u2019uniscope vous emm\u00e8ne dans ses coulisses\" width=\"580\" height=\"326\" src=\"https:\/\/www.youtube.com\/embed\/kFZ0iU3qovo?feature=oembed\" frameborder=\"0\" allow=\"accelerometer; autoplay; clipboard-write; encrypted-media; gyroscope; picture-in-picture; web-share\" referrerpolicy=\"strict-origin-when-cross-origin\" allowfullscreen><\/iframe>\n<\/div><\/figure>\n\n\n\n<p><em>L\u2019uniscope<\/em>, magazine en ligne du campus de l\u2019UNIL, est un m\u00e9dia con\u00e7u et r\u00e9alis\u00e9 par des professionnels et des journalistes RP qui s\u2019adresse \u00e0 l\u2019ensemble de la communaut\u00e9 universitaire. Son r\u00f4le est de mettre en lumi\u00e8re les acteurs et \u00e9v\u00e9nements du campus.<\/p>\n\n\n\n<p>Publi\u00e9 dans un format enti\u00e8rement digital depuis avril 2021, <em>L&rsquo;uniscope<\/em> \u00e9tait auparavant un journal papier imprim\u00e9 en 8&rsquo;000 exemplaires et distribu\u00e9 sur le campus de l&rsquo;Universit\u00e9 de Lausanne.<\/p>\n\n\n\n<h5 class=\"wp-block-heading\">R\u00e9dactrice  en chef<\/h5>\n\n\n\n<div class=\"wp-block-group pasmarge is-nowrap is-layout-flex wp-container-core-group-is-layout-ad2f72ca wp-block-group-is-layout-flex\">\n<ul class=\"wp-block-list\">\n<li><a href=\"https:\/\/wp.unil.ch\/uniscope\/author\/fzambano\/\">Francine Zambano<\/a><\/li>\n<\/ul>\n\n\n      \n\t\t\t<div class=\"uagb-icon-wrapper uagb-block-d90c7ae7  wp-block-uagb-icon--has-margin    \"\n\t\t\tstyle=\"\" >\n\t\t\t\t\t\t\t\t<div class='uagb-icon-margin-wrapper'>\n\t\t\t\t\t\t\t\t\t<span class=\"uagb-svg-wrapper\" \n\t\t\t\t\t aria-label=\"envelope\"\t\t\t\t\ttabindex=\"0\">\t\t\n\t\t\t\t\t\t\t\t\t\t<a rel=\"noopener noreferrer\" href=\"mailto:francine.zambano@unil.ch\" target=\"_self\"><svg xmlns=\"https:\/\/www.w3.org\/2000\/svg\" viewBox= \"0 0 512 512\" role=\"graphics-symbol\" aria-hidden=\"false\" aria-label=\"\"><path d=\"M464 64C490.5 64 512 85.49 512 112C512 127.1 504.9 141.3 492.8 150.4L275.2 313.6C263.8 322.1 248.2 322.1 236.8 313.6L19.2 150.4C7.113 141.3 0 127.1 0 112C0 85.49 21.49 64 48 64H464zM217.6 339.2C240.4 356.3 271.6 356.3 294.4 339.2L512 176V384C512 419.3 483.3 448 448 448H64C28.65 448 0 419.3 0 384V176L217.6 339.2z\"><\/path><\/svg><\/a>\n\t\t\t\t\t\t\t\t\t<\/span>\n\t\t\t\t\t\t\t\t<\/div>\n\t\t\t\t\t\t\t<\/div>\n\t\t\t<\/div>\n\n\n\n<h5 class=\"wp-block-heading\">R\u00e9dacteurs<\/h5>\n\n\n\n<div class=\"wp-block-group pasmarge is-nowrap is-layout-flex wp-container-core-group-is-layout-ad2f72ca wp-block-group-is-layout-flex\">\n<ul class=\"wp-block-list\">\n<li><a href=\"https:\/\/wp.unil.ch\/uniscope\/author\/fzambano\/\"><\/a><a href=\"https:\/\/wp.unil.ch\/uniscope\/author\/cbexbour\/\">Catherine Bex Bourqui<\/a><\/li>\n<\/ul>\n\n\n      \n\t\t\t<div class=\"uagb-icon-wrapper uagb-block-2fd12785  wp-block-uagb-icon--has-margin    \"\n\t\t\tstyle=\"\" >\n\t\t\t\t\t\t\t\t<div class='uagb-icon-margin-wrapper'>\n\t\t\t\t\t\t\t\t\t<span class=\"uagb-svg-wrapper\" \n\t\t\t\t\t aria-label=\"envelope\"\t\t\t\t\ttabindex=\"0\">\t\t\n\t\t\t\t\t\t\t\t\t\t<a rel=\"noopener noreferrer\" href=\"mailto:catherine.bex@unil.ch\" target=\"_self\"><svg xmlns=\"https:\/\/www.w3.org\/2000\/svg\" viewBox= \"0 0 512 512\" role=\"graphics-symbol\" aria-hidden=\"false\" aria-label=\"\"><path d=\"M464 64C490.5 64 512 85.49 512 112C512 127.1 504.9 141.3 492.8 150.4L275.2 313.6C263.8 322.1 248.2 322.1 236.8 313.6L19.2 150.4C7.113 141.3 0 127.1 0 112C0 85.49 21.49 64 48 64H464zM217.6 339.2C240.4 356.3 271.6 356.3 294.4 339.2L512 176V384C512 419.3 483.3 448 448 448H64C28.65 448 0 419.3 0 384V176L217.6 339.2z\"><\/path><\/svg><\/a>\n\t\t\t\t\t\t\t\t\t<\/span>\n\t\t\t\t\t\t\t\t<\/div>\n\t\t\t\t\t\t\t<\/div>\n\t\t\t<\/div>\n\n\n\n<div class=\"wp-block-group pasmarge is-nowrap is-layout-flex wp-container-core-group-is-layout-ad2f72ca wp-block-group-is-layout-flex\">\n<ul class=\"wp-block-list\">\n<li><a href=\"https:\/\/wp.unil.ch\/uniscope\/author\/fzambano\/\"><\/a><a href=\"https:\/\/wp.unil.ch\/uniscope\/author\/cbexbour\/\"><\/a><a href=\"https:\/\/wp.unil.ch\/uniscope\/author\/mdeveve1\/\"><\/a><a href=\"https:\/\/wp.unil.ch\/uniscope\/author\/fducrest\/\">Fabrice Ducrest<\/a> (sp\u00e9cialiste multim\u00e9dia)<\/li>\n<\/ul>\n\n\n      \n\t\t\t<div class=\"uagb-icon-wrapper uagb-block-16683aa8  wp-block-uagb-icon--has-margin    \"\n\t\t\tstyle=\"\" >\n\t\t\t\t\t\t\t\t<div class='uagb-icon-margin-wrapper'>\n\t\t\t\t\t\t\t\t\t<span class=\"uagb-svg-wrapper\" \n\t\t\t\t\t aria-label=\"envelope\"\t\t\t\t\ttabindex=\"0\">\t\t\n\t\t\t\t\t\t\t\t\t\t<a rel=\"noopener noreferrer\" href=\"mailto:fabrice.ducrest@unil.ch\" target=\"_self\"><svg xmlns=\"https:\/\/www.w3.org\/2000\/svg\" viewBox= \"0 0 512 512\" role=\"graphics-symbol\" aria-hidden=\"false\" aria-label=\"\"><path d=\"M464 64C490.5 64 512 85.49 512 112C512 127.1 504.9 141.3 492.8 150.4L275.2 313.6C263.8 322.1 248.2 322.1 236.8 313.6L19.2 150.4C7.113 141.3 0 127.1 0 112C0 85.49 21.49 64 48 64H464zM217.6 339.2C240.4 356.3 271.6 356.3 294.4 339.2L512 176V384C512 419.3 483.3 448 448 448H64C28.65 448 0 419.3 0 384V176L217.6 339.2z\"><\/path><\/svg><\/a>\n\t\t\t\t\t\t\t\t\t<\/span>\n\t\t\t\t\t\t\t\t<\/div>\n\t\t\t\t\t\t\t<\/div>\n\t\t\t<\/div>\n\n\n\n<div class=\"wp-block-group pasmarge is-nowrap is-layout-flex wp-container-core-group-is-layout-ad2f72ca wp-block-group-is-layout-flex\">\n<ul class=\"wp-block-list\">\n<li><a href=\"https:\/\/wp.unil.ch\/uniscope\/author\/fzambano\/\"><\/a><a href=\"https:\/\/wp.unil.ch\/uniscope\/author\/cbexbour\/\"><\/a><a href=\"https:\/\/wp.unil.ch\/uniscope\/author\/mdeveve1\/\"><\/a><a href=\"https:\/\/wp.unil.ch\/uniscope\/author\/jjoliat\/\">Joyce Joliat<\/a><\/li>\n<\/ul>\n\n\n      \n\t\t\t<div class=\"uagb-icon-wrapper uagb-block-434c7142  wp-block-uagb-icon--has-margin    \"\n\t\t\tstyle=\"\" >\n\t\t\t\t\t\t\t\t<div class='uagb-icon-margin-wrapper'>\n\t\t\t\t\t\t\t\t\t<span class=\"uagb-svg-wrapper\" \n\t\t\t\t\t aria-label=\"envelope\"\t\t\t\t\ttabindex=\"0\">\t\t\n\t\t\t\t\t\t\t\t\t\t<a rel=\"noopener noreferrer\" href=\"mailto:joyce.joliat@unil.ch\" target=\"_self\"><svg xmlns=\"https:\/\/www.w3.org\/2000\/svg\" viewBox= \"0 0 512 512\" role=\"graphics-symbol\" aria-hidden=\"false\" aria-label=\"\"><path d=\"M464 64C490.5 64 512 85.49 512 112C512 127.1 504.9 141.3 492.8 150.4L275.2 313.6C263.8 322.1 248.2 322.1 236.8 313.6L19.2 150.4C7.113 141.3 0 127.1 0 112C0 85.49 21.49 64 48 64H464zM217.6 339.2C240.4 356.3 271.6 356.3 294.4 339.2L512 176V384C512 419.3 483.3 448 448 448H64C28.65 448 0 419.3 0 384V176L217.6 339.2z\"><\/path><\/svg><\/a>\n\t\t\t\t\t\t\t\t\t<\/span>\n\t\t\t\t\t\t\t\t<\/div>\n\t\t\t\t\t\t\t<\/div>\n\t\t\t<\/div>\n\n\n\n<div class=\"wp-block-group pasmarge is-nowrap is-layout-flex wp-container-core-group-is-layout-ad2f72ca wp-block-group-is-layout-flex\">\n<ul class=\"wp-block-list\">\n<li><a href=\"https:\/\/wp.unil.ch\/uniscope\/author\/fzambano\/\"><\/a><a href=\"https:\/\/wp.unil.ch\/uniscope\/author\/cbexbour\/\"><\/a><a href=\"https:\/\/wp.unil.ch\/uniscope\/author\/mdeveve1\/\"><\/a><a href=\"https:\/\/wp.unil.ch\/uniscope\/author\/gmonayro\/\">Ga\u00eblle Monayron<\/a><\/li>\n<\/ul>\n\n\n      \n\t\t\t<div class=\"uagb-icon-wrapper uagb-block-82ae57f6  wp-block-uagb-icon--has-margin    \"\n\t\t\tstyle=\"\" >\n\t\t\t\t\t\t\t\t<div class='uagb-icon-margin-wrapper'>\n\t\t\t\t\t\t\t\t\t<span class=\"uagb-svg-wrapper\" \n\t\t\t\t\t aria-label=\"envelope\"\t\t\t\t\ttabindex=\"0\">\t\t\n\t\t\t\t\t\t\t\t\t\t<a rel=\"noopener noreferrer\" href=\"mailto:gaelle.monayron@unil.ch\" target=\"_self\"><svg xmlns=\"https:\/\/www.w3.org\/2000\/svg\" viewBox= \"0 0 512 512\" role=\"graphics-symbol\" aria-hidden=\"false\" aria-label=\"\"><path d=\"M464 64C490.5 64 512 85.49 512 112C512 127.1 504.9 141.3 492.8 150.4L275.2 313.6C263.8 322.1 248.2 322.1 236.8 313.6L19.2 150.4C7.113 141.3 0 127.1 0 112C0 85.49 21.49 64 48 64H464zM217.6 339.2C240.4 356.3 271.6 356.3 294.4 339.2L512 176V384C512 419.3 483.3 448 448 448H64C28.65 448 0 419.3 0 384V176L217.6 339.2z\"><\/path><\/svg><\/a>\n\t\t\t\t\t\t\t\t\t<\/span>\n\t\t\t\t\t\t\t\t<\/div>\n\t\t\t\t\t\t\t<\/div>\n\t\t\t<\/div>\n\n\n\n<div class=\"wp-block-group pasmarge is-nowrap is-layout-flex wp-container-core-group-is-layout-ad2f72ca wp-block-group-is-layout-flex\">\n<ul class=\"wp-block-list\">\n<li><a href=\"https:\/\/wp.unil.ch\/uniscope\/author\/fzambano\/\"><\/a><a href=\"https:\/\/wp.unil.ch\/uniscope\/author\/cbexbour\/\"><\/a><a href=\"https:\/\/wp.unil.ch\/uniscope\/author\/mdeveve1\/\"><\/a><a href=\"https:\/\/wp.unil.ch\/uniscope\/author\/dspring1\/\">David Spring<\/a><\/li>\n<\/ul>\n\n\n      \n\t\t\t<div class=\"uagb-icon-wrapper uagb-block-0f9fdf8b  wp-block-uagb-icon--has-margin    \"\n\t\t\tstyle=\"\" >\n\t\t\t\t\t\t\t\t<div class='uagb-icon-margin-wrapper'>\n\t\t\t\t\t\t\t\t\t<span class=\"uagb-svg-wrapper\" \n\t\t\t\t\t aria-label=\"envelope\"\t\t\t\t\ttabindex=\"0\">\t\t\n\t\t\t\t\t\t\t\t\t\t<a rel=\"noopener noreferrer\" href=\"mailto:david.spring@unil.ch\" target=\"_self\"><svg xmlns=\"https:\/\/www.w3.org\/2000\/svg\" viewBox= \"0 0 512 512\" role=\"graphics-symbol\" aria-hidden=\"false\" aria-label=\"\"><path d=\"M464 64C490.5 64 512 85.49 512 112C512 127.1 504.9 141.3 492.8 150.4L275.2 313.6C263.8 322.1 248.2 322.1 236.8 313.6L19.2 150.4C7.113 141.3 0 127.1 0 112C0 85.49 21.49 64 48 64H464zM217.6 339.2C240.4 356.3 271.6 356.3 294.4 339.2L512 176V384C512 419.3 483.3 448 448 448H64C28.65 448 0 419.3 0 384V176L217.6 339.2z\"><\/path><\/svg><\/a>\n\t\t\t\t\t\t\t\t\t<\/span>\n\t\t\t\t\t\t\t\t<\/div>\n\t\t\t\t\t\t\t<\/div>\n\t\t\t<\/div>\n\n\n\n<h5 class=\"wp-block-heading\">Correction<\/h5>\n\n\n\n<div class=\"wp-block-group pasmarge is-nowrap is-layout-flex wp-container-core-group-is-layout-ad2f72ca wp-block-group-is-layout-flex\">\n<ul class=\"wp-block-list\">\n<li><a href=\"https:\/\/wp.unil.ch\/uniscope\/author\/fzambano\/\"><\/a><a href=\"https:\/\/wp.unil.ch\/uniscope\/author\/cbexbour\/\"><\/a><a href=\"https:\/\/wp.unil.ch\/uniscope\/author\/mdeveve1\/\"><\/a>Marco Di Biase<\/li>\n<\/ul>\n\n\n      \n\t\t\t<div class=\"uagb-icon-wrapper uagb-block-8fcf4b48  wp-block-uagb-icon--has-margin    \"\n\t\t\tstyle=\"\" >\n\t\t\t\t\t\t\t\t<div class='uagb-icon-margin-wrapper'>\n\t\t\t\t\t\t\t\t\t<span class=\"uagb-svg-wrapper\" \n\t\t\t\t\t aria-label=\"envelope\"\t\t\t\t\ttabindex=\"0\">\t\t\n\t\t\t\t\t\t\t\t\t\t<a rel=\"noopener noreferrer\" href=\"mailto:mardibiase@hotmail.com\" target=\"_self\"><svg xmlns=\"https:\/\/www.w3.org\/2000\/svg\" viewBox= \"0 0 512 512\" role=\"graphics-symbol\" aria-hidden=\"false\" aria-label=\"\"><path d=\"M464 64C490.5 64 512 85.49 512 112C512 127.1 504.9 141.3 492.8 150.4L275.2 313.6C263.8 322.1 248.2 322.1 236.8 313.6L19.2 150.4C7.113 141.3 0 127.1 0 112C0 85.49 21.49 64 48 64H464zM217.6 339.2C240.4 356.3 271.6 356.3 294.4 339.2L512 176V384C512 419.3 483.3 448 448 448H64C28.65 448 0 419.3 0 384V176L217.6 339.2z\"><\/path><\/svg><\/a>\n\t\t\t\t\t\t\t\t\t<\/span>\n\t\t\t\t\t\t\t\t<\/div>\n\t\t\t\t\t\t\t<\/div>\n\t\t\t<\/div>\n\n\n\n<h5 class=\"wp-block-heading\">Conception graphique et technique<\/h5>\n\n\n\n<div class=\"wp-block-group pasmarge is-nowrap is-layout-flex wp-container-core-group-is-layout-ad2f72ca wp-block-group-is-layout-flex\">\n<ul class=\"wp-block-list\">\n<li><a href=\"https:\/\/wp.unil.ch\/uniscope\/author\/fzambano\/\"><\/a><a href=\"https:\/\/wp.unil.ch\/uniscope\/author\/cbexbour\/\"><\/a><a href=\"https:\/\/wp.unil.ch\/uniscope\/author\/mdeveve1\/\"><\/a>Floriane Beetschen<\/li>\n<\/ul>\n\n\n      \n\t\t\t<div class=\"uagb-icon-wrapper uagb-block-7a025e6c  wp-block-uagb-icon--has-margin    \"\n\t\t\tstyle=\"\" >\n\t\t\t\t\t\t\t\t<div class='uagb-icon-margin-wrapper'>\n\t\t\t\t\t\t\t\t\t<span class=\"uagb-svg-wrapper\" \n\t\t\t\t\t aria-label=\"envelope\"\t\t\t\t\ttabindex=\"0\">\t\t\n\t\t\t\t\t\t\t\t\t\t<a rel=\"noopener noreferrer\" href=\"mailto:floriane.beetschen@unil.ch\" target=\"_self\"><svg xmlns=\"https:\/\/www.w3.org\/2000\/svg\" viewBox= \"0 0 512 512\" role=\"graphics-symbol\" aria-hidden=\"false\" aria-label=\"\"><path d=\"M464 64C490.5 64 512 85.49 512 112C512 127.1 504.9 141.3 492.8 150.4L275.2 313.6C263.8 322.1 248.2 322.1 236.8 313.6L19.2 150.4C7.113 141.3 0 127.1 0 112C0 85.49 21.49 64 48 64H464zM217.6 339.2C240.4 356.3 271.6 356.3 294.4 339.2L512 176V384C512 419.3 483.3 448 448 448H64C28.65 448 0 419.3 0 384V176L217.6 339.2z\"><\/path><\/svg><\/a>\n\t\t\t\t\t\t\t\t\t<\/span>\n\t\t\t\t\t\t\t\t<\/div>\n\t\t\t\t\t\t\t<\/div>\n\t\t\t<\/div>\n\n\n\n<div class=\"wp-block-group pasmarge is-nowrap is-layout-flex wp-container-core-group-is-layout-ad2f72ca wp-block-group-is-layout-flex\">\n<ul class=\"wp-block-list\">\n<li><a href=\"https:\/\/wp.unil.ch\/uniscope\/author\/fzambano\/\"><\/a><a href=\"https:\/\/wp.unil.ch\/uniscope\/author\/cbexbour\/\"><\/a><a href=\"https:\/\/wp.unil.ch\/uniscope\/author\/mdeveve1\/\"><\/a>Jo\u00eblle Proz<\/li>\n<\/ul>\n\n\n      \n\t\t\t<div class=\"uagb-icon-wrapper uagb-block-b2dc488a  wp-block-uagb-icon--has-margin    \"\n\t\t\tstyle=\"\" >\n\t\t\t\t\t\t\t\t<div class='uagb-icon-margin-wrapper'>\n\t\t\t\t\t\t\t\t\t<span class=\"uagb-svg-wrapper\" \n\t\t\t\t\t aria-label=\"envelope\"\t\t\t\t\ttabindex=\"0\">\t\t\n\t\t\t\t\t\t\t\t\t\t<a rel=\"noopener noreferrer\" href=\"mailto:joelle.proz@unil.ch\" target=\"_self\"><svg xmlns=\"https:\/\/www.w3.org\/2000\/svg\" viewBox= \"0 0 512 512\" role=\"graphics-symbol\" aria-hidden=\"false\" aria-label=\"\"><path d=\"M464 64C490.5 64 512 85.49 512 112C512 127.1 504.9 141.3 492.8 150.4L275.2 313.6C263.8 322.1 248.2 322.1 236.8 313.6L19.2 150.4C7.113 141.3 0 127.1 0 112C0 85.49 21.49 64 48 64H464zM217.6 339.2C240.4 356.3 271.6 356.3 294.4 339.2L512 176V384C512 419.3 483.3 448 448 448H64C28.65 448 0 419.3 0 384V176L217.6 339.2z\"><\/path><\/svg><\/a>\n\t\t\t\t\t\t\t\t\t<\/span>\n\t\t\t\t\t\t\t\t<\/div>\n\t\t\t\t\t\t\t<\/div>\n\t\t\t<\/div>\n\n\n\n<h5 class=\"wp-block-heading\">Photographie<\/h5>\n\n\n\n<div class=\"wp-block-group pasmarge is-nowrap is-layout-flex wp-container-core-group-is-layout-ad2f72ca wp-block-group-is-layout-flex\">\n<ul class=\"wp-block-list\">\n<li><a href=\"https:\/\/wp.unil.ch\/uniscope\/author\/fzambano\/\"><\/a><a href=\"https:\/\/wp.unil.ch\/uniscope\/author\/cbexbour\/\"><\/a><a href=\"https:\/\/wp.unil.ch\/uniscope\/author\/mdeveve1\/\"><\/a><a href=\"https:\/\/wp.unil.ch\/uniscope\/author\/fducrest\/\">Fabrice Ducrest<\/a> (sp\u00e9cialiste multim\u00e9dia)<\/li>\n<\/ul>\n\n\n      \n\t\t\t<div class=\"uagb-icon-wrapper uagb-block-e2182c0c  wp-block-uagb-icon--has-margin    \"\n\t\t\tstyle=\"\" >\n\t\t\t\t\t\t\t\t<div class='uagb-icon-margin-wrapper'>\n\t\t\t\t\t\t\t\t\t<span class=\"uagb-svg-wrapper\" \n\t\t\t\t\t aria-label=\"envelope\"\t\t\t\t\ttabindex=\"0\">\t\t\n\t\t\t\t\t\t\t\t\t\t<a rel=\"noopener noreferrer\" href=\"mailto:fabrice.ducrest@unil.ch\" target=\"_self\"><svg xmlns=\"https:\/\/www.w3.org\/2000\/svg\" viewBox= \"0 0 512 512\" role=\"graphics-symbol\" aria-hidden=\"false\" aria-label=\"\"><path d=\"M464 64C490.5 64 512 85.49 512 112C512 127.1 504.9 141.3 492.8 150.4L275.2 313.6C263.8 322.1 248.2 322.1 236.8 313.6L19.2 150.4C7.113 141.3 0 127.1 0 112C0 85.49 21.49 64 48 64H464zM217.6 339.2C240.4 356.3 271.6 356.3 294.4 339.2L512 176V384C512 419.3 483.3 448 448 448H64C28.65 448 0 419.3 0 384V176L217.6 339.2z\"><\/path><\/svg><\/a>\n\t\t\t\t\t\t\t\t\t<\/span>\n\t\t\t\t\t\t\t\t<\/div>\n\t\t\t\t\t\t\t<\/div>\n\t\t\t<\/div>\n\n\n\n<div class=\"wp-block-group pasmarge is-nowrap is-layout-flex wp-container-core-group-is-layout-ad2f72ca wp-block-group-is-layout-flex\">\n<ul class=\"wp-block-list\">\n<li><a href=\"https:\/\/wp.unil.ch\/uniscope\/author\/fzambano\/\"><\/a><a href=\"https:\/\/wp.unil.ch\/uniscope\/author\/cbexbour\/\"><\/a><a href=\"https:\/\/wp.unil.ch\/uniscope\/author\/mdeveve1\/\"><\/a>F\u00e9lix Imhof<\/li>\n<\/ul>\n\n\n      \n\t\t\t<div class=\"uagb-icon-wrapper uagb-block-886f0657  wp-block-uagb-icon--has-margin    \"\n\t\t\tstyle=\"\" >\n\t\t\t\t\t\t\t\t<div class='uagb-icon-margin-wrapper'>\n\t\t\t\t\t\t\t\t\t<span class=\"uagb-svg-wrapper\" \n\t\t\t\t\t aria-label=\"envelope\"\t\t\t\t\ttabindex=\"0\">\t\t\n\t\t\t\t\t\t\t\t\t\t<a rel=\"noopener noreferrer\" href=\"mailto:ifelix@citycable.ch\" target=\"_self\"><svg xmlns=\"https:\/\/www.w3.org\/2000\/svg\" viewBox= \"0 0 512 512\" role=\"graphics-symbol\" aria-hidden=\"false\" aria-label=\"\"><path d=\"M464 64C490.5 64 512 85.49 512 112C512 127.1 504.9 141.3 492.8 150.4L275.2 313.6C263.8 322.1 248.2 322.1 236.8 313.6L19.2 150.4C7.113 141.3 0 127.1 0 112C0 85.49 21.49 64 48 64H464zM217.6 339.2C240.4 356.3 271.6 356.3 294.4 339.2L512 176V384C512 419.3 483.3 448 448 448H64C28.65 448 0 419.3 0 384V176L217.6 339.2z\"><\/path><\/svg><\/a>\n\t\t\t\t\t\t\t\t\t<\/span>\n\t\t\t\t\t\t\t\t<\/div>\n\t\t\t\t\t\t\t<\/div>\n\t\t\t<\/div>\n\n\n\n<h5 class=\"wp-block-heading\">Directeur de publication<\/h5>\n\n\n\n<div class=\"wp-block-group pasmarge is-nowrap is-layout-flex wp-container-core-group-is-layout-ad2f72ca wp-block-group-is-layout-flex\">\n<ul class=\"wp-block-list\">\n<li><a href=\"https:\/\/wp.unil.ch\/uniscope\/author\/fzambano\/\"><\/a><a href=\"https:\/\/wp.unil.ch\/uniscope\/author\/cbexbour\/\"><\/a><a href=\"https:\/\/wp.unil.ch\/uniscope\/author\/mdeveve1\/\"><\/a>Philippe Gagnebin<\/li>\n<\/ul>\n\n\n      \n\t\t\t<div class=\"uagb-icon-wrapper uagb-block-7b10907e  wp-block-uagb-icon--has-margin    \"\n\t\t\tstyle=\"\" >\n\t\t\t\t\t\t\t\t<div class='uagb-icon-margin-wrapper'>\n\t\t\t\t\t\t\t\t\t<span class=\"uagb-svg-wrapper\" \n\t\t\t\t\t aria-label=\"envelope\"\t\t\t\t\ttabindex=\"0\">\t\t\n\t\t\t\t\t\t\t\t\t\t<a rel=\"noopener noreferrer\" href=\"mailto:philippe.gagnebin@unil.ch\" target=\"_self\"><svg xmlns=\"https:\/\/www.w3.org\/2000\/svg\" viewBox= \"0 0 512 512\" role=\"graphics-symbol\" aria-hidden=\"false\" aria-label=\"\"><path d=\"M464 64C490.5 64 512 85.49 512 112C512 127.1 504.9 141.3 492.8 150.4L275.2 313.6C263.8 322.1 248.2 322.1 236.8 313.6L19.2 150.4C7.113 141.3 0 127.1 0 112C0 85.49 21.49 64 48 64H464zM217.6 339.2C240.4 356.3 271.6 356.3 294.4 339.2L512 176V384C512 419.3 483.3 448 448 448H64C28.65 448 0 419.3 0 384V176L217.6 339.2z\"><\/path><\/svg><\/a>\n\t\t\t\t\t\t\t\t\t<\/span>\n\t\t\t\t\t\t\t\t<\/div>\n\t\t\t\t\t\t\t<\/div>\n\t\t\t<\/div>\n\n\n\n<div style=\"height:20px\" aria-hidden=\"true\" class=\"wp-block-spacer\"><\/div>\n\n\n\n<p><a href=\"https:\/\/www.unil.ch\/unil\/fr\/home\/menuinst\/universite\/organisation-universite\/unites-et-services\/unicom-service-communication-audiovisuel.html\" target=\"_blank\" rel=\"noreferrer noopener\">Une publication d&rsquo;Unicom<\/a>, Service de communication et d&rsquo;audiovisuel de l&rsquo;Universit\u00e9 de Lausanne.<\/p>\n","protected":false},"excerpt":{"rendered":"<p>L\u2019uniscope, magazine en ligne du campus de l\u2019UNIL, est un m\u00e9dia con\u00e7u et r\u00e9alis\u00e9 par des professionnels et des journalistes RP qui s\u2019adresse \u00e0 l\u2019ensemble de la communaut\u00e9&hellip;<\/p>\n","protected":false},"author":1001932,"featured_media":0,"parent":0,"menu_order":10,"comment_status":"closed","ping_status":"closed","template":"","meta":{"_seopress_robots_primary_cat":"","_seopress_titles_title":"","_seopress_titles_desc":"","_seopress_robots_index":"","_uag_custom_page_level_css":"","footnotes":""},"class_list":["post-465","page","type-page","status-publish","has-post-thumbnail"],"uagb_featured_image_src":{"full":false,"thumbnail":false,"medium":false,"medium_large":false,"large":false,"1536x1536":false,"2048x2048":false,"post-thumbnail":false,"chaplin_preview_image_low_resolution":false,"chaplin_preview_image_high_resolution":false,"chaplin_fullscreen":false,"gform-image-choice-sm":false,"gform-image-choice-md":false,"gform-image-choice-lg":false,"mailpoet_newsletter_max":false},"uagb_author_info":{"display_name":"","author_link":"https:\/\/wp.unil.ch\/uniscope\/author\/"},"uagb_comment_info":0,"uagb_excerpt":"L\u2019uniscope, magazine en ligne du campus de l\u2019UNIL, est un m\u00e9dia con\u00e7u et r\u00e9alis\u00e9 par des professionnels et des journalistes RP qui s\u2019adresse \u00e0 l\u2019ensemble de la communaut\u00e9&hellip;","_links":{"self":[{"href":"https:\/\/wp.unil.ch\/uniscope\/wp-json\/wp\/v2\/pages\/465","targetHints":{"allow":["GET"]}}],"collection":[{"href":"https:\/\/wp.unil.ch\/uniscope\/wp-json\/wp\/v2\/pages"}],"about":[{"href":"https:\/\/wp.unil.ch\/uniscope\/wp-json\/wp\/v2\/types\/page"}],"author":[{"embeddable":true,"href":"https:\/\/wp.unil.ch\/uniscope\/wp-json\/wp\/v2\/users\/1001932"}],"replies":[{"embeddable":true,"href":"https:\/\/wp.unil.ch\/uniscope\/wp-json\/wp\/v2\/comments?post=465"}],"version-history":[{"count":5,"href":"https:\/\/wp.unil.ch\/uniscope\/wp-json\/wp\/v2\/pages\/465\/revisions"}],"predecessor-version":[{"id":14372,"href":"https:\/\/wp.unil.ch\/uniscope\/wp-json\/wp\/v2\/pages\/465\/revisions\/14372"}],"wp:attachment":[{"href":"https:\/\/wp.unil.ch\/uniscope\/wp-json\/wp\/v2\/media?parent=465"}],"curies":[{"name":"wp","href":"https:\/\/api.w.org\/{rel}","templated":true}]}}