{"id":2227,"date":"2021-04-08T11:33:18","date_gmt":"2021-04-08T09:33:18","guid":{"rendered":"https:\/\/wp.unil.ch\/uniscope\/?page_id=2227"},"modified":"2023-10-18T10:09:44","modified_gmt":"2023-10-18T08:09:44","slug":"archives","status":"publish","type":"page","link":"https:\/\/wp.unil.ch\/uniscope\/archives\/","title":{"rendered":"Archives"},"content":{"rendered":"\n<h2 class=\"wp-block-heading\">Le magazine du campus<\/h2>\n\n\n\n<p>Le \u00a0magazine du campus de l\u2019UNIL, <a href=\"https:\/\/wp.unil.ch\/uniscope\/archives-de-ledition-papier\/\" data-type=\"page\" data-id=\"7202\">autrefois imprim\u00e9 et paraissant 10 fois par an<\/a>, est d\u00e9sormais publi\u00e9 exclusivement en ligne. Cette version conserve les valeurs et l\u2019objectif de la version papier\u00a0: mettre en lumi\u00e8re la vie de l\u2019Universit\u00e9 \u00e0 travers des reportages, des portraits, des interviews, etc. Des galeries photos, des vid\u00e9os, des podcasts et un nouveau jeu enrichissent l\u2019offre.<\/p>\n\n\n\n<div class=\"wp-block-columns is-layout-flex wp-container-core-columns-is-layout-9d6595d7 wp-block-columns-is-layout-flex\">\n<div class=\"wp-block-column is-layout-flow wp-block-column-is-layout-flow\">\n<h4 class=\"wp-block-heading\">Archives par date<\/h4>\n\n\n<ul class=\"wp-block-archives-list wp-block-archives\">\t<li><a href='https:\/\/wp.unil.ch\/uniscope\/2026\/04\/'>avril 2026<\/a>&nbsp;(1)<\/li>\n\t<li><a href='https:\/\/wp.unil.ch\/uniscope\/2026\/03\/'>mars 2026<\/a>&nbsp;(10)<\/li>\n\t<li><a href='https:\/\/wp.unil.ch\/uniscope\/2026\/02\/'>f\u00e9vrier 2026<\/a>&nbsp;(8)<\/li>\n\t<li><a href='https:\/\/wp.unil.ch\/uniscope\/2026\/01\/'>janvier 2026<\/a>&nbsp;(6)<\/li>\n\t<li><a href='https:\/\/wp.unil.ch\/uniscope\/2025\/11\/'>novembre 2025<\/a>&nbsp;(13)<\/li>\n\t<li><a href='https:\/\/wp.unil.ch\/uniscope\/2025\/09\/'>septembre 2025<\/a>&nbsp;(17)<\/li>\n\t<li><a href='https:\/\/wp.unil.ch\/uniscope\/2025\/06\/'>juin 2025<\/a>&nbsp;(13)<\/li>\n\t<li><a href='https:\/\/wp.unil.ch\/uniscope\/2025\/05\/'>mai 2025<\/a>&nbsp;(1)<\/li>\n\t<li><a href='https:\/\/wp.unil.ch\/uniscope\/2025\/04\/'>avril 2025<\/a>&nbsp;(20)<\/li>\n\t<li><a href='https:\/\/wp.unil.ch\/uniscope\/2025\/02\/'>f\u00e9vrier 2025<\/a>&nbsp;(19)<\/li>\n\t<li><a href='https:\/\/wp.unil.ch\/uniscope\/2024\/12\/'>d\u00e9cembre 2024<\/a>&nbsp;(15)<\/li>\n\t<li><a href='https:\/\/wp.unil.ch\/uniscope\/2024\/11\/'>novembre 2024<\/a>&nbsp;(19)<\/li>\n\t<li><a href='https:\/\/wp.unil.ch\/uniscope\/2024\/09\/'>septembre 2024<\/a>&nbsp;(20)<\/li>\n\t<li><a href='https:\/\/wp.unil.ch\/uniscope\/2024\/06\/'>juin 2024<\/a>&nbsp;(13)<\/li>\n\t<li><a href='https:\/\/wp.unil.ch\/uniscope\/2024\/05\/'>mai 2024<\/a>&nbsp;(18)<\/li>\n\t<li><a href='https:\/\/wp.unil.ch\/uniscope\/2024\/03\/'>mars 2024<\/a>&nbsp;(14)<\/li>\n\t<li><a href='https:\/\/wp.unil.ch\/uniscope\/2024\/02\/'>f\u00e9vrier 2024<\/a>&nbsp;(16)<\/li>\n\t<li><a href='https:\/\/wp.unil.ch\/uniscope\/2023\/12\/'>d\u00e9cembre 2023<\/a>&nbsp;(11)<\/li>\n\t<li><a href='https:\/\/wp.unil.ch\/uniscope\/2023\/11\/'>novembre 2023<\/a>&nbsp;(1)<\/li>\n\t<li><a href='https:\/\/wp.unil.ch\/uniscope\/2023\/10\/'>octobre 2023<\/a>&nbsp;(11)<\/li>\n\t<li><a href='https:\/\/wp.unil.ch\/uniscope\/2023\/09\/'>septembre 2023<\/a>&nbsp;(18)<\/li>\n\t<li><a href='https:\/\/wp.unil.ch\/uniscope\/2023\/06\/'>juin 2023<\/a>&nbsp;(9)<\/li>\n\t<li><a href='https:\/\/wp.unil.ch\/uniscope\/2023\/05\/'>mai 2023<\/a>&nbsp;(20)<\/li>\n\t<li><a href='https:\/\/wp.unil.ch\/uniscope\/2023\/03\/'>mars 2023<\/a>&nbsp;(11)<\/li>\n\t<li><a href='https:\/\/wp.unil.ch\/uniscope\/2023\/02\/'>f\u00e9vrier 2023<\/a>&nbsp;(12)<\/li>\n\t<li><a href='https:\/\/wp.unil.ch\/uniscope\/2022\/12\/'>d\u00e9cembre 2022<\/a>&nbsp;(12)<\/li>\n\t<li><a href='https:\/\/wp.unil.ch\/uniscope\/2022\/11\/'>novembre 2022<\/a>&nbsp;(1)<\/li>\n\t<li><a href='https:\/\/wp.unil.ch\/uniscope\/2022\/10\/'>octobre 2022<\/a>&nbsp;(11)<\/li>\n\t<li><a href='https:\/\/wp.unil.ch\/uniscope\/2022\/09\/'>septembre 2022<\/a>&nbsp;(16)<\/li>\n\t<li><a href='https:\/\/wp.unil.ch\/uniscope\/2022\/06\/'>juin 2022<\/a>&nbsp;(11)<\/li>\n\t<li><a href='https:\/\/wp.unil.ch\/uniscope\/2022\/05\/'>mai 2022<\/a>&nbsp;(14)<\/li>\n\t<li><a href='https:\/\/wp.unil.ch\/uniscope\/2022\/04\/'>avril 2022<\/a>&nbsp;(13)<\/li>\n\t<li><a href='https:\/\/wp.unil.ch\/uniscope\/2022\/03\/'>mars 2022<\/a>&nbsp;(13)<\/li>\n\t<li><a href='https:\/\/wp.unil.ch\/uniscope\/2022\/01\/'>janvier 2022<\/a>&nbsp;(11)<\/li>\n\t<li><a href='https:\/\/wp.unil.ch\/uniscope\/2021\/12\/'>d\u00e9cembre 2021<\/a>&nbsp;(4)<\/li>\n\t<li><a href='https:\/\/wp.unil.ch\/uniscope\/2021\/11\/'>novembre 2021<\/a>&nbsp;(13)<\/li>\n\t<li><a href='https:\/\/wp.unil.ch\/uniscope\/2021\/10\/'>octobre 2021<\/a>&nbsp;(8)<\/li>\n\t<li><a href='https:\/\/wp.unil.ch\/uniscope\/2021\/09\/'>septembre 2021<\/a>&nbsp;(13)<\/li>\n\t<li><a href='https:\/\/wp.unil.ch\/uniscope\/2021\/07\/'>juillet 2021<\/a>&nbsp;(3)<\/li>\n\t<li><a href='https:\/\/wp.unil.ch\/uniscope\/2021\/06\/'>juin 2021<\/a>&nbsp;(2)<\/li>\n\t<li><a href='https:\/\/wp.unil.ch\/uniscope\/2021\/05\/'>mai 2021<\/a>&nbsp;(13)<\/li>\n\t<li><a href='https:\/\/wp.unil.ch\/uniscope\/2021\/04\/'>avril 2021<\/a>&nbsp;(17)<\/li>\n<\/ul>\n\n\n<h4 class=\"wp-block-heading\">Archives de l&rsquo;\u00e9dition papier<\/h4>\n\n\n\n<p class=\"archives\" style=\"font-size:17px\"><a href=\"https:\/\/wp.unil.ch\/uniscope\/archives-de-ledition-papier\/\" data-type=\"page\" data-id=\"7202\">Ann\u00e9es acad\u00e9miques 2010 \u00e0 2020<\/a><\/p>\n<\/div>\n\n\n\n<div class=\"wp-block-column is-layout-flow wp-block-column-is-layout-flow\">\n<h4 class=\"wp-block-heading\">Archives par th\u00e8me<\/h4>\n\n\n<ul class=\"wp-block-categories-list wp-block-categories\">\t<li class=\"cat-item cat-item-160\"><a href=\"https:\/\/wp.unil.ch\/uniscope\/aussi-dans-lactu\/\">Aussi dans l&#039;actu<\/a> (5)\n<\/li>\n\t<li class=\"cat-item cat-item-1\"><a href=\"https:\/\/wp.unil.ch\/uniscope\/eclairage\/\">Eclairage<\/a> (3)\n<\/li>\n\t<li class=\"cat-item cat-item-450\"><a href=\"https:\/\/wp.unil.ch\/uniscope\/enquete\/\">Enqu\u00eate<\/a> (1)\n<\/li>\n\t<li class=\"cat-item cat-item-69\"><a href=\"https:\/\/wp.unil.ch\/uniscope\/focus\/\">Focus<\/a> (45)\n<ul class='children'>\n\t<li class=\"cat-item cat-item-126\"><a href=\"https:\/\/wp.unil.ch\/uniscope\/focus\/grand-invite\/\">Grand\u00b7e invit\u00e9\u00b7e<\/a> (33)\n<\/li>\n\t<li class=\"cat-item cat-item-390\"><a href=\"https:\/\/wp.unil.ch\/uniscope\/focus\/portrait\/\">Portrait<\/a> (12)\n<\/li>\n<\/ul>\n<\/li>\n\t<li class=\"cat-item cat-item-61\"><a href=\"https:\/\/wp.unil.ch\/uniscope\/actunil\/\">L&#039;actUNIL<\/a> (421)\n<ul class='children'>\n\t<li class=\"cat-item cat-item-11\"><a href=\"https:\/\/wp.unil.ch\/uniscope\/actunil\/campus\/\">Campus<\/a> (83)\n<\/li>\n\t<li class=\"cat-item cat-item-113\"><a href=\"https:\/\/wp.unil.ch\/uniscope\/actunil\/enseignement\/\">Enseignement<\/a> (68)\n<\/li>\n\t<li class=\"cat-item cat-item-23\"><a href=\"https:\/\/wp.unil.ch\/uniscope\/actunil\/evenements\/\">\u00c9v\u00e9nements<\/a> (109)\n<\/li>\n\t<li class=\"cat-item cat-item-34\"><a href=\"https:\/\/wp.unil.ch\/uniscope\/actunil\/institution\/\">Institution<\/a> (102)\n<\/li>\n\t<li class=\"cat-item cat-item-9\"><a href=\"https:\/\/wp.unil.ch\/uniscope\/actunil\/recherche\/\">Recherche<\/a> (251)\n<\/li>\n<\/ul>\n<\/li>\n\t<li class=\"cat-item cat-item-120\"><a href=\"https:\/\/wp.unil.ch\/uniscope\/le-coin-des-livres\/\">Le coin des livres<\/a> (63)\n<\/li>\n\t<li class=\"cat-item cat-item-388\"><a href=\"https:\/\/wp.unil.ch\/uniscope\/multimedias\/\">Multim\u00e9dias<\/a> (58)\n<ul class='children'>\n\t<li class=\"cat-item cat-item-389\"><a href=\"https:\/\/wp.unil.ch\/uniscope\/multimedias\/galeries\/\">Galeries<\/a> (13)\n<\/li>\n\t<li class=\"cat-item cat-item-44\"><a href=\"https:\/\/wp.unil.ch\/uniscope\/multimedias\/podcast\/\">Podcasts<\/a> (26)\n<\/li>\n\t<li class=\"cat-item cat-item-45\"><a href=\"https:\/\/wp.unil.ch\/uniscope\/multimedias\/video\/\">Vid\u00e9os<\/a> (19)\n<\/li>\n<\/ul>\n<\/li>\n\t<li class=\"cat-item cat-item-60\"><a href=\"https:\/\/wp.unil.ch\/uniscope\/thematiques\/\">Th\u00e9matiques<\/a> (442)\n<ul class='children'>\n\t<li class=\"cat-item cat-item-100\"><a href=\"https:\/\/wp.unil.ch\/uniscope\/thematiques\/biologie\/\">Biologie<\/a> (50)\n<\/li>\n\t<li class=\"cat-item cat-item-128\"><a href=\"https:\/\/wp.unil.ch\/uniscope\/thematiques\/criminologie\/\">Criminologie<\/a> (23)\n<\/li>\n\t<li class=\"cat-item cat-item-101\"><a href=\"https:\/\/wp.unil.ch\/uniscope\/thematiques\/culture\/\">Culture<\/a> (130)\n<\/li>\n\t<li class=\"cat-item cat-item-103\"><a href=\"https:\/\/wp.unil.ch\/uniscope\/thematiques\/economie\/\">Economie<\/a> (27)\n<\/li>\n\t<li class=\"cat-item cat-item-104\"><a href=\"https:\/\/wp.unil.ch\/uniscope\/thematiques\/environnement\/\">Environnement<\/a> (69)\n<\/li>\n\t<li class=\"cat-item cat-item-163\"><a href=\"https:\/\/wp.unil.ch\/uniscope\/thematiques\/histoire\/\">Histoire<\/a> (69)\n<\/li>\n\t<li class=\"cat-item cat-item-106\"><a href=\"https:\/\/wp.unil.ch\/uniscope\/thematiques\/lettres\/\">Lettres<\/a> (48)\n<\/li>\n\t<li class=\"cat-item cat-item-109\"><a href=\"https:\/\/wp.unil.ch\/uniscope\/thematiques\/sante\/\">Sant\u00e9<\/a> (90)\n<\/li>\n\t<li class=\"cat-item cat-item-110\"><a href=\"https:\/\/wp.unil.ch\/uniscope\/thematiques\/societe\/\">Soci\u00e9t\u00e9<\/a> (240)\n<\/li>\n\t<li class=\"cat-item cat-item-111\"><a href=\"https:\/\/wp.unil.ch\/uniscope\/thematiques\/sport\/\">Sport<\/a> (33)\n<\/li>\n\t<li class=\"cat-item cat-item-112\"><a href=\"https:\/\/wp.unil.ch\/uniscope\/thematiques\/technologie\/\">Technologie<\/a> (45)\n<\/li>\n<\/ul>\n<\/li>\n<\/ul><\/div>\n<\/div>\n","protected":false},"excerpt":{"rendered":"<p>Le magazine du campus Le \u00a0magazine du campus de l\u2019UNIL, autrefois imprim\u00e9 et paraissant 10 fois par an, est d\u00e9sormais publi\u00e9 exclusivement en ligne. Cette version conserve les&hellip;<\/p>\n","protected":false},"author":108,"featured_media":0,"parent":0,"menu_order":100,"comment_status":"closed","ping_status":"closed","template":"template-full-width.php","meta":{"_seopress_robots_primary_cat":"","_seopress_titles_title":"","_seopress_titles_desc":"","_seopress_robots_index":"","_uag_custom_page_level_css":"","footnotes":""},"class_list":["post-2227","page","type-page","status-publish","has-post-thumbnail"],"uagb_featured_image_src":{"full":false,"thumbnail":false,"medium":false,"medium_large":false,"large":false,"1536x1536":false,"2048x2048":false,"post-thumbnail":false,"chaplin_preview_image_low_resolution":false,"chaplin_preview_image_high_resolution":false,"chaplin_fullscreen":false,"gform-image-choice-sm":false,"gform-image-choice-md":false,"gform-image-choice-lg":false,"mailpoet_newsletter_max":false},"uagb_author_info":{"display_name":"centre informatique","author_link":"https:\/\/wp.unil.ch\/uniscope\/author\/ci-unil\/"},"uagb_comment_info":0,"uagb_excerpt":"Le magazine du campus Le \u00a0magazine du campus de l\u2019UNIL, autrefois imprim\u00e9 et paraissant 10 fois par an, est d\u00e9sormais publi\u00e9 exclusivement en ligne. Cette version conserve les&hellip;","_links":{"self":[{"href":"https:\/\/wp.unil.ch\/uniscope\/wp-json\/wp\/v2\/pages\/2227","targetHints":{"allow":["GET"]}}],"collection":[{"href":"https:\/\/wp.unil.ch\/uniscope\/wp-json\/wp\/v2\/pages"}],"about":[{"href":"https:\/\/wp.unil.ch\/uniscope\/wp-json\/wp\/v2\/types\/page"}],"author":[{"embeddable":true,"href":"https:\/\/wp.unil.ch\/uniscope\/wp-json\/wp\/v2\/users\/108"}],"replies":[{"embeddable":true,"href":"https:\/\/wp.unil.ch\/uniscope\/wp-json\/wp\/v2\/comments?post=2227"}],"version-history":[{"count":0,"href":"https:\/\/wp.unil.ch\/uniscope\/wp-json\/wp\/v2\/pages\/2227\/revisions"}],"wp:attachment":[{"href":"https:\/\/wp.unil.ch\/uniscope\/wp-json\/wp\/v2\/media?parent=2227"}],"curies":[{"name":"wp","href":"https:\/\/api.w.org\/{rel}","templated":true}]}}