{"id":1923,"date":"2021-03-29T13:21:03","date_gmt":"2021-03-29T11:21:03","guid":{"rendered":"https:\/\/wp.unil.ch\/uniscope\/?page_id=1923"},"modified":"2023-10-18T10:27:50","modified_gmt":"2023-10-18T08:27:50","slug":"contact-reponse","status":"publish","type":"page","link":"https:\/\/wp.unil.ch\/uniscope\/contact-reponse\/","title":{"rendered":"Contact"},"content":{"rendered":"\n<div class=\"wp-block-group alignwide has-primary-color has-light-background-background-color has-text-color has-background\"><div class=\"wp-block-group__inner-container is-layout-flow wp-block-group-is-layout-flow\">\n<p><strong>Merci de nous avoir contact\u00e9s. Nous vous r\u00e9pondrons dans les plus brefs d\u00e9lais.<\/strong><\/p>\n\n\n\n<p>L\u2019\u00e9quipe de l\u2019Uniscope<\/p>\n<\/div><\/div>\n\n\n\n<h3 class=\"wp-block-heading\">Nos derniers articles<\/h3>\n\n\n\n\t\t\t<div class=\"wp-block-uagb-post-grid uagb-post-grid  uagb-post__image-position-top uagb-post__image-enabled uagb-block-958e32f0     uagb-post__items uagb-post__columns-4 is-grid uagb-post__columns-tablet-2 uagb-post__columns-mobile-1 uagb-post__equal-height\" data-total=\"123\" style=\"\">\n\n\t\t\t\t\t\t\t\t\t\t\t\t<article class=\"uagb-post__inner-wrap\">\t\t\t\t\t\t\t\t<div class='uagb-post__image'>\n\t\t\t\t\t\t\t\t\t<a href=\"https:\/\/wp.unil.ch\/uniscope\/de-quoi-les-pelerinages-a-compostelle-et-lourdes-sont-ils-le-nom\/\" target=\"_self\" rel=\"bookmark noopener noreferrer\" class='uagb-image-ratio-inherit'><img loading=\"lazy\" decoding=\"async\" width=\"580\" height=\"338\" src=\"https:\/\/wp.unil.ch\/uniscope\/files\/2026\/04\/compostelle-1024x597.jpg\" class=\"attachment-large size-large\" alt=\"compostelle\" srcset=\"https:\/\/wp.unil.ch\/uniscope\/files\/2026\/04\/compostelle-1024x597.jpg 1024w, https:\/\/wp.unil.ch\/uniscope\/files\/2026\/04\/compostelle-300x175.jpg 300w, https:\/\/wp.unil.ch\/uniscope\/files\/2026\/04\/compostelle-768x448.jpg 768w, https:\/\/wp.unil.ch\/uniscope\/files\/2026\/04\/compostelle-540x315.jpg 540w, https:\/\/wp.unil.ch\/uniscope\/files\/2026\/04\/compostelle-1080x630.jpg 1080w, https:\/\/wp.unil.ch\/uniscope\/files\/2026\/04\/compostelle.jpg 1200w\" sizes=\"auto, (max-width: 580px) 100vw, 580px\" \/>\t\t\t\t\t<\/a>\n\t\t\t\t\t\t\t<\/div>\n\t\t\t\t\t\t<h5 class=\"uagb-post__title uagb-post__text\">\n\t\t\t\t<a href=\"https:\/\/wp.unil.ch\/uniscope\/de-quoi-les-pelerinages-a-compostelle-et-lourdes-sont-ils-le-nom\/\" target=\"_self\" rel=\"bookmark noopener noreferrer\">De quoi les p\u00e8lerinages \u00e0 Compostelle et Lourdes sont-ils le nom\u00a0?<\/a>\n\t\t\t<\/h5>\n\t\t\t\t\t\t<div class='uagb-post__text uagb-post-grid-byline'>\n\t\t\t\t\t\t\t<\/div>\n\t\t\t\t\t\t<div class=\"uagb-post__text uagb-post__cta wp-block-button\">\n\t\t\t\t<a class=\"wp-block-button__link uagb-text-link\" style=\"\" href=\"https:\/\/wp.unil.ch\/uniscope\/de-quoi-les-pelerinages-a-compostelle-et-lourdes-sont-ils-le-nom\/\" target=\"_self\" rel=\"bookmark noopener noreferrer\">Lire la suite<\/a>\n\t\t\t<\/div>\n\t\t\t\n\t\t\t\t\t\t\t\t\t<\/article>\n\t\t\t\t\t\t\t\t\t\t\t\t\t\t\t\t<article class=\"uagb-post__inner-wrap\">\t\t\t\t\t\t\t\t<div class='uagb-post__image'>\n\t\t\t\t\t\t\t\t\t<a href=\"https:\/\/wp.unil.ch\/uniscope\/responsable-ou-pas-responsable\/\" target=\"_self\" rel=\"bookmark noopener noreferrer\" class='uagb-image-ratio-inherit'><img loading=\"lazy\" decoding=\"async\" width=\"580\" height=\"338\" src=\"https:\/\/wp.unil.ch\/uniscope\/files\/2026\/03\/philippe_delacrausaz-1091-1024x597.jpg\" class=\"attachment-large size-large\" alt=\"pilippe delacrausaz\" srcset=\"https:\/\/wp.unil.ch\/uniscope\/files\/2026\/03\/philippe_delacrausaz-1091-1024x597.jpg 1024w, https:\/\/wp.unil.ch\/uniscope\/files\/2026\/03\/philippe_delacrausaz-1091-300x175.jpg 300w, https:\/\/wp.unil.ch\/uniscope\/files\/2026\/03\/philippe_delacrausaz-1091-768x448.jpg 768w, https:\/\/wp.unil.ch\/uniscope\/files\/2026\/03\/philippe_delacrausaz-1091-540x315.jpg 540w, https:\/\/wp.unil.ch\/uniscope\/files\/2026\/03\/philippe_delacrausaz-1091-1080x630.jpg 1080w, https:\/\/wp.unil.ch\/uniscope\/files\/2026\/03\/philippe_delacrausaz-1091.jpg 1200w\" sizes=\"auto, (max-width: 580px) 100vw, 580px\" \/>\t\t\t\t\t<\/a>\n\t\t\t\t\t\t\t<\/div>\n\t\t\t\t\t\t<h5 class=\"uagb-post__title uagb-post__text\">\n\t\t\t\t<a href=\"https:\/\/wp.unil.ch\/uniscope\/responsable-ou-pas-responsable\/\" target=\"_self\" rel=\"bookmark noopener noreferrer\">Responsable ou pas responsable\u00a0?<\/a>\n\t\t\t<\/h5>\n\t\t\t\t\t\t<div class='uagb-post__text uagb-post-grid-byline'>\n\t\t\t\t\t\t\t<\/div>\n\t\t\t\t\t\t<div class=\"uagb-post__text uagb-post__cta wp-block-button\">\n\t\t\t\t<a class=\"wp-block-button__link uagb-text-link\" style=\"\" href=\"https:\/\/wp.unil.ch\/uniscope\/responsable-ou-pas-responsable\/\" target=\"_self\" rel=\"bookmark noopener noreferrer\">Lire la suite<\/a>\n\t\t\t<\/div>\n\t\t\t\n\t\t\t\t\t\t\t\t\t<\/article>\n\t\t\t\t\t\t\t\t\t\t\t\t\t\t\t\t<article class=\"uagb-post__inner-wrap\">\t\t\t\t\t\t\t\t<div class='uagb-post__image'>\n\t\t\t\t\t\t\t\t\t<a href=\"https:\/\/wp.unil.ch\/uniscope\/le-campus-en-image\/\" target=\"_self\" rel=\"bookmark noopener noreferrer\" class='uagb-image-ratio-inherit'><img loading=\"lazy\" decoding=\"async\" width=\"580\" height=\"387\" src=\"https:\/\/wp.unil.ch\/uniscope\/files\/2026\/03\/vincent-verzat-1024x683.jpg\" class=\"attachment-large size-large\" alt=\"Vincent Verzat\" srcset=\"https:\/\/wp.unil.ch\/uniscope\/files\/2026\/03\/vincent-verzat-1024x683.jpg 1024w, https:\/\/wp.unil.ch\/uniscope\/files\/2026\/03\/vincent-verzat-300x200.jpg 300w, https:\/\/wp.unil.ch\/uniscope\/files\/2026\/03\/vincent-verzat-768x512.jpg 768w, https:\/\/wp.unil.ch\/uniscope\/files\/2026\/03\/vincent-verzat-540x360.jpg 540w, https:\/\/wp.unil.ch\/uniscope\/files\/2026\/03\/vincent-verzat-1080x720.jpg 1080w, https:\/\/wp.unil.ch\/uniscope\/files\/2026\/03\/vincent-verzat-1320x880.jpg 1320w, https:\/\/wp.unil.ch\/uniscope\/files\/2026\/03\/vincent-verzat.jpg 1500w\" sizes=\"auto, (max-width: 580px) 100vw, 580px\" \/>\t\t\t\t\t<\/a>\n\t\t\t\t\t\t\t<\/div>\n\t\t\t\t\t\t<h5 class=\"uagb-post__title uagb-post__text\">\n\t\t\t\t<a href=\"https:\/\/wp.unil.ch\/uniscope\/le-campus-en-image\/\" target=\"_self\" rel=\"bookmark noopener noreferrer\">Le campus en image<\/a>\n\t\t\t<\/h5>\n\t\t\t\t\t\t<div class='uagb-post__text uagb-post-grid-byline'>\n\t\t\t\t\t\t\t<\/div>\n\t\t\t\t\t\t<div class=\"uagb-post__text uagb-post__cta wp-block-button\">\n\t\t\t\t<a class=\"wp-block-button__link uagb-text-link\" style=\"\" href=\"https:\/\/wp.unil.ch\/uniscope\/le-campus-en-image\/\" target=\"_self\" rel=\"bookmark noopener noreferrer\">Lire la suite<\/a>\n\t\t\t<\/div>\n\t\t\t\n\t\t\t\t\t\t\t\t\t<\/article>\n\t\t\t\t\t\t\t\t\t\t\t\t\t\t\t\t<article class=\"uagb-post__inner-wrap\">\t\t\t\t\t\t\t\t<div class='uagb-post__image'>\n\t\t\t\t\t\t\t\t\t<a href=\"https:\/\/wp.unil.ch\/uniscope\/le-combat-scientifique-pour-estimer-le-nombre-de-leopards-des-neiges\/\" target=\"_self\" rel=\"bookmark noopener noreferrer\" class='uagb-image-ratio-inherit'><img loading=\"lazy\" decoding=\"async\" width=\"580\" height=\"338\" src=\"https:\/\/wp.unil.ch\/uniscope\/files\/2026\/03\/snow-leopard_1200x700-1024x597.jpg\" class=\"attachment-large size-large\" alt=\"snow leopard 1200x700\" srcset=\"https:\/\/wp.unil.ch\/uniscope\/files\/2026\/03\/snow-leopard_1200x700-1024x597.jpg 1024w, https:\/\/wp.unil.ch\/uniscope\/files\/2026\/03\/snow-leopard_1200x700-300x175.jpg 300w, https:\/\/wp.unil.ch\/uniscope\/files\/2026\/03\/snow-leopard_1200x700-768x448.jpg 768w, https:\/\/wp.unil.ch\/uniscope\/files\/2026\/03\/snow-leopard_1200x700-1536x896.jpg 1536w, https:\/\/wp.unil.ch\/uniscope\/files\/2026\/03\/snow-leopard_1200x700-540x315.jpg 540w, https:\/\/wp.unil.ch\/uniscope\/files\/2026\/03\/snow-leopard_1200x700-1080x630.jpg 1080w, https:\/\/wp.unil.ch\/uniscope\/files\/2026\/03\/snow-leopard_1200x700-1320x770.jpg 1320w, https:\/\/wp.unil.ch\/uniscope\/files\/2026\/03\/snow-leopard_1200x700-e1774429172833.jpg 1200w\" sizes=\"auto, (max-width: 580px) 100vw, 580px\" \/>\t\t\t\t\t<\/a>\n\t\t\t\t\t\t\t<\/div>\n\t\t\t\t\t\t<h5 class=\"uagb-post__title uagb-post__text\">\n\t\t\t\t<a href=\"https:\/\/wp.unil.ch\/uniscope\/le-combat-scientifique-pour-estimer-le-nombre-de-leopards-des-neiges\/\" target=\"_self\" rel=\"bookmark noopener noreferrer\">Le combat scientifique pour estimer le nombre de l\u00e9opards des neiges<\/a>\n\t\t\t<\/h5>\n\t\t\t\t\t\t<div class='uagb-post__text uagb-post-grid-byline'>\n\t\t\t\t\t\t\t<\/div>\n\t\t\t\t\t\t<div class=\"uagb-post__text uagb-post__cta wp-block-button\">\n\t\t\t\t<a class=\"wp-block-button__link uagb-text-link\" style=\"\" href=\"https:\/\/wp.unil.ch\/uniscope\/le-combat-scientifique-pour-estimer-le-nombre-de-leopards-des-neiges\/\" target=\"_self\" rel=\"bookmark noopener noreferrer\">Lire la suite<\/a>\n\t\t\t<\/div>\n\t\t\t\n\t\t\t\t\t\t\t\t\t<\/article>\n\t\t\t\t\t\t\t\t\t\t\t<\/div>\n\t\t\t\n\n\n<div class=\"wp-block-buttons is-content-justification-center is-layout-flex wp-block-buttons-is-layout-flex\">\n<div class=\"wp-block-button\"><a class=\"wp-block-button__link\" href=\"https:\/\/wp.unil.ch\/uniscope\/touslesarticles\/\">Tous les articles<\/a><\/div>\n<\/div>\n","protected":false},"excerpt":{"rendered":"<p>Merci de nous avoir contact\u00e9s. Nous vous r\u00e9pondrons dans les plus brefs d\u00e9lais. L\u2019\u00e9quipe de l\u2019Uniscope Nos derniers articles<\/p>\n","protected":false},"author":108,"featured_media":0,"parent":0,"menu_order":20,"comment_status":"closed","ping_status":"closed","template":"template-full-width.php","meta":{"_seopress_robots_primary_cat":"","_seopress_titles_title":"","_seopress_titles_desc":"","_seopress_robots_index":"","_uag_custom_page_level_css":"","footnotes":""},"class_list":["post-1923","page","type-page","status-publish","has-post-thumbnail"],"uagb_featured_image_src":{"full":false,"thumbnail":false,"medium":false,"medium_large":false,"large":false,"1536x1536":false,"2048x2048":false,"post-thumbnail":false,"chaplin_preview_image_low_resolution":false,"chaplin_preview_image_high_resolution":false,"chaplin_fullscreen":false,"gform-image-choice-sm":false,"gform-image-choice-md":false,"gform-image-choice-lg":false,"mailpoet_newsletter_max":false},"uagb_author_info":{"display_name":"centre informatique","author_link":"https:\/\/wp.unil.ch\/uniscope\/author\/ci-unil\/"},"uagb_comment_info":0,"uagb_excerpt":"Merci de nous avoir contact\u00e9s. Nous vous r\u00e9pondrons dans les plus brefs d\u00e9lais. L\u2019\u00e9quipe de l\u2019Uniscope Nos derniers articles","_links":{"self":[{"href":"https:\/\/wp.unil.ch\/uniscope\/wp-json\/wp\/v2\/pages\/1923","targetHints":{"allow":["GET"]}}],"collection":[{"href":"https:\/\/wp.unil.ch\/uniscope\/wp-json\/wp\/v2\/pages"}],"about":[{"href":"https:\/\/wp.unil.ch\/uniscope\/wp-json\/wp\/v2\/types\/page"}],"author":[{"embeddable":true,"href":"https:\/\/wp.unil.ch\/uniscope\/wp-json\/wp\/v2\/users\/108"}],"replies":[{"embeddable":true,"href":"https:\/\/wp.unil.ch\/uniscope\/wp-json\/wp\/v2\/comments?post=1923"}],"version-history":[{"count":0,"href":"https:\/\/wp.unil.ch\/uniscope\/wp-json\/wp\/v2\/pages\/1923\/revisions"}],"wp:attachment":[{"href":"https:\/\/wp.unil.ch\/uniscope\/wp-json\/wp\/v2\/media?parent=1923"}],"curies":[{"name":"wp","href":"https:\/\/api.w.org\/{rel}","templated":true}]}}