{"id":735,"date":"2025-08-28T16:39:56","date_gmt":"2025-08-28T14:39:56","guid":{"rendered":"https:\/\/wp.unil.ch\/unis-arc-en-ciel\/?page_id=735"},"modified":"2026-01-26T09:11:40","modified_gmt":"2026-01-26T08:11:40","slug":"politique-de-confidentialite","status":"publish","type":"page","link":"https:\/\/wp.unil.ch\/unis-arc-en-ciel\/politique-de-confidentialite\/","title":{"rendered":"Politique de confidentialit\u00e9"},"content":{"rendered":"\n<p>Derni\u00e8re mise \u00e0 jour : 13.10.2025<\/p>\n\n\n\n<h2 class=\"wp-block-heading\">1. Responsable du traitement<\/h2>\n\n\n\n<p>Universit\u00e9 de Lausanne<br>Quartier UNIL-Centre &#8211; CH 1015<br><\/p>\n\n\n\n<hr class=\"wp-block-separator has-alpha-channel-opacity\" \/>\n\n\n\n<h2 class=\"wp-block-heading\">2. Donn\u00e9es collect\u00e9es<\/h2>\n\n\n\n<p>Lorsque vous utilisez notre site, nous pouvons collecter :<\/p>\n\n\n\n<ul class=\"wp-block-list\">\n<li>Les donn\u00e9es que vous nous transmettez via le formulaire de contact (nom, pr\u00e9nom, e-mail, message) et le formulaire d&rsquo;adh\u00e9sion.<\/li>\n\n\n\n<li>Des donn\u00e9es techniques li\u00e9es \u00e0 votre navigation (adresse IP, type de navigateur, pages consult\u00e9es).<\/li>\n<\/ul>\n\n\n\n<hr class=\"wp-block-separator has-alpha-channel-opacity\" \/>\n\n\n\n<h2 class=\"wp-block-heading\">3. Finalit\u00e9s du traitement<\/h2>\n\n\n\n<p>Nous utilisons vos donn\u00e9es uniquement pour :<\/p>\n\n\n\n<ul class=\"wp-block-list\">\n<li>r\u00e9pondre \u00e0 vos demandes via le formulaire de contact,<\/li>\n\n\n\n<li>assurer le bon fonctionnement et la s\u00e9curit\u00e9 du site,<\/li>\n\n\n\n<li>\u00e9tablir des statistiques de fr\u00e9quentation anonymis\u00e9es.<\/li>\n<\/ul>\n\n\n\n<hr class=\"wp-block-separator has-alpha-channel-opacity\" \/>\n\n\n\n<h2 class=\"wp-block-heading\">4. Cookies<\/h2>\n\n\n\n<p>Notre site utilise des cookies techniques n\u00e9cessaires \u00e0 son fonctionnement.<br>D\u2019autres cookies (par ex. statistiques) peuvent \u00eatre utilis\u00e9s ; vous pouvez les supprimer via les param\u00e8tres de votre navigateur.<\/p>\n\n\n\n<hr class=\"wp-block-separator has-alpha-channel-opacity\" \/>\n\n\n\n<h2 class=\"wp-block-heading\">5. Communication des donn\u00e9es<\/h2>\n\n\n\n<p>Vos donn\u00e9es ne sont pas transmises \u00e0 des tiers, sauf si cela est n\u00e9cessaire pour assurer le suivi de votre demande (ex. autres universit\u00e9s partenaires) ou si la loi l\u2019exige.<\/p>\n\n\n\n<hr class=\"wp-block-separator has-alpha-channel-opacity\" \/>\n\n\n\n<h2 class=\"wp-block-heading\">6. Dur\u00e9e de conservation<\/h2>\n\n\n\n<p>Les donn\u00e9es envoy\u00e9es via le formulaire de contact sont conserv\u00e9es uniquement le temps n\u00e9cessaire pour traiter votre demande.<\/p>\n\n\n\n<hr class=\"wp-block-separator has-alpha-channel-opacity\" \/>\n\n\n\n<h2 class=\"wp-block-heading\">7. Vos droits<\/h2>\n\n\n\n<p>Vous disposez notamment d\u2019un droit d\u2019acc\u00e8s, de rectification et de suppression de vos donn\u00e9es personnelles comme le pr\u00e9voit la loi du canton de Vaud sur la protection des donn\u00e9es (LPrD).<br>Pour exercer ces droits, contactez-nous \u00e0 : protection-donnees@unil.ch<\/p>\n\n\n\n<hr class=\"wp-block-separator has-alpha-channel-opacity\" \/>\n\n\n\n<h2 class=\"wp-block-heading\">8. Contact<\/h2>\n\n\n\n<p>Pour toute question relative \u00e0 cette politique de confidentialit\u00e9, vous pouvez nous \u00e9crire \u00e0 egalite@unil.ch<\/p>\n","protected":false},"excerpt":{"rendered":"<p>Derni\u00e8re mise \u00e0 jour : 13.10.2025 1. Responsable du traitement Universit\u00e9 de LausanneQuartier UNIL-Centre &#8211; CH 1015 2. Donn\u00e9es collect\u00e9es Lorsque vous utilisez notre site, nous pouvons collecter : 3. Finalit\u00e9s du traitement Nous utilisons vos donn\u00e9es uniquement pour : 4. Cookies Notre site utilise des cookies techniques n\u00e9cessaires \u00e0 son fonctionnement.D\u2019autres cookies (par ex. [&hellip;]<\/p>\n","protected":false},"author":1002422,"featured_media":0,"parent":0,"menu_order":0,"comment_status":"closed","ping_status":"closed","template":"","meta":{"_seopress_robots_primary_cat":"","_seopress_titles_title":"","_seopress_titles_desc":"","_seopress_robots_index":"","footnotes":""},"class_list":["post-735","page","type-page","status-publish"],"_links":{"self":[{"href":"https:\/\/wp.unil.ch\/unis-arc-en-ciel\/wp-json\/wp\/v2\/pages\/735","targetHints":{"allow":["GET"]}}],"collection":[{"href":"https:\/\/wp.unil.ch\/unis-arc-en-ciel\/wp-json\/wp\/v2\/pages"}],"about":[{"href":"https:\/\/wp.unil.ch\/unis-arc-en-ciel\/wp-json\/wp\/v2\/types\/page"}],"author":[{"embeddable":true,"href":"https:\/\/wp.unil.ch\/unis-arc-en-ciel\/wp-json\/wp\/v2\/users\/1002422"}],"replies":[{"embeddable":true,"href":"https:\/\/wp.unil.ch\/unis-arc-en-ciel\/wp-json\/wp\/v2\/comments?post=735"}],"version-history":[{"count":5,"href":"https:\/\/wp.unil.ch\/unis-arc-en-ciel\/wp-json\/wp\/v2\/pages\/735\/revisions"}],"predecessor-version":[{"id":1236,"href":"https:\/\/wp.unil.ch\/unis-arc-en-ciel\/wp-json\/wp\/v2\/pages\/735\/revisions\/1236"}],"wp:attachment":[{"href":"https:\/\/wp.unil.ch\/unis-arc-en-ciel\/wp-json\/wp\/v2\/media?parent=735"}],"curies":[{"name":"wp","href":"https:\/\/api.w.org\/{rel}","templated":true}]}}