{"id":6,"date":"2019-11-28T16:00:19","date_gmt":"2019-11-28T15:00:19","guid":{"rendered":"http:\/\/wp.unil.ch\/modele\/?page_id=6"},"modified":"2025-10-09T10:09:01","modified_gmt":"2025-10-09T08:09:01","slug":"home","status":"publish","type":"page","link":"https:\/\/wp.unil.ch\/unis-arc-en-ciel\/","title":{"rendered":""},"content":{"rendered":"\n<div style=\"height:100px\" aria-hidden=\"true\" class=\"wp-block-spacer\"><\/div>\n\n\n\n<h2 class=\"wp-block-heading has-text-align-center is-style-text-display is-style-text-display--1\" style=\"border-style:none;border-width:0px\">Pour des hautes \u00e9coles universitaires inclusives des personnes LGBTIQ&nbsp;<\/h2>\n\n\n\n<div style=\"height:31px\" aria-hidden=\"true\" class=\"wp-block-spacer\"><\/div>\n\n\n\n<div class=\"wp-block-group alignfull is-style-section-3 has-custom-menthe-background-color has-background is-nowrap is-layout-flex wp-container-core-group-is-layout-6c531013 wp-block-group-is-layout-flex is-style-section-3--2\">\n<div class=\"wp-block-group is-style-default has-custom-base-background-color has-background wp-container-content-9cfa9a5a has-global-padding is-layout-constrained wp-block-group-is-layout-constrained\" style=\"padding-top:0;padding-bottom:0;background-image:url(&apos;https:\/\/wp.unil.ch\/unis-arc-en-ciel\/files\/2025\/08\/banniere2_essai6.png&apos;);background-size:cover;background-attachment:fixed;\">\n<div style=\"height:90px\" aria-hidden=\"true\" class=\"wp-block-spacer\"><\/div>\n\n\n\n<h2 class=\"wp-block-heading alignwide has-text-align-left is-style-text-subtitle is-style-text-subtitle--3\" style=\"padding-top:var(--wp--preset--spacing--50);padding-right:var(--wp--preset--spacing--70);padding-bottom:var(--wp--preset--spacing--50);padding-left:var(--wp--preset--spacing--70)\"><strong>Le projet <em>Vers des Unis Arc-en-ciel<\/em> vise \u00e0 promouvoir la diversit\u00e9 et l&rsquo;inclusion des personnes LGBTIQ dans les hautes \u00e9coles universitaires romandes. Port\u00e9 par un r\u00e9seau d\u2019expert\u00b7es et ouvert sur la cit\u00e9, il cherche \u00e0 renforcer la visibilit\u00e9, la sensibilisation et la formation autour des questions LGBTIQ.<\/strong><\/h2>\n\n\n\n<div class=\"wp-block-buttons alignfull is-content-justification-center is-layout-flex wp-container-core-buttons-is-layout-a89b3969 wp-block-buttons-is-layout-flex\">\n<div class=\"wp-block-button is-style-fill\"><a class=\"wp-block-button__link has-base-color has-contrast-background-color has-text-color has-background has-link-color has-text-align-center wp-element-button\" href=\"https:\/\/wp.unil.ch\/unis-arc-en-ciel\/le-projet\/\" style=\"border-radius:0px\" target=\"_blank\" rel=\"noreferrer noopener\">En savoir plus<\/a><\/div>\n<\/div>\n\n\n\n<div style=\"height:45px\" aria-hidden=\"true\" class=\"wp-block-spacer\"><\/div>\n<\/div>\n<\/div>\n\n\n\n<div style=\"height:100px\" aria-hidden=\"true\" class=\"wp-block-spacer\"><\/div>\n\n\n\n<h2 class=\"wp-block-heading alignwide\">Nos actions<\/h2>\n\n\n\n<div class=\"wp-block-columns alignwide is-layout-flex wp-container-core-columns-is-layout-cdebebb7 wp-block-columns-is-layout-flex\" style=\"padding-top:0;padding-bottom:0\">\n<div class=\"wp-block-column is-vertically-aligned-top is-style-default is-layout-flow wp-container-core-column-is-layout-8ad66c59 wp-block-column-is-layout-flow\" style=\"padding-top:var(--wp--preset--spacing--70)\">\n<figure class=\"wp-block-image aligncenter size-full is-resized is-style-rounded wp-duotone-de0057-de0057-4\"><a href=\"https:\/\/wp.unil.ch\/unis-arc-en-ciel\/formations\/\"><img loading=\"lazy\" decoding=\"async\" width=\"1200\" height=\"1200\" src=\"https:\/\/wp.unil.ch\/unis-arc-en-ciel\/files\/2025\/07\/jason-goodman-oalh2mojuuk-unsplash-2.jpg\" alt=\"jason goodman oalh2mojuuk unsplash\" class=\"wp-image-536\" style=\"width:150px\" srcset=\"https:\/\/wp.unil.ch\/unis-arc-en-ciel\/files\/2025\/07\/jason-goodman-oalh2mojuuk-unsplash-2.jpg 1200w, https:\/\/wp.unil.ch\/unis-arc-en-ciel\/files\/2025\/07\/jason-goodman-oalh2mojuuk-unsplash-2-300x300.jpg 300w, https:\/\/wp.unil.ch\/unis-arc-en-ciel\/files\/2025\/07\/jason-goodman-oalh2mojuuk-unsplash-2-1024x1024.jpg 1024w, https:\/\/wp.unil.ch\/unis-arc-en-ciel\/files\/2025\/07\/jason-goodman-oalh2mojuuk-unsplash-2-150x150.jpg 150w, https:\/\/wp.unil.ch\/unis-arc-en-ciel\/files\/2025\/07\/jason-goodman-oalh2mojuuk-unsplash-2-768x768.jpg 768w\" sizes=\"auto, (max-width: 1200px) 100vw, 1200px\" \/><\/a><\/figure>\n\n\n\n<h3 class=\"wp-block-heading has-text-align-center\" style=\"padding-top:var(--wp--preset--spacing--20)\">Formations<\/h3>\n<\/div>\n\n\n\n<div class=\"wp-block-column is-layout-flow wp-container-core-column-is-layout-8ad66c59 wp-block-column-is-layout-flow\" style=\"padding-top:var(--wp--preset--spacing--70)\">\n<figure class=\"wp-block-image aligncenter size-full is-resized is-style-rounded wp-duotone-50e6c3-50e6c3-5\"><a href=\"https:\/\/wp.unil.ch\/unis-arc-en-ciel\/communication-inclusive\/\"><img loading=\"lazy\" decoding=\"async\" width=\"1200\" height=\"1200\" src=\"https:\/\/wp.unil.ch\/unis-arc-en-ciel\/files\/2025\/07\/sergi-kabrera-2xu7ryxstim-unsplash.jpg\" alt=\"sergi kabrera 2xu7ryxstim unsplash\" class=\"wp-image-538\" style=\"width:150px\" srcset=\"https:\/\/wp.unil.ch\/unis-arc-en-ciel\/files\/2025\/07\/sergi-kabrera-2xu7ryxstim-unsplash.jpg 1200w, https:\/\/wp.unil.ch\/unis-arc-en-ciel\/files\/2025\/07\/sergi-kabrera-2xu7ryxstim-unsplash-300x300.jpg 300w, https:\/\/wp.unil.ch\/unis-arc-en-ciel\/files\/2025\/07\/sergi-kabrera-2xu7ryxstim-unsplash-1024x1024.jpg 1024w, https:\/\/wp.unil.ch\/unis-arc-en-ciel\/files\/2025\/07\/sergi-kabrera-2xu7ryxstim-unsplash-150x150.jpg 150w, https:\/\/wp.unil.ch\/unis-arc-en-ciel\/files\/2025\/07\/sergi-kabrera-2xu7ryxstim-unsplash-768x768.jpg 768w\" sizes=\"auto, (max-width: 1200px) 100vw, 1200px\" \/><\/a><\/figure>\n\n\n\n<h3 class=\"wp-block-heading has-text-align-center\" style=\"padding-top:var(--wp--preset--spacing--20)\">Communication inclusive<\/h3>\n<\/div>\n\n\n\n<div class=\"wp-block-column is-layout-flow wp-container-core-column-is-layout-8ad66c59 wp-block-column-is-layout-flow\" style=\"padding-top:var(--wp--preset--spacing--70)\">\n<figure class=\"wp-block-image aligncenter size-full is-resized is-style-rounded wp-duotone-de0057-de0057-6\"><a href=\"https:\/\/wp.unil.ch\/unis-arc-en-ciel\/toilettes-non-genrees\/\"><img decoding=\"async\" src=\"https:\/\/wp.unil.ch\/unis-arc-en-ciel\/wp-content\/themes\/twentytwentyfive\/assets\/images\/ruins-image.webp\" alt=\"Image de l\u2019\u00e9v\u00e8nement\" style=\"width:150px\" \/><\/a><\/figure>\n\n\n\n<h3 class=\"wp-block-heading has-text-align-center\" style=\"padding-top:var(--wp--preset--spacing--20)\">Toilettes non genr\u00e9es<\/h3>\n<\/div>\n\n\n\n<div class=\"wp-block-column is-layout-flow wp-container-core-column-is-layout-8ad66c59 wp-block-column-is-layout-flow\" style=\"padding-top:var(--wp--preset--spacing--70)\">\n<figure class=\"wp-block-image aligncenter size-full is-resized is-style-rounded wp-duotone-50e6c3-50e6c3-7\"><a href=\"https:\/\/wp.unil.ch\/unis-arc-en-ciel\/reconnaissance-de-lidentite-de-genre\/\"><img decoding=\"async\" src=\"https:\/\/wp.unil.ch\/unis-arc-en-ciel\/wp-content\/themes\/twentytwentyfive\/assets\/images\/ruins-image.webp\" alt=\"Image de l\u2019\u00e9v\u00e8nement\" style=\"width:150px\" \/><\/a><\/figure>\n\n\n\n<h3 class=\"wp-block-heading has-text-align-center\" style=\"padding-top:var(--wp--preset--spacing--20)\">Reconnaissance de l\u2019identit\u00e9 de genre<\/h3>\n<\/div>\n<\/div>\n\n\n\n<div style=\"height:50px\" aria-hidden=\"true\" class=\"wp-block-spacer\"><\/div>\n\n\n\n<div style=\"height:50px\" aria-hidden=\"true\" class=\"wp-block-spacer\"><\/div>\n\n\n\n<h2 class=\"wp-block-heading alignwide has-x-large-font-size\">Actualit\u00e9s<\/h2>\n\n\n\n<div class=\"wp-block-group alignfull is-style-default has-global-padding is-layout-constrained wp-container-core-group-is-layout-d5aba772 wp-block-group-is-layout-constrained\" style=\"margin-top:0;margin-bottom:0;padding-top:var(--wp--preset--spacing--20);padding-right:0;padding-bottom:var(--wp--preset--spacing--20);padding-left:0\">\n<div class=\"wp-block-columns alignwide is-layout-flex wp-container-core-columns-is-layout-cdebebb7 wp-block-columns-is-layout-flex\" style=\"padding-top:0;padding-bottom:0\">\n<div class=\"wp-block-column is-vertically-aligned-top is-layout-flow wp-container-core-column-is-layout-8ad66c59 wp-block-column-is-layout-flow\" style=\"padding-top:var(--wp--preset--spacing--70)\">\n<figure class=\"wp-block-image aligncenter size-full is-resized is-style-rounded wp-duotone-50e6c3-50e6c3-8\"><a href=\"https:\/\/wp.unil.ch\/unis-arc-en-ciel\/vers-des-unis-arc-en-ciel-conference-en-ligne\/\" target=\"_blank\" rel=\" noreferrer noopener\"><img decoding=\"async\" src=\"https:\/\/wp.unil.ch\/unis-arc-en-ciel\/wp-content\/themes\/twentytwentyfive\/assets\/images\/ruins-image.webp\" alt=\"Image de l\u2019\u00e9v\u00e8nement\" style=\"object-fit:cover;width:150px;height:150px\" \/><\/a><\/figure>\n\n\n\n<div class=\"wp-block-group is-vertical is-content-justification-center is-layout-flex wp-container-core-group-is-layout-64781450 wp-block-group-is-layout-flex\" style=\"padding-top:var(--wp--preset--spacing--30)\">\n<h3 class=\"wp-block-heading has-text-align-center\" style=\"padding-top:var(--wp--preset--spacing--20)\">Conf\u00e9rence en ligne et<br>lancement du site internet<\/h3>\n\n\n\n<p class=\"has-text-align-center has-custom-accent-1-color has-text-color has-link-color has-medium-font-size wp-elements-c18fa5a5c9910a636fff5d5bc93ee507\"><strong>Jeudi 9 octobre 2025 \u00e0 16h30<\/strong><\/p>\n<\/div>\n\n\n\n<p class=\"has-text-align-center\" style=\"padding-top:var(--wp--preset--spacing--40)\"><a href=\"https:\/\/wp.unil.ch\/unis-arc-en-ciel\/vers-des-unis-arc-en-ciel-conference-en-ligne\/\" target=\"_blank\" rel=\"noreferrer noopener\">D\u00e9tails de l\u2019\u00e9v\u00e8nement<\/a><\/p>\n<\/div>\n<\/div>\n<\/div>\n\n\n\n<div style=\"height:83px\" aria-hidden=\"true\" class=\"wp-block-spacer\"><\/div>\n\n\n\n<div class=\"wp-block-group alignwide is-vertical is-layout-flex wp-container-core-group-is-layout-1866313d wp-block-group-is-layout-flex\" style=\"border-width:4px;margin-top:0;margin-bottom:0;padding-top:var(--wp--preset--spacing--40);padding-right:var(--wp--preset--spacing--40);padding-bottom:var(--wp--preset--spacing--40);padding-left:var(--wp--preset--spacing--40)\">\n<h2 class=\"wp-block-heading\">Avertissement et recommandation<\/h2>\n\n\n\n<p>Les bureaux et services de l&rsquo;\u00e9galit\u00e9 ne sont pas en mesure d\u2019assurer une prise en charge des situations de d\u00e9tresse psychologique ou d\u2019urgence. En cas d&rsquo;urgence, contactez :<strong>\u00a0<a href=\"https:\/\/www.chuv.ch\/fr\/144\/\" data-type=\"link\" data-id=\"https:\/\/www.chuv.ch\/fr\/144\/\" target=\"_blank\" rel=\"noreferrer noopener\">Urgences m\u00e9dicales<\/a><\/strong> : <strong><a href=\"tel:144\">144<\/a>\u00a0|\u00a0<a href=\"https:\/\/polizei.ch\/fr\" data-type=\"link\" data-id=\"https:\/\/polizei.ch\/fr\" target=\"_blank\" rel=\"noreferrer noopener\">Police<\/a> <\/strong>: <a href=\"tel:117\"><strong>117<\/strong><\/a><strong> |\u00a0<\/strong><a href=\"https:\/\/www.hug-ge.ch\/urgences\/secteur-psychiatrique\" target=\"_blank\" rel=\"noreferrer noopener\"><strong>La Main Tendue<\/strong><\/a> :\u00a0<strong><a href=\"tel:+41223723862\">143 <\/a><\/strong><\/p>\n<\/div>\n\n\n\n<div style=\"height:51px\" aria-hidden=\"true\" class=\"wp-block-spacer\"><\/div>\n\n\n\n<h2 class=\"wp-block-heading alignwide\">Partenaires du projet<\/h2>\n\n\n\n<div style=\"height:51px;width:0px\" aria-hidden=\"true\" class=\"wp-block-spacer\"><\/div>\n\n\n\n<div class=\"wp-block-group alignfull is-content-justification-space-between is-layout-flex wp-container-core-group-is-layout-9366075c wp-block-group-is-layout-flex\">\n<figure class=\"wp-block-image size-full is-resized\" style=\"margin-right:var(--wp--preset--spacing--20);margin-left:var(--wp--preset--spacing--20)\"><img alt=\"\" loading=\"lazy\" decoding=\"async\" width=\"659\" height=\"223\" src=\"https:\/\/wp.unil.ch\/unis-arc-en-ciel\/files\/2025\/09\/unil-logotype-black-rgb-web-250513_do-not-share.svg\" alt=\"\" class=\"wp-image-955\" style=\"width:179px;height:auto\" \/><\/figure>\n\n\n\n<figure class=\"wp-block-image size-full is-resized\"><img alt=\"unige pant(9)\" loading=\"lazy\" decoding=\"async\" width=\"1314\" height=\"474\" src=\"https:\/\/wp.unil.ch\/unis-arc-en-ciel\/files\/2025\/08\/unige_pant9.png\" alt=\"\" class=\"wp-image-803\" style=\"width:auto;height:100px\" srcset=\"https:\/\/wp.unil.ch\/unis-arc-en-ciel\/files\/2025\/08\/unige_pant9.png 1314w, https:\/\/wp.unil.ch\/unis-arc-en-ciel\/files\/2025\/08\/unige_pant9-300x108.png 300w, https:\/\/wp.unil.ch\/unis-arc-en-ciel\/files\/2025\/08\/unige_pant9-1024x369.png 1024w, https:\/\/wp.unil.ch\/unis-arc-en-ciel\/files\/2025\/08\/unige_pant9-768x277.png 768w\" sizes=\"auto, (max-width: 1314px) 100vw, 1314px\" \/><\/figure>\n\n\n\n<figure class=\"wp-block-image size-full is-resized\"><img loading=\"lazy\" decoding=\"async\" width=\"700\" height=\"350\" src=\"https:\/\/wp.unil.ch\/unis-arc-en-ciel\/files\/2025\/08\/unine_logo-couleur_700.jpg\" alt=\"unine logo couleur 700\" class=\"wp-image-801\" style=\"width:auto;height:100px\" srcset=\"https:\/\/wp.unil.ch\/unis-arc-en-ciel\/files\/2025\/08\/unine_logo-couleur_700.jpg 700w, https:\/\/wp.unil.ch\/unis-arc-en-ciel\/files\/2025\/08\/unine_logo-couleur_700-300x150.jpg 300w\" sizes=\"auto, (max-width: 700px) 100vw, 700px\" \/><\/figure>\n\n\n\n<figure class=\"wp-block-image size-full is-resized\"><img alt=\"epfl logo rgb prod\" loading=\"lazy\" decoding=\"async\" width=\"2542\" height=\"1101\" src=\"https:\/\/wp.unil.ch\/unis-arc-en-ciel\/files\/2025\/08\/epfl_logo_rgb_prod.png\" alt=\"\" class=\"wp-image-800\" style=\"width:auto;height:100px\" srcset=\"https:\/\/wp.unil.ch\/unis-arc-en-ciel\/files\/2025\/08\/epfl_logo_rgb_prod.png 2542w, https:\/\/wp.unil.ch\/unis-arc-en-ciel\/files\/2025\/08\/epfl_logo_rgb_prod-300x130.png 300w, https:\/\/wp.unil.ch\/unis-arc-en-ciel\/files\/2025\/08\/epfl_logo_rgb_prod-1024x444.png 1024w, https:\/\/wp.unil.ch\/unis-arc-en-ciel\/files\/2025\/08\/epfl_logo_rgb_prod-768x333.png 768w, https:\/\/wp.unil.ch\/unis-arc-en-ciel\/files\/2025\/08\/epfl_logo_rgb_prod-1536x665.png 1536w, https:\/\/wp.unil.ch\/unis-arc-en-ciel\/files\/2025\/08\/epfl_logo_rgb_prod-2048x887.png 2048w\" sizes=\"auto, (max-width: 2542px) 100vw, 2542px\" \/><\/figure>\n\n\n\n<figure class=\"wp-block-image size-full is-resized\" style=\"margin-top:var(--wp--preset--spacing--40);margin-right:var(--wp--preset--spacing--40);margin-bottom:var(--wp--preset--spacing--40);margin-left:var(--wp--preset--spacing--40)\"><img loading=\"lazy\" decoding=\"async\" width=\"333\" height=\"223\" src=\"https:\/\/wp.unil.ch\/unis-arc-en-ciel\/files\/2025\/08\/unif_logo_100pr_pos.png\" alt=\"unif logo 100pr pos\" class=\"wp-image-802\" style=\"width:auto;height:100px\" srcset=\"https:\/\/wp.unil.ch\/unis-arc-en-ciel\/files\/2025\/08\/unif_logo_100pr_pos.png 333w, https:\/\/wp.unil.ch\/unis-arc-en-ciel\/files\/2025\/08\/unif_logo_100pr_pos-300x201.png 300w\" sizes=\"auto, (max-width: 333px) 100vw, 333px\" \/><\/figure>\n<\/div>\n\n\n\n<div style=\"height:50px\" aria-hidden=\"true\" class=\"wp-block-spacer\"><\/div>\n","protected":false},"excerpt":{"rendered":"<p>Pour des hautes \u00e9coles universitaires inclusives des personnes LGBTIQ&nbsp; Le projet Vers des Unis Arc-en-ciel vise \u00e0 promouvoir la diversit\u00e9 et l&rsquo;inclusion des personnes LGBTIQ dans les hautes \u00e9coles universitaires romandes. Port\u00e9 par un r\u00e9seau d\u2019expert\u00b7es et ouvert sur la cit\u00e9, il cherche \u00e0 renforcer la visibilit\u00e9, la sensibilisation et la formation autour des questions [&hellip;]<\/p>\n","protected":false},"author":108,"featured_media":854,"parent":0,"menu_order":0,"comment_status":"closed","ping_status":"closed","template":"page-no-title","meta":{"_seopress_robots_primary_cat":"","_seopress_titles_title":"","_seopress_titles_desc":"","_seopress_robots_index":"","footnotes":""},"class_list":["post-6","page","type-page","status-publish","has-post-thumbnail"],"_links":{"self":[{"href":"https:\/\/wp.unil.ch\/unis-arc-en-ciel\/wp-json\/wp\/v2\/pages\/6","targetHints":{"allow":["GET"]}}],"collection":[{"href":"https:\/\/wp.unil.ch\/unis-arc-en-ciel\/wp-json\/wp\/v2\/pages"}],"about":[{"href":"https:\/\/wp.unil.ch\/unis-arc-en-ciel\/wp-json\/wp\/v2\/types\/page"}],"author":[{"embeddable":true,"href":"https:\/\/wp.unil.ch\/unis-arc-en-ciel\/wp-json\/wp\/v2\/users\/108"}],"replies":[{"embeddable":true,"href":"https:\/\/wp.unil.ch\/unis-arc-en-ciel\/wp-json\/wp\/v2\/comments?post=6"}],"version-history":[{"count":5,"href":"https:\/\/wp.unil.ch\/unis-arc-en-ciel\/wp-json\/wp\/v2\/pages\/6\/revisions"}],"predecessor-version":[{"id":1210,"href":"https:\/\/wp.unil.ch\/unis-arc-en-ciel\/wp-json\/wp\/v2\/pages\/6\/revisions\/1210"}],"wp:featuredmedia":[{"embeddable":true,"href":"https:\/\/wp.unil.ch\/unis-arc-en-ciel\/wp-json\/wp\/v2\/media\/854"}],"wp:attachment":[{"href":"https:\/\/wp.unil.ch\/unis-arc-en-ciel\/wp-json\/wp\/v2\/media?parent=6"}],"curies":[{"name":"wp","href":"https:\/\/api.w.org\/{rel}","templated":true}]}}