{"id":436,"date":"2025-07-01T16:30:01","date_gmt":"2025-07-01T14:30:01","guid":{"rendered":"https:\/\/wp.unil.ch\/unis-arc-en-ciel\/?page_id=436"},"modified":"2025-11-03T11:16:58","modified_gmt":"2025-11-03T10:16:58","slug":"associations","status":"publish","type":"page","link":"https:\/\/wp.unil.ch\/unis-arc-en-ciel\/associations\/","title":{"rendered":"Associations"},"content":{"rendered":"\n<div style=\"height:50px\" aria-hidden=\"true\" class=\"wp-block-spacer\"><\/div>\n\n\n\n<h2 class=\"wp-block-heading\">Associations cantonales<\/h2>\n\n\n\n<div style=\"height:50px\" aria-hidden=\"true\" class=\"wp-block-spacer\"><\/div>\n\n\n\n<h3 class=\"wp-block-heading\">Canton de Vaud<\/h3>\n\n\n\n<div class=\"wp-block-group has-global-padding is-layout-constrained wp-block-group-is-layout-constrained\">\n<ul class=\"wp-block-list\">\n<li><a href=\"https:\/\/www.profa.ch\/\" target=\"_blank\" rel=\"noreferrer noopener\">Fondation Profa<\/a><br>PROFA fournit des prestations en lien avec l\u2019\u00e9ducation sexuelle et relationnelle, la sant\u00e9 sexuelle, la p\u00e9rinatalit\u00e9, le couple et la sexologie, l&rsquo;aide aux victimes, etc.\n<ul class=\"wp-block-list\">\n<li><a href=\"https:\/\/www.profa.ch\/sante-sexuelle\" target=\"_blank\" rel=\"noreferrer noopener\">Consultation de sant\u00e9 sexuelle de l&rsquo;adolescent\u00b7e\u00b7x \u00e0 l&rsquo;adulte<\/a><br>Contact : <a href=\"https:\/\/www.profa.ch\/sante-sexuelle\/contact\">PROFA | Consultation de sant\u00e9 sexuelle | Contact<\/a><br><\/li>\n\n\n\n<li><a href=\"https:\/\/www.profa.ch\/checkpoint\" target=\"_blank\" rel=\"noreferrer noopener\">Checkpoint Vaud<\/a><br>Le Checkpoint Vaud est un centre de sant\u00e9 communautaire \u00e0 destination des hommes ayant des rapports sexuels avec des hommes, ainsi que des personnes trans et leurs partenaires.&nbsp;<br>&nbsp;Contact: <a href=\"mailto:checkpoint@profa.ch\">checkpoint@profa.ch<\/a><br><\/li>\n\n\n\n<li><a href=\"https:\/\/www.profa.ch\/pole-trans\" target=\"_blank\" rel=\"noreferrer noopener\">P\u00f4le trans<\/a><br>Le P\u00f4le trans du Checkpoint Vaud offre un accueil et des entretiens d\u2019orientation pour les personnes trans, non binaires ou en questionnement sur leur identit\u00e9 de genre (\u00e0 partir de 18 ans). Il r\u00e9pond \u00e9galement aux questions des proches et des professionnel\u00b7le\u00b7xs accompagnant des personnes trans ou non-binaires.<br>Contact:<em> <\/em><a href=\"mailto:pole-trans@profa.ch\">pole-trans@profa.ch<\/a><br><\/li>\n\n\n\n<li><a href=\"https:\/\/www.profa.ch\/l-check\" target=\"_blank\" rel=\"noreferrer noopener\">L-Check<\/a><br>Le L-Check est un centre de sant\u00e9 communautaire sp\u00e9cialis\u00e9 pour les femmes qui ont des relations sexuelles avec des femmes, les personnes trans, et leurs partenaires.<br>Contact : <a href=\"https:\/\/www.profa.ch\/l-check\">PROFA | L-Check, gyn\u00e9co safe pour FSF, trans et leurs partenaires<\/a><br><\/li>\n\n\n\n<li><a href=\"https:\/\/www.profa.ch\/migration-intimite#1521533992498-3f325962-e9ac41bc-421578f0-a40602ce-ef25a595-ec3f95c1-22fd\">Migration et intimit\u00e9<\/a><br>Migration et intimit\u00e9 propose des prestations dans le but de pr\u00e9venir notamment le VIH et les autres IST, les grossesses non planifi\u00e9es et les mutilations g\u00e9nitales f\u00e9minines (MGF) aupr\u00e8s des femmes et des hommes des communaut\u00e9s migrantes vivant dans le Canton de Vaud.<br>Contact : <a href=\"mailto:migration-intimite@profa.ch\" target=\"_blank\" rel=\"noreferrer noopener\">migration-intimite@profa.ch<\/a><br><\/li>\n\n\n\n<li><a href=\"https:\/\/www.profa.ch\/perinatalite\" target=\"_blank\" rel=\"noreferrer noopener\">Conseil en p\u00e9rinatalit\u00e9<\/a><br>Un espace d\u2019accompagnement pour les futurs parents et parents.<br>&nbsp;Contact : 021 631 01 50<br><\/li>\n\n\n\n<li><a href=\"https:\/\/WWW.PROFA.CH\/COUPLE-SEXO\" target=\"_blank\" rel=\"noreferrer noopener\">Consultation de couple et de sexologie<\/a><br>La Consultation de couple et de sexologie propose des th\u00e9rapies de couple et des consultations de sexologie \u00e0 toute personne &#8211; seule, en couple, en trouple ou polyamoureuse &#8211; et quelle que soit son orientation, qui rencontre des difficult\u00e9s dans sa vie relationnelle ou dans son intimit\u00e9.<br>Contact : 021 631 01 62<br><\/li>\n\n\n\n<li><a href=\"https:\/\/www.lavi-vaud.ch\/\" target=\"_blank\" rel=\"noreferrer noopener\">Aide aux victimes |&nbsp;Centres LAVI<\/a><br>Soutien psychologique, juridique et financier pour les victimes d\u2019infractions et leurs proches<br>Contact : <a href=\"https:\/\/www.lavi-vaud.ch\/contact\/\" target=\"_blank\" rel=\"noreferrer noopener\">https:\/\/www.lavi-vaud.ch\/contact\/<\/a><br><\/li>\n<\/ul>\n<\/li>\n\n\n\n<li><a href=\"https:\/\/voqueer.ch\/\" data-type=\"link\" data-id=\"https:\/\/voqueer.ch\/\" target=\"_blank\" rel=\"noreferrer noopener\">VoQueer<\/a> \u2013 Association vaudoise pour la diversit\u00e9 sexuelle et de genre<br>Voqueer accueille, \u00e9coute et accompagne les personnes concern\u00e9es par la diversit\u00e9 affective, sexuelle et\/ou de genre&nbsp;; l&rsquo;association d\u00e9fend les int\u00e9r\u00eats de toute la communaut\u00e9 LGBTIQ+, sans discrimination aucune.<br>Contact&nbsp;: <a href=\"mailto:info@voqueer.ch\">info@voqueer.ch<\/a><br><\/li>\n\n\n\n<li><a href=\"https:\/\/www.associationlilith.ch\/l-association\" target=\"_blank\" rel=\"noreferrer noopener\">Lilith<\/a> \u2013 Association romande des femmes homosexuelles<br>Lilith, cr\u00e9\u00e9e en 1994 \u00e0 Lausanne, est une association de femmes lesbiennes, bi et queers. Elle a pour but d&rsquo;apporter soutien et information aux femmes lesbiennes, bi et queers dans le canton de Vaud. <br>Contact : <a href=\"mailto:contact@associationlilith.ch\" target=\"_blank\" rel=\"noreferrer noopener\">contact@associationlilith.ch<\/a><br><\/li>\n\n\n\n<li><a href=\"https:\/\/rainbowspot.ch\/\" target=\"_blank\" rel=\"noreferrer noopener\">Rainbowspot<\/a><br>L\u2019 association Rainbow Spot soutient les personnes migrantes LGBTQIA+ dans le canton de Vaud. Elle offre un espace d&rsquo;information et de soutien et accompagne sur le plan social, juridique et administratif&nbsp;les personnes migrantes LGBTQIA+.<br>Contact&nbsp;: <a href=\"mailto:info@rainbowspot.ch\">info@rainbowspot.ch<\/a><br><\/li>\n<\/ul>\n\n\n\n<div style=\"height:50px\" aria-hidden=\"true\" class=\"wp-block-spacer\"><\/div>\n<\/div>\n\n\n\n<h3 class=\"wp-block-heading\">Canton de Fribourg<\/h3>\n\n\n\n<ul class=\"wp-block-list\">\n<li><a href=\"https:\/\/tremplin.ch\/fr\/prestations\/promotion-de-la-sante-sexuelle\" target=\"_blank\" rel=\"noreferrer noopener\">Empreinte<\/a><br>Empreinte est un centre de comp\u00e9tences en sant\u00e9 sexuelle au sein de la Fondation le Tremplin. Ses missions sont la promotion de la sant\u00e9 sexuelle, la pr\u00e9vention du VIH et des infections sexuellement transmissibles (IST) et la lutte contre les discriminations li\u00e9es aux sexualit\u00e9s \u00e0 Fribourg.<br>Contact : <a href=\"mailto:empreinte@tremplin.ch\" target=\"_blank\" rel=\"noreferrer noopener\">empreinte@tremplin.ch<\/a><br><\/li>\n\n\n\n<li><a href=\"https:\/\/www.fr.ch\/dsas\/smc\/cfss\" target=\"_blank\" rel=\"noreferrer noopener\">Centre fribourgeois de sant\u00e9 sexuelle<\/a><br>Le Centre fribourgeois de sant\u00e9 sexuelle (CFSS) contribue activement \u00e0 la pr\u00e9vention et \u00e0 la promotion de la sant\u00e9 sexuelle et veille au respect des droits sexuels. Ses prestations comprennent notamment des entretiens-conseil (individuels ou en couple) \u00e0 Fribourg et \u00e0 Bulle sur toutes les th\u00e9matiques en lien avec la sant\u00e9 sexuelle, ainsi que des d\u00e9pistages des infections sexuellement transmissibles r\u00e9serv\u00e9s prioritairement aux personnes de moins de 25 ans.<br>Contact : +41 26 305 29 55 ou via le <a href=\"https:\/\/www.fr.ch\/dsas\/smc\/cfss\/contact-centre-fribourgeois-de-sante-sexuelle-cfss\" target=\"_blank\" rel=\"noreferrer noopener\">formulaire de contact<\/a>&nbsp;&nbsp;<br><\/li>\n\n\n\n<li><a href=\"https:\/\/lagofribourg.wixsite.com\/website\" target=\"_blank\" rel=\"noreferrer noopener\">LAGO Fribourg<\/a><br>Association qui offre un espace safe, organise des \u00e9v\u00e9nements, apporte du soutien et d\u00e9fend les droits et la visibilit\u00e9 des personnes queer.<br>Contact: <a href=\"mailto:lago.fribourg@gmail.com\">lago.fribourg@gmail.com<\/a><br><\/li>\n\n\n\n<li><a href=\"https:\/\/transnonbinaryfr.ch\/\" target=\"_blank\" rel=\"noreferrer noopener\">Asso Verein trans&amp;non-bin\u00e4r<\/a><br>Association port\u00e9e par et pour les personnes trans et\/ou non-binaires. Elle milite pour la justice sociale, l\u2019autod\u00e9termination, l\u2019acc\u00e8s \u00e0 des soins affirmatifs et la reconnaissance des identit\u00e9s de genre.<br>Contact : <a href=\"https:\/\/transnonbinaryfr.ch\/\" target=\"_blank\" rel=\"noreferrer noopener\">https:\/\/transnonbinaryfr.ch\/<\/a><br><\/li>\n\n\n\n<li><a href=\"https:\/\/sarigai.ch\/\" target=\"_blank\" rel=\"noreferrer noopener\">SARIGAI<\/a> &#8211; Association fribourgeoise pour la diversit\u00e9 sexuelle et de genre<br>SARIGAI offre \u00e0 toute personne concern\u00e9e par des questions li\u00e9es \u00e0 l\u2019orientation sexuelle et \u00e0 l\u2019identit\u00e9 de genre une structure d\u2019accueil, d\u2019\u00e9coute, d\u2019information, d\u2019expression, de convivialit\u00e9 et de solidarit\u00e9.<br>Contact : <a href=\"mailto:sarigai@sarigai.ch\">sarigai@sarigai.ch<\/a><\/li>\n<\/ul>\n\n\n\n<div style=\"height:50px\" aria-hidden=\"true\" class=\"wp-block-spacer\"><\/div>\n\n\n\n<h3 class=\"wp-block-heading\">Canton de Gen\u00e8ve<\/h3>\n\n\n\n<ul class=\"wp-block-list\">\n<li><a class=\"\" href=\"https:\/\/www.ge.ch\/dossier\/egalite-lgbtiq-violences\/bpev-ses-partenaires\/commissions-consultatives-presidees-bpev#edg-1714407737581\">Commission consultative sur les th\u00e9matiques li\u00e9es \u00e0 l&rsquo;orientation sexuelle, l&rsquo;identit\u00e9 de genre, l&rsquo;expression de genre et les caract\u00e9ristiques sexuelles (CCLGBTIQ+)<\/a><br><br><\/li>\n\n\n\n<li><a href=\"https:\/\/federationlgbt-geneve.ch\/\" target=\"_blank\" rel=\"noreferrer noopener\">F\u00e9d\u00e9ration genevoise des associations LGBTIQ+<\/a><br>La F\u00e9d\u00e9ration genevoise des associations LGBTIQ+ collabore avec les institutions publiques et les milieux professionnels pour pr\u00e9venir et lutter contre l\u2019homophobie et la transphobie. Elle m\u00e8ne des ateliers de sensibilisation \u00e0 destination des \u00e9l\u00e8ves des \u00e9tablissements scolaires et propose des modules de formation \u00e0 destination des milieux professionnels et \u00e9conomiques.<br>Contact: <a href=\"mailto:info@federationlgbt-geneve.ch\">info@federationlgbt-geneve.ch<\/a><br><\/li>\n\n\n\n<li><a href=\"https:\/\/association360.ch\/\" target=\"_blank\" rel=\"noreferrer noopener\">Association 360<\/a><br>Depuis 1998, l&rsquo;association 360 \u0153uvre \u00e0 la reconnaissance de la diversit\u00e9 sexuelle et de genre, la libert\u00e9 de se d\u00e9finir soi-m\u00eame et l\u2019inclusion de touxtes. Elle s\u2019engage pour l\u2019\u00e9galit\u00e9 juridique et sociale des personnes LGBTQ, notamment pour l\u2019acc\u00e8s \u00e0 la sant\u00e9, \u00e0 l\u2019\u00e9ducation, au logement et au travail.<br>Contact : <a href=\"mailto:association360@360.ch\">association360@360.ch<\/a><br><\/li>\n\n\n\n<li><a href=\"https:\/\/groupesantegeneve.ch\/\" target=\"_blank\" rel=\"noreferrer noopener\">Groupe sant\u00e9 Gen\u00e8ve<\/a><br>Association active dans la lutte contre le VIH, les h\u00e9patites, les infections sexuellement transmissibles, ainsi que dans la d\u00e9fense de l\u2019acc\u00e8s \u00e0 la sant\u00e9 pour tou\u00b7te\u00b7xs.<br>Contact : <a href=\"info@groupesante.ch\" target=\"_blank\" rel=\"noreferrer noopener\">info@groupesante.ch<br><\/a><\/li>\n\n\n\n<li><a href=\"https:\/\/www.everybodysperfect.ch\/\" target=\"_blank\" rel=\"noreferrer noopener\">Everybody\u2019s Perfect<\/a><br>L&rsquo; association Everybody\u2019s Perfect propose et met en valeur des \u00e9v\u00e9nements culturels destin\u00e9s \u00e0 soutenir la communaut\u00e9 LGBTIQ &amp; A (alli\u00e9\u00b7es) et ses artistes, ainsi qu&rsquo;\u00e0 promouvoir l\u2019\u00e9galit\u00e9 des droits des personnes LGBTIQ.<br>Contact : <a href=\"mailto:info@everybodysperfect.ch\">info@everybodysperfect.ch<\/a><br><\/li>\n\n\n\n<li><a href=\"https:\/\/asile-lgbt.ch\/lassociation-asile-lgbt\/\" target=\"_blank\" rel=\"noreferrer noopener\">Asile LGBTIQ<\/a><br>Association Asile LGBTIQ+ accueille et accompagne les r\u00e9fugi\u00e9\u00b7e\u00b7xs LGBTQIA+ \u00e0 Gen\u00e8ve.<br>Contact : <a href=\"mailto:info@asile-lgbt.ch\">info@asile-lgbt.ch<\/a><\/li>\n\n\n\n<li><a href=\"https:\/\/www.lestime.ch\" target=\"_blank\" rel=\"noreferrer noopener\">Lestime<\/a><br>Lieu d\u2019accueil, d\u2019\u00e9coute et de conseil, espace communautaire et culturel pour les femmes* LBTIQ+, au c\u0153ur de la cit\u00e9, Lestime s\u2019adresse \u00e0 celles qui veulent s\u2019engager comme \u00e0 celles qui cherchent un espace de calme et de r\u00e9flexion dans un lieu prot\u00e9g\u00e9<br>Contact : <a href=\"mailto:info@lestime.ch\">info@lestime.ch<\/a><br><\/li>\n\n\n\n<li><a href=\"https:\/\/www.dialogai.org\/association\/a-notre-sujet\/\" target=\"_blank\" rel=\"noreferrer noopener\">Dialogai<\/a><br>Association homosexuelle genevoise, reconnue d\u2019utilit\u00e9 publique, Dialogai lutte contre les discriminations et assure le d\u00e9veloppement de services au profit de la communaut\u00e9 LGBTIQ+. Ses activit\u00e9s sont r\u00e9unies en 3 grandes cat\u00e9gories&nbsp;: Sant\u00e9 Gaie, Lutte contre l\u2019homophobie\/la transphobie et Vie communautaire. Elle offre \u00e0 la communaut\u00e9 LGBTIQ+ une structure d\u2019accueil, d\u2019\u00e9coute, d\u2019information, d\u2019expression, de convivialit\u00e9 et de solidarit\u00e9.<br>Contact : <a href=\"mailto:info@dialogai.ch\">info@dialogai.ch<\/a><br>Dialogai dispose de services sp\u00e9cifiques&nbsp;:\n<ul class=\"wp-block-list\">\n<li><em>Checkpoint Gen\u00e8ve, <\/em>centre de sant\u00e9 communautaire pour hommes qui ont des relations sexuelles avec d\u2019autres hommes, personnes trans* et leurs partenaires, propose une permanence en sant\u00e9 sexuelle sans rendez-vous avec des d\u00e9pistages, suivis et traitements IST ainsi que des consultations en sant\u00e9 mentale et m\u00e9decine g\u00e9n\u00e9rale<br>Contact : <a href=\"mailto:cpge@dialogai.org\">cpge@dialogai.org<\/a><\/li>\n\n\n\n<li><em>Le Refuge Gen\u00e8ve,<\/em>espace d\u2019accueil pour jeunes LGBTIQ+ en difficult\u00e9, propose un accompagnement social pour faire face \u00e0 toute probl\u00e9matique rencontr\u00e9e en lien avec leur orientation sexuelle ou identit\u00e9 de genre.<br>Contact : <a href=\"mailto:accueil@refuge-geneve.ch\">accueil@refuge-geneve.ch<\/a><br><br><\/li>\n<\/ul>\n<\/li>\n<\/ul>\n\n\n\n<div style=\"height:50px\" aria-hidden=\"true\" class=\"wp-block-spacer\"><\/div>\n\n\n\n<h3 class=\"wp-block-heading\">Canton de Neuch\u00e2tel<\/h3>\n\n\n\n<ul class=\"wp-block-list\">\n<li><a href=\"https:\/\/www.espacepluriel.ch\/\" target=\"_blank\" rel=\"noreferrer noopener\">Espace Pluriel<\/a> (anciennement Le Refuge-Neuch\u00e2tel)<br>Accompagnement gratuit et confidentiel pour les personnes LGBTIQ+ du canton et r\u00e9gions avoisinantes, ainsi que pour leurs proches. L\u2019association dispense \u00e9galement des formations sur les th\u00e9matiques LGBTIQ+, avec un focus particulier sur les r\u00e9alit\u00e9s trans*<br>Contact : <a href=\"mailto:info@espacepluriel.ch\" target=\"_blank\" rel=\"noreferrer noopener\">info@espacepluriel.ch<\/a>&nbsp;<br><\/li>\n\n\n\n<li><a href=\"https:\/\/www.queerneuch.ch\/\" target=\"_blank\" rel=\"noreferrer noopener\">Queer&nbsp;Neuch<\/a><br>Queer Neuch organise des \u00e9v\u00e9nements inclusifs et d\u00e9fend les droits des personnes LGBTIQ+ dans le canton de Neuch\u00e2tel.<br>Contact : <a href=\"mailto:info@queerneuch.ch\">info@queerneuch.ch<\/a><br><\/li>\n\n\n\n<li><a href=\"https:\/\/www.gsn-ne.ch\/\">GSN<\/a> \u2013 G\u00e9n\u00e9rations Sexualit\u00e9s Neuch\u00e2tel<br>Association cantonale de pr\u00e9vention du VIH et autres IST (y compris d\u00e9pistage), qui propose \u00e9galement de l\u2019\u00e9ducation \u00e0 la sant\u00e9 sexuelle dans les \u00e9tablissements scolaires, des formations et sensibilisations et un soutien sp\u00e9cifique aux personnes LGBTIQ+.<br>Contact : <a href=\"mailto:gsn@ne.ch\">gsn@ne.ch<\/a><br><\/li>\n\n\n\n<li><a href=\"https:\/\/www.neuchatelville.ch\/vivre-a-neuchatel\/sante\/sante-sexuelle\" target=\"_blank\" rel=\"noreferrer noopener\">Ville de Neuch\u00e2tel : Sant\u00e9 sexuelle<\/a><br>Le CSS de Neuch\u00e2tel propose un accompagnement m\u00e9dico-psycho-social sur les th\u00e8mes de l\u2019intimit\u00e9 et sexualit\u00e9s. Entretiens confidentiels et gratuits.<br>Contact : <a href=\"mailto:sante.sexuelle.ne@ne.ch\" target=\"_blank\" rel=\"noreferrer noopener\">sante.sexuelle.ne@ne.ch<\/a><br><\/li>\n\n\n\n<li><a href=\"https:\/\/: https:\/\/www.chaux-de-fonds.ch\/services\/planning-familial\">La Chaux-de-Fonds : Centre de sant\u00e9 sexuelle &#8211; Planning familial<\/a><br>Le Planning familial de La Chaux-de-Fonds offre conseils, tests, contraception, soutien \u00e0 la grossesse et accompagnement confidentiel et multilingue.<br>Contact : <a href=\"mailto:sante.sexuelle.vch@ne.ch\">sante.sexuelle.vch@ne.ch<\/a><br><\/li>\n\n\n\n<li><a href=\"https:\/\/www.arcenciel-ne.ch\/home\/\" target=\"_blank\" rel=\"noreferrer noopener\">Arc-en-Ciel<\/a><br>Arc-en-Ciel r\u00e9unit chr\u00e9tiennes et chr\u00e9tiens et alli\u00e9\u00b7e\u00b7s LGBTIQ+  qui souhaitent approfondir leur foi en relation avec leur orientation sexuelle, leur identit\u00e9 de genre, leur vie affective. L&rsquo;association organise des moments de partage, de c\u00e9l\u00e9brations et des conf\u00e9rences. <br>Contact : <a href=\"mailto:aec-ne@ik.me\">aec-ne@ik.me<\/a><br><\/li>\n<\/ul>\n\n\n\n<div style=\"height:50px\" aria-hidden=\"true\" class=\"wp-block-spacer\"><\/div>\n\n\n\n<h1 class=\"wp-block-heading has-text-align-left\">Associations romandes et suisses<\/h1>\n\n\n\n<div style=\"height:50px\" aria-hidden=\"true\" class=\"wp-block-spacer\"><\/div>\n\n\n\n<ul class=\"wp-block-list\">\n<li><a href=\"https:\/\/www.association-pav.ch\/\" target=\"_blank\" rel=\"noreferrer noopener\">P\u00f4le Agression et Violence \u2013 PAV<\/a><br>Le PAV est une association d&rsquo;aide et de soutien aux personnes victimes de violences avec impacts sur la sph\u00e8re intime. Elle s\u2019adresse aux mineur<em>\u00b7<\/em>s et majeur<em>\u00b7<\/em>s LGBTIQ, ainsi qu&rsquo;\u00e0 leur entourage<br>Informations&nbsp;:<a href=\"mailto:contact@association-pav.ch\">contact@association-pav.ch<\/a><br>En cas de violence&nbsp;:&nbsp;<a href=\"mailto:accueil@association-pav.ch\">accueil@association-pav.ch<\/a><br><\/li>\n\n\n\n<li><a href=\"https:\/\/agnodice.ch\/\" target=\"_blank\" rel=\"noreferrer noopener\">Agnodice<\/a><br>La Fondation Agnodice&nbsp;accompagne les mineur\u00b7exs trans, non binaires et en questionnement, ainsi que leurs familles. Elle propose des entretiens, des groupes de paroles, des accompagnements scolaires et des formations aupr\u00e8s des professionnel\u00b7lexs.<br>Contact: <a href=\"mailto:info@agnodice.ch\">info@agnodice.ch<\/a><br><\/li>\n\n\n\n<li><a href=\"https:\/\/drgay.ch\/fr\/\" target=\"_blank\" rel=\"noreferrer noopener\">Dr Gay<\/a><br>Dr Gay est une offre de l\u2019Aide Suisse contre le Sida qui vise \u00e0 am\u00e9liorer la sant\u00e9 des hommes gays, bi, des personnes trans, queer par un travail de pr\u00e9vention avec la communaut\u00e9.<br><\/li>\n\n\n\n<li><a href=\"https:\/\/www.ekivock.ch\/v2\/accueil\" target=\"_blank\" rel=\"noreferrer noopener\">Ekivock<\/a><br>Ekivock est une association romande cr\u00e9\u00e9e en 2020 par et pour les personnes non binaires. Elle propose des informations et formations concernant la non-binarit\u00e9, ainsi que des groupes de paroles.<br>Contact :\u00a0<a href=\"mailto:contact@ekivock.ch\">contact@ekivock.ch<\/a><br><\/li>\n\n\n\n<li><a href=\"https:\/\/www.regenbogenfamilien.ch\/fr\/\" target=\"_blank\" rel=\"noreferrer noopener\">Familles arc-en-ciel<\/a><br>L\u2019Association Familles arc-en-ciel d\u00e9fend socialement et juridiquement les familles homoparentales ; entretient un r\u00e9seau de contact et met diff\u00e9rents services de conseil \u00e0 disposition.<br>Contact: <a href=\"mailto:info@famillesarcenciel.ch\">info@famillesarcenciel.ch<\/a><br><\/li>\n\n\n\n<li><a href=\"https:\/\/www.inter-action-suisse.ch\/fr\/home\" target=\"_blank\" rel=\"noreferrer noopener\">InterAction<\/a><br>InterAction est une association par et pour les personnes intersexes ou pr\u00e9sentant une variation inn\u00e9e des caract\u00e9ristiques sexuelles.<br>Contact : <a href=\"mailto:hello@interactionsuisse.ch\">hello@interactionsuisse.ch<\/a><br><\/li>\n\n\n\n<li><a href=\"https:\/\/www.klamydias.ch\/\" target=\"_blank\" rel=\"noreferrer noopener\">&nbsp;Les Klamydias\u2019s<\/a><br>Association pour la sant\u00e9 sexuelle des femmes* qui aiment les femmes.<br>Contact:&nbsp;<a href=\"'+String.fromCharCode(108,101,115,107,108,97,109,121,100,105,97,115,64,103,109,97,105,108,46,99,111,109)+'?subject=Contact')\">lesklamydias@gmail.com<\/a><br><\/li>\n\n\n\n<li><a href=\"https:\/\/www.organisation-lesbienne.ch\" target=\"_blank\" rel=\"noreferrer noopener\">LOS<\/a><br>L\u2019Organisation Suisse des Lesbiennes (LOS) est la fa\u00eeti\u00e8re nationale des lesbiennes, bisexuel\u00b7\u200blexs et femmes queers. <br>Contact&nbsp;: <a href=\"mailto:info@los.ch\">info@los.ch<\/a><br><\/li>\n\n\n\n<li><a href=\"https:\/\/www.lwork.ch\/\" target=\"_blank\" rel=\"noreferrer noopener\">LWork<\/a><br>R\u00e9seau professionnel de femmes homosexuelles (*), qui exercent ou qui ont exerc\u00e9 une profession, qui poursuivent une voie de formation ou de perfectionnement professionnel.<br>Contact:&nbsp;<a href=\"mailto:contact@lwork.ch\">contact@lwork.ch<\/a><br><\/li>\n\n\n\n<li><a href=\"https:\/\/www.pinkcross.ch\/fr\" target=\"_blank\" rel=\"noreferrer noopener\">PinkCross<\/a><br>Pink Cross est l\u2019organisation fa\u00eeti\u00e8re nationale des hommes* gays et bisexuels. Par hommes*, nous entendons toutes les personnes qui se sentent appartenir au moins en partie au genre masculin.<br>Contact&nbsp;: <a href=\"mailto:office@pinkcross.ch\">office@pinkcross.ch<\/a><br><\/li>\n\n\n\n<li><a href=\"https:\/\/www.tgns.ch\/fr\/\" target=\"_blank\" rel=\"noreferrer noopener\">Transgender Network Switzerland<\/a><br>Transgender Network Switzerland repr\u00e9sente les int\u00e9r\u00eats de toutes les personnes qui ne s\u2019identifient pas au genre qu\u2019elles ont re\u00e7u \u00e0 la naissance. L&rsquo; association accompagne ces personnes et leur entourage dans leur parcours individuel.<br>Contact: <a href=\"mailto:info@tgns.ch\">info@tgns.ch<\/a>\n<ul class=\"wp-block-list\">\n<li><a href=\"https:\/\/www.transwelcome.ch\/fr\/\">Trans Welcome<\/a><br>Un projet de Transgender Network Switzerland. Par des mesures concr\u00e8tes \u00e0 destination des employeurs et des personnes trans, le but de ce projet est de favoriser l\u2019inclusion des personnes trans en milieu professionnel.<br>Contact : <a href=\"mailto:work@tgns.ch\">work@tgns.ch<\/a><br><\/li>\n<\/ul>\n<\/li>\n\n\n\n<li><a href=\"https:\/\/360.ch\/\" target=\"_blank\" rel=\"noreferrer noopener\">360\u00b0 &#8211; Magazine queer suisse<\/a><br>Le magazine 360\u00b0 est un m\u00e9dia suisse francophone consacr\u00e9 aux questions LGBTIQ+. Il aborde l\u2019actualit\u00e9, la culture, la soci\u00e9t\u00e9 et les droits humains sous un angle inclusif et engag\u00e9. Il vise \u00e0 informer, sensibiliser et donner la parole aux communaut\u00e9s LGBTIQ+ en Suisse et au-del\u00e0.<br>Contact\u00a0:\u00a0<a href=\"https:\/\/360.ch\/contact-2\/\" target=\"_blank\" rel=\"noreferrer noopener\">https:\/\/360.ch\/contact-2\/<\/a><br><\/li>\n<\/ul>\n\n\n\n<div style=\"height:48px\" aria-hidden=\"true\" class=\"wp-block-spacer\"><\/div>\n","protected":false},"excerpt":{"rendered":"<p>Associations cantonales Canton de Vaud Canton de Fribourg Canton de Gen\u00e8ve Canton de Neuch\u00e2tel Associations romandes et suisses<\/p>\n","protected":false},"author":1002422,"featured_media":0,"parent":0,"menu_order":0,"comment_status":"closed","ping_status":"closed","template":"wp-custom-template-mod-le-accueil-1","meta":{"_seopress_robots_primary_cat":"","_seopress_titles_title":"","_seopress_titles_desc":"","_seopress_robots_index":"","footnotes":""},"class_list":["post-436","page","type-page","status-publish"],"_links":{"self":[{"href":"https:\/\/wp.unil.ch\/unis-arc-en-ciel\/wp-json\/wp\/v2\/pages\/436","targetHints":{"allow":["GET"]}}],"collection":[{"href":"https:\/\/wp.unil.ch\/unis-arc-en-ciel\/wp-json\/wp\/v2\/pages"}],"about":[{"href":"https:\/\/wp.unil.ch\/unis-arc-en-ciel\/wp-json\/wp\/v2\/types\/page"}],"author":[{"embeddable":true,"href":"https:\/\/wp.unil.ch\/unis-arc-en-ciel\/wp-json\/wp\/v2\/users\/1002422"}],"replies":[{"embeddable":true,"href":"https:\/\/wp.unil.ch\/unis-arc-en-ciel\/wp-json\/wp\/v2\/comments?post=436"}],"version-history":[{"count":5,"href":"https:\/\/wp.unil.ch\/unis-arc-en-ciel\/wp-json\/wp\/v2\/pages\/436\/revisions"}],"predecessor-version":[{"id":1225,"href":"https:\/\/wp.unil.ch\/unis-arc-en-ciel\/wp-json\/wp\/v2\/pages\/436\/revisions\/1225"}],"wp:attachment":[{"href":"https:\/\/wp.unil.ch\/unis-arc-en-ciel\/wp-json\/wp\/v2\/media?parent=436"}],"curies":[{"name":"wp","href":"https:\/\/api.w.org\/{rel}","templated":true}]}}