{"id":427,"date":"2025-07-01T16:27:55","date_gmt":"2025-07-01T14:27:55","guid":{"rendered":"https:\/\/wp.unil.ch\/unis-arc-en-ciel\/?page_id=427"},"modified":"2025-09-23T14:36:10","modified_gmt":"2025-09-23T12:36:10","slug":"formations","status":"publish","type":"page","link":"https:\/\/wp.unil.ch\/unis-arc-en-ciel\/formations\/","title":{"rendered":"Formations"},"content":{"rendered":"\n<div style=\"height:50px\" aria-hidden=\"true\" class=\"wp-block-spacer\"><\/div>\n\n\n<h1 class=\"has-text-align-left wp-block-post-title\">Formations<\/h1>\n\n\n<div style=\"height:52px\" aria-hidden=\"true\" class=\"wp-block-spacer\"><\/div>\n\n\n\n<p>Les formations et ateliers sur les enjeux qui traitent des th\u00e9matiques LGBTIQ \u2013 et plus largement de diversit\u00e9 et d\u2019inclusion &#8211; permettent de sensibiliser les employ\u00e9\u00b7exs des communaut\u00e9s universitaires aux bonnes pratiques, notamment en mati\u00e8re de communication, de recrutement et de protection de la personnalit\u00e9 et de l\u2019int\u00e9grit\u00e9 personnelle.<\/p>\n\n\n\n<p>Vers des Unis Arc-en-Ciel organise chaque ann\u00e9e l&rsquo;atelier \u00ab\u00a0Accueillir et accompagner les personnes LGBTIQ aux \u00e9tudes et au travail&nbsp;: Quels enjeux de posture et de pratiques professionnelles&nbsp;?\u00a0\u00bb, \u00e9labor\u00e9 par Dre Caroline Dayer. Selon l&rsquo;institution partenaire, il est adapt\u00e9 et propos\u00e9 en fran\u00e7ais, en anglais ou en allemand et peut s&rsquo;adresser sp\u00e9cifiquement au personnel administratif et technique, au personnel enseignant ou \u00e0 d&rsquo;autres publics.<\/p>\n\n\n\n<div style=\"height:51px\" aria-hidden=\"true\" class=\"wp-block-spacer\"><\/div>\n\n\n\n<div class=\"wp-block-group has-global-padding is-layout-constrained wp-block-group-is-layout-constrained\">\n<h3 class=\"wp-block-heading has-text-align-center is-style-default\">Retrouvez les prochaines dates de formations au sein de nos hautes \u00e9coles :<\/h3>\n\n\n\n<div style=\"height:52px\" aria-hidden=\"true\" class=\"wp-block-spacer\"><\/div>\n\n\n\n<div class=\"wp-block-buttons alignwide is-horizontal is-content-justification-center is-layout-flex wp-container-core-buttons-is-layout-6fcff4c6 wp-block-buttons-is-layout-flex\">\n<div class=\"wp-block-button\"><a class=\"wp-block-button__link wp-element-button\" href=\"https:\/\/www.unine.ch\/egalite\/formations-et-ateliers\/\" style=\"border-radius:0px\" target=\"_blank\" rel=\"noreferrer noopener\">Universit\u00e9 de Neuch\u00e2tel<\/a><\/div>\n\n\n\n<div class=\"wp-block-button\"><a class=\"wp-block-button__link wp-element-button\" href=\"https:\/\/www.unige.ch\/rectorat\/egalite\/thematiques\/diversite\/questions-lgbtiq-a-lunige\/vers-des-unis-arc-en-ciel\/ateliers-accueillir-et-accompagner-les-personnes-lgbtiq-aux-etudes-et-au-travail\/\" style=\"border-radius:0px\" target=\"_blank\" rel=\"noreferrer noopener\">Universit\u00e9 de Gen\u00e8ve<\/a><\/div>\n\n\n\n<div class=\"wp-block-button\"><a class=\"wp-block-button__link wp-element-button\" href=\"https:\/\/: https:\/\/www.epfl.ch\/campus\/community\/fr\/lgbtiq\/\" style=\"border-radius:0px\" target=\"_blank\" rel=\"noreferrer noopener\">EPFL<\/a><\/div>\n\n\n\n<div class=\"wp-block-button\"><a class=\"wp-block-button__link wp-element-button\" href=\"https:\/\/www.unifr.ch\/egalite\/fr\/\" style=\"border-style:none;border-width:0px;border-radius:0px\" target=\"_blank\" rel=\"noreferrer noopener\">Universit\u00e9 de Fribourg<\/a><\/div>\n\n\n\n<div class=\"wp-block-button\"><a class=\"wp-block-button__link wp-element-button\" href=\"https:\/\/www.unil.ch\/unil\/fr\/home\/menuinst\/universite\/egalite-diversite-inclusion\/formations.html\" style=\"border-radius:0px\" target=\"_blank\" rel=\"noreferrer noopener\">Universit\u00e9 de Lausanne<\/a><\/div>\n<\/div>\n\n\n\n<div style=\"height:49px\" aria-hidden=\"true\" class=\"wp-block-spacer\"><\/div>\n<\/div>\n","protected":false},"excerpt":{"rendered":"<p>Les formations et ateliers sur les enjeux qui traitent des th\u00e9matiques LGBTIQ \u2013 et plus largement de diversit\u00e9 et d\u2019inclusion &#8211; permettent de sensibiliser les employ\u00e9\u00b7exs des communaut\u00e9s universitaires aux bonnes pratiques, notamment en mati\u00e8re de communication, de recrutement et de protection de la personnalit\u00e9 et de l\u2019int\u00e9grit\u00e9 personnelle. Vers des Unis Arc-en-Ciel organise chaque [&hellip;]<\/p>\n","protected":false},"author":1002422,"featured_media":0,"parent":0,"menu_order":0,"comment_status":"closed","ping_status":"closed","template":"wp-custom-template-mod-le-accueil-1","meta":{"_seopress_robots_primary_cat":"","_seopress_titles_title":"","_seopress_titles_desc":"","_seopress_robots_index":"","footnotes":""},"class_list":["post-427","page","type-page","status-publish"],"_links":{"self":[{"href":"https:\/\/wp.unil.ch\/unis-arc-en-ciel\/wp-json\/wp\/v2\/pages\/427","targetHints":{"allow":["GET"]}}],"collection":[{"href":"https:\/\/wp.unil.ch\/unis-arc-en-ciel\/wp-json\/wp\/v2\/pages"}],"about":[{"href":"https:\/\/wp.unil.ch\/unis-arc-en-ciel\/wp-json\/wp\/v2\/types\/page"}],"author":[{"embeddable":true,"href":"https:\/\/wp.unil.ch\/unis-arc-en-ciel\/wp-json\/wp\/v2\/users\/1002422"}],"replies":[{"embeddable":true,"href":"https:\/\/wp.unil.ch\/unis-arc-en-ciel\/wp-json\/wp\/v2\/comments?post=427"}],"version-history":[{"count":5,"href":"https:\/\/wp.unil.ch\/unis-arc-en-ciel\/wp-json\/wp\/v2\/pages\/427\/revisions"}],"predecessor-version":[{"id":1126,"href":"https:\/\/wp.unil.ch\/unis-arc-en-ciel\/wp-json\/wp\/v2\/pages\/427\/revisions\/1126"}],"wp:attachment":[{"href":"https:\/\/wp.unil.ch\/unis-arc-en-ciel\/wp-json\/wp\/v2\/media?parent=427"}],"curies":[{"name":"wp","href":"https:\/\/api.w.org\/{rel}","templated":true}]}}