{"id":402,"date":"2025-05-02T13:57:15","date_gmt":"2025-05-02T11:57:15","guid":{"rendered":"https:\/\/wp.unil.ch\/unis-arc-en-ciel\/?page_id=402"},"modified":"2025-09-23T13:50:32","modified_gmt":"2025-09-23T11:50:32","slug":"epfl","status":"publish","type":"page","link":"https:\/\/wp.unil.ch\/unis-arc-en-ciel\/epfl\/","title":{"rendered":"\u00c9cole Polytechnique F\u00e9d\u00e9rale de Lausanne &#8211; Bureau de l\u2019\u00e9galit\u00e9"},"content":{"rendered":"\n<div style=\"height:50px\" aria-hidden=\"true\" class=\"wp-block-spacer\"><\/div>\n\n\n<h1 class=\"has-text-align-left wp-block-post-title\">\u00c9cole Polytechnique F\u00e9d\u00e9rale de Lausanne &#8211; Bureau de l\u2019\u00e9galit\u00e9<\/h1>\n\n\n<div style=\"height:50px\" aria-hidden=\"true\" class=\"wp-block-spacer\"><\/div>\n\n\n\n<p>Le Bureau de l\u2019\u00e9galit\u00e9 des chances propose une \u00e9coute et son conseil pour toutes les questions ou d\u00e9marches li\u00e9es aux questions de diversit\u00e9, \u00e9galit\u00e9 et inclusion \u00e0 l\u2019EPFL. Le Bureau de l\u2019\u00e9galit\u00e9 est rattach\u00e9 \u00e0 la Vice-pr\u00e9sidence pour le d\u00e9veloppement humain (VPH), sous le domaine Bien-\u00eatre &amp; Inclusion.<\/p>\n\n\n\n<ul class=\"wp-block-list\">\n<li><strong>Conseil Soutien individuel<\/strong><br>Le Bureau de l\u2019\u00e9galit\u00e9 des chances propose un espace s\u00fbr pour poser des questions, exprimer ses pr\u00e9occupations et recevoir des informations et des conseils.<br><\/li>\n\n\n\n<li><strong>(Pr\u00e9)nom et genre d\u2019usage<\/strong><br>Le projet \u00ab <a href=\"https:\/\/www.epfl.ch\/about\/equality\/fr\/projets\/nom-dusage-inclusif\/\" target=\"_blank\" rel=\"noreferrer noopener\">Inclusive Name Change <\/a>\u00bb permet aux membres de la communaut\u00e9 EPFL l\u2019utilisation d\u2019un (pr\u00e9)nom d\u2019usage partout o\u00f9 cela est techniquement et l\u00e9galement possible.<br><\/li>\n\n\n\n<li><strong>Modification de la mention de genre (intitul\u00e9 de la fonction)<\/strong><br>La fonction en fran\u00e7ais peut refl\u00e9ter le genre administratif (par exemple : \u00e9tudiante ou \u00e9tudiant ; collaboratrice ou collaborateur ; etc.). De mani\u00e8re individuelle et autonome, <a href=\"https:\/\/www.epfl.ch\/campus\/services\/website\/fr\/publier-sur-le-web-epfl\/people\/onglets\/modifier-nom-prenom\/#people-identit%C3%A9-usage\" target=\"_blank\" rel=\"noreferrer noopener\">il est possible d\u2019afficher<\/a> une mention de genre \u00ab non pr\u00e9cis\u00e9e \u00bb (par exemple : \u00e9tudiante\/\u00e9tudiant ; professeure\/professeur ; collaboratrice\/collaborateur ; etc.). Cet affichage est r\u00e9percut\u00e9 dans les annuaires.<br><\/li>\n\n\n\n<li><strong>Dipl\u00f4me non genr\u00e9<\/strong><br>Les membres du corps estudiantin souhaitant recevoir un dipl\u00f4me non genr\u00e9 peuvent adresser une demande motiv\u00e9e.<br><\/li>\n\n\n\n<li><strong>WC non genr\u00e9s<\/strong><br>Les blocs de toilettes des b\u00e2timents CM et CE de l\u2019EPFL ont \u00e9t\u00e9 enti\u00e8rement r\u00e9nov\u00e9s afin d\u2019offrir des espaces plus inclusifs et fonctionnels. Les r\u00e9novations des WC vont \u00eatre progressivement \u00e9tendues \u00e0 d\u2019autres b\u00e2timents du campus<br><\/li>\n\n\n\n<li><strong>Douches non genr\u00e9es<\/strong><br>Certains niveaux du b\u00e2timent CM proposent des douches avec zones s\u00e8ches.<br><\/li>\n\n\n\n<li><strong>Groupe de parole anglophone pour personnes trans <\/strong>(Plus d\u2019infos d\u2019ici \u00e0 septembre 2025)<\/li>\n<\/ul>\n\n\n\n<div style=\"height:100px\" aria-hidden=\"true\" class=\"wp-block-spacer\"><\/div>\n\n\n\n<div class=\"wp-block-group has-global-padding is-layout-constrained wp-block-group-is-layout-constrained\">\n<div class=\"wp-block-group is-vertical is-layout-flex wp-container-core-group-is-layout-fe9cc265 wp-block-group-is-layout-flex\">\n<h2 class=\"wp-block-heading\">Cadre r\u00e9glementaire<\/h2>\n\n\n\n<h3 class=\"wp-block-heading\">Domaine des EPF<\/h3>\n\n\n\n<ul class=\"wp-block-list\">\n<li><a href=\"https:\/\/ethrat.ch\/fr\/actualites\/diversite-egalite-et-inclusion-strategie-2025-2028\/\">Diversit\u00e9, \u00e9galit\u00e9 et inclusion: strat\u00e9gie 2025-2028<\/a><\/li>\n<\/ul>\n\n\n\n<h3 class=\"wp-block-heading\">Dispositions internes<\/h3>\n\n\n\n<ul class=\"wp-block-list\">\n<li><a href=\"https:\/\/www.epfl.ch\/about\/overview\/fr\/reglements-et-directives\/compliance\/compliance-guide\/\" target=\"_blank\" rel=\"noreferrer noopener\">Compliance Guide<\/a><br>La rubrique \u00ab <a href=\"https:\/\/www.epfl.ch\/about\/overview\/fr\/reglements-et-directives\/compliance\/compliance-guide\/egalite-diversite-et-respect\/\" target=\"_blank\" rel=\"noreferrer noopener\">Egalit\u00e9, diversit\u00e9 et respect <\/a>\u00bb donne des informations sur le cadre r\u00e9glementaire \u00e0 l\u2019EPFL autour des th\u00e9matiques LGBTIQ.<\/li>\n<\/ul>\n<\/div>\n\n\n\n<div class=\"wp-block-group is-vertical is-layout-flex wp-container-core-group-is-layout-fe9cc265 wp-block-group-is-layout-flex\">\n<div style=\"height:0px\" aria-hidden=\"true\" class=\"wp-block-spacer wp-container-content-6388d5dc\"><\/div>\n\n\n\n<h2 class=\"wp-block-heading\">Partenaires et associations sur le campus<\/h2>\n\n\n\n<ul class=\"wp-block-list\">\n<li><a href=\"https:\/\/www.epfl.ch\/campus\/associations\/planqueer\/\" target=\"_blank\" rel=\"noreferrer noopener\">PlanQueer<\/a><br>PlanQueer est une association de personnes queer sur les campus EPFL-UNIL. Elle s\u2019engage pour les droits de la communaut\u00e9 queer sur les deux campus, communique autour des th\u00e9matiques LGBTIQ et organise soir\u00e9es et conf\u00e9rences, parfois en collaboration avec d\u2019autres associations.<br>Contact : <a href=\"mailto:planqueer@asso-unil.ch\">planqueer@asso-unil.ch<\/a><br><\/li>\n\n\n\n<li><a href=\"https:\/\/polyquity.ch\/\" target=\"_blank\" rel=\"noreferrer noopener\">Polyquity<\/a><br>Association de l&rsquo;EPFL qui d\u00e9fend un f\u00e9minisme intersectionnel et inclusif sur son campus.<br>Contact: <a href=\"mailto:polyquity@gmail.com\">polyquity@gmail.com<\/a><br><\/li>\n<\/ul>\n<\/div>\n\n\n\n<div class=\"wp-block-group is-vertical is-layout-flex wp-container-core-group-is-layout-fe9cc265 wp-block-group-is-layout-flex\">\n<div style=\"height:0px\" aria-hidden=\"true\" class=\"wp-block-spacer wp-container-content-6388d5dc\"><\/div>\n\n\n\n<h2 class=\"wp-block-heading\">Contact<\/h2>\n\n\n\n<p><strong>Bureau de l\u2019\u00e9galit\u00e9<\/strong><br>Av. Fran\u00e7ois Alphonse Forel 3 &#8211; CH- 1015 Lausanne<br><a href=\"mailto:bureau.egalite@epfl.ch\">bureau.egalite@epfl.ch<\/a> &#8211; +41 21 693 10 82<\/p>\n<\/div>\n\n\n\n<div style=\"height:100px\" aria-hidden=\"true\" class=\"wp-block-spacer\"><\/div>\n\n\n\n<div class=\"wp-block-buttons is-content-justification-center is-layout-flex wp-container-core-buttons-is-layout-a89b3969 wp-block-buttons-is-layout-flex\">\n<div class=\"wp-block-button\"><a class=\"wp-block-button__link wp-element-button\" href=\"https:\/\/www.epfl.ch\/about\/equality\/fr\/bureauegalite\/\" style=\"border-radius:0px\" target=\"_blank\" rel=\"noreferrer noopener\">Vers le site<\/a><\/div>\n<\/div>\n<\/div>\n\n\n\n<div style=\"height:100px\" aria-hidden=\"true\" class=\"wp-block-spacer\"><\/div>\n","protected":false},"excerpt":{"rendered":"<p>Le Bureau de l\u2019\u00e9galit\u00e9 des chances propose une \u00e9coute et son conseil pour toutes les questions ou d\u00e9marches li\u00e9es aux questions de diversit\u00e9, \u00e9galit\u00e9 et inclusion \u00e0 l\u2019EPFL. Le Bureau de l\u2019\u00e9galit\u00e9 est rattach\u00e9 \u00e0 la Vice-pr\u00e9sidence pour le d\u00e9veloppement humain (VPH), sous le domaine Bien-\u00eatre &amp; Inclusion. Cadre r\u00e9glementaire Domaine des EPF Dispositions internes [&hellip;]<\/p>\n","protected":false},"author":1002422,"featured_media":0,"parent":0,"menu_order":0,"comment_status":"closed","ping_status":"closed","template":"wp-custom-template-mod-le-accueil-1","meta":{"_seopress_robots_primary_cat":"","_seopress_titles_title":"","_seopress_titles_desc":"","_seopress_robots_index":"","footnotes":""},"class_list":["post-402","page","type-page","status-publish"],"_links":{"self":[{"href":"https:\/\/wp.unil.ch\/unis-arc-en-ciel\/wp-json\/wp\/v2\/pages\/402","targetHints":{"allow":["GET"]}}],"collection":[{"href":"https:\/\/wp.unil.ch\/unis-arc-en-ciel\/wp-json\/wp\/v2\/pages"}],"about":[{"href":"https:\/\/wp.unil.ch\/unis-arc-en-ciel\/wp-json\/wp\/v2\/types\/page"}],"author":[{"embeddable":true,"href":"https:\/\/wp.unil.ch\/unis-arc-en-ciel\/wp-json\/wp\/v2\/users\/1002422"}],"replies":[{"embeddable":true,"href":"https:\/\/wp.unil.ch\/unis-arc-en-ciel\/wp-json\/wp\/v2\/comments?post=402"}],"version-history":[{"count":5,"href":"https:\/\/wp.unil.ch\/unis-arc-en-ciel\/wp-json\/wp\/v2\/pages\/402\/revisions"}],"predecessor-version":[{"id":1101,"href":"https:\/\/wp.unil.ch\/unis-arc-en-ciel\/wp-json\/wp\/v2\/pages\/402\/revisions\/1101"}],"wp:attachment":[{"href":"https:\/\/wp.unil.ch\/unis-arc-en-ciel\/wp-json\/wp\/v2\/media?parent=402"}],"curies":[{"name":"wp","href":"https:\/\/api.w.org\/{rel}","templated":true}]}}