{"id":400,"date":"2025-05-02T13:56:34","date_gmt":"2025-05-02T11:56:34","guid":{"rendered":"https:\/\/wp.unil.ch\/unis-arc-en-ciel\/?page_id=400"},"modified":"2025-09-23T13:47:52","modified_gmt":"2025-09-23T11:47:52","slug":"unige","status":"publish","type":"page","link":"https:\/\/wp.unil.ch\/unis-arc-en-ciel\/unige\/","title":{"rendered":"UNIGE &#8211; Service \u00e9galit\u00e9 &amp; diversit\u00e9"},"content":{"rendered":"\n<div style=\"height:50px\" aria-hidden=\"true\" class=\"wp-block-spacer\"><\/div>\n\n\n<h1 class=\"has-text-align-left wp-block-post-title\">UNIGE &#8211; Service \u00e9galit\u00e9 &amp; diversit\u00e9<\/h1>\n\n\n<div style=\"height:25px\" aria-hidden=\"true\" class=\"wp-block-spacer\"><\/div>\n\n\n\n<p>L\u2019Universit\u00e9 de Gen\u00e8ve proscrit toute discrimination fond\u00e9e notamment sur le sexe, les origines ethniques ou sociales, les caract\u00e9ristiques g\u00e9n\u00e9tiques, les convictions religieuses, les opinions politiques, l\u2019appartenance \u00e0 une minorit\u00e9 nationale, un handicap, l\u2019\u00e2ge, l\u2019orientation sexuelle ou l\u2019identit\u00e9 de genre (<a href=\"https:\/\/silgeneve.ch\/legis\/data\/rsg_c1_30.htm\" target=\"_blank\" rel=\"noreferrer noopener\">LU Art.3, al.3<\/a>).<\/p>\n\n\n\n<p>Afin de garantir un environnement de recherche, de travail et d\u2019\u00e9tude inclusif, le Service \u00e9galit\u00e9 &amp; diversit\u00e9 m\u00e8ne plusieurs actions :<\/p>\n\n\n\n<div class=\"wp-block-group has-global-padding is-layout-constrained wp-block-group-is-layout-constrained\">\n<div class=\"wp-block-group is-vertical is-layout-flex wp-container-core-group-is-layout-fe9cc265 wp-block-group-is-layout-flex\">\n<ul class=\"wp-block-list\">\n<li><a href=\"https:\/\/www.unige.ch\/help\/\" data-type=\"link\" data-id=\"https:\/\/www.unige.ch\/help\/\" target=\"_blank\" rel=\"noreferrer noopener\">unige.ch\/help<\/a> accompagn\u00e9 d&rsquo;une campagne de sensibilisation \u00ab <a href=\"https:\/\/www.youtube.com\/watch?v=hls51j-wCxI\" target=\"_blank\" rel=\"noreferrer noopener\">Pour une uni bienveillante !<\/a> \u00bb. L\u2019ensemble des ressources et cellules d\u2019aide en cas d\u2019atteinte \u00e0 la personnalit\u00e9 figurent sur un seul site.<br><\/li>\n\n\n\n<li><a href=\"https:\/\/www.unige.ch\/rectorat\/egalite\/thematiques\/diversite\/questions-lgbtiq-a-lunige\/la-nouvelle-directive-prenom-nom-et-genre-dusage\/\" target=\"_blank\" rel=\"noreferrer noopener\">Utilisation d\u2019un pr\u00e9nom et\/ou d&rsquo;un nom \u00e0 usage universitaire<\/a>. Il est possible pour les membres de la communaut\u00e9 (\u00e9tudiant\u00b7exs et personnel) de demander l\u2019utilisation d\u2019un pr\u00e9nom et\/ou d&rsquo;un nom d\u2019usage pour les relations de travail ou d\u2019\u00e9tudes selon les r\u00e8gles applicables.<br><\/li>\n\n\n\n<li>Toilettes inclusives dans plusieurs b\u00e2timents en phase pilote et projet d&rsquo;extension dans le cadre des b\u00e2timents en r\u00e9novation ou en construction. Distributeurs de protection menstruelles dans des zones neutres.<br><\/li>\n\n\n\n<li><a href=\"https:\/\/www.unige.ch\/rectorat\/egalite\/thematiques\/diversite\/questions-lgbtiq-a-lunige\/journee-internationale-contre-les-lgbtphobies\/\" target=\"_blank\" rel=\"noreferrer noopener\">Journ\u00e9e de stands des associations LGBTIQ<\/a> autour du 17 mai (IDAHOBIT), dans le hall d\u2019Uni Mail. Au programme : \u00e9changes, informations, rencontres avec les associations LGBTIQ locales, documentation, ressources et outils de sensibilisation.<br><\/li>\n\n\n\n<li>Participation \u00e0 la<a href=\"https:\/\/www.geneve.ch\/themes\/durabilite\/orientation-sexuelle-identite-genre\/campagnes-annuelles-contre-homophobie\" target=\"_blank\" rel=\"noreferrer noopener\"> Semaine contre l\u2019&rsquo;homophobie, la biphobie et la transphobie <\/a>organis\u00e9e par la Ville de Gen\u00e8ve, service de l\u2019Agenda 21.<br><\/li>\n\n\n\n<li>Formations : atelier pour le personnel <a href=\"https:\/\/www.unige.ch\/rectorat\/egalite\/thematiques\/diversite\/questions-lgbtiq-a-lunige\/vers-des-unis-arc-en-ciel\/ateliers-accueillir-et-accompagner-les-personnes-lgbtiq-aux-etudes-et-au-travail\/\" target=\"_blank\" rel=\"noreferrer noopener\"> \u00ab\u00a0Accueillir et accompagner les personnes LGBTIQ aux \u00e9tudes et au travail\u00a0\u00bb <\/a>; <a href=\"https:\/\/www.unige.ch\/dirh\/formation\/protection-de-la-personnalite\/prevention-atteinte-a-la-personnalite\" data-type=\"link\" data-id=\"https:\/\/www.unige.ch\/dirh\/formation\/protection-de-la-personnalite\/prevention-atteinte-a-la-personnalite\" target=\"_blank\" rel=\"noreferrer noopener\">pr\u00e9vention atteinte \u00e0 la personnalit\u00e9<\/a>&nbsp;; e-learning sur le<a href=\"https:\/\/www.unige.ch\/dirh\/formation\/protection-de-la-personnalite\/e-learning-sur-le-harcelement\" target=\"_blank\" rel=\"noreferrer noopener\"> harc\u00e8lement<\/a>&nbsp;; ateliers de<a href=\"https:\/\/www.unige.ch\/rectorat\/egalite\/programmes-et-formations\/formation\/ateliers-de-redaction\/\" target=\"_blank\" rel=\"noreferrer noopener\"> r\u00e9daction \u00e9pic\u00e8ne<\/a>&nbsp;; CAS<a href=\"https:\/\/www.unige.ch\/formcont\/cours\/egalite-inclusion\" target=\"_blank\" rel=\"noreferrer noopener\"> Diversit\u00e9, \u00e9galit\u00e9, inclusion<\/a>&nbsp;; session <a href=\"https:\/\/www.unige.ch\/formcont\/cours\/diversite\" target=\"_blank\" rel=\"noreferrer noopener\">D\u00e9velopper un milieu de travail inclusif: management de la diversit\u00e9 et droits LGBT<\/a>&nbsp;; session <a href=\"https:\/\/www.unige.ch\/formcont\/cours\/egalite-diversite\" target=\"_blank\" rel=\"noreferrer noopener\">Promouvoir l\u2019\u00e9galit\u00e9 et la diversit\u00e9 dans le monde professionnel<\/a>.<br><\/li>\n<\/ul>\n<\/div>\n\n\n\n<div style=\"height:50px\" aria-hidden=\"true\" class=\"wp-block-spacer\"><\/div>\n\n\n\n<div class=\"wp-block-group is-vertical is-layout-flex wp-container-core-group-is-layout-fe9cc265 wp-block-group-is-layout-flex\">\n<h2 class=\"wp-block-heading\">Cadre r\u00e9glementaire<\/h2>\n\n\n\n<h3 class=\"wp-block-heading\">Dispositions cantonales<\/h3>\n<\/div>\n\n\n\n<ul class=\"wp-block-list\">\n<li><a href=\"https:\/\/www.google.com\/url?sa=t&amp;source=web&amp;rct=j&amp;opi=89978449&amp;url=https:\/\/ge.ch\/grandconseil\/data\/loisvotee\/L13279.pdf&amp;ved=2ahUKEwizkee328GPAxXGywIHHegIFIYQFnoECCAQAQ&amp;usg=AOvVaw33mAU7P2dwSCYBqfcOT0JA\" target=\"_blank\" rel=\"noreferrer noopener\">Loi g\u00e9n\u00e9rale sur l\u2019\u00e9galit\u00e9 et la lutte contre les discriminations <\/a>(LED) (13279), entr\u00e9e en vigueur le 23 mars 2023<\/li>\n\n\n\n<li><a href=\"https:\/\/ge.ch\/grandconseil\/data\/loisvotee\/L12843.pdf\" target=\"_blank\" rel=\"noreferrer noopener\">Loi sur l\u2019\u00e9galit\u00e9 et la lutte contre les discriminations li\u00e9es au sexe et au genre<\/a> (LED-Genre) (12843), entr\u00e9e en vigueur le 23 mars 2023<\/li>\n\n\n\n<li><a href=\"https:\/\/silgeneve.ch\/legis\/data\/rsg_c1_30.htm\" target=\"_blank\" rel=\"noreferrer noopener\">Loi sur l&rsquo;universit\u00e9 <\/a>(LU), entr\u00e9e en vigueur le 17 mars 2009<\/li>\n<\/ul>\n\n\n\n<h3 class=\"wp-block-heading\">Dispositions internes<\/h3>\n\n\n\n<ul class=\"wp-block-list\">\n<li><a href=\"https:\/\/www.unige.ch\/ethique\/charte\" target=\"_blank\" rel=\"noreferrer noopener\">Charte d\u2019\u00e9thique et de d\u00e9ontologie des Hautes \u00e9coles universitaires et sp\u00e9cialis\u00e9es de Gen\u00e8ve<\/a> ( Article 4. Respect de la personne)<br><\/li>\n<\/ul>\n\n\n\n<p>Il incombe \u00e0 l\u2019institution de garantir un cadre de travail et d\u2019\u00e9tudes sain et bienveillant auquel chaque membre de la communaut\u00e9 universitaire se doit de contribuer. Les r\u00e8glements internes \u00e0 ce sujet sont :<\/p>\n\n\n\n<p><strong>Pour les \u00e9tudiant\u00b7exs : <\/strong><\/p>\n\n\n\n<ul class=\"wp-block-list\">\n<li>Directive <a href=\"https:\/\/memento.unige.ch\/doc\/0363\" target=\"_blank\" rel=\"noreferrer noopener\">Protection de la personnalit\u00e9 et gestion des conflits dans les relations d&rsquo;\u00e9tudes<\/a>  (mars 2023).<br><\/li>\n\n\n\n<li>Directive <a href=\"https:\/\/memento.unige.ch\/doc\/0010\" target=\"_blank\" rel=\"noreferrer noopener\">Demander une modification de pr\u00e9nom et\/ou de nom pour un usage universitaire<\/a> (f\u00e9vrier 2020)<br><\/li>\n\n\n\n<li>Directive <a href=\"https:\/\/www.unige.ch\/rectorat\/egalite\/files\/8916\/7523\/6065\/Redaction_Epicene_105x210_2023_site1.pdf\" target=\"_blank\" rel=\"noreferrer noopener\">R\u00e9daction inclusive et \u00e9pic\u00e8ne<\/a> (mars 2020)<\/li>\n<\/ul>\n\n\n\n<p><strong>Pour les membres du personnel :<\/strong><\/p>\n\n\n\n<ul class=\"wp-block-list\">\n<li>Directive <a href=\"https:\/\/memento.unige.ch\/doc\/0355\" target=\"_blank\" rel=\"noreferrer noopener\">Protection de la personnalit\u00e9 et gestion des conflits dans les relations de travail<\/a> (juin 2022)<br><\/li>\n\n\n\n<li><a href=\"https:\/\/memento.unige.ch\/doc\/0357\" target=\"_blank\" rel=\"noreferrer noopener\">R\u00e8glement sur la protection des lanceurs et lanceuses d\u2019alerte au sein de l\u2019UNIGE<\/a> (septembre 2022)<br><\/li>\n\n\n\n<li>Directive <a href=\"https:\/\/memento.unige.ch\/doc\/0010\" target=\"_blank\" rel=\"noreferrer noopener\">Demander une modification de pr\u00e9nom et\/ou de nom pour un usage universitaire<\/a> (f\u00e9vrier 2020)<br><\/li>\n\n\n\n<li>Directive <a href=\"https:\/\/www.unige.ch\/rectorat\/egalite\/files\/8916\/7523\/6065\/Redaction_Epicene_105x210_2023_site1.pdf\" target=\"_blank\" rel=\"noreferrer noopener\">R\u00e9daction inclusive et \u00e9pic\u00e8ne<\/a> (mars 2020)<\/li>\n<\/ul>\n\n\n\n<h3 class=\"wp-block-heading\">Plans strat\u00e9giques<\/h3>\n\n\n\n<ul class=\"wp-block-list\">\n<li><a href=\"https:\/\/www.unige.ch\/rectorat\/egalite\/index.php\/download_file\/view\/2835\/\" target=\"_blank\" rel=\"noreferrer noopener\">Plan d&rsquo;actions \u00e9galit\u00e9 &amp; diversit\u00e9 2025-2028<\/a><\/li>\n\n\n\n<li><a href=\"https:\/\/www.google.com\/url?sa=t&amp;source=web&amp;rct=j&amp;opi=89978449&amp;url=https:\/\/www.unige.ch\/files\/2117\/3322\/6403\/Plan_Strat_2024_Web.pdf&amp;ved=2ahUKEwiCoPzC3cGPAxVb9AIHHRz8KwQQFnoECBgQAQ&amp;usg=AOvVaw2FpZa3EhEhbYuTWHH13djV\" target=\"_blank\" rel=\"noreferrer noopener\">Plan strat\u00e9gique UNIGE 2024-2034<\/a><\/li>\n\n\n\n<li><a href=\"https:\/\/www.unige.ch\/dirh\/application\/files\/5917\/0187\/4381\/Strategie_RH_2023.pdf\" target=\"_blank\" rel=\"noreferrer noopener\">Strat\u00e9gie des Ressources humaines de l&rsquo;UNIGE<\/a><\/li>\n<\/ul>\n\n\n\n<div style=\"height:50px\" aria-hidden=\"true\" class=\"wp-block-spacer\"><\/div>\n\n\n\n<div class=\"wp-block-group is-vertical is-layout-flex wp-container-core-group-is-layout-fe9cc265 wp-block-group-is-layout-flex\">\n<h2 class=\"wp-block-heading\">Recherches en cours<\/h2>\n\n\n\n<p>A l&rsquo;UNIGE, plusieurs centres universitaires d\u00e9veloppent et conduisent des recherches sur les th\u00e9matiques LGBTIQ :<\/p>\n\n\n\n<ul class=\"wp-block-list\">\n<li><a href=\"https:\/\/www.unige.ch\/etudes-genre\/fr\/institut\/programmederecherches\/\" target=\"_blank\" rel=\"noreferrer noopener\">Institut des \u00e9tudes genre<\/a><\/li>\n\n\n\n<li><a href=\"https:\/\/www.unige.ch\/droit\/lawclinic\/\" target=\"_blank\" rel=\"noreferrer noopener\">Law clinic sur le droit des personnes vuln\u00e9rables<\/a><\/li>\n\n\n\n<li><a href=\"https:\/\/www.unige.ch\/ssi\/\" target=\"_blank\" rel=\"noreferrer noopener\">Sciences, sexes, identit\u00e9s<\/a>. Un programme scientifique et p\u00e9dagogique pour la promotion de la sant\u00e9 sexuelle et de l&rsquo;\u00e9galit\u00e9 de genre<\/li>\n\n\n\n<li><a href=\"https:\/\/www.unige.ch\/cmcss\/\" target=\"_blank\" rel=\"noreferrer noopener\">Centre Maurice Chalumeau en sciences des sexualit\u00e9s<\/a> (CMCSS)<\/li>\n<\/ul>\n<\/div>\n\n\n\n<h3 class=\"wp-block-heading\">Th\u00e8ses de doctorat en cours<\/h3>\n\n\n\n<ul class=\"wp-block-list\">\n<li>Les marges parmi les marges : mobilisations f\u00e9ministes et LGBTQI+ en quartiers populaires<br>Doctorante : <a href=\"https:\/\/www.unige.ch\/etudes-genre\/fr\/equipe\/maria-kherbouche\/\" target=\"_blank\" rel=\"noreferrer noopener\">Maria Kherbouche<\/a><br>Direction : Professeures Ilana Eloit &#8211; Institut des \u00e9tudes genre (UNIGE) et Saba Le Renard (EHESS)<br><\/li>\n\n\n\n<li>Un espace de travail \u00e0 soi ? Enjeux spatiaux du travail sexuel <em>via <\/em>Internet<br>(Cette th\u00e8se s&rsquo;inscrit dans le projet FNS \u00ab\u00a0Politiques, espaces et prostitution en Suisse. Les enjeux de l\u2019(in)visibilit\u00e9\u00a0\u00bb)<br>Doctorante : <a href=\"https:\/\/www.unige.ch\/etudes-genre\/fr\/equipe\/elorri-harriet\/\" target=\"_blank\" rel=\"noreferrer noopener\">Elorri Harriet<\/a><br>Direction : Professeures Maryl\u00e8ne Lieber (Institut des \u00e9tudes genre, UNIGE) et Milena Chimienti (HETS)<br><\/li>\n\n\n\n<li>Sur la route des ovocytes : circulations globales, biotechnologies et exp\u00e9riences intimes de la PMA transnationale entre la Suisse et l\u2019Espagne<br>Doctorant\u00b7e : <a href=\"https:\/\/www.unige.ch\/etudes-genre\/fr\/equipe\/mica-palaz\/\" target=\"_blank\" rel=\"noreferrer noopener\">Mica Palaz<\/a><br>Direction : Professeures Marta Roca i Escoda (Universit\u00e9 de Lausanne) et Delphine Gardey (Universit\u00e9 de Gen\u00e8ve)<\/li>\n<\/ul>\n\n\n\n<div style=\"height:50px\" aria-hidden=\"true\" class=\"wp-block-spacer\"><\/div>\n\n\n\n<div class=\"wp-block-group is-vertical is-layout-flex wp-container-core-group-is-layout-fe9cc265 wp-block-group-is-layout-flex\">\n<h2 class=\"wp-block-heading\">Partenaires et associations sur le campus<\/h2>\n\n\n\n<ul class=\"wp-block-list\">\n<li><a href=\"https:\/\/agora.unige.ch\/associations\/Think-Out\" target=\"_blank\" rel=\"noreferrer noopener\">Think Out<\/a> &#8211; Association des \u00e9tudiant\u00b7exs LGBT+ Friends des Universit\u00e9s et des Hautes Ecoles de Gen\u00e8ve<br>L&rsquo; association Think Out, ouverte \u00e0 toute personne LGBTQIA+ ou alli\u00e9e \u00e9tudiant \u00e0 Gen\u00e8ve, organise des \u00e9v\u00e9nements pour la communaut\u00e9 LGBTQIA+ et sensibilise le public aux probl\u00e9matiques touchant la communaut\u00e9.<br>Contact : <a href=\"mailto:thinkout@unige.ch\">thinkout@unige.ch<\/a><\/li>\n<\/ul>\n<\/div>\n\n\n\n<div style=\"height:51px\" aria-hidden=\"true\" class=\"wp-block-spacer\"><\/div>\n\n\n\n<div class=\"wp-block-group is-vertical is-layout-flex wp-container-core-group-is-layout-fe9cc265 wp-block-group-is-layout-flex\">\n<h2 class=\"wp-block-heading\">Contact<\/h2>\n\n\n\n<p><strong>Service \u00e9galit\u00e9 &amp; diversit\u00e9<\/strong><br>24 rue du G\u00e9n\u00e9ral-Dufour &#8211; CH-1211 Gen\u00e8ve 4<br><a href=\"mailto:egalite@unige.ch\">egalite@unige.ch<\/a> &#8211; + 41 22 379 12 68<\/p>\n<\/div>\n\n\n\n<div style=\"height:51px\" aria-hidden=\"true\" class=\"wp-block-spacer\"><\/div>\n\n\n\n<div class=\"wp-block-buttons is-content-justification-center is-layout-flex wp-container-core-buttons-is-layout-a89b3969 wp-block-buttons-is-layout-flex\">\n<div class=\"wp-block-button\"><a class=\"wp-block-button__link wp-element-button\" href=\"https:\/\/www.unige.ch\/rectorat\/egalite\/\" style=\"border-radius:0px\" target=\"_blank\" rel=\"noreferrer noopener\">Vers le site<\/a><\/div>\n<\/div>\n<\/div>\n\n\n\n<div style=\"height:53px\" aria-hidden=\"true\" class=\"wp-block-spacer\"><\/div>\n","protected":false},"excerpt":{"rendered":"<p>L\u2019Universit\u00e9 de Gen\u00e8ve proscrit toute discrimination fond\u00e9e notamment sur le sexe, les origines ethniques ou sociales, les caract\u00e9ristiques g\u00e9n\u00e9tiques, les convictions religieuses, les opinions politiques, l\u2019appartenance \u00e0 une minorit\u00e9 nationale, un handicap, l\u2019\u00e2ge, l\u2019orientation sexuelle ou l\u2019identit\u00e9 de genre (LU Art.3, al.3). Afin de garantir un environnement de recherche, de travail et d\u2019\u00e9tude inclusif, le [&hellip;]<\/p>\n","protected":false},"author":1002422,"featured_media":0,"parent":0,"menu_order":0,"comment_status":"closed","ping_status":"closed","template":"wp-custom-template-mod-le-accueil-1","meta":{"_seopress_robots_primary_cat":"","_seopress_titles_title":"","_seopress_titles_desc":"","_seopress_robots_index":"","footnotes":""},"class_list":["post-400","page","type-page","status-publish"],"_links":{"self":[{"href":"https:\/\/wp.unil.ch\/unis-arc-en-ciel\/wp-json\/wp\/v2\/pages\/400","targetHints":{"allow":["GET"]}}],"collection":[{"href":"https:\/\/wp.unil.ch\/unis-arc-en-ciel\/wp-json\/wp\/v2\/pages"}],"about":[{"href":"https:\/\/wp.unil.ch\/unis-arc-en-ciel\/wp-json\/wp\/v2\/types\/page"}],"author":[{"embeddable":true,"href":"https:\/\/wp.unil.ch\/unis-arc-en-ciel\/wp-json\/wp\/v2\/users\/1002422"}],"replies":[{"embeddable":true,"href":"https:\/\/wp.unil.ch\/unis-arc-en-ciel\/wp-json\/wp\/v2\/comments?post=400"}],"version-history":[{"count":5,"href":"https:\/\/wp.unil.ch\/unis-arc-en-ciel\/wp-json\/wp\/v2\/pages\/400\/revisions"}],"predecessor-version":[{"id":1099,"href":"https:\/\/wp.unil.ch\/unis-arc-en-ciel\/wp-json\/wp\/v2\/pages\/400\/revisions\/1099"}],"wp:attachment":[{"href":"https:\/\/wp.unil.ch\/unis-arc-en-ciel\/wp-json\/wp\/v2\/media?parent=400"}],"curies":[{"name":"wp","href":"https:\/\/api.w.org\/{rel}","templated":true}]}}