{"id":396,"date":"2025-05-02T13:51:07","date_gmt":"2025-05-02T11:51:07","guid":{"rendered":"https:\/\/wp.unil.ch\/unis-arc-en-ciel\/?page_id=396"},"modified":"2025-09-23T14:27:17","modified_gmt":"2025-09-23T12:27:17","slug":"toilettes-non-genrees","status":"publish","type":"page","link":"https:\/\/wp.unil.ch\/unis-arc-en-ciel\/toilettes-non-genrees\/","title":{"rendered":"Toilettes non genr\u00e9es"},"content":{"rendered":"\n<div style=\"height:50px\" aria-hidden=\"true\" class=\"wp-block-spacer\"><\/div>\n\n\n\n<h2 class=\"wp-block-heading\">Toilettes non genr\u00e9es<\/h2>\n\n\n\n<div style=\"height:50px\" aria-hidden=\"true\" class=\"wp-block-spacer\"><\/div>\n\n\n\n<p>Des toilettes non genr\u00e9es contribuent \u00e0 un campus inclusif. Elles permettent de r\u00e9pondre \u00e0 la diversit\u00e9 des besoins et des situations, tout en assurant la s\u00e9curit\u00e9, le confort et l\u2019accessibilit\u00e9 de ces espaces. Il s&rsquo;agit d\u2019\u00e9liminer toute forme de stigmatisations et de discriminations li\u00e9e \u00e0 l\u2019utilisation de WC.<\/p>\n\n\n\n<p>Mettre en place de mani\u00e8re durable des toilettes non genr\u00e9es n\u00e9cessite d\u2019importants changements infrastructurels. Ces transformations sont soumises au calendrier de r\u00e9novation et d\u2019agrandissement des campus. L\u2019\u00e9tat d\u2019avanc\u00e9e de ces projets diff\u00e8re donc selon les institutions. &nbsp;<\/p>\n\n\n\n<div style=\"height:50px\" aria-hidden=\"true\" class=\"wp-block-spacer\"><\/div>\n\n\n\n<h3 class=\"wp-block-heading has-text-align-center\">Plusieurs actions en faveur de toilettes inclusives sont en cours de r\u00e9alisation au sein de nos hautes \u00e9coles universitaires : <\/h3>\n\n\n\n<div style=\"height:50px\" aria-hidden=\"true\" class=\"wp-block-spacer\"><\/div>\n\n\n\n<div class=\"wp-block-buttons alignwide is-horizontal is-content-justification-center is-layout-flex wp-container-core-buttons-is-layout-6fcff4c6 wp-block-buttons-is-layout-flex\">\n<div class=\"wp-block-button\"><a class=\"wp-block-button__link wp-element-button\" href=\"https:\/\/www.unine.ch\/egalite\/universite-inclusive\/lgbtiq\/\" style=\"border-radius:0px\" target=\"_blank\" rel=\"noreferrer noopener\">Universit\u00e9 de Neuch\u00e2tel<\/a><\/div>\n\n\n\n<div class=\"wp-block-button\"><a class=\"wp-block-button__link wp-element-button\" href=\"https:\/\/www.epfl.ch\/campus\/community\/fr\/lgbtiq\/\" style=\"border-radius:0px\" target=\"_blank\" rel=\"noreferrer noopener\">EPFL<\/a><\/div>\n\n\n\n<div class=\"wp-block-button\"><a class=\"wp-block-button__link wp-element-button\" href=\"https:\/\/www.unifr.ch\/egalite\/fr\/actions\/lgbtiq.html\" style=\"border-style:none;border-width:0px;border-radius:0px\" target=\"_blank\" rel=\"noreferrer noopener\">Universit\u00e9 de Fribourg<\/a><\/div>\n\n\n\n<div class=\"wp-block-button\"><a class=\"wp-block-button__link wp-element-button\" href=\"https:\/\/www.unil.ch\/unil\/fr\/home\/menuinst\/universite\/egalite-diversite-inclusion\/lgbtiq.html\" style=\"border-radius:0px\" target=\"_blank\" rel=\"noreferrer noopener\">Universit\u00e9 de Lausanne<\/a><\/div>\n<\/div>\n\n\n\n<div style=\"height:50px\" aria-hidden=\"true\" class=\"wp-block-spacer\"><\/div>\n","protected":false},"excerpt":{"rendered":"<p>Toilettes non genr\u00e9es Des toilettes non genr\u00e9es contribuent \u00e0 un campus inclusif. Elles permettent de r\u00e9pondre \u00e0 la diversit\u00e9 des besoins et des situations, tout en assurant la s\u00e9curit\u00e9, le confort et l\u2019accessibilit\u00e9 de ces espaces. Il s&rsquo;agit d\u2019\u00e9liminer toute forme de stigmatisations et de discriminations li\u00e9e \u00e0 l\u2019utilisation de WC. Mettre en place de [&hellip;]<\/p>\n","protected":false},"author":1002422,"featured_media":0,"parent":0,"menu_order":0,"comment_status":"closed","ping_status":"closed","template":"wp-custom-template-mod-le-accueil-1","meta":{"_seopress_robots_primary_cat":"","_seopress_titles_title":"","_seopress_titles_desc":"","_seopress_robots_index":"","footnotes":""},"class_list":["post-396","page","type-page","status-publish"],"_links":{"self":[{"href":"https:\/\/wp.unil.ch\/unis-arc-en-ciel\/wp-json\/wp\/v2\/pages\/396","targetHints":{"allow":["GET"]}}],"collection":[{"href":"https:\/\/wp.unil.ch\/unis-arc-en-ciel\/wp-json\/wp\/v2\/pages"}],"about":[{"href":"https:\/\/wp.unil.ch\/unis-arc-en-ciel\/wp-json\/wp\/v2\/types\/page"}],"author":[{"embeddable":true,"href":"https:\/\/wp.unil.ch\/unis-arc-en-ciel\/wp-json\/wp\/v2\/users\/1002422"}],"replies":[{"embeddable":true,"href":"https:\/\/wp.unil.ch\/unis-arc-en-ciel\/wp-json\/wp\/v2\/comments?post=396"}],"version-history":[{"count":5,"href":"https:\/\/wp.unil.ch\/unis-arc-en-ciel\/wp-json\/wp\/v2\/pages\/396\/revisions"}],"predecessor-version":[{"id":1119,"href":"https:\/\/wp.unil.ch\/unis-arc-en-ciel\/wp-json\/wp\/v2\/pages\/396\/revisions\/1119"}],"wp:attachment":[{"href":"https:\/\/wp.unil.ch\/unis-arc-en-ciel\/wp-json\/wp\/v2\/media?parent=396"}],"curies":[{"name":"wp","href":"https:\/\/api.w.org\/{rel}","templated":true}]}}