{"id":393,"date":"2025-05-02T13:50:21","date_gmt":"2025-05-02T11:50:21","guid":{"rendered":"https:\/\/wp.unil.ch\/unis-arc-en-ciel\/?page_id=393"},"modified":"2025-09-23T14:39:51","modified_gmt":"2025-09-23T12:39:51","slug":"communication-inclusive","status":"publish","type":"page","link":"https:\/\/wp.unil.ch\/unis-arc-en-ciel\/communication-inclusive\/","title":{"rendered":"Communication inclusive"},"content":{"rendered":"\n<div style=\"height:50px\" aria-hidden=\"true\" class=\"wp-block-spacer\"><\/div>\n\n\n\n<h1 class=\"wp-block-heading has-text-align-left\">Communication inclusive<\/h1>\n\n\n\n<div style=\"height:50px\" aria-hidden=\"true\" class=\"wp-block-spacer\"><\/div>\n\n\n\n<p>La communication inclusive se rapporte \u00e0 la fois \u00e0 l\u2019\u00e9crit, \u00e0 l\u2019oral et \u00e0 la dimension visuelle de toute communication. <\/p>\n\n\n\n<p>Ensemble de r\u00e8gles et de pratiques, la communication inclusive vise une repr\u00e9sentation \u00e9galitaire de toutes les personnes. En ce sens, elle refl\u00e8te un engagement pour l\u2019\u00e9galit\u00e9 entre les femmes, les hommes et les personnes non binaires, lutte contre toute forme de discriminations et cherche \u00e0 valoriser la diversit\u00e9.<\/p>\n\n\n\n<p>Les partenaires du projet sont activement impliqu\u00e9s dans l\u2019impl\u00e9mentation des principes de communication inclusive au sein de leur institution. Ils suivent de pr\u00e8s l&rsquo;\u00e9volution des pratiques et collaborent avec des expert\u00b7exs du domaine pour proposer r\u00e9guli\u00e8rement des formations sur le sujet (\u00e9criture inclusive, communication visuelle inclusive, \u00e9criture non binaire).<\/p>\n\n\n\n<div class=\"wp-block-group has-global-padding is-layout-constrained wp-block-group-is-layout-constrained\">\n<div style=\"height:50px\" aria-hidden=\"true\" class=\"wp-block-spacer\"><\/div>\n\n\n\n<h3 class=\"wp-block-heading alignwide has-text-align-center is-style-default\">D\u00e9couvrez  la th\u00e9matique \u00ab\u00a0communication inclusive\u00a0\u00bb au sein de nos hautes \u00e9coles universitaires :<\/h3>\n\n\n\n<div style=\"height:52px\" aria-hidden=\"true\" class=\"wp-block-spacer\"><\/div>\n\n\n\n<div class=\"wp-block-buttons alignwide is-horizontal is-content-justification-center is-layout-flex wp-container-core-buttons-is-layout-6fcff4c6 wp-block-buttons-is-layout-flex\">\n<div class=\"wp-block-button\"><a class=\"wp-block-button__link wp-element-button\" href=\"https:\/\/www.unine.ch\/egalite\/universite-inclusive\/\" style=\"border-radius:0px\" target=\"_blank\" rel=\"noreferrer noopener\">Universit\u00e9 de Neuch\u00e2tel<\/a><\/div>\n\n\n\n<div class=\"wp-block-button\"><a class=\"wp-block-button__link wp-element-button\" href=\"https:\/\/www.unige.ch\/rectorat\/egalite\/thematiques\/communication-inclusive-et-epicene\/\" style=\"border-radius:0px\" target=\"_blank\" rel=\"noreferrer noopener\">Universit\u00e9 de Gen\u00e8ve<\/a><\/div>\n\n\n\n<div class=\"wp-block-button\"><a class=\"wp-block-button__link wp-element-button\" href=\"https:\/\/www.epfl.ch\/about\/equality\/fr\/langage-inclusif\/\" style=\"border-radius:0px\" target=\"_blank\" rel=\"noreferrer noopener\">EPFL<\/a><\/div>\n\n\n\n<div class=\"wp-block-button\"><a class=\"wp-block-button__link wp-element-button\" href=\"https:\/\/www.unifr.ch\/egalite\/fr\/actions\/langage-inclusif\/\" style=\"border-style:none;border-width:0px;border-radius:0px\" target=\"_blank\" rel=\"noreferrer noopener\">Universit\u00e9 de Fribourg<\/a><\/div>\n\n\n\n<div class=\"wp-block-button\"><a class=\"wp-block-button__link wp-element-button\" href=\"https:\/\/www.unil.ch\/unil\/fr\/home\/menuinst\/universite\/egalite-diversite-inclusion\/les-mots-de-legalite.html\" style=\"border-radius:0px\" target=\"_blank\" rel=\"noreferrer noopener\">Universit\u00e9 de Lausanne<\/a><\/div>\n<\/div>\n\n\n\n<div style=\"height:49px\" aria-hidden=\"true\" class=\"wp-block-spacer\"><\/div>\n<\/div>\n\n\n\n<p><\/p>\n","protected":false},"excerpt":{"rendered":"<p>Communication inclusive La communication inclusive se rapporte \u00e0 la fois \u00e0 l\u2019\u00e9crit, \u00e0 l\u2019oral et \u00e0 la dimension visuelle de toute communication. Ensemble de r\u00e8gles et de pratiques, la communication inclusive vise une repr\u00e9sentation \u00e9galitaire de toutes les personnes. En ce sens, elle refl\u00e8te un engagement pour l\u2019\u00e9galit\u00e9 entre les femmes, les hommes et les [&hellip;]<\/p>\n","protected":false},"author":1002422,"featured_media":0,"parent":0,"menu_order":0,"comment_status":"closed","ping_status":"closed","template":"wp-custom-template-mod-le-accueil-1","meta":{"_seopress_robots_primary_cat":"","_seopress_titles_title":"","_seopress_titles_desc":"","_seopress_robots_index":"","footnotes":""},"class_list":["post-393","page","type-page","status-publish"],"_links":{"self":[{"href":"https:\/\/wp.unil.ch\/unis-arc-en-ciel\/wp-json\/wp\/v2\/pages\/393","targetHints":{"allow":["GET"]}}],"collection":[{"href":"https:\/\/wp.unil.ch\/unis-arc-en-ciel\/wp-json\/wp\/v2\/pages"}],"about":[{"href":"https:\/\/wp.unil.ch\/unis-arc-en-ciel\/wp-json\/wp\/v2\/types\/page"}],"author":[{"embeddable":true,"href":"https:\/\/wp.unil.ch\/unis-arc-en-ciel\/wp-json\/wp\/v2\/users\/1002422"}],"replies":[{"embeddable":true,"href":"https:\/\/wp.unil.ch\/unis-arc-en-ciel\/wp-json\/wp\/v2\/comments?post=393"}],"version-history":[{"count":5,"href":"https:\/\/wp.unil.ch\/unis-arc-en-ciel\/wp-json\/wp\/v2\/pages\/393\/revisions"}],"predecessor-version":[{"id":1127,"href":"https:\/\/wp.unil.ch\/unis-arc-en-ciel\/wp-json\/wp\/v2\/pages\/393\/revisions\/1127"}],"wp:attachment":[{"href":"https:\/\/wp.unil.ch\/unis-arc-en-ciel\/wp-json\/wp\/v2\/media?parent=393"}],"curies":[{"name":"wp","href":"https:\/\/api.w.org\/{rel}","templated":true}]}}