{"id":390,"date":"2025-05-02T13:49:39","date_gmt":"2025-05-02T11:49:39","guid":{"rendered":"https:\/\/wp.unil.ch\/unis-arc-en-ciel\/?page_id=390"},"modified":"2025-10-02T13:52:07","modified_gmt":"2025-10-02T11:52:07","slug":"index","status":"publish","type":"page","link":"https:\/\/wp.unil.ch\/unis-arc-en-ciel\/index\/","title":{"rendered":"Index"},"content":{"rendered":"\n<div style=\"height:51px\" aria-hidden=\"true\" class=\"wp-block-spacer\"><\/div>\n\n\n\n<h1 class=\"wp-block-heading\">LGBTIQ<\/h1>\n\n\n\n<p>Le sigle LGBTIQ d\u00e9signe les personnes lesbiennes, gays, bisexuelles, trans, intersexes, queer ou en questionnement. Entre les lettres et au sein de ces lettres, il ne s&rsquo;agit pas de groupes homog\u00e8nes mais d&rsquo;une vari\u00e9t\u00e9 d&rsquo;autod\u00e9finitions, d&rsquo;exp\u00e9riences et de parcours. <br><br><\/p>\n\n\n\n<div class=\"wp-block-columns is-layout-flex wp-container-core-columns-is-layout-28f84493 wp-block-columns-is-layout-flex\">\n<div class=\"wp-block-column is-layout-flow wp-block-column-is-layout-flow\" style=\"flex-basis:25%\">\n<figure class=\"wp-block-image alignright size-full is-resized\"><img loading=\"lazy\" decoding=\"async\" width=\"123\" height=\"203\" src=\"https:\/\/wp.unil.ch\/unis-arc-en-ciel\/files\/2025\/09\/lfichier-23q.png\" alt=\"lfichier 23q\" class=\"wp-image-1162\" style=\"width:auto;height:100px\" \/><\/figure>\n<\/div>\n\n\n\n<div class=\"wp-block-column is-layout-flow wp-block-column-is-layout-flow\" style=\"flex-basis:66.66%\">\n<p class=\"has-large-font-size\"><strong>Lesbienne<\/strong><br>Femmes affectivement et\/ou sexuellement attir\u00e9es par d&rsquo;autres femmes.<\/p>\n<\/div>\n<\/div>\n\n\n\n<div class=\"wp-block-columns is-layout-flex wp-container-core-columns-is-layout-28f84493 wp-block-columns-is-layout-flex\">\n<div class=\"wp-block-column is-layout-flow wp-block-column-is-layout-flow\" style=\"flex-basis:25%\">\n<figure class=\"wp-block-image alignright size-full is-resized\" style=\"margin-top:0;margin-bottom:0\"><img loading=\"lazy\" decoding=\"async\" width=\"122\" height=\"202\" src=\"https:\/\/wp.unil.ch\/unis-arc-en-ciel\/files\/2025\/09\/gfichier-16-1.png\" alt=\"gfichier 16\" class=\"wp-image-1171\" style=\"width:auto;height:100px\" \/><\/figure>\n<\/div>\n\n\n\n<div class=\"wp-block-column is-layout-flow wp-block-column-is-layout-flow\" style=\"flex-basis:66.66%\">\n<p class=\"has-large-font-size\"><strong>Gay<\/strong><br>Hommes affectivement et\/ou sexuellement attir\u00e9s par d&rsquo;autres hommes<br><\/p>\n<\/div>\n<\/div>\n\n\n\n<div class=\"wp-block-columns is-layout-flex wp-container-core-columns-is-layout-28f84493 wp-block-columns-is-layout-flex\">\n<div class=\"wp-block-column is-layout-flow wp-block-column-is-layout-flow\" style=\"flex-basis:25%\">\n<figure class=\"wp-block-image alignright size-full is-resized\"><img loading=\"lazy\" decoding=\"async\" width=\"123\" height=\"202\" src=\"https:\/\/wp.unil.ch\/unis-arc-en-ciel\/files\/2025\/09\/bfichier-19.png\" alt=\"bfichier 19\" class=\"wp-image-1164\" style=\"width:auto;height:100px\" \/><\/figure>\n<\/div>\n\n\n\n<div class=\"wp-block-column is-layout-flow wp-block-column-is-layout-flow\" style=\"flex-basis:66.66%\">\n<p class=\"has-large-font-size\"><strong>Bisexuel\u00b7le<\/strong><br>Personne attir\u00e9e par plus d\u2019un sexe ou genre. Se distingue de \u00ab&nbsp;pansexuel\u00b7le \u00bb qui d\u00e9signe une attirance pour les personnes ind\u00e9pendamment du sexe ou du genre.<\/p>\n<\/div>\n<\/div>\n\n\n\n<div class=\"wp-block-columns is-layout-flex wp-container-core-columns-is-layout-28f84493 wp-block-columns-is-layout-flex\">\n<div class=\"wp-block-column is-layout-flow wp-block-column-is-layout-flow\" style=\"flex-basis:25%\">\n<figure class=\"wp-block-image alignright size-full is-resized\"><img loading=\"lazy\" decoding=\"async\" width=\"122\" height=\"202\" src=\"https:\/\/wp.unil.ch\/unis-arc-en-ciel\/files\/2025\/09\/tfichier-20.png\" alt=\"tfichier 20\" class=\"wp-image-1165\" style=\"width:auto;height:100px\" \/><\/figure>\n<\/div>\n\n\n\n<div class=\"wp-block-column is-layout-flow wp-block-column-is-layout-flow\" style=\"flex-basis:66.66%\">\n<p class=\"has-large-font-size\"><strong>Trans ou Transgenre<\/strong><br>Personne qui ne se reconnait pas dans le sexe assign\u00e9 \u00e0 la naissance.<\/p>\n<\/div>\n<\/div>\n\n\n\n<div class=\"wp-block-columns is-not-stacked-on-mobile is-layout-flex wp-container-core-columns-is-layout-28f84493 wp-block-columns-is-layout-flex\">\n<div class=\"wp-block-column is-layout-flow wp-block-column-is-layout-flow\" style=\"flex-basis:25%\">\n<figure class=\"wp-block-image alignright size-full is-resized\" style=\"margin-right:0;margin-left:0\"><img loading=\"lazy\" decoding=\"async\" width=\"122\" height=\"202\" src=\"https:\/\/wp.unil.ch\/unis-arc-en-ciel\/files\/2025\/09\/qfichier-25q.png\" alt=\"qfichier 25q\" class=\"wp-image-1191\" style=\"width:auto;height:100px\" \/><\/figure>\n<\/div>\n\n\n\n<div class=\"wp-block-column is-layout-flow wp-block-column-is-layout-flow\" style=\"flex-basis:66.7%\">\n<p class=\"has-large-font-size\"><strong>Intersexe<\/strong><br>Personne dont diff\u00e9rentes variations inn\u00e9es des caract\u00e9ristiques de sexe, physiques ou biologiques, diff\u00e8rent des cat\u00e9gories m\u00e9dicales socialement construites comme m\u00e2les ou femelles.<\/p>\n<\/div>\n<\/div>\n\n\n\n<div class=\"wp-block-columns is-layout-flex wp-container-core-columns-is-layout-28f84493 wp-block-columns-is-layout-flex\">\n<div class=\"wp-block-column is-layout-flow wp-block-column-is-layout-flow\" style=\"flex-basis:25%\">\n<figure class=\"wp-block-image alignright size-full is-resized\"><img loading=\"lazy\" decoding=\"async\" width=\"122\" height=\"202\" src=\"https:\/\/wp.unil.ch\/unis-arc-en-ciel\/files\/2025\/09\/qfichier-24q.png\" alt=\"qfichier 24q\" class=\"wp-image-1172\" style=\"width:auto;height:100px\" \/><\/figure>\n<\/div>\n\n\n\n<div class=\"wp-block-column is-layout-flow wp-block-column-is-layout-flow\" style=\"flex-basis:66.66%\">\n<p class=\"has-large-font-size\"><strong>Queer<\/strong><br>Qui ne se plie pas aux injonctions en termes de sexe, de genre et\/ou de sexualit\u00e9 et les remet en question de mani\u00e8re critique et subversive. &nbsp;<\/p>\n\n\n\n<p><strong>(en) Questionnement<\/strong><br>Personne qui se questionne quant \u00e0 son orientation affective et sexuelle, son identit\u00e9 de genre, sa possible intersexuation.<\/p>\n\n\n\n<div style=\"height:50px\" aria-hidden=\"true\" class=\"wp-block-spacer\"><\/div>\n<\/div>\n<\/div>\n\n\n\n<h1 class=\"wp-block-heading\">Lexique<\/h1>\n\n\n\n<p>Ce lexique n\u2019est pas exhaustif et vise \u00e0 fournir des outils de clarification. Ces d\u00e9finitions invitent \u00e0 la discussion, tout en respectant l\u2019autod\u00e9finition de chaque personne.<\/p>\n\n\n\n<details class=\"wp-block-details is-layout-flow wp-block-details-is-layout-flow\"><summary><strong>OASIEGCS<\/strong><\/summary>\n<p>Sigle pour orientation affective et sexuelle, identit\u00e9 et expression de genre, caract\u00e9ristiques de sexe (Dayer, 2025).<\/p>\n<\/details>\n\n\n\n<details class=\"wp-block-details is-layout-flow wp-block-details-is-layout-flow\"><summary><strong>Sexe<\/strong><\/summary>\n<p>Ensemble des caract\u00e9ristiques biologiques (chromosomes, gonades, hormones, organes g\u00e9nitaux, etc.) qui font qu&rsquo;une personne est consid\u00e9r\u00e9e m\u00e9dicalement comme plut\u00f4t femelle, m\u00e2le ou intersexe. Bien que les enfants soient g\u00e9n\u00e9ralement uniquement assign\u00e9\u00b7es \u00e0 une de ces cat\u00e9gories en fonction de l&rsquo;apparence de leur anatomie externe, le sexe d&rsquo;une personne est une combinaison d&rsquo;un \u00e9ventail de caract\u00e9ristiques biologiques (Dayer, 2025)<em>.<\/em><\/p>\n<\/details>\n\n\n\n<details class=\"wp-block-details is-layout-flow wp-block-details-is-layout-flow\"><summary><strong>Intersexe<\/strong><\/summary>\n<p>Personne dont diff\u00e9rentes variations inn\u00e9es des caract\u00e9ristiques de sexe, physiques ou biologiques diff\u00e8rent des cat\u00e9gories m\u00e9dicales socialement construites comme m\u00e2les ou femelles (Association Interaction, s.&nbsp;d.).<\/p>\n<\/details>\n\n\n\n<details class=\"wp-block-details is-layout-flow wp-block-details-is-layout-flow\"><summary><strong><strong>Genre<\/strong><\/strong><\/summary>\n<p>Le concept de genre \u2013 inscrit dans les \u00e9tudes genre \u2013 permet d&rsquo;analyser les rapports sociaux de sexes et les dynamiques de pouvoir qui les traversent. Le genre renvoie \u00e0 la construction sociale de ce qui est consid\u00e9r\u00e9 comme masculin ou f\u00e9minin dans un contexte donn\u00e9. ll s&rsquo;agit \u00e9galement d&rsquo;un syst\u00e8me qui attribue davantage de valorisation sociale \u00e0 ce qui est consid\u00e9r\u00e9 comme masculin au d\u00e9triment de ce qui est consid\u00e9r\u00e9 comme f\u00e9minin, qui produit des in\u00e9galit\u00e9s et engendrent des attentes variant en fonction des \u00e9poques et des lieux (Dayer, 2025).<\/p>\n<\/details>\n\n\n\n<details class=\"wp-block-details is-layout-flow wp-block-details-is-layout-flow\"><summary><strong>R\u00f4les de genre<\/strong><\/summary>\n<p>Attribution sociale d&rsquo;\u00e9tiquettes soi-disant masculines ou f\u00e9minines concernant des activit\u00e9s (par exemple : jouer au foot, faire le m\u00e9nage, etc.) (Dayer, 2025)<em>.<\/em><\/p>\n<\/details>\n\n\n\n<details class=\"wp-block-details is-layout-flow wp-block-details-is-layout-flow\"><summary><strong>Expression de genre<\/strong><\/summary>\n<p>Adoption par une personne d\u2019attributs (v\u00eatements, maquillage, bijoux, etc.) socialement d\u00e9finis comme f\u00e9minins, masculins, androgynes ou autres (selon les codes en vigueur dans une soci\u00e9t\u00e9 donn\u00e9e \u00e0 un moment donn\u00e9). Elle est donc fluide et ne correspond pas forc\u00e9ment \u00e0 ce qui est attendu en fonction de l\u2019identit\u00e9 de genre ou du sexe de la personne (Fondation Agnodice, 2022).<\/p>\n<\/details>\n\n\n\n<details class=\"wp-block-details is-layout-flow wp-block-details-is-layout-flow\"><summary><strong>Identit\u00e9 de genre<\/strong><\/summary>\n<p>L\u2019identit\u00e9 de genre est le ressenti profond d\u2019\u00eatre un homme, une femme ou de ne pas se reconnaitre exclusivement dans l\u2019un ou les deux termes, par exemple les personnes non binaires (Fondation Agnodice, s.&nbsp;d.). L\u2019identit\u00e9 de genre est \u00ab&nbsp;un ressenti&nbsp;\u00bb ou \u00ab&nbsp;un sentiment intime&nbsp;\u00bb int\u00e9rieur (<em>La diversit\u00e9 de genre, qu\u2019est-ce que c\u2019est ?, <\/em>&nbsp;s.&nbsp;d&nbsp;; Alessandrin, 2024).<\/p>\n\n\n\n<p>L\u2019identit\u00e9 de genre est \u00e0 distinguer des <em>r\u00f4les<\/em> et <em>expressions de genre<\/em>. Ces trois dimensions sont ind\u00e9pendantes. Par exemple, une personne peut s\u2019identifier comme femme (identit\u00e9 de genre), aimer bricoler (activit\u00e9 socialement \u00e9tiquet\u00e9e comme masculine) et porter un costume-cravate (expression de genre per\u00e7ue comme masculine).<\/p>\n<\/details>\n\n\n\n<details class=\"wp-block-details is-layout-flow wp-block-details-is-layout-flow\"><summary><strong><strong>Cis ou cisgenre<\/strong><\/strong><\/summary>\n<p>Le terme cis ou cisgenre est un adjectif qui d\u00e9signe une personne qui se reconnait dans le sexe qui lui a \u00e9t\u00e9 assign\u00e9 \u00e0 la naissance (Fondation Agnodice, s.&nbsp;d.).<\/p>\n\n\n\n<p>Par exemple, un homme cisgenre s\u2019identifie en tant qu\u2019homme et le sexe qui lui a \u00e9t\u00e9 assign\u00e9 \u00e0 la naissance correspond \u00e0 cette identit\u00e9. Le terme cis indique que son identit\u00e9 de genre \u2014 ici homme \u2014 est en accord avec celle assign\u00e9e \u00e0 la naissance.<\/p>\n<\/details>\n\n\n\n<details class=\"wp-block-details is-layout-flow wp-block-details-is-layout-flow\"><summary><strong><strong><strong>Trans ou transgenre<\/strong><\/strong><\/strong><\/summary>\n<p>Le terme trans ou transgenre est un adjectif qui d\u00e9signe une personne qui ne se reconnait pas dans le sexe qui leur a \u00e9t\u00e9 assign\u00e9 \u00e0 la naissance (Fondation Agnodice, s.&nbsp;d.).<\/p>\n\n\n\n<p>Par exemple, un femme trans (ou transgenre) s\u2019identifie en tant que femme et le sexe qui lui a \u00e9t\u00e9 assign\u00e9 \u00e0 la naissance ne correspond pas \u00e0 cette identit\u00e9. Le terme trans indique que son identit\u00e9 de genre \u2014 ici femme \u2014 est diff\u00e9rente de celle assign\u00e9e \u00e0 la naissance.<\/p>\n<\/details>\n\n\n\n<details class=\"wp-block-details is-layout-flow wp-block-details-is-layout-flow\"><summary><strong>Transition de genre<\/strong><\/summary>\n<p>Certaines personnes peuvent ressentir le besoin d\u2019entreprendre une transition de genre, qui peut prendre diff\u00e9rentes formes. Cela peut inclure l\u2019utilisation, dans la vie quotidienne, de pr\u00e9nom(s) et de pronom(s) diff\u00e9rents de ceux qui leur ont \u00e9t\u00e9 assign\u00e9s \u00e0 la naissance&nbsp;; la modification de la mention du sexe et des pr\u00e9noms dans les registres de l\u2019\u00e9tat civil&nbsp;; des changements corporels r\u00e9alis\u00e9s avec un accompagnement m\u00e9dical.<\/p>\n<\/details>\n\n\n\n<details class=\"wp-block-details is-layout-flow wp-block-details-is-layout-flow\"><summary><strong>Non-binarit\u00e9<\/strong><\/summary>\n<p>La non-binarit\u00e9 est une identit\u00e9 de genre. Une personne non binaire ne s\u2019identifie pas exclusivement ou pas du tout comme femme ou homme. Ce mot est aussi utilis\u00e9 comme un terme parapluie qui inclut toutes les identit\u00e9s de genre qui ne s\u2019inscrivent pas dans la binarit\u00e9 femme et homme ou vont au-del\u00e0 (Souche, 2024), par exemple agenre (Fondation Agnodice, s.&nbsp;d.).<\/p>\n<\/details>\n\n\n\n<details class=\"wp-block-details is-layout-flow wp-block-details-is-layout-flow\"><summary><strong>Orientation affective et sexuelle <\/strong><\/summary>\n<p>Notion utilis\u00e9e pour d\u00e9crire l&rsquo;attirance \u00e9motionnelle, sentimentale d&rsquo;une part et l&rsquo;attirance sexuelle, \u00e9rotique d&rsquo;autre part d&rsquo;une personne (h\u00e9t\u00e9rosexuelle, lesbienne, gay, bisexuelle, pansexuelle, asexuelle, etc.), qui peuvent ou non se recouper (Dayer, 2025).<\/p>\n<\/details>\n\n\n\n<details class=\"wp-block-details is-layout-flow wp-block-details-is-layout-flow\"><summary><strong>Homosexualit\u00e9<\/strong><\/summary>\n<p>Attirance amoureuse et\/ou sexuelle envers des personnes du m\u00eame sexe ou genre. <\/p>\n<\/details>\n\n\n\n<details class=\"wp-block-details is-layout-flow wp-block-details-is-layout-flow\"><summary><strong>H\u00e9t\u00e9rosexualit\u00e9<\/strong><\/summary>\n<p>Attirance amoureuse et\/ou sexuelle envers des personnes de l\u2019autre sexe ou genre. <\/p>\n<\/details>\n\n\n\n<details class=\"wp-block-details is-layout-flow wp-block-details-is-layout-flow\"><summary><strong>Bisexualit\u00e9<\/strong><\/summary>\n<p>Attirance amoureuse et\/ou sexuelle par plus d&rsquo;un sexe ou genre.<\/p>\n<\/details>\n\n\n\n<details class=\"wp-block-details is-layout-flow wp-block-details-is-layout-flow\"><summary><strong>Pansexualit\u00e9<\/strong><\/summary>\n<p>Attirance amoureuse et\/ou sexuelle envers une personne ind\u00e9pendamment de son sexe ou de son genre.<br><em>&nbsp;<\/em><\/p>\n<\/details>\n\n\n\n<details class=\"wp-block-details is-layout-flow wp-block-details-is-layout-flow\"><summary><strong>Asexualit\u00e9<\/strong><\/summary>\n<p>Terme d\u00e9signant les personnes qui \u00e9prouvent peu ou pas d\u2019attirance sexuelle. \u00ab&nbsp;L\u2019asexualit\u00e9 est \u00e0 distinguer des troubles de l\u2019excitation et du d\u00e9sir sexuels&nbsp;\u00bb (Schneckenburger et al., 2024).<br><em>&nbsp;<\/em><\/p>\n<\/details>\n\n\n\n<details class=\"wp-block-details is-layout-flow wp-block-details-is-layout-flow\"><summary><strong>Queer<\/strong><em><strong> <\/strong><\/em><\/summary>\n<p>Il existe plusieurs acceptions de queer, qui varient dans le temps et dans l&rsquo;espace. Sa racine indo-europ\u00e9enne signifie \u00ab \u00e0 travers \u00bb. Queer d\u00e9signe en anglais ce qui est \u00ab bizarre \u00bb, \u00ab \u00e9trange \u00bb et a \u00e9t\u00e9 repris sous forme d&rsquo;injure homophobe avant de retrouver son sens initial dans une optique subversive et cr\u00e9ative. Queer peut fonctionner comme un terme parapluie pour les personnes qui ne se reconnaissent pas dans les constructions binaires relatives au sexe, au genre et \u00e0 la sexualit\u00e9, qui s&rsquo;identifient \u00e0 une orientation sexuelle et affective ou \u00e0 une identit\u00e9 de genre hors cat\u00e9gorie ou fluide. La perspective queer renvoie non seulement \u00e0 la remise en question de ces constructions binaires et hi\u00e9rarchis\u00e9es mais rel\u00e8ve \u00e9galement la diversit\u00e9 des orientations sexuelles et affectives ainsi que des identit\u00e9s et expressions de genre. Les \u00e9tudes queer sont aussi un champ scientifique de recherches interdisciplinaires. Le mouvement queer s&rsquo;inscrit dans une d\u00e9marche politique et critique des syst\u00e8mes d\u2019oppression (Dayer, 2025).<br>&nbsp;<br><\/p>\n<\/details>\n\n\n\n<details class=\"wp-block-details is-layout-flow wp-block-details-is-layout-flow\"><summary><strong>Autod\u00e9termination<\/strong><\/summary>\n<p>Le principe d\u2019autod\u00e9termination signifie que chaque personne \u00e0 le droit et est la mieux plac\u00e9e pour savoir qui elle est.&nbsp; En d\u2019autres termes, la perception qu\u2019un individu a de lui-m\u00eame prime sur toute assignation sociale. <br><\/p>\n<\/details>\n\n\n\n<details class=\"wp-block-details is-layout-flow wp-block-details-is-layout-flow\"><summary><strong>Personne alli\u00e9e<\/strong><\/summary>\n<p>\u00catre alli\u00e9\u00b7e signifie soutenir activement les personnes LGBTIQ\u202f: \u00e9couter leurs r\u00e9alit\u00e9s, d\u00e9fendre leurs droits et d\u00e9noncer les discriminations.<\/p>\n<\/details>\n\n\n\n<details class=\"wp-block-details is-layout-flow wp-block-details-is-layout-flow\"><summary><strong>Familles arc-en-ciel<\/strong><\/summary>\n<p>Famille dans laquelle au moins un\u00b7e parent se d\u00e9finit comme une personne lesbienne, gay, bisexuelle, trans, intersexe, queer&nbsp;(Dayer, 2025).<\/p>\n<\/details>\n\n\n\n<details class=\"wp-block-details is-layout-flow wp-block-details-is-layout-flow\"><summary><strong>Coming out<\/strong><\/summary>\n<p>Exprimer son orientation affective et sexuelle, son identit\u00e9 de genre, son intersexuation de mani\u00e8re volontaire, quand on le souhaite et \u00e0 qui on le souhaite. Les coming out sont pluriels et pr\u00e9c\u00e9d\u00e9s d&rsquo;un processus de prise de conscience interne (coming in) (Dayer, 2025).<\/p>\n<\/details>\n\n\n\n<details class=\"wp-block-details is-layout-flow wp-block-details-is-layout-flow\"><summary><strong>Outing<\/strong><\/summary>\n<p>Divulguer l\u2019orientation affective et sexuelle, la non-binarit\u00e9, l\u2019intersexuation ou le fait qu\u2019une personne a effectu\u00e9 \u2013 ou effectue \u2013 une transition de genre, sans son consentement. Cela constitue une atteinte \u00e0 la vie priv\u00e9e.\u00a0<\/p>\n<\/details>\n\n\n\n<details class=\"wp-block-details is-layout-flow wp-block-details-is-layout-flow\"><summary><strong>Homophobie<\/strong><\/summary>\n<p>Toute forme d\u2019invisibilisation, de d\u00e9ni, de crainte, de st\u00e9r\u00e9otypage, de d\u00e9valorisation, de m\u00e9pris, de rejet, d\u2019hostilit\u00e9, de stigmatisation, de haine, de discrimination, de violence \u00e0 l\u2019\u00e9gard de l\u2019homosexualit\u00e9 et\/ou des personnes qui ne sont pas h\u00e9t\u00e9rosexuelles ou qui sont per\u00e7ues comme telles (Dayer, 2025).<\/p>\n<\/details>\n\n\n\n<details class=\"wp-block-details is-layout-flow wp-block-details-is-layout-flow\"><summary><strong>Transphobie<\/strong><\/summary>\n<p>Idem \u00e0 l\u2019\u00e9gard de la transidentit\u00e9 et\/ou des personnes qui ne sont pas cisgenres ou qui sont per\u00e7ues comme telles&nbsp;(Dayer, 2025).<\/p>\n<\/details>\n\n\n\n<details class=\"wp-block-details is-layout-flow wp-block-details-is-layout-flow\"><summary><strong>LGBTIQphobies<\/strong><\/summary>\n<p>Idem \u00e0 l\u2019\u00e9gard des th\u00e9matiques LGBTIQ et\/ou des personnes LGBTIQ ou qui sont per\u00e7ues comme telles (Dayer, 2025).<\/p>\n<\/details>\n\n\n\n<details class=\"wp-block-details is-layout-flow wp-block-details-is-layout-flow\"><summary><strong>H\u00e9t\u00e9rosexisme<\/strong><\/summary>\n<p>Syst\u00e8me d\u2019oppression qui hi\u00e9rarchise les sexualit\u00e9s en postulant la sup\u00e9riorit\u00e9 et la promotion de l\u2019h\u00e9t\u00e9rosexualit\u00e9. Il part du principe que toute personne est h\u00e9t\u00e9rosexuelle. Il invisibilise et d\u00e9l\u00e9gitime les autres formes d\u2019orientation affective et sexuelle. Il s\u2019articule \u00e0 d\u2019autres discriminations&nbsp;(Dayer, 2025).<\/p>\n<\/details>\n\n\n\n<details class=\"wp-block-details is-layout-flow wp-block-details-is-layout-flow\"><summary><strong>Cissexisme<\/strong><\/summary>\n<p>Syst\u00e8me d\u2019oppression qui hi\u00e9rarchise les identit\u00e9s de genre en postulant la sup\u00e9riorit\u00e9 et la promotion des personnes cisgenres. Il part du principe que toute personne est cisgenre. Il invisibilise et d\u00e9l\u00e9gitime les autres formes d\u2019identit\u00e9 de genre. Il s\u2019articule \u00e0 d\u2019autres discriminations (Dayer, 2025).<\/p>\n<\/details>\n\n\n\n<div style=\"height:50px\" aria-hidden=\"true\" class=\"wp-block-spacer\"><\/div>\n\n\n\n<h1 class=\"wp-block-heading\">R\u00e9f\u00e9rences<\/h1>\n\n\n\n<h3 class=\"wp-block-heading\"><strong>Articles, chapitres de livre, ouvrages et guides<\/strong><\/h3>\n\n\n\n<ul class=\"wp-block-list\">\n<li>Dayer, Caroline. ([2014] 2025). <em>Sous les pav\u00e9s, le genre. Hacker le sexisme<\/em>. Aube.<\/li>\n<\/ul>\n\n\n\n<ul class=\"wp-block-list\">\n<li>Dayer, Caroline. ([2017] 2025). <em>Le pouvoir de l\u2019injure. Guide de pr\u00e9vention et de traitement des violences et des discriminations<\/em>. Aube.<\/li>\n<\/ul>\n\n\n\n<ul class=\"wp-block-list\">\n<li>Dayer, Caroline. (2025). <em>Le silence tue. Face aux violences, comment (r\u00e9)agir ?<\/em> Aube.<\/li>\n<\/ul>\n\n\n\n<ul class=\"wp-block-list\">\n<li>Fondation Agnodice. (2022). <a href=\"https:\/\/agnodice.ch\/ressources\/publications\/\" target=\"_blank\" rel=\"noreferrer noopener\">Guide de bonnes pratiques lors d&rsquo;une transition de genre dans un \u00e9tablissement scolaire et de formation<\/a>. <\/li>\n<\/ul>\n\n\n\n<ul class=\"wp-block-list\">\n<li>Schneckenburger, Stella. A., Tam, Michelle. W., &amp; Ross, Lori. E. (2024). <a href=\"https:\/\/www.cmaj.ca\/content\/196\/11\/E390\">Asexualit\u00e9<\/a>. Canadian Medical Association Journal, 196(11), E390\u2011E391.<\/li>\n<\/ul>\n\n\n\n<ul class=\"wp-block-list\">\n<li>Souche, Lionel. (2024). <a href=\"https:\/\/shs.cairn.info\/13-films-pour-comprendre-l-identite-de-genre--9782848358994-page-37?site_lang=fr\" target=\"_blank\" rel=\"noreferrer noopener\">Lexique et signifiants li\u00e9s \u00e0 l\u2019identit\u00e9 de genre<\/a>. In 13 films pour comprendre l\u2019identit\u00e9 de genre (pp. 37\u201339). In Press. <\/li>\n<\/ul>\n\n\n\n<h3 class=\"wp-block-heading\">Sites internet<\/h3>\n\n\n\n<p><a href=\"https:\/\/agnodice.ch\/ressources\/faq\/\" target=\"_blank\" rel=\"noreferrer noopener\">Fondation Agnodice<\/a>. (s. d.). FAQ.<\/p>\n\n\n\n<p>Fondation \u00e9mergence. (2025). <a href=\"https:\/\/www.fondationemergence.org\/nouvelles\/quest-ce-quune-personne-alliee\" target=\"_blank\" rel=\"noreferrer noopener\"><em>Qu\u2019est-ce qu\u2019une personne alli\u00e9e\u2009?<\/em> <\/a><\/p>\n\n\n\n<p><em><a href=\"https:\/\/www.inter-action-suisse.ch\/fr\/home\" target=\"_blank\" rel=\"noreferrer noopener\">InterAction suisse<\/a><\/em>. (s.&nbsp;d.).<\/p>\n\n\n\n<div style=\"height:100px\" aria-hidden=\"true\" class=\"wp-block-spacer\"><\/div>\n","protected":false},"excerpt":{"rendered":"<p>LGBTIQ Le sigle LGBTIQ d\u00e9signe les personnes lesbiennes, gays, bisexuelles, trans, intersexes, queer ou en questionnement. Entre les lettres et au sein de ces lettres, il ne s&rsquo;agit pas de groupes homog\u00e8nes mais d&rsquo;une vari\u00e9t\u00e9 d&rsquo;autod\u00e9finitions, d&rsquo;exp\u00e9riences et de parcours. LesbienneFemmes affectivement et\/ou sexuellement attir\u00e9es par d&rsquo;autres femmes. GayHommes affectivement et\/ou sexuellement attir\u00e9s par d&rsquo;autres [&hellip;]<\/p>\n","protected":false},"author":1002422,"featured_media":0,"parent":0,"menu_order":0,"comment_status":"closed","ping_status":"closed","template":"wp-custom-template-mod-le-accueil-1","meta":{"_seopress_robots_primary_cat":"","_seopress_titles_title":"","_seopress_titles_desc":"","_seopress_robots_index":"","footnotes":""},"class_list":["post-390","page","type-page","status-publish"],"_links":{"self":[{"href":"https:\/\/wp.unil.ch\/unis-arc-en-ciel\/wp-json\/wp\/v2\/pages\/390","targetHints":{"allow":["GET"]}}],"collection":[{"href":"https:\/\/wp.unil.ch\/unis-arc-en-ciel\/wp-json\/wp\/v2\/pages"}],"about":[{"href":"https:\/\/wp.unil.ch\/unis-arc-en-ciel\/wp-json\/wp\/v2\/types\/page"}],"author":[{"embeddable":true,"href":"https:\/\/wp.unil.ch\/unis-arc-en-ciel\/wp-json\/wp\/v2\/users\/1002422"}],"replies":[{"embeddable":true,"href":"https:\/\/wp.unil.ch\/unis-arc-en-ciel\/wp-json\/wp\/v2\/comments?post=390"}],"version-history":[{"count":5,"href":"https:\/\/wp.unil.ch\/unis-arc-en-ciel\/wp-json\/wp\/v2\/pages\/390\/revisions"}],"predecessor-version":[{"id":1205,"href":"https:\/\/wp.unil.ch\/unis-arc-en-ciel\/wp-json\/wp\/v2\/pages\/390\/revisions\/1205"}],"wp:attachment":[{"href":"https:\/\/wp.unil.ch\/unis-arc-en-ciel\/wp-json\/wp\/v2\/media?parent=390"}],"curies":[{"name":"wp","href":"https:\/\/api.w.org\/{rel}","templated":true}]}}