{"id":285,"date":"2013-08-23T12:54:58","date_gmt":"2013-08-23T10:54:58","guid":{"rendered":"http:\/\/wp.unil.ch\/unimedia\/?page_id=285"},"modified":"2016-09-02T14:21:19","modified_gmt":"2016-09-02T12:21:19","slug":"partenaires","status":"publish","type":"page","link":"https:\/\/wp.unil.ch\/unimedia\/partenaires\/","title":{"rendered":"Partenaires"},"content":{"rendered":"<h4>Partenaires UNIL<\/h4>\n<ul>\n<li><a href=\"https:\/\/wp.unil.ch\/unimedia\/category\/partenaires\/aumonerie\/\">Aum\u00f4nerie<\/a><\/li>\n<li><a href=\"https:\/\/wp.unil.ch\/unimedia\/category\/partenaires\/bcu\/\">Biblioth\u00e8que cantonale universitaire &#8211; BCU<\/a><\/li>\n<li><a href=\"https:\/\/wp.unil.ch\/unimedia\/category\/partenaires\/shc\/\">Centre des sciences historiques de la culture &#8211; SHC<\/a><\/li>\n<li><a href=\"https:\/\/wp.unil.ch\/unimedia\/category\/partenaires\/cvac\/\">Cours de vacances &#8211; CVAC<\/a><\/li>\n<li><a href=\"https:\/\/wp.unil.ch\/unimedia\/category\/partenaires\/crlr\/\">Centre de recherches sur les lettres romandes &#8211; CRLR<\/a><\/li>\n<li><a href=\"https:\/\/wp.unil.ch\/unimedia\/category\/partenaires\/dee\/\">D\u00e9partement d&rsquo;\u00e9cologie et d&rsquo;\u00e9volution &#8211; DEE<\/a><\/li>\n<li><a href=\"https:\/\/wp.unil.ch\/unimedia\/category\/partenaires\/dnf\/\">D\u00e9partement des neurosciences fondamentales &#8211; DNF<\/a><\/li>\n<li><a href=\"https:\/\/wp.unil.ch\/unimedia\/category\/partenaires\/efle\/\">Ecole de fran\u00e7ais langue \u00e9trang\u00e8re &#8211; FLE<\/a><\/li>\n<li><a href=\"https:\/\/wp.unil.ch\/unimedia\/category\/partenaires\/fdsc\/\">Facult\u00e9 de droit et des sciences criminelles- FDSC<\/a><\/li>\n<li><a href=\"https:\/\/wp.unil.ch\/unimedia\/category\/partenaires\/grange\/\">Grange de Dorigny<\/a><\/li>\n<li><a href=\"https:\/\/wp.unil.ch\/unimedia\/category\/partenaires\/iasa\/\">Institut d&rsquo;arch\u00e9ologie et d&rsquo;histoire ancienne &#8211; IASA<\/a><\/li>\n<li><a href=\"https:\/\/wp.unil.ch\/unimedia\/category\/partenaires\/igd\/\">Institut de g\u00e9ographie et durabilit\u00e9 &#8211; IGD<\/a><\/li>\n<li><a href=\"https:\/\/wp.unil.ch\/unimedia\/category\/partenaires\/iste\/\">Institut des sciences de la Terre &#8211; ISTE<\/a><\/li>\n<li><a href=\"https:\/\/wp.unil.ch\/unimedia\/category\/partenaires\/iuhmsp\/\">Institut universitaire d&rsquo;histoire de la m\u00e9decine et de la sant\u00e9 publique &#8211; IUHMSP<\/a><\/li>\n<li><a href=\"https:\/\/wp.unil.ch\/unimedia\/category\/partenaires\/interface\/\">Interface Sciences-Soci\u00e9t\u00e9<\/a><\/li>\n<li><a href=\"https:\/\/wp.unil.ch\/unimedia\/category\/partenaires\/ircm\/\">Institut religion, culture et modernit\u00e9 &#8211; IRCM<\/a><\/li>\n<li><a href=\"https:\/\/wp.unil.ch\/unimedia\/category\/partenaires\/labso\/\">Laboratoire de sociologie &#8211; LABSO<\/a><\/li>\n<li><a href=\"https:\/\/wp.unil.ch\/unimedia\/category\/partenaires\/lacs\/\">Laboratoire d&rsquo;anthropologie culturelle et sociale &#8211; LACS<\/a><\/li>\n<li><a href=\"https:\/\/wp.unil.ch\/unimedia\/category\/partenaires\/objectif-terre\/\">Objectif Terre<\/a><\/li>\n<li><a href=\"https:\/\/wp.unil.ch\/unimedia\/category\/partenaires\/fra\/\">Section de fran\u00e7ais<\/a><\/li>\n<li><a href=\"https:\/\/wp.unil.ch\/unimedia\/category\/partenaires\/hist\/\">Section d&rsquo;histoire<\/a><\/li>\n<li><a href=\"https:\/\/wp.unil.ch\/unimedia\/category\/partenaires\/hart\/\">Section d&rsquo;histoire de l&rsquo;art<\/a><\/li>\n<li><a href=\"https:\/\/wp.unil.ch\/unimedia\/category\/partenaires\/cin\/\">Section d&rsquo;histoire et esth\u00e9tique du cin\u00e9ma<\/a><\/li>\n<li><a href=\"https:\/\/wp.unil.ch\/unimedia\/category\/partenaires\/archives\/\">Service des archives<\/a><\/li>\n<li><a href=\"https:\/\/wp.unil.ch\/unimedia\/category\/partenaires\/viaticalpes\/\">Viaticalpes<\/a><\/li>\n<\/ul>\n<h4>Partenaires externes<\/h4>\n<ul>\n<li><a href=\"https:\/\/wp.unil.ch\/unimedia\/category\/partenaires\/ams\/\">Association des mus\u00e9es suisses &#8211; AMS<\/a><\/li>\n<li><a href=\"https:\/\/wp.unil.ch\/unimedia\/category\/partenaires\/photoch\/\">Bureau d&rsquo;histoire de la photographie<\/a><\/li>\n<li><a href=\"https:\/\/wp.unil.ch\/unimedia\/category\/partenaires\/fondation-theodore-strawinsky\/\">Fondation Th\u00e9odore Strawinsky<\/a><\/li>\n<li><a href=\"https:\/\/wp.unil.ch\/unimedia\/category\/partenaires\/fondation-verdan\/\">Fondation Verdan<\/a><\/li>\n<li><a href=\"https:\/\/wp.unil.ch\/unimedia\/category\/partenaires\/iscp\/\">Institut suisse pour la conservation de la photographie &#8211; ISCP<\/a><\/li>\n<li><a href=\"https:\/\/wp.unil.ch\/unimedia\/category\/partenaires\/memoriav\/\">Memoriav<\/a><\/li>\n<li><a href=\"https:\/\/wp.unil.ch\/unimedia\/category\/partenaires\/memoire-suisse-romande\/\">M\u00e9moire suisse romande<\/a><\/li>\n<li><a href=\"https:\/\/wp.unil.ch\/unimedia\/category\/partenaires\/musee-darcheologie\/\">Mus\u00e9e d&rsquo;arch\u00e9ologie<\/a><\/li>\n<li><a href=\"https:\/\/wp.unil.ch\/unimedia\/category\/partenaires\/musee-de-lhermitage\/\">Mus\u00e9e de l&rsquo;Ermitage<\/a><\/li>\n<li><a href=\"https:\/\/wp.unil.ch\/unimedia\/category\/partenaires\/musee-des-beaux-arts\/\">Mus\u00e9e des Beaux-Arts<\/a><\/li>\n<li><a href=\"https:\/\/wp.unil.ch\/unimedia\/category\/partenaires\/musee-de-botanique\/\">Mus\u00e9e de botanique<\/a><\/li>\n<li><a href=\"https:\/\/wp.unil.ch\/unimedia\/category\/partenaires\/musee-de-lelysee\/\">Mus\u00e9e de l&rsquo;Elys\u00e9e<\/a><\/li>\n<li><a href=\"https:\/\/wp.unil.ch\/unimedia\/category\/partenaires\/musee-de-geologie\/\">Mus\u00e9e de g\u00e9ologie<\/a><\/li>\n<li><a href=\"https:\/\/wp.unil.ch\/unimedia\/category\/partenaires\/musee-dhistoire-naturelle\/\">Mus\u00e9e d&rsquo;histoire naturelle<\/a><\/li>\n<li><a href=\"https:\/\/wp.unil.ch\/unimedia\/category\/partenaires\/musee-romain-de-vidy\/\">Mus\u00e9e romain de Vidy<\/a><\/li>\n<li><a href=\"https:\/\/wp.unil.ch\/unimedia\/category\/partenaires\/musee-de-zoologie\/\">Mus\u00e9e de zoologie<\/a><\/li>\n<\/ul>\n","protected":false},"excerpt":{"rendered":"<p>Partenaires UNIL Aum\u00f4nerie Biblioth\u00e8que cantonale universitaire &#8211; BCU Centre des sciences historiques de la culture &#8211; SHC Cours de vacances &#8211; CVAC Centre de recherches sur les lettres&hellip;<\/p>\n","protected":false},"author":47,"featured_media":0,"parent":0,"menu_order":0,"comment_status":"closed","ping_status":"closed","template":"","meta":{"_seopress_robots_primary_cat":"","_seopress_titles_title":"","_seopress_titles_desc":"","_seopress_robots_index":"","footnotes":""},"class_list":["post-285","page","type-page","status-publish","has-post-thumbnail"],"_links":{"self":[{"href":"https:\/\/wp.unil.ch\/unimedia\/wp-json\/wp\/v2\/pages\/285","targetHints":{"allow":["GET"]}}],"collection":[{"href":"https:\/\/wp.unil.ch\/unimedia\/wp-json\/wp\/v2\/pages"}],"about":[{"href":"https:\/\/wp.unil.ch\/unimedia\/wp-json\/wp\/v2\/types\/page"}],"author":[{"embeddable":true,"href":"https:\/\/wp.unil.ch\/unimedia\/wp-json\/wp\/v2\/users\/47"}],"replies":[{"embeddable":true,"href":"https:\/\/wp.unil.ch\/unimedia\/wp-json\/wp\/v2\/comments?post=285"}],"version-history":[{"count":0,"href":"https:\/\/wp.unil.ch\/unimedia\/wp-json\/wp\/v2\/pages\/285\/revisions"}],"wp:attachment":[{"href":"https:\/\/wp.unil.ch\/unimedia\/wp-json\/wp\/v2\/media?parent=285"}],"curies":[{"name":"wp","href":"https:\/\/api.w.org\/{rel}","templated":true}]}}