{"id":24,"date":"2013-04-09T17:24:07","date_gmt":"2013-04-09T15:24:07","guid":{"rendered":"http:\/\/wp.unil.ch\/unimedia\/?page_id=24"},"modified":"2024-07-09T10:47:41","modified_gmt":"2024-07-09T08:47:41","slug":"banques-images","status":"publish","type":"page","link":"https:\/\/wp.unil.ch\/unimedia\/banques-images\/","title":{"rendered":"Banques d&rsquo;images"},"content":{"rendered":"\n<div class=\"wp-block-group has-light-background-background-color has-background\"><div class=\"wp-block-group__inner-container is-layout-constrained wp-block-group-is-layout-constrained\">\n<h4 class=\"wp-block-heading\">Banque d&rsquo;images Fotbase<\/h4>\n\n\n\n<p>Acc\u00e8s <strong><a rel=\"noreferrer noopener\" href=\"https:\/\/fotbase.unil.ch\/fmi\/webd\/fot\" target=\"_blank\">Fotbase<\/a><\/strong>, la base actualis\u00e9e des donn\u00e9es photographiques Unicom. L&rsquo;acc\u00e8s invit\u00e9 vous permet de consulter les photographies jusqu&rsquo;\u00e0 une taille maximale de 400 x 400 pixels.<\/p>\n\n\n\n<figure class=\"wp-block-image size-full is-resized\"><a href=\"https:\/\/fotbase.unil.ch\/fmi\/webd\/fot\" target=\"_blank\" rel=\"noreferrer noopener\"><img alt=\"\" loading=\"lazy\" decoding=\"async\" width=\"380\" height=\"275\" src=\"https:\/\/wp.unil.ch\/unimedia\/files\/2022\/11\/connexion.jpg\" alt=\"\" class=\"wp-image-4041\" style=\"width:300px;height:218px\" srcset=\"https:\/\/wp.unil.ch\/unimedia\/files\/2022\/11\/connexion.jpg 380w, https:\/\/wp.unil.ch\/unimedia\/files\/2022\/11\/connexion-300x217.jpg 300w\" sizes=\"auto, (max-width: 380px) 100vw, 380px\" \/><\/a><\/figure>\n\n\n\n<p>L&rsquo;utilisation des images (m\u00eame \u00e0 cette taille) reste soumise \u00e0 <a href=\"mailto:francine.zambano@unil.ch\">l&rsquo;approbation d&rsquo;Unicom<\/a>. Les originaux peuvent \u00eatre obtenus \u00e0 des conditions de diffusion pr\u00e9cises, en pr\u00e9cisant dans votre demande le(s) num\u00e9ro(s) des photos souhait\u00e9es.<\/p>\n\n\n\n<figure class=\"wp-block-image size-full\"><a href=\"https:\/\/fotbase.unil.ch\/fmi\/webd\/fot\" target=\"_blank\" rel=\"noopener\"><img alt=\"\" loading=\"lazy\" decoding=\"async\" width=\"300\" height=\"150\" src=\"https:\/\/wp.unil.ch\/unimedia\/files\/2013\/04\/fotabase_300_150.jpg\" alt=\"\" class=\"wp-image-847\"\/><\/a><figcaption class=\"wp-element-caption\">Acc\u00e9der \u00e0 Fotbase | R\u00e9alisation: Unicom, UNIL<\/figcaption><\/figure>\n<\/div><\/div>\n\n\n\n<h4 class=\"wp-block-heading\">Autres fonds iconographiques<\/h4>\n\n\n<ul class=\"wp-block-latest-posts__list is-grid columns-3 alignfull icono wp-block-latest-posts\"><li><div class=\"wp-block-latest-posts__featured-image aligncenter\"><a href=\"https:\/\/wp.unil.ch\/unimedia\/autour-de-hans-steiner-un-partenariat-national\/\" aria-label=\"Autour de Hans Steiner, un partenariat national\"><img loading=\"lazy\" decoding=\"async\" width=\"300\" height=\"150\" src=\"https:\/\/wp.unil.ch\/unimedia\/files\/2013\/10\/steiner_300_150.jpg\" class=\"attachment-medium size-medium wp-post-image\" alt=\"\" style=\"\" \/><\/a><\/div><a class=\"wp-block-latest-posts__post-title\" href=\"https:\/\/wp.unil.ch\/unimedia\/autour-de-hans-steiner-un-partenariat-national\/\">Autour de Hans Steiner, un partenariat national<\/a><\/li>\n<li><div class=\"wp-block-latest-posts__featured-image aligncenter\"><a href=\"https:\/\/wp.unil.ch\/unimedia\/cinememoires-ch\/\" aria-label=\"Cin\u00e9m\u00e9moire.ch\"><img loading=\"lazy\" decoding=\"async\" width=\"300\" height=\"150\" src=\"https:\/\/wp.unil.ch\/unimedia\/files\/2013\/10\/cinememoire_300_150.jpg\" class=\"attachment-medium size-medium wp-post-image\" alt=\"\" style=\"\" \/><\/a><\/div><a class=\"wp-block-latest-posts__post-title\" href=\"https:\/\/wp.unil.ch\/unimedia\/cinememoires-ch\/\">Cin\u00e9m\u00e9moire.ch<\/a><\/li>\n<li><div class=\"wp-block-latest-posts__featured-image aligncenter\"><a href=\"https:\/\/wp.unil.ch\/unimedia\/fonds-manuscrit-juste-olivier\/\" aria-label=\"Fonds manuscrit Juste Olivier\"><img loading=\"lazy\" decoding=\"async\" width=\"300\" height=\"150\" src=\"https:\/\/wp.unil.ch\/unimedia\/files\/2013\/12\/jolivier_300_150.jpg\" class=\"attachment-medium size-medium wp-post-image\" alt=\"\" style=\"\" \/><\/a><\/div><a class=\"wp-block-latest-posts__post-title\" href=\"https:\/\/wp.unil.ch\/unimedia\/fonds-manuscrit-juste-olivier\/\">Fonds manuscrit Juste Olivier<\/a><\/li>\n<li><div class=\"wp-block-latest-posts__featured-image aligncenter\"><a href=\"https:\/\/wp.unil.ch\/unimedia\/fonds-photographique-charles-albert-cingria\/\" aria-label=\"Fonds photographique Charles-Albert Cingria\"><img loading=\"lazy\" decoding=\"async\" width=\"300\" height=\"150\" src=\"https:\/\/wp.unil.ch\/unimedia\/files\/2013\/10\/cingri_300_150.jpg\" class=\"attachment-medium size-medium wp-post-image\" alt=\"\" style=\"\" \/><\/a><\/div><a class=\"wp-block-latest-posts__post-title\" href=\"https:\/\/wp.unil.ch\/unimedia\/fonds-photographique-charles-albert-cingria\/\">Fonds photographique Charles-Albert Cingria<\/a><\/li>\n<li><div class=\"wp-block-latest-posts__featured-image aligncenter\"><a href=\"https:\/\/wp.unil.ch\/unimedia\/fonds-photographique-gustave-roud\/\" aria-label=\"Fonds photographique Gustave Roud\"><img loading=\"lazy\" decoding=\"async\" width=\"300\" height=\"150\" src=\"https:\/\/wp.unil.ch\/unimedia\/files\/2013\/10\/roud_300_150.jpg\" class=\"attachment-medium size-medium wp-post-image\" alt=\"\" style=\"\" \/><\/a><\/div><a class=\"wp-block-latest-posts__post-title\" href=\"https:\/\/wp.unil.ch\/unimedia\/fonds-photographique-gustave-roud\/\">Fonds photographique Gustave Roud<\/a><\/li>\n<li><div class=\"wp-block-latest-posts__featured-image aligncenter\"><a href=\"https:\/\/wp.unil.ch\/unimedia\/collart\/\" aria-label=\"Fonds photographique Paul Collart\"><img loading=\"lazy\" decoding=\"async\" width=\"300\" height=\"150\" src=\"https:\/\/wp.unil.ch\/unimedia\/files\/2013\/04\/fonds_collart_300_150.jpg\" class=\"attachment-medium size-medium wp-post-image\" alt=\"\" style=\"\" \/><\/a><\/div><a class=\"wp-block-latest-posts__post-title\" href=\"https:\/\/wp.unil.ch\/unimedia\/collart\/\">Fonds photographique Paul Collart<\/a><\/li>\n<li><div class=\"wp-block-latest-posts__featured-image aligncenter\"><a href=\"https:\/\/wp.unil.ch\/unimedia\/fonds-theodore-strawinsky\/\" aria-label=\"Fonds Th\u00e9odore Strawinsky\"><img loading=\"lazy\" decoding=\"async\" width=\"300\" height=\"150\" src=\"https:\/\/wp.unil.ch\/unimedia\/files\/2014\/10\/starwinsky_300_150.jpg\" class=\"attachment-medium size-medium wp-post-image\" alt=\"\" style=\"\" \/><\/a><\/div><a class=\"wp-block-latest-posts__post-title\" href=\"https:\/\/wp.unil.ch\/unimedia\/fonds-theodore-strawinsky\/\">Fonds Th\u00e9odore Strawinsky<\/a><\/li>\n<li><div class=\"wp-block-latest-posts__featured-image aligncenter\"><a href=\"https:\/\/wp.unil.ch\/unimedia\/memoire-suisse-romande\/\" aria-label=\"Plans-Fixes de Suisse Romande\"><img loading=\"lazy\" decoding=\"async\" width=\"300\" height=\"150\" src=\"https:\/\/wp.unil.ch\/unimedia\/files\/2013\/10\/memoiresuisrom_300_150.jpg\" class=\"attachment-medium size-medium wp-post-image\" alt=\"\" style=\"\" \/><\/a><\/div><a class=\"wp-block-latest-posts__post-title\" href=\"https:\/\/wp.unil.ch\/unimedia\/memoire-suisse-romande\/\">Plans-Fixes de Suisse Romande<\/a><\/li>\n<li><div class=\"wp-block-latest-posts__featured-image aligncenter\"><a href=\"https:\/\/wp.unil.ch\/unimedia\/trois-facettes-du-niger\/\" aria-label=\"Trois facettes du Niger\"><img loading=\"lazy\" decoding=\"async\" width=\"300\" height=\"150\" src=\"https:\/\/wp.unil.ch\/unimedia\/files\/2013\/10\/niger_300_150.jpg\" class=\"attachment-medium size-medium wp-post-image\" alt=\"\" style=\"\" \/><\/a><\/div><a class=\"wp-block-latest-posts__post-title\" href=\"https:\/\/wp.unil.ch\/unimedia\/trois-facettes-du-niger\/\">Trois facettes du Niger<\/a><\/li>\n<li><div class=\"wp-block-latest-posts__featured-image aligncenter\"><a href=\"https:\/\/wp.unil.ch\/unimedia\/viaticalpes\/\" aria-label=\"Viaticalpes\"><img loading=\"lazy\" decoding=\"async\" width=\"300\" height=\"150\" src=\"https:\/\/wp.unil.ch\/unimedia\/files\/2013\/08\/viaticalpes_300_150.jpg\" class=\"attachment-medium size-medium wp-post-image\" alt=\"\" style=\"\" \/><\/a><\/div><a class=\"wp-block-latest-posts__post-title\" href=\"https:\/\/wp.unil.ch\/unimedia\/viaticalpes\/\">Viaticalpes<\/a><\/li>\n<\/ul>","protected":false},"excerpt":{"rendered":"<p>Banque d&rsquo;images Fotbase Acc\u00e8s Fotbase, la base actualis\u00e9e des donn\u00e9es photographiques Unicom. L&rsquo;acc\u00e8s invit\u00e9 vous permet de consulter les photographies jusqu&rsquo;\u00e0 une taille maximale de 400 x 400&hellip;<\/p>\n","protected":false},"author":47,"featured_media":0,"parent":0,"menu_order":0,"comment_status":"closed","ping_status":"closed","template":"","meta":{"_seopress_robots_primary_cat":"","_seopress_titles_title":"","_seopress_titles_desc":"","_seopress_robots_index":"","footnotes":""},"class_list":["post-24","page","type-page","status-publish","has-post-thumbnail"],"_links":{"self":[{"href":"https:\/\/wp.unil.ch\/unimedia\/wp-json\/wp\/v2\/pages\/24","targetHints":{"allow":["GET"]}}],"collection":[{"href":"https:\/\/wp.unil.ch\/unimedia\/wp-json\/wp\/v2\/pages"}],"about":[{"href":"https:\/\/wp.unil.ch\/unimedia\/wp-json\/wp\/v2\/types\/page"}],"author":[{"embeddable":true,"href":"https:\/\/wp.unil.ch\/unimedia\/wp-json\/wp\/v2\/users\/47"}],"replies":[{"embeddable":true,"href":"https:\/\/wp.unil.ch\/unimedia\/wp-json\/wp\/v2\/comments?post=24"}],"version-history":[{"count":2,"href":"https:\/\/wp.unil.ch\/unimedia\/wp-json\/wp\/v2\/pages\/24\/revisions"}],"predecessor-version":[{"id":4080,"href":"https:\/\/wp.unil.ch\/unimedia\/wp-json\/wp\/v2\/pages\/24\/revisions\/4080"}],"wp:attachment":[{"href":"https:\/\/wp.unil.ch\/unimedia\/wp-json\/wp\/v2\/media?parent=24"}],"curies":[{"name":"wp","href":"https:\/\/api.w.org\/{rel}","templated":true}]}}