{"id":171,"date":"2021-01-25T13:37:40","date_gmt":"2021-01-25T12:37:40","guid":{"rendered":"https:\/\/wp.unil.ch\/unil-iucn\/?page_id=171"},"modified":"2025-02-25T15:01:16","modified_gmt":"2025-02-25T14:01:16","slug":"applied-research","status":"publish","type":"page","link":"https:\/\/wp.unil.ch\/unil-iucn\/applied-research\/","title":{"rendered":"Applied Research"},"content":{"rendered":"\n<p class=\"has-large-font-size\"><em>In the IUCN-UNIL partnership, we regularly collaborate on research.&nbsp;&nbsp;This includes mentoring students on research projects, writing project proposals together, and having IUCN staff as associated researchers.<\/em><\/p>\n\n\n\n<div class=\"wp-block-query alignwide is-layout-flow wp-block-query-is-layout-flow\"><ul class=\"columns-3 wp-block-post-template is-layout-grid wp-container-core-post-template-is-layout-2fc57c17 wp-block-post-template-is-layout-grid\"><li class=\"wp-block-post post-635 post type-post status-publish format-standard has-post-thumbnail category-research\">\n<figure style=\"aspect-ratio:4\/3;\" class=\"wp-block-post-featured-image\"><a href=\"https:\/\/wp.unil.ch\/unil-iucn\/une-etudiante-en-master-de-geographie-fgse-en-stage-a-luicn\/\" target=\"_self\"  ><img loading=\"lazy\" decoding=\"async\" width=\"1280\" height=\"853\" src=\"https:\/\/wp.unil.ch\/unil-iucn\/files\/2025\/02\/iucn-leaders-forum.jpg\" class=\"attachment-post-thumbnail size-post-thumbnail wp-post-image\" alt=\"Une \u00e9tudiante en Master de g\u00e9ographie (FGSE) en stage \u00e0 l\u2019UICN\" style=\"width:100%;height:100%;object-fit:cover;\" srcset=\"https:\/\/wp.unil.ch\/unil-iucn\/files\/2025\/02\/iucn-leaders-forum.jpg 1280w, https:\/\/wp.unil.ch\/unil-iucn\/files\/2025\/02\/iucn-leaders-forum-300x200.jpg 300w, https:\/\/wp.unil.ch\/unil-iucn\/files\/2025\/02\/iucn-leaders-forum-1024x682.jpg 1024w, https:\/\/wp.unil.ch\/unil-iucn\/files\/2025\/02\/iucn-leaders-forum-768x512.jpg 768w, https:\/\/wp.unil.ch\/unil-iucn\/files\/2025\/02\/iucn-leaders-forum-540x360.jpg 540w, https:\/\/wp.unil.ch\/unil-iucn\/files\/2025\/02\/iucn-leaders-forum-1080x720.jpg 1080w\" sizes=\"auto, (max-width: 1280px) 100vw, 1280px\" \/><\/a><\/figure>\n\n<div class=\"wp-block-post-date has-small-font-size\"><time datetime=\"2025-02-24T15:04:00+01:00\">24 February 2025<\/time><\/div>\n\n<h4 class=\"wp-block-post-title\"><a href=\"https:\/\/wp.unil.ch\/unil-iucn\/une-etudiante-en-master-de-geographie-fgse-en-stage-a-luicn\/\" target=\"_self\" >Une \u00e9tudiante en Master de g\u00e9ographie (FGSE) en stage \u00e0 l\u2019UICN<\/a><\/h4>\n\n<div class=\"wp-block-post-excerpt\"><p class=\"wp-block-post-excerpt__excerpt\">Par Lorraine Hamon Avant cette exp\u00e9rience, jamais je n\u2019aurais imagin\u00e9&hellip; <\/p><\/div>\n<\/li><li class=\"wp-block-post post-584 post type-post status-publish format-standard has-post-thumbnail category-research\">\n<figure style=\"aspect-ratio:4\/3;\" class=\"wp-block-post-featured-image\"><a href=\"https:\/\/wp.unil.ch\/unil-iucn\/unil-iucn-internship\/\" target=\"_self\"  ><img loading=\"lazy\" decoding=\"async\" width=\"800\" height=\"533\" src=\"https:\/\/wp.unil.ch\/unil-iucn\/files\/2023\/11\/dreamstime_s_132175408.jpg\" class=\"attachment-post-thumbnail size-post-thumbnail wp-post-image\" alt=\"UNIL-IUCN Internship\" style=\"width:100%;height:100%;object-fit:cover;\" srcset=\"https:\/\/wp.unil.ch\/unil-iucn\/files\/2023\/11\/dreamstime_s_132175408.jpg 800w, https:\/\/wp.unil.ch\/unil-iucn\/files\/2023\/11\/dreamstime_s_132175408-300x200.jpg 300w, https:\/\/wp.unil.ch\/unil-iucn\/files\/2023\/11\/dreamstime_s_132175408-768x512.jpg 768w, https:\/\/wp.unil.ch\/unil-iucn\/files\/2023\/11\/dreamstime_s_132175408-540x360.jpg 540w\" sizes=\"auto, (max-width: 800px) 100vw, 800px\" \/><\/a><\/figure>\n\n<div class=\"wp-block-post-date has-small-font-size\"><time datetime=\"2023-11-10T13:54:00+01:00\">10 November 2023<\/time><\/div>\n\n<h4 class=\"wp-block-post-title\"><a href=\"https:\/\/wp.unil.ch\/unil-iucn\/unil-iucn-internship\/\" target=\"_self\" >UNIL-IUCN Internship<\/a><\/h4>\n\n<div class=\"wp-block-post-excerpt\"><p class=\"wp-block-post-excerpt__excerpt\">Written by Max M\u00fcller My time at IUCN was marked&hellip; <\/p><\/div>\n<\/li><li class=\"wp-block-post post-587 post type-post status-publish format-standard has-post-thumbnail category-research\">\n<figure style=\"aspect-ratio:4\/3;\" class=\"wp-block-post-featured-image\"><a href=\"https:\/\/wp.unil.ch\/unil-iucn\/unblocking-the-flow-of-biodiversity-data-for-multi-stakeholder-environmental-sustainability-management\/\" target=\"_self\"  ><img loading=\"lazy\" decoding=\"async\" width=\"943\" height=\"527\" src=\"https:\/\/wp.unil.ch\/unil-iucn\/files\/2022\/03\/PJ-Image-1.png\" class=\"attachment-post-thumbnail size-post-thumbnail wp-post-image\" alt=\"Unblocking the flow of biodiversity data for multi-stakeholder environmental sustainability management\" style=\"width:100%;height:100%;object-fit:cover;\" srcset=\"https:\/\/wp.unil.ch\/unil-iucn\/files\/2022\/03\/PJ-Image-1.png 943w, https:\/\/wp.unil.ch\/unil-iucn\/files\/2022\/03\/PJ-Image-1-300x168.png 300w, https:\/\/wp.unil.ch\/unil-iucn\/files\/2022\/03\/PJ-Image-1-768x429.png 768w, https:\/\/wp.unil.ch\/unil-iucn\/files\/2022\/03\/PJ-Image-1-540x302.png 540w\" sizes=\"auto, (max-width: 943px) 100vw, 943px\" \/><\/a><\/figure>\n\n<div class=\"wp-block-post-date has-small-font-size\"><time datetime=\"2022-03-30T13:55:00+02:00\">30 March 2022<\/time><\/div>\n\n<h4 class=\"wp-block-post-title\"><a href=\"https:\/\/wp.unil.ch\/unil-iucn\/unblocking-the-flow-of-biodiversity-data-for-multi-stakeholder-environmental-sustainability-management\/\" target=\"_self\" >Unblocking the flow of biodiversity data for multi-stakeholder environmental sustainability management<\/a><\/h4>\n\n<div class=\"wp-block-post-excerpt\"><p class=\"wp-block-post-excerpt__excerpt\">This exciting cross-disciplinary, multi-stakeholder collaborative project aims to unblock the&hellip; <\/p><\/div>\n<\/li><li class=\"wp-block-post post-592 post type-post status-publish format-standard has-post-thumbnail category-research\">\n<figure style=\"aspect-ratio:4\/3;\" class=\"wp-block-post-featured-image\"><a href=\"https:\/\/wp.unil.ch\/unil-iucn\/biodiversity-restoration-local-projects-under-scrutiny\/\" target=\"_self\"  ><img loading=\"lazy\" decoding=\"async\" width=\"640\" height=\"427\" src=\"https:\/\/wp.unil.ch\/unil-iucn\/files\/2022\/03\/Geoblog-WP-UNIL-IUCN.jpeg\" class=\"attachment-post-thumbnail size-post-thumbnail wp-post-image\" alt=\"Biodiversity restoration: local projects under scrutiny\" style=\"width:100%;height:100%;object-fit:cover;\" srcset=\"https:\/\/wp.unil.ch\/unil-iucn\/files\/2022\/03\/Geoblog-WP-UNIL-IUCN.jpeg 640w, https:\/\/wp.unil.ch\/unil-iucn\/files\/2022\/03\/Geoblog-WP-UNIL-IUCN-300x200.jpeg 300w, https:\/\/wp.unil.ch\/unil-iucn\/files\/2022\/03\/Geoblog-WP-UNIL-IUCN-540x360.jpeg 540w\" sizes=\"auto, (max-width: 640px) 100vw, 640px\" \/><\/a><\/figure>\n\n<div class=\"wp-block-post-date has-small-font-size\"><time datetime=\"2022-03-14T13:59:00+01:00\">14 March 2022<\/time><\/div>\n\n<h4 class=\"wp-block-post-title\"><a href=\"https:\/\/wp.unil.ch\/unil-iucn\/biodiversity-restoration-local-projects-under-scrutiny\/\" target=\"_self\" >Biodiversity restoration: local projects under scrutiny<\/a><\/h4>\n\n<div class=\"wp-block-post-excerpt\"><p class=\"wp-block-post-excerpt__excerpt\">14 March 2022 This Spring (2022), a new collaborative applied&hellip; <\/p><\/div>\n<\/li><\/ul>\n\n<\/div>\n\n\n\n<h2 class=\"wp-block-heading\">Biodiversity Flows<\/h2>\n\n\n\n<p class=\"has-small-font-size\"><em>25 October 2023<\/em><\/p>\n\n\n\n<p>Meet the &#8220;Biodiversity Flows&#8221; project team, a UNIL-IUCN collaboration. Watch their interviews:<\/p>\n\n\n\n<figure class=\"wp-block-embed is-type-video is-provider-youtube wp-block-embed-youtube wp-embed-aspect-16-9 wp-has-aspect-ratio\"><div class=\"wp-block-embed__wrapper\">\n<iframe loading=\"lazy\" title=\"Interview with the team members of the project &quot;Biodiversity Flows&quot;\" width=\"580\" height=\"326\" src=\"https:\/\/www.youtube.com\/embed\/6wlMlz2LsUg?feature=oembed\" frameborder=\"0\" allow=\"accelerometer; autoplay; clipboard-write; encrypted-media; gyroscope; picture-in-picture; web-share\" referrerpolicy=\"strict-origin-when-cross-origin\" allowfullscreen><\/iframe>\n<\/div><\/figure>\n","protected":false},"excerpt":{"rendered":"<p>In the IUCN-UNIL partnership, we regularly collaborate on research.&nbsp;&nbsp;This includes mentoring students on research projects, writing project proposals together, and having IUCN staff as associated researchers. Biodiversity Flows&hellip;<\/p>\n","protected":false},"author":108,"featured_media":0,"parent":0,"menu_order":2,"comment_status":"closed","ping_status":"closed","template":"","meta":{"_seopress_robots_primary_cat":"","_seopress_titles_title":"","_seopress_titles_desc":"","_seopress_robots_index":"","footnotes":""},"class_list":["post-171","page","type-page","status-publish","has-post-thumbnail"],"_links":{"self":[{"href":"https:\/\/wp.unil.ch\/unil-iucn\/wp-json\/wp\/v2\/pages\/171","targetHints":{"allow":["GET"]}}],"collection":[{"href":"https:\/\/wp.unil.ch\/unil-iucn\/wp-json\/wp\/v2\/pages"}],"about":[{"href":"https:\/\/wp.unil.ch\/unil-iucn\/wp-json\/wp\/v2\/types\/page"}],"author":[{"embeddable":true,"href":"https:\/\/wp.unil.ch\/unil-iucn\/wp-json\/wp\/v2\/users\/108"}],"replies":[{"embeddable":true,"href":"https:\/\/wp.unil.ch\/unil-iucn\/wp-json\/wp\/v2\/comments?post=171"}],"version-history":[{"count":5,"href":"https:\/\/wp.unil.ch\/unil-iucn\/wp-json\/wp\/v2\/pages\/171\/revisions"}],"predecessor-version":[{"id":629,"href":"https:\/\/wp.unil.ch\/unil-iucn\/wp-json\/wp\/v2\/pages\/171\/revisions\/629"}],"wp:attachment":[{"href":"https:\/\/wp.unil.ch\/unil-iucn\/wp-json\/wp\/v2\/media?parent=171"}],"curies":[{"name":"wp","href":"https:\/\/api.w.org\/{rel}","templated":true}]}}