{"id":6,"date":"2019-11-28T16:00:19","date_gmt":"2019-11-28T15:00:19","guid":{"rendered":"http:\/\/wp.unil.ch\/modele\/?page_id=6"},"modified":"2026-03-26T10:33:24","modified_gmt":"2026-03-26T09:33:24","slug":"home","status":"publish","type":"page","link":"https:\/\/wp.unil.ch\/transition-juste\/","title":{"rendered":"d\u00e9battre demains \u00e9quitables"},"content":{"rendered":"\n<figure class=\"wp-block-pullquote\"><blockquote><p>Just Transition is a process of transformation towards dignity for all within planetary<br>boundaries.<\/p><cite>Durabilitas, 2025<\/cite><\/blockquote><\/figure>\n\n\n\n<div class=\"wp-block-columns is-layout-flex wp-container-core-columns-is-layout-9d6595d7 wp-block-columns-is-layout-flex\">\n<div class=\"wp-block-column is-layout-flow wp-block-column-is-layout-flow\" style=\"flex-basis:66.66%\">\n<div data-aos= \"slide-up\" data-aos-duration=\"400\" data-aos-delay=\"0\" data-aos-easing=\"ease\" data-aos-once=\"true\" class=\"wp-block-uagb-content-timeline uagb-timeline__outer-wrap uagb-block-378f9420 uagb-timeline__content-wrap uagb-timeline__center-block  uagb-timeline__arrow-center uagb-timeline\">\n<article class=\"wp-block-uagb-content-timeline-child uagb-timeline__field uagb-timeline-child-dbc8f052 uagb-timeline__right\"><div class=\"uagb-timeline__marker out-view-uagb-timeline__icon\"><svg xmlns=\"https:\/\/www.w3.org\/2000\/svg\" viewBox=\"0 0 448 512\"><path d=\"M160 32V64H288V32C288 14.33 302.3 0 320 0C337.7 0 352 14.33 352 32V64H400C426.5 64 448 85.49 448 112V160H0V112C0 85.49 21.49 64 48 64H96V32C96 14.33 110.3 0 128 0C145.7 0 160 14.33 160 32zM0 192H448V464C448 490.5 426.5 512 400 512H48C21.49 512 0 490.5 0 464V192zM64 304C64 312.8 71.16 320 80 320H112C120.8 320 128 312.8 128 304V272C128 263.2 120.8 256 112 256H80C71.16 256 64 263.2 64 272V304zM192 304C192 312.8 199.2 320 208 320H240C248.8 320 256 312.8 256 304V272C256 263.2 248.8 256 240 256H208C199.2 256 192 263.2 192 272V304zM336 256C327.2 256 320 263.2 320 272V304C320 312.8 327.2 320 336 320H368C376.8 320 384 312.8 384 304V272C384 263.2 376.8 256 368 256H336zM64 432C64 440.8 71.16 448 80 448H112C120.8 448 128 440.8 128 432V400C128 391.2 120.8 384 112 384H80C71.16 384 64 391.2 64 400V432zM208 384C199.2 384 192 391.2 192 400V432C192 440.8 199.2 448 208 448H240C248.8 448 256 440.8 256 432V400C256 391.2 248.8 384 240 384H208zM320 432C320 440.8 327.2 448 336 448H368C376.8 448 384 440.8 384 432V400C384 391.2 376.8 384 368 384H336C327.2 384 320 391.2 320 400V432z\"><\/path><\/svg><\/div><div class=\"uagb-timeline__day-new uagb-timeline__day-right uagb-timeline__events-inner-new\"><div class=\"uagb-timeline__events-inner--content\"><div class=\"uagb-timeline__date-hide uagb-timeline__inner-date-new\">30 avril 2026<\/div><h4 class=\"uagb-timeline__heading\"><a href=\"https:\/\/events.unil.ch\/register\/647\/1142\">Olivier De Schutter<\/a><\/h4><p class=\"uagb-timeline-desc-content\">Une Feuille de route pour l&rsquo;\u00e9radication de la pauvret\u00e9 au-del\u00e0 de la croissance. <a href=\"https:\/\/events.unil.ch\/register\/647\/1142\">Inscriptions ICI.<\/a> <\/p><div class=\"uagb-timeline__arrow\"><\/div><\/div><\/div><div class=\"uagb-timeline__date-new\">30 avril 2026<\/div><\/article>\n\n\n\n<article class=\"wp-block-uagb-content-timeline-child uagb-timeline__field uagb-timeline-child-32af1b5d uagb-timeline__left\"><div class=\"uagb-timeline__marker out-view-uagb-timeline__icon\"><svg xmlns=\"https:\/\/www.w3.org\/2000\/svg\" viewBox=\"0 0 448 512\"><path d=\"M160 32V64H288V32C288 14.33 302.3 0 320 0C337.7 0 352 14.33 352 32V64H400C426.5 64 448 85.49 448 112V160H0V112C0 85.49 21.49 64 48 64H96V32C96 14.33 110.3 0 128 0C145.7 0 160 14.33 160 32zM0 192H448V464C448 490.5 426.5 512 400 512H48C21.49 512 0 490.5 0 464V192zM64 304C64 312.8 71.16 320 80 320H112C120.8 320 128 312.8 128 304V272C128 263.2 120.8 256 112 256H80C71.16 256 64 263.2 64 272V304zM192 304C192 312.8 199.2 320 208 320H240C248.8 320 256 312.8 256 304V272C256 263.2 248.8 256 240 256H208C199.2 256 192 263.2 192 272V304zM336 256C327.2 256 320 263.2 320 272V304C320 312.8 327.2 320 336 320H368C376.8 320 384 312.8 384 304V272C384 263.2 376.8 256 368 256H336zM64 432C64 440.8 71.16 448 80 448H112C120.8 448 128 440.8 128 432V400C128 391.2 120.8 384 112 384H80C71.16 384 64 391.2 64 400V432zM208 384C199.2 384 192 391.2 192 400V432C192 440.8 199.2 448 208 448H240C248.8 448 256 440.8 256 432V400C256 391.2 248.8 384 240 384H208zM320 432C320 440.8 327.2 448 336 448H368C376.8 448 384 440.8 384 432V400C384 391.2 376.8 384 368 384H336C327.2 384 320 391.2 320 400V432z\"><\/path><\/svg><\/div><div class=\"uagb-timeline__day-new uagb-timeline__day-left uagb-timeline__events-inner-new\"><div class=\"uagb-timeline__events-inner--content\"><div class=\"uagb-timeline__date-hide uagb-timeline__inner-date-new\">04 mars 2026<\/div><h4 class=\"uagb-timeline__heading\"><a href=\"https:\/\/wp.unil.ch\/transition-juste\/conference-inaugurale-du-cycle-transition-juste-avec-lucas-chancel\/\">lucas chancel<\/a><\/h4><p class=\"uagb-timeline-desc-content\">\u00ab\u00a0Qui contr\u00f4le l&rsquo;\u00c9nergie ? Pouvoir, In\u00e9galit\u00e9s et Transition \u00c9cologique.\u00a0\u00bb <br>Inscrivez-vous <a href=\"https:\/\/events.unil.ch\/register\/635\/1126\">ici<\/a> \u00e0 sa conf\u00e9rence !<\/p><div class=\"uagb-timeline__arrow\"><\/div><\/div><\/div><div class=\"uagb-timeline__date-new\">04 mars 2026<\/div><\/article>\n\n\n\n<article class=\"wp-block-uagb-content-timeline-child uagb-timeline__field uagb-timeline-child-19b89ac0 uagb-timeline__right\"><div class=\"uagb-timeline__marker out-view-uagb-timeline__icon\"><svg xmlns=\"https:\/\/www.w3.org\/2000\/svg\" viewBox=\"0 0 448 512\"><path d=\"M160 32V64H288V32C288 14.33 302.3 0 320 0C337.7 0 352 14.33 352 32V64H400C426.5 64 448 85.49 448 112V160H0V112C0 85.49 21.49 64 48 64H96V32C96 14.33 110.3 0 128 0C145.7 0 160 14.33 160 32zM0 192H448V464C448 490.5 426.5 512 400 512H48C21.49 512 0 490.5 0 464V192zM64 304C64 312.8 71.16 320 80 320H112C120.8 320 128 312.8 128 304V272C128 263.2 120.8 256 112 256H80C71.16 256 64 263.2 64 272V304zM192 304C192 312.8 199.2 320 208 320H240C248.8 320 256 312.8 256 304V272C256 263.2 248.8 256 240 256H208C199.2 256 192 263.2 192 272V304zM336 256C327.2 256 320 263.2 320 272V304C320 312.8 327.2 320 336 320H368C376.8 320 384 312.8 384 304V272C384 263.2 376.8 256 368 256H336zM64 432C64 440.8 71.16 448 80 448H112C120.8 448 128 440.8 128 432V400C128 391.2 120.8 384 112 384H80C71.16 384 64 391.2 64 400V432zM208 384C199.2 384 192 391.2 192 400V432C192 440.8 199.2 448 208 448H240C248.8 448 256 440.8 256 432V400C256 391.2 248.8 384 240 384H208zM320 432C320 440.8 327.2 448 336 448H368C376.8 448 384 440.8 384 432V400C384 391.2 376.8 384 368 384H336C327.2 384 320 391.2 320 400V432z\"><\/path><\/svg><\/div><div class=\"uagb-timeline__day-new uagb-timeline__day-right uagb-timeline__events-inner-new\"><div class=\"uagb-timeline__events-inner--content\"><div class=\"uagb-timeline__date-hide uagb-timeline__inner-date-new\">25 novembre 2025<\/div><h4 class=\"uagb-timeline__heading\"><a href=\"https:\/\/wp.unil.ch\/transition-juste\/la-transition-juste-cest-assurer-le-bien-etre-de-toutes-les-formes-de-vie\/\">aurore fransolet<\/a> <\/h4><p class=\"uagb-timeline-desc-content\">Revoir sa conf\u00e9rence : <a href=\"https:\/\/wp.unil.ch\/transition-juste\/la-transition-juste-cest-assurer-le-bien-etre-de-toutes-les-formes-de-vie\/\">Gouverner les transitions justes. L&rsquo;\u00c9tat social \u00e0 l&rsquo;\u00e9preuve des in\u00e9galit\u00e9s socio-\u00e9cologiques<\/a><\/p><div class=\"uagb-timeline__arrow\"><\/div><\/div><\/div><div class=\"uagb-timeline__date-new\">25 novembre 2025<\/div><\/article>\n<div class=\"uagb-timeline__line\"><div class=\"uagb-timeline__line__inner\"><\/div><\/div><\/div>\n<\/div>\n\n\n\n<div class=\"wp-block-column is-layout-flow wp-block-column-is-layout-flow\" style=\"flex-basis:33.33%\">\n<h5 class=\"wp-block-heading\" id=\"mailpoet_form_iframe\">Abonnez-vous \u00e0 la newsletter de la transition \u00e9cologique de l&rsquo;unil<\/h5>\n\n\n\n\n<!-- iframe plugin v.6.0 wordpress.org\/plugins\/iframe\/ -->\n<iframe loading=\"lazy\" width=\"100%\" height=\"100%\" scrolling=\"no\" frameborder=\"0\" src=\"https:\/\/wp.unil.ch\/info-durabilite\/?mailpoet_form_iframe=1\" class=\"mailpoet_form_iframe\" id=\"mailpoet_form_iframe\" vspace=\"0\" tabindex=\"0\" marginwidth=\"0\" marginheight=\"0\" hspace=\"0\" 0=\"allowtransparency=&quot;true&quot;&gt;&lt;\/iframe\"><\/iframe>\n\n<\/div>\n<\/div>\n\n\n\n<div class=\"wp-block-uagb-slider uagb-block-578e5efb uagb-slider-container\"><div class=\"uagb-slides uagb-swiper\"><div class=\"swiper-wrapper\">\n<div class=\"wp-block-uagb-slider-child uagb-slider-child-wrap swiper-slide uagb-block-d04a10ae\"><div class=\"swiper-content\">\n<div class=\"wp-block-uagb-container uagb-block-4b8823bd alignfull uagb-is-root-container\"><div class=\"uagb-container-inner-blocks-wrap\">\n<div class=\"wp-block-uagb-info-box uagb-block-923c9071 uagb-infobox__content-wrap  uagb-infobox-icon-above-title uagb-infobox-image-valign-top\"><div class=\"uagb-ifb-content\"><div class=\"uagb-ifb-image-content\"><img decoding=\"async\" src=\"https:\/\/wp.unil.ch\/transition-juste\/files\/2026\/02\/aurorefransolet_1665992147698-jpg-3474108947-150x150.jpg\" alt=\"aurorefransolet 1665992147698 jpg 3474108947\" width=\"\" height=\"0\" loading=\"lazy\" \/><\/div><div class=\"uagb-ifb-title-wrap\"><h3 class=\"uagb-ifb-title\">aurore fransolet<\/h3><\/div><p class=\"uagb-ifb-desc\"><strong>\u00ab\u202fLa transition juste doit aller au\u2011del\u00e0 de l\u2019approche compensatoire <\/strong><br><strong>et vraiment produire une r\u00e9ponse int\u00e9gr\u00e9e aux in\u00e9galit\u00e9s sociales <\/strong><br><strong>et aux d\u00e9gradations \u00e9cologiques.\u202f\u00bb<\/strong><\/p><div class=\"uagb-ifb-button-wrapper wp-block-button\"><a href=\"https:\/\/wp.unil.ch\/transition-juste\/la-transition-juste-cest-assurer-le-bien-etre-de-toutes-les-formes-de-vie\/\" class=\"uagb-infobox-cta-link wp-block-button__link\" target=\"_self\" rel=\"noopener noreferrer\"><span class=\"uagb-inline-editing\">Read More<\/span><svg xmlns=\"https:\/\/www.w3.org\/2000\/svg\" viewBox=\"0 0 320 512\"><path d=\"M96 480c-8.188 0-16.38-3.125-22.62-9.375c-12.5-12.5-12.5-32.75 0-45.25L242.8 256L73.38 86.63c-12.5-12.5-12.5-32.75 0-45.25s32.75-12.5 45.25 0l192 192c12.5 12.5 12.5 32.75 0 45.25l-192 192C112.4 476.9 104.2 480 96 480z\"><\/path><\/svg><\/a><\/div><\/div><\/div>\n<\/div><\/div>\n<\/div><\/div>\n<\/div><\/div><div class=\"swiper-pagination\"><\/div><div class=\"swiper-button-prev\"><\/div><div class=\"swiper-button-next\"><\/div><\/div>\n","protected":false},"excerpt":{"rendered":"<p>Just Transition is a process of transformation towards dignity for all within planetaryboundaries. Durabilitas, 2025 Abonnez-vous \u00e0 la newsletter de la transition \u00e9cologique de l&rsquo;unil<\/p>\n","protected":false},"author":108,"featured_media":320,"parent":0,"menu_order":0,"comment_status":"closed","ping_status":"closed","template":"template-full-width-cover.php","meta":{"_seopress_robots_primary_cat":"","_seopress_titles_title":"","_seopress_titles_desc":"","_seopress_robots_index":"","_uag_custom_page_level_css":"","footnotes":""},"class_list":["post-6","page","type-page","status-publish","has-post-thumbnail"],"uagb_featured_image_src":{"full":["https:\/\/wp.unil.ch\/transition-juste\/files\/2026\/02\/fond_vf.jpeg",1800,1200,false],"thumbnail":["https:\/\/wp.unil.ch\/transition-juste\/files\/2026\/02\/fond_vf-150x150.jpeg",150,150,true],"medium":["https:\/\/wp.unil.ch\/transition-juste\/files\/2026\/02\/fond_vf-300x200.jpeg",300,200,true],"medium_large":["https:\/\/wp.unil.ch\/transition-juste\/files\/2026\/02\/fond_vf-768x512.jpeg",580,387,true],"large":["https:\/\/wp.unil.ch\/transition-juste\/files\/2026\/02\/fond_vf-1024x683.jpeg",580,387,true],"1536x1536":["https:\/\/wp.unil.ch\/transition-juste\/files\/2026\/02\/fond_vf-1536x1024.jpeg",1536,1024,true],"2048x2048":["https:\/\/wp.unil.ch\/transition-juste\/files\/2026\/02\/fond_vf.jpeg",1800,1200,false],"post-thumbnail":["https:\/\/wp.unil.ch\/transition-juste\/files\/2026\/02\/fond_vf.jpeg",1800,1200,false],"chaplin_preview_image_low_resolution":["https:\/\/wp.unil.ch\/transition-juste\/files\/2026\/02\/fond_vf-540x360.jpeg",540,360,true],"chaplin_preview_image_high_resolution":["https:\/\/wp.unil.ch\/transition-juste\/files\/2026\/02\/fond_vf-1080x720.jpeg",1080,720,true],"chaplin_fullscreen":["https:\/\/wp.unil.ch\/transition-juste\/files\/2026\/02\/fond_vf.jpeg",1800,1200,false]},"uagb_author_info":{"display_name":"centre informatique","author_link":"https:\/\/wp.unil.ch\/transition-juste\/author\/ci-unil\/"},"uagb_comment_info":0,"uagb_excerpt":"Just Transition is a process of transformation towards dignity for all within planetaryboundaries. Durabilitas, 2025 Abonnez-vous \u00e0 la newsletter de la transition \u00e9cologique de l&rsquo;unil","_links":{"self":[{"href":"https:\/\/wp.unil.ch\/transition-juste\/wp-json\/wp\/v2\/pages\/6","targetHints":{"allow":["GET"]}}],"collection":[{"href":"https:\/\/wp.unil.ch\/transition-juste\/wp-json\/wp\/v2\/pages"}],"about":[{"href":"https:\/\/wp.unil.ch\/transition-juste\/wp-json\/wp\/v2\/types\/page"}],"author":[{"embeddable":true,"href":"https:\/\/wp.unil.ch\/transition-juste\/wp-json\/wp\/v2\/users\/108"}],"replies":[{"embeddable":true,"href":"https:\/\/wp.unil.ch\/transition-juste\/wp-json\/wp\/v2\/comments?post=6"}],"version-history":[{"count":5,"href":"https:\/\/wp.unil.ch\/transition-juste\/wp-json\/wp\/v2\/pages\/6\/revisions"}],"predecessor-version":[{"id":455,"href":"https:\/\/wp.unil.ch\/transition-juste\/wp-json\/wp\/v2\/pages\/6\/revisions\/455"}],"wp:featuredmedia":[{"embeddable":true,"href":"https:\/\/wp.unil.ch\/transition-juste\/wp-json\/wp\/v2\/media\/320"}],"wp:attachment":[{"href":"https:\/\/wp.unil.ch\/transition-juste\/wp-json\/wp\/v2\/media?parent=6"}],"curies":[{"name":"wp","href":"https:\/\/api.w.org\/{rel}","templated":true}]}}