{"id":246,"date":"2026-01-27T16:27:37","date_gmt":"2026-01-27T15:27:37","guid":{"rendered":"https:\/\/wp.unil.ch\/transition-juste\/?page_id=246"},"modified":"2026-03-10T10:53:29","modified_gmt":"2026-03-10T09:53:29","slug":"les-ressources","status":"publish","type":"page","link":"https:\/\/wp.unil.ch\/transition-juste\/les-ressources\/","title":{"rendered":"LES RESSOURCES"},"content":{"rendered":"\n<h2 class=\"wp-block-heading\">#1 \u2013 Gouverner les transitions justes   |   dre. aurore fransolet<\/h2>\n\n\n\n<ul class=\"wp-block-list\">\n<li><a href=\"https:\/\/www.youtube.com\/watch?v=-PLaYl6cXks\">Vid\u00e9o de la conf\u00e9rence<\/a><\/li>\n\n\n\n<li><a href=\"https:\/\/unils.sharepoint.com\/:b:\/s\/CCD_GED-Teams\/IQDkbHvCVnryR4yi6cu4Bky-AWjY4gik7f_oXYqlxK0DdOI?e=5XP9az\">Slides de la pr\u00e9sentation<\/a><\/li>\n\n\n\n<li>Rapport : <a href=\"https:\/\/justtransition.be\/fr\/vers-une-transition-juste-en-belgique-memorandum-politique\"><em>Vers une Transition Juste en Belgique \u2013&nbsp;Memorandum Politique<\/em><\/a><\/li>\n\n\n\n<li>Rapport : <a href=\"https:\/\/justtransition.be\/fr\/just-transition-belgium-concepts-issues-stake-and-policy-levers\"><em>Just Transition in Belgium Concepts, Issues at Stake, and Policy Levers<\/em><\/a><\/li>\n<\/ul>\n\n\n\n<h2 class=\"wp-block-heading\">#2 \u2013 qui contr\u00f4le l&rsquo;\u00e9nergie ? pouvoir, in\u00e9galit\u00e9s et transition \u00e9cologique | prof. lucas chancel<\/h2>\n\n\n\n<ul class=\"wp-block-list\">\n<li><a href=\"https:\/\/www.youtube.com\/watch?v=_A0WcgnvUE4\">Vid\u00e9o de la conf\u00e9rence<\/a><\/li>\n\n\n\n<li>Slides de la pr\u00e9sentation<\/li>\n\n\n\n<li><\/li>\n<\/ul>\n","protected":false},"excerpt":{"rendered":"<p>#1 \u2013 Gouverner les transitions justes | dre. aurore fransolet #2 \u2013 qui contr\u00f4le l&rsquo;\u00e9nergie ? pouvoir, in\u00e9galit\u00e9s et transition \u00e9cologique | prof. lucas chancel<\/p>\n","protected":false},"author":1002526,"featured_media":0,"parent":0,"menu_order":0,"comment_status":"closed","ping_status":"closed","template":"template-full-width.php","meta":{"_seopress_robots_primary_cat":"","_seopress_titles_title":"","_seopress_titles_desc":"","_seopress_robots_index":"","_uag_custom_page_level_css":"","footnotes":""},"class_list":["post-246","page","type-page","status-publish","has-post-thumbnail"],"uagb_featured_image_src":{"full":false,"thumbnail":false,"medium":false,"medium_large":false,"large":false,"1536x1536":false,"2048x2048":false,"post-thumbnail":false,"chaplin_preview_image_low_resolution":false,"chaplin_preview_image_high_resolution":false,"chaplin_fullscreen":false},"uagb_author_info":{"display_name":"Niccolo Panozzo","author_link":"https:\/\/wp.unil.ch\/transition-juste\/author\/npanozzo\/"},"uagb_comment_info":0,"uagb_excerpt":"#1 \u2013 Gouverner les transitions justes | dre. aurore fransolet #2 \u2013 qui contr\u00f4le l&rsquo;\u00e9nergie ? pouvoir, in\u00e9galit\u00e9s et transition \u00e9cologique | prof. lucas chancel","_links":{"self":[{"href":"https:\/\/wp.unil.ch\/transition-juste\/wp-json\/wp\/v2\/pages\/246","targetHints":{"allow":["GET"]}}],"collection":[{"href":"https:\/\/wp.unil.ch\/transition-juste\/wp-json\/wp\/v2\/pages"}],"about":[{"href":"https:\/\/wp.unil.ch\/transition-juste\/wp-json\/wp\/v2\/types\/page"}],"author":[{"embeddable":true,"href":"https:\/\/wp.unil.ch\/transition-juste\/wp-json\/wp\/v2\/users\/1002526"}],"replies":[{"embeddable":true,"href":"https:\/\/wp.unil.ch\/transition-juste\/wp-json\/wp\/v2\/comments?post=246"}],"version-history":[{"count":5,"href":"https:\/\/wp.unil.ch\/transition-juste\/wp-json\/wp\/v2\/pages\/246\/revisions"}],"predecessor-version":[{"id":446,"href":"https:\/\/wp.unil.ch\/transition-juste\/wp-json\/wp\/v2\/pages\/246\/revisions\/446"}],"wp:attachment":[{"href":"https:\/\/wp.unil.ch\/transition-juste\/wp-json\/wp\/v2\/media?parent=246"}],"curies":[{"name":"wp","href":"https:\/\/api.w.org\/{rel}","templated":true}]}}