{"id":242,"date":"2026-01-27T16:27:24","date_gmt":"2026-01-27T15:27:24","guid":{"rendered":"https:\/\/wp.unil.ch\/transition-juste\/?page_id=242"},"modified":"2026-02-18T17:06:11","modified_gmt":"2026-02-18T16:06:11","slug":"les-evenements","status":"publish","type":"page","link":"https:\/\/wp.unil.ch\/transition-juste\/les-evenements\/","title":{"rendered":"LES \u00c9V\u00c9NEMENTS"},"content":{"rendered":"\n\t\t\t<div class=\"wp-block-uagb-post-grid uagb-post-grid  uagb-post__image-position-top uagb-post__image-enabled uagb-block-e4e9063d     uagb-post__items uagb-post__columns-3 is-grid uagb-post__columns-tablet-2 uagb-post__columns-mobile-1 uagb-post__equal-height\" data-total=\"1\" style=\"\">\n\n\t\t\t\t\t\t\t\t\t\t\t\t<article class=\"uagb-post__inner-wrap\">\t\t\t\t\t\t\t\t<div class='uagb-post__image'>\n\t\t\t\t\t\t\t\t\t<a href=\"https:\/\/wp.unil.ch\/transition-juste\/464-2\/\" target=\"_self\" rel=\"bookmark noopener noreferrer\" class='uagb-image-ratio-inherit'><img loading=\"lazy\" decoding=\"async\" width=\"580\" height=\"326\" src=\"https:\/\/wp.unil.ch\/transition-juste\/files\/2026\/04\/capture-decran-2026-04-15-a-17.27.26-1024x576.jpeg\" class=\"attachment-large size-large\" alt=\"\" srcset=\"https:\/\/wp.unil.ch\/transition-juste\/files\/2026\/04\/capture-decran-2026-04-15-a-17.27.26-1024x576.jpeg 1024w, https:\/\/wp.unil.ch\/transition-juste\/files\/2026\/04\/capture-decran-2026-04-15-a-17.27.26-300x169.jpeg 300w, https:\/\/wp.unil.ch\/transition-juste\/files\/2026\/04\/capture-decran-2026-04-15-a-17.27.26-768x432.jpeg 768w, https:\/\/wp.unil.ch\/transition-juste\/files\/2026\/04\/capture-decran-2026-04-15-a-17.27.26-1536x864.jpeg 1536w, https:\/\/wp.unil.ch\/transition-juste\/files\/2026\/04\/capture-decran-2026-04-15-a-17.27.26-540x304.jpeg 540w, https:\/\/wp.unil.ch\/transition-juste\/files\/2026\/04\/capture-decran-2026-04-15-a-17.27.26-1080x608.jpeg 1080w, https:\/\/wp.unil.ch\/transition-juste\/files\/2026\/04\/capture-decran-2026-04-15-a-17.27.26.jpeg 1920w\" sizes=\"auto, (max-width: 580px) 100vw, 580px\" \/>\t\t\t\t\t<\/a>\n\t\t\t\t\t\t\t<\/div>\n\t\t\t<div class=\"uag-post-grid-wrapper\">\t\t\t<h4 class=\"uagb-post__title uagb-post__text\">\n\t\t\t\t<a href=\"https:\/\/wp.unil.ch\/transition-juste\/464-2\/\" target=\"_self\" rel=\"bookmark noopener noreferrer\">\u00ab\u00a0Qui contr\u00f4lera l\u2019\u00e9nergie au 21e si\u00e8cle ?\u00a0\u00bb \u2013 retour sur la conf\u00e9rence de Lucas Chancel<\/a>\n\t\t\t<\/h4>\n\t\t\t\t\t\t<div class='uagb-post__text uagb-post-grid-byline'>\n\t\t\t\t\t\t\t<\/div>\n\t\t\t\t\t\t\t<div class='uagb-post__text uagb-post__excerpt'>\n\t\t\t\t\t<p>\u00ab\u00a0Je vends ici ce que le monde entier d\u00e9sire : la puissance.\u00a0\u00bb En 1776, l\u2019industriel Matthew Boulton pr\u00e9sentait ainsi la machine \u00e0 vapeur, jouant sur&#8230;\t\t\t\t<\/div>\n\t\t\t\t\t\t<div class=\"uagb-post__text uagb-post__cta wp-block-button\">\n\t\t\t\t<a class=\"wp-block-button__link uagb-text-link\" style=\"\" href=\"https:\/\/wp.unil.ch\/transition-juste\/464-2\/\" target=\"_self\" rel=\"bookmark noopener noreferrer\">Lire la suite<\/a>\n\t\t\t<\/div>\n\t\t\t<\/div>\n\t\t\t\t\t\t\t\t\t<\/article>\n\t\t\t\t\t\t\t\t\t\t\t\t\t\t\t\t<article class=\"uagb-post__inner-wrap\">\t\t\t\t\t\t\t\t<div class='uagb-post__image'>\n\t\t\t\t\t\t\t\t\t<a href=\"https:\/\/wp.unil.ch\/transition-juste\/une-feuille-de-route-pour-leradication-de-la-pauvrete-au-dela-de-la-croissance\/\" target=\"_self\" rel=\"bookmark noopener noreferrer\" class='uagb-image-ratio-inherit'><img loading=\"lazy\" decoding=\"async\" width=\"580\" height=\"193\" src=\"https:\/\/wp.unil.ch\/transition-juste\/files\/2026\/03\/banner-1-1024x341.png\" class=\"attachment-large size-large\" alt=\"banner\" srcset=\"https:\/\/wp.unil.ch\/transition-juste\/files\/2026\/03\/banner-1-1024x341.png 1024w, https:\/\/wp.unil.ch\/transition-juste\/files\/2026\/03\/banner-1-300x100.png 300w, https:\/\/wp.unil.ch\/transition-juste\/files\/2026\/03\/banner-1-768x256.png 768w, https:\/\/wp.unil.ch\/transition-juste\/files\/2026\/03\/banner-1-540x180.png 540w, https:\/\/wp.unil.ch\/transition-juste\/files\/2026\/03\/banner-1-1080x360.png 1080w, https:\/\/wp.unil.ch\/transition-juste\/files\/2026\/03\/banner-1.png 1200w\" sizes=\"auto, (max-width: 580px) 100vw, 580px\" \/>\t\t\t\t\t<\/a>\n\t\t\t\t\t\t\t<\/div>\n\t\t\t<div class=\"uag-post-grid-wrapper\">\t\t\t<h4 class=\"uagb-post__title uagb-post__text\">\n\t\t\t\t<a href=\"https:\/\/wp.unil.ch\/transition-juste\/une-feuille-de-route-pour-leradication-de-la-pauvrete-au-dela-de-la-croissance\/\" target=\"_self\" rel=\"bookmark noopener noreferrer\">Une feuille de route pour l\u2019\u00e9radication de la pauvret\u00e9 au-del\u00e0 de la croissance &#8211; Olivier De Schutter<\/a>\n\t\t\t<\/h4>\n\t\t\t\t\t\t<div class='uagb-post__text uagb-post-grid-byline'>\n\t\t\t\t\t\t\t<\/div>\n\t\t\t\t\t\t\t<div class='uagb-post__text uagb-post__excerpt'>\n\t\t\t\t\t<p>Le Centre de comp\u00e9tences en durabilit\u00e9 poursuit l&rsquo;exploration des enjeux li\u00e9s \u00e0 la Transition Juste avec\u00a0Olivier De Schutter, professeur de droit international et Rapporteur sp\u00e9cial&#8230;\t\t\t\t<\/div>\n\t\t\t\t\t\t<div class=\"uagb-post__text uagb-post__cta wp-block-button\">\n\t\t\t\t<a class=\"wp-block-button__link uagb-text-link\" style=\"\" href=\"https:\/\/wp.unil.ch\/transition-juste\/une-feuille-de-route-pour-leradication-de-la-pauvrete-au-dela-de-la-croissance\/\" target=\"_self\" rel=\"bookmark noopener noreferrer\">Lire la suite<\/a>\n\t\t\t<\/div>\n\t\t\t<\/div>\n\t\t\t\t\t\t\t\t\t<\/article>\n\t\t\t\t\t\t\t\t\t\t\t\t\t\t\t\t<article class=\"uagb-post__inner-wrap\">\t\t\t\t\t\t\t\t<div class='uagb-post__image'>\n\t\t\t\t\t\t\t\t\t<a href=\"https:\/\/wp.unil.ch\/transition-juste\/conference-inaugurale-du-cycle-transition-juste-avec-lucas-chancel\/\" target=\"_self\" rel=\"bookmark noopener noreferrer\" class='uagb-image-ratio-inherit'><img loading=\"lazy\" decoding=\"async\" width=\"580\" height=\"435\" src=\"https:\/\/wp.unil.ch\/transition-juste\/files\/2026\/02\/actu-1-1024x768.png\" class=\"attachment-large size-large\" alt=\"Conf\u00e9rence inaugurale du cycle \u00ab Transition Juste \u00bb \u2013 avec Lucas Chancel Energie et In\u00e9gualit\u00e9s une histoire Politique UNIL 4 Mars 2026\" srcset=\"https:\/\/wp.unil.ch\/transition-juste\/files\/2026\/02\/actu-1-1024x768.png 1024w, https:\/\/wp.unil.ch\/transition-juste\/files\/2026\/02\/actu-1-300x225.png 300w, https:\/\/wp.unil.ch\/transition-juste\/files\/2026\/02\/actu-1-768x576.png 768w, https:\/\/wp.unil.ch\/transition-juste\/files\/2026\/02\/actu-1-540x405.png 540w, https:\/\/wp.unil.ch\/transition-juste\/files\/2026\/02\/actu-1-1080x810.png 1080w, https:\/\/wp.unil.ch\/transition-juste\/files\/2026\/02\/actu-1.png 1200w\" sizes=\"auto, (max-width: 580px) 100vw, 580px\" \/>\t\t\t\t\t<\/a>\n\t\t\t\t\t\t\t<\/div>\n\t\t\t<div class=\"uag-post-grid-wrapper\">\t\t\t<h4 class=\"uagb-post__title uagb-post__text\">\n\t\t\t\t<a href=\"https:\/\/wp.unil.ch\/transition-juste\/conference-inaugurale-du-cycle-transition-juste-avec-lucas-chancel\/\" target=\"_self\" rel=\"bookmark noopener noreferrer\">Qui controle l\u2019energie ? Pouvoir, in\u00e9galit\u00e9s et transition \u00e9cologique &#8211; Lucas Chancel<\/a>\n\t\t\t<\/h4>\n\t\t\t\t\t\t<div class='uagb-post__text uagb-post-grid-byline'>\n\t\t\t\t\t\t\t<\/div>\n\t\t\t\t\t\t\t<div class='uagb-post__text uagb-post__excerpt'>\n\t\t\t\t\t<p>Le Centre de comp\u00e9tences en durabilit\u00e9 de l\u2019Unil ouvre un nouveau cycle de conf\u00e9rences consacr\u00e9 au concept de Transition Juste, pour laquelle nous avons l\u2019honneur&#8230;\t\t\t\t<\/div>\n\t\t\t\t\t\t<div class=\"uagb-post__text uagb-post__cta wp-block-button\">\n\t\t\t\t<a class=\"wp-block-button__link uagb-text-link\" style=\"\" href=\"https:\/\/wp.unil.ch\/transition-juste\/conference-inaugurale-du-cycle-transition-juste-avec-lucas-chancel\/\" target=\"_self\" rel=\"bookmark noopener noreferrer\">Lire la suite<\/a>\n\t\t\t<\/div>\n\t\t\t<\/div>\n\t\t\t\t\t\t\t\t\t<\/article>\n\t\t\t\t\t\t\t\t\t\t\t\t\t\t\t\t<article class=\"uagb-post__inner-wrap\">\t\t\t\t\t\t\t\t<div class='uagb-post__image'>\n\t\t\t\t\t\t\t\t\t<a href=\"https:\/\/wp.unil.ch\/transition-juste\/la-transition-juste-cest-assurer-le-bien-etre-de-toutes-les-formes-de-vie\/\" target=\"_self\" rel=\"bookmark noopener noreferrer\" class='uagb-image-ratio-inherit'><img loading=\"lazy\" decoding=\"async\" width=\"580\" height=\"410\" src=\"https:\/\/wp.unil.ch\/transition-juste\/files\/2026\/02\/fransolet-tj-1024x724.jpg\" class=\"attachment-large size-large\" alt=\"\" srcset=\"https:\/\/wp.unil.ch\/transition-juste\/files\/2026\/02\/fransolet-tj-1024x724.jpg 1024w, https:\/\/wp.unil.ch\/transition-juste\/files\/2026\/02\/fransolet-tj-300x212.jpg 300w, https:\/\/wp.unil.ch\/transition-juste\/files\/2026\/02\/fransolet-tj-768x543.jpg 768w, https:\/\/wp.unil.ch\/transition-juste\/files\/2026\/02\/fransolet-tj-1536x1086.jpg 1536w, https:\/\/wp.unil.ch\/transition-juste\/files\/2026\/02\/fransolet-tj-540x382.jpg 540w, https:\/\/wp.unil.ch\/transition-juste\/files\/2026\/02\/fransolet-tj-1080x764.jpg 1080w, https:\/\/wp.unil.ch\/transition-juste\/files\/2026\/02\/fransolet-tj.jpg 1591w\" sizes=\"auto, (max-width: 580px) 100vw, 580px\" \/>\t\t\t\t\t<\/a>\n\t\t\t\t\t\t\t<\/div>\n\t\t\t<div class=\"uag-post-grid-wrapper\">\t\t\t<h4 class=\"uagb-post__title uagb-post__text\">\n\t\t\t\t<a href=\"https:\/\/wp.unil.ch\/transition-juste\/la-transition-juste-cest-assurer-le-bien-etre-de-toutes-les-formes-de-vie\/\" target=\"_self\" rel=\"bookmark noopener noreferrer\">\u201cLa transition juste, c\u2019est assurer le bien-\u00eatre de toutes les formes de vie\u201d &#8211; Aurore Fransolet<\/a>\n\t\t\t<\/h4>\n\t\t\t\t\t\t<div class='uagb-post__text uagb-post-grid-byline'>\n\t\t\t\t\t\t\t<\/div>\n\t\t\t\t\t\t\t<div class='uagb-post__text uagb-post__excerpt'>\n\t\t\t\t\t<p>Lors de sa conf\u00e9rence \u00e0 l\u2019Unil le 25 novembre 2025, la chercheuse Aurore Fransolet, titulaire de la chaire \u00ab Transition Juste \u00bb \u00e0 l\u2019Universit\u00e9 Libre&#8230;\t\t\t\t<\/div>\n\t\t\t\t\t\t<div class=\"uagb-post__text uagb-post__cta wp-block-button\">\n\t\t\t\t<a class=\"wp-block-button__link uagb-text-link\" style=\"\" href=\"https:\/\/wp.unil.ch\/transition-juste\/la-transition-juste-cest-assurer-le-bien-etre-de-toutes-les-formes-de-vie\/\" target=\"_self\" rel=\"bookmark noopener noreferrer\">Lire la suite<\/a>\n\t\t\t<\/div>\n\t\t\t<\/div>\n\t\t\t\t\t\t\t\t\t<\/article>\n\t\t\t\t\t\t\t\t\t\t\t<\/div>\n\t\t\t","protected":false},"excerpt":{"rendered":"","protected":false},"author":1002526,"featured_media":0,"parent":0,"menu_order":0,"comment_status":"closed","ping_status":"closed","template":"template-full-width.php","meta":{"_seopress_robots_primary_cat":"","_seopress_titles_title":"","_seopress_titles_desc":"","_seopress_robots_index":"","_uag_custom_page_level_css":"","footnotes":""},"class_list":["post-242","page","type-page","status-publish","has-post-thumbnail"],"uagb_featured_image_src":{"full":false,"thumbnail":false,"medium":false,"medium_large":false,"large":false,"1536x1536":false,"2048x2048":false,"post-thumbnail":false,"chaplin_preview_image_low_resolution":false,"chaplin_preview_image_high_resolution":false,"chaplin_fullscreen":false},"uagb_author_info":{"display_name":"Niccolo Panozzo","author_link":"https:\/\/wp.unil.ch\/transition-juste\/author\/npanozzo\/"},"uagb_comment_info":0,"uagb_excerpt":null,"_links":{"self":[{"href":"https:\/\/wp.unil.ch\/transition-juste\/wp-json\/wp\/v2\/pages\/242","targetHints":{"allow":["GET"]}}],"collection":[{"href":"https:\/\/wp.unil.ch\/transition-juste\/wp-json\/wp\/v2\/pages"}],"about":[{"href":"https:\/\/wp.unil.ch\/transition-juste\/wp-json\/wp\/v2\/types\/page"}],"author":[{"embeddable":true,"href":"https:\/\/wp.unil.ch\/transition-juste\/wp-json\/wp\/v2\/users\/1002526"}],"replies":[{"embeddable":true,"href":"https:\/\/wp.unil.ch\/transition-juste\/wp-json\/wp\/v2\/comments?post=242"}],"version-history":[{"count":4,"href":"https:\/\/wp.unil.ch\/transition-juste\/wp-json\/wp\/v2\/pages\/242\/revisions"}],"predecessor-version":[{"id":363,"href":"https:\/\/wp.unil.ch\/transition-juste\/wp-json\/wp\/v2\/pages\/242\/revisions\/363"}],"wp:attachment":[{"href":"https:\/\/wp.unil.ch\/transition-juste\/wp-json\/wp\/v2\/media?parent=242"}],"curies":[{"name":"wp","href":"https:\/\/api.w.org\/{rel}","templated":true}]}}