{"id":497,"date":"2025-10-12T17:39:21","date_gmt":"2025-10-12T15:39:21","guid":{"rendered":"https:\/\/wp.unil.ch\/toxic\/?page_id=497"},"modified":"2026-01-07T18:25:27","modified_gmt":"2026-01-07T17:25:27","slug":"exposition-au-vallon","status":"publish","type":"page","link":"https:\/\/wp.unil.ch\/toxic\/exposition-au-vallon\/","title":{"rendered":"Exposition \u00abL&rsquo;incin\u00e9rateur du Vallon\u00bb: retour sur une pollution historique"},"content":{"rendered":"\n<div class=\"wp-block-columns alignwide is-layout-flex wp-container-core-columns-is-layout-9d6595d7 wp-block-columns-is-layout-flex\">\n<div class=\"wp-block-column is-layout-flow wp-block-column-is-layout-flow\">\n<p><strong>Une exposition en plein air et en acc\u00e8s libre, du 4 mai au 5 juillet 2026 dans le quartier du Vallon<\/strong><\/p>\n\n\n\n<div class=\"wp-block-columns is-layout-flex wp-container-core-columns-is-layout-9d6595d7 wp-block-columns-is-layout-flex\">\n<div class=\"wp-block-column is-layout-flow wp-block-column-is-layout-flow\">\n<p>Dans la Cour des Anciens magasins de la ville (rue de l\u2019industrie), cette exposition propose de mettre en lumi\u00e8re un cas de pollution \u00e9troitement li\u00e9 \u00e0 ce quartier de Lausanne: l\u2019histoire de l\u2019usine d&rsquo;incin\u00e9ration du Vallon.<\/p>\n\n\n\n<p>Dans le prolongement du <a href=\"https:\/\/wp.unil.ch\/toxic\/musee-historique-de-lausanne\/\">parcours permanent du Mus\u00e9e historique Lausanne<\/a>, venez d\u00e9couvrir comment une usine d\u2019incin\u00e9ration a durablement impact\u00e9 un quartier populaire, puis toute une ville.<\/p>\n\n\n\n<p>Comment une installation polluante a-t-elle pu fonctionner durant pr\u00e8s de 50 ans, malgr\u00e9 les contestations citoyennes, les alertes scientifique et le renforcement des normes environnementales?<\/p>\n\n\n\n<p>En levant le voile sur exemple repr\u00e9sentatif des injustices environnementales, cette exposition invite \u00e0 s\u2019interroger sur les modes de gestion et de surveillance des installations polluantes.<\/p>\n<\/div>\n\n\n\n<div class=\"wp-block-column is-layout-flow wp-block-column-is-layout-flow\">\n<figure class=\"wp-block-image size-large\"><img loading=\"lazy\" decoding=\"async\" width=\"1024\" height=\"1015\" src=\"https:\/\/wp.unil.ch\/toxic\/files\/2025\/10\/mhl-p.2.f.28.z1.117.047.001_carree_96_dpi-1024x1015.jpg\" alt=\"mhl p.2.f.28.z1.117.047.001 carr\u00e9e 96 dpi\" class=\"wp-image-913\" srcset=\"https:\/\/wp.unil.ch\/toxic\/files\/2025\/10\/mhl-p.2.f.28.z1.117.047.001_carree_96_dpi-1024x1015.jpg 1024w, https:\/\/wp.unil.ch\/toxic\/files\/2025\/10\/mhl-p.2.f.28.z1.117.047.001_carree_96_dpi-300x297.jpg 300w, https:\/\/wp.unil.ch\/toxic\/files\/2025\/10\/mhl-p.2.f.28.z1.117.047.001_carree_96_dpi-150x150.jpg 150w, https:\/\/wp.unil.ch\/toxic\/files\/2025\/10\/mhl-p.2.f.28.z1.117.047.001_carree_96_dpi-768x761.jpg 768w, https:\/\/wp.unil.ch\/toxic\/files\/2025\/10\/mhl-p.2.f.28.z1.117.047.001_carree_96_dpi-540x535.jpg 540w, https:\/\/wp.unil.ch\/toxic\/files\/2025\/10\/mhl-p.2.f.28.z1.117.047.001_carree_96_dpi-1080x1070.jpg 1080w, https:\/\/wp.unil.ch\/toxic\/files\/2025\/10\/mhl-p.2.f.28.z1.117.047.001_carree_96_dpi.jpg 1211w\" sizes=\"auto, (max-width: 1024px) 100vw, 1024px\" \/><figcaption class=\"wp-element-caption\">Anonyme, L\u2019ancienne usine d\u2019incin\u00e9ration du Vallon, photographie, mai 1975, coll. Mus\u00e9e Historique Lausanne, tous droits r\u00e9serv\u00e9s. \u00a9 Repro. : Atelier de num\u00e9risation Ville de Lausanne, Marie Humair.<\/figcaption><\/figure>\n<\/div>\n<\/div>\n\n\n\n<p><\/p>\n<\/div>\n<\/div>\n\n\n\n<h6 class=\"wp-block-heading has-small-font-size\">En partenariat avec<\/h6>\n\n\n\n<div class=\"wp-block-columns is-not-stacked-on-mobile is-layout-flex wp-container-core-columns-is-layout-9d6595d7 wp-block-columns-is-layout-flex\">\n<div class=\"wp-block-column is-layout-flow wp-block-column-is-layout-flow\" style=\"flex-basis:30%\">\n<a href=\"https:\/\/www.quartierduvallon.ch\/\">\n  <img decoding=\"async\" src=\"https:\/\/wp.unil.ch\/toxic\/files\/2025\/10\/logo-aqv-by-night-1-1.png\" alt=\"Description de l'image cliquable\">\n<\/a>\n<\/div>\n\n\n\n<div class=\"wp-block-column is-layout-flow wp-block-column-is-layout-flow\" style=\"flex-basis:20%\">\n<a href=\"https:\/\/www.animcite.ch\/vallon\/\">\n<img decoding=\"async\" src=\"https:\/\/wp.unil.ch\/toxic\/files\/2025\/10\/logo-couleur-sans-1.png\" alt=\"Description de l'image cliquable\">\n<\/a>\n<\/div>\n\n\n\n<div class=\"wp-block-column is-vertically-aligned-center is-layout-flow wp-block-column-is-layout-flow\" style=\"flex-basis:25%\">\n<a href=\"https:\/\/fasl.ch\/\">\n<img decoding=\"async\" src=\"https:\/\/wp.unil.ch\/toxic\/files\/2025\/10\/logo_fasl_cmjn-1.png\" alt=\"Description de l'image cliquable\">\n<\/a>\n<\/div>\n<\/div>\n\n\n\n<p><\/p>\n","protected":false},"excerpt":{"rendered":"<p>Une exposition en plein air et en acc\u00e8s libre, du 4 mai au 5 juillet 2026 dans le quartier du Vallon Dans la Cour des Anciens magasins de&hellip;<\/p>\n","protected":false},"author":1003038,"featured_media":1062,"parent":0,"menu_order":0,"comment_status":"closed","ping_status":"closed","template":"","meta":{"_seopress_robots_primary_cat":"","_seopress_titles_title":"","_seopress_titles_desc":"","_seopress_robots_index":"","footnotes":""},"class_list":["post-497","page","type-page","status-publish","has-post-thumbnail"],"_links":{"self":[{"href":"https:\/\/wp.unil.ch\/toxic\/wp-json\/wp\/v2\/pages\/497","targetHints":{"allow":["GET"]}}],"collection":[{"href":"https:\/\/wp.unil.ch\/toxic\/wp-json\/wp\/v2\/pages"}],"about":[{"href":"https:\/\/wp.unil.ch\/toxic\/wp-json\/wp\/v2\/types\/page"}],"author":[{"embeddable":true,"href":"https:\/\/wp.unil.ch\/toxic\/wp-json\/wp\/v2\/users\/1003038"}],"replies":[{"embeddable":true,"href":"https:\/\/wp.unil.ch\/toxic\/wp-json\/wp\/v2\/comments?post=497"}],"version-history":[{"count":4,"href":"https:\/\/wp.unil.ch\/toxic\/wp-json\/wp\/v2\/pages\/497\/revisions"}],"predecessor-version":[{"id":1201,"href":"https:\/\/wp.unil.ch\/toxic\/wp-json\/wp\/v2\/pages\/497\/revisions\/1201"}],"wp:featuredmedia":[{"embeddable":true,"href":"https:\/\/wp.unil.ch\/toxic\/wp-json\/wp\/v2\/media\/1062"}],"wp:attachment":[{"href":"https:\/\/wp.unil.ch\/toxic\/wp-json\/wp\/v2\/media?parent=497"}],"curies":[{"name":"wp","href":"https:\/\/api.w.org\/{rel}","templated":true}]}}