{"id":421,"date":"2025-10-12T13:29:57","date_gmt":"2025-10-12T11:29:57","guid":{"rendered":"https:\/\/wp.unil.ch\/toxic\/?page_id=421"},"modified":"2026-03-10T13:18:19","modified_gmt":"2026-03-10T12:18:19","slug":"balade-microplastiques","status":"publish","type":"page","link":"https:\/\/wp.unil.ch\/toxic\/balade-microplastiques\/","title":{"rendered":"Toxic tour \u00a0\u00abMicroplastiques\u00bb"},"content":{"rendered":"\n<h2 class=\"wp-block-heading alignwide\">Du pneu \u00e0 l&rsquo;eau du lac <\/h2>\n\n\n\n<figure class=\"wp-block-image alignwide size-full is-style-default\"><img loading=\"lazy\" decoding=\"async\" width=\"1800\" height=\"1200\" src=\"https:\/\/wp.unil.ch\/toxic\/files\/2025\/10\/4096px-vidy_plage_lausanne_2020_2.jpg\" alt=\"4096px vidy plage lausanne 2020 (2)\" class=\"wp-image-613\" srcset=\"https:\/\/wp.unil.ch\/toxic\/files\/2025\/10\/4096px-vidy_plage_lausanne_2020_2.jpg 1800w, https:\/\/wp.unil.ch\/toxic\/files\/2025\/10\/4096px-vidy_plage_lausanne_2020_2-300x200.jpg 300w, https:\/\/wp.unil.ch\/toxic\/files\/2025\/10\/4096px-vidy_plage_lausanne_2020_2-1024x683.jpg 1024w, https:\/\/wp.unil.ch\/toxic\/files\/2025\/10\/4096px-vidy_plage_lausanne_2020_2-768x512.jpg 768w, https:\/\/wp.unil.ch\/toxic\/files\/2025\/10\/4096px-vidy_plage_lausanne_2020_2-1536x1024.jpg 1536w, https:\/\/wp.unil.ch\/toxic\/files\/2025\/10\/4096px-vidy_plage_lausanne_2020_2-540x360.jpg 540w, https:\/\/wp.unil.ch\/toxic\/files\/2025\/10\/4096px-vidy_plage_lausanne_2020_2-1080x720.jpg 1080w\" sizes=\"auto, (max-width: 1800px) 100vw, 1800px\" \/><figcaption class=\"wp-element-caption\">Plage de Vidy, Lausanne <em>\u00a9<\/em><a href=\"https:\/\/creativecommons.org\/licenses\/by-sa\/4.0\/deed.fr\">CC BY-SA 4.0 Gzzz<\/a><\/figcaption><\/figure>\n\n\n\n<div class=\"wp-block-columns alignwide is-layout-flex wp-container-core-columns-is-layout-9d6595d7 wp-block-columns-is-layout-flex\">\n<div class=\"wp-block-column is-layout-flow wp-block-column-is-layout-flow\">\n<h4 class=\"wp-block-heading\">R\u00e9fl\u00e9chissez aux mesures \u00e0 prendre localement et \u00e0 comment agir au niveau international&nbsp;pour lutter contre les microplastiques.<\/h4>\n\n\n\n<h5 class=\"wp-block-heading\"><strong>Jeudi 18 juin 2026 \u00e0 18 heures,<\/strong> <strong>Plage de Vidy, Lausanne.<\/strong><\/h5>\n\n\n\n<p>De la&nbsp;plage de Vidy&nbsp;\u00e0&nbsp;L\u2019\u00e9prouvette&nbsp;(Unil), explorez les pollutions li\u00e9es aux plastiques dans le&nbsp;Lac L\u00e9man, accompagn\u00e9\u00b7e par&nbsp;Laurianne&nbsp;Trimoulla, porte-parole de la Fondation Gallifrey qui lutte contre la pollution plastique,&nbsp;le philosophe Dominique Bourg (Unil) et le biog\u00e9ochimiste&nbsp;Florian&nbsp;Breider (EPFL).<\/p>\n\n\n\n<p>Au fil du parcours, d\u00e9couvrez comment les plastiques se d\u00e9gradent en micro- et nanoplastiques jusqu\u2019\u00e0 devenir invisibles. Leur omnipr\u00e9sence soul\u00e8ve pourtant des questions majeures sur la sant\u00e9 humaine, l\u2019impact sur les \u00e9cosyst\u00e8mes aquatiques et l\u2019eau que nous buvons.&nbsp;<\/p>\n\n\n\n<p>Ce \u00ab&nbsp;Toxic tour&nbsp;\u00bb vous permettra d\u2019observer concr\u00e8tement ces polluants souvent imperceptibles : diversit\u00e9 des mat\u00e9riaux collect\u00e9s lors d\u2019un ramassage collectif, d\u00e9composition du plastique en bo\u00eetes de Petri, suspension de nanoplastiques dans des \u00e9chantillons d\u2019eau ou encore images issues de microscopie \u00e9lectronique.&nbsp;&nbsp;<\/p>\n\n\n\n<p>Mais au-del\u00e0 du constat alarmant, quelles solutions&nbsp;? La discussion s\u2019ouvrira aux actions possibles. Nous aborderons une question centrale : Qui porte la voix du vivant et des milieux naturels dans les instances locales, nationales et internationales ? Pourrait-on reconna\u00eetre \u00e0 la Nature des droits juridiques pour lui permettre de se d\u00e9fendre ? Cette rencontre invite chacune et chacun \u00e0 mieux comprendre les enjeux environnementaux et de sant\u00e9 publique li\u00e9s aux plastiques pour pouvoir agir \u2013 collectivement et de mani\u00e8re \u00e9clair\u00e9e \u2013 face \u00e0 un probl\u00e8me qui nous concerne toutes et tous.<\/p>\n\n\n\n<p><em>La balade sera suivie d&rsquo;un ap\u00e9ritif.<\/em><\/p>\n\n\n\n<div class=\"wp-block-buttons is-layout-flex wp-block-buttons-is-layout-flex\">\n<div class=\"wp-block-button\"><a class=\"wp-block-button__link wp-element-button\" href=\"https:\/\/ep-adultes.mapado.com\/event\/675374-microplastiques-du-pneu-a-leau-du-lac-toxic-tour\">Inscription recommand\u00e9e, cliquez ici<\/a><\/div>\n<\/div>\n\n\n\n<div class=\"wp-block-columns is-layout-flex wp-container-core-columns-is-layout-9d6595d7 wp-block-columns-is-layout-flex\">\n<div class=\"wp-block-column is-layout-flow wp-block-column-is-layout-flow\" style=\"flex-basis:66.66%\">\n<p><strong>Intervenant\u00b7es <\/strong><\/p>\n\n\n\n<ul class=\"wp-block-list\">\n<li>Laurianne&nbsp;Trimoulla&nbsp;\u2013&nbsp;Repr\u00e9sentante de la soci\u00e9t\u00e9 civile et porte-parole de la Fondation aux n\u00e9gociations du Trait\u00e9 international contre la pollution plastique et \u00e0 la Conf\u00e9rence des Nations Unies pour l\u2019Oc\u00e9an<br><em><em>Responsable communication et projets<\/em><\/em><em>&nbsp;&#8211;&nbsp;<a href=\"https:\/\/gallifrey.foundation\">Fondation&nbsp;Gallifrey<\/a><\/em>&nbsp;&nbsp;<\/li>\n\n\n\n<li>Dominique Bourg&nbsp;\u2013&nbsp;Philosophe&nbsp;<br><em>Professeur honoraire&nbsp;&#8211;&nbsp;Facult\u00e9 des g\u00e9osciences et de l&rsquo;environnement&nbsp;&#8211;&nbsp;Universit\u00e9 de Lausanne&nbsp;(Unil)&nbsp;<\/em><\/li>\n\n\n\n<li>Florian&nbsp;Breider&nbsp;\u2013 Biog\u00e9ochimiste&nbsp;<br><em>Directeur du Laboratoire central environnemental&nbsp;&#8211;&nbsp;\u00c9cole Polytechnique F\u00e9d\u00e9rale de Lausanne (EPFL)&nbsp;&nbsp;<\/em><\/li>\n<\/ul>\n<\/div>\n\n\n\n<div class=\"wp-block-column is-layout-flow wp-block-column-is-layout-flow\" style=\"flex-basis:33.33%\">\n<p><strong>Lieu de rendez-vous<\/strong><br><br>Plage de&nbsp;Vidy,&nbsp;pointe de la&nbsp;Chamberonne, Lausanne<br><a href=\"https:\/\/maps.app.goo.gl\/emX6RXQtk3DVroSt7\">https:\/\/maps.app.goo.gl\/emX6RXQtk3DVroSt7 <\/a><\/p>\n\n\n\n<p><strong>Acc\u00e8s<\/strong> <br><br>Bus 24, arr\u00eat Parc Bourget \/&nbsp;Bus 1 et 701, arr\u00eat All\u00e9e de Dorigny \/&nbsp;M\u00e9tro M1, arr\u00eat&nbsp;UNIL-Chamberonne&nbsp;<\/p>\n<\/div>\n<\/div>\n\n\n\n<p>La rencontre sera&nbsp;report\u00e9e&nbsp;au&nbsp;mercredi 24 juin \u00e0 18 heures&nbsp;<strong>en cas de mauvais temps<\/strong>.<\/p>\n\n\n\n<h5 class=\"wp-block-heading\">En partenariat avec<\/h5>\n\n\n\n<div class=\"wp-block-columns is-not-stacked-on-mobile is-layout-flex wp-container-core-columns-is-layout-9d6595d7 wp-block-columns-is-layout-flex\">\n<div class=\"wp-block-column is-layout-flow wp-block-column-is-layout-flow\" style=\"flex-basis:15%\">\n<a href=\"https:\/\/www.eprouvette-unil.ch\/\">\n  <img decoding=\"async\" src=\"https:\/\/wp.unil.ch\/toxic\/files\/2025\/10\/eprouvette_complet_noir.png\" alt=\"Description de l'image cliquable\">\n<\/a>\n<\/div>\n\n\n\n<div class=\"wp-block-column is-layout-flow wp-block-column-is-layout-flow\"><\/div>\n\n\n\n<div class=\"wp-block-column is-layout-flow wp-block-column-is-layout-flow\"><\/div>\n<\/div>\n<\/div>\n<\/div>\n","protected":false},"excerpt":{"rendered":"<p>Du pneu \u00e0 l&rsquo;eau du lac R\u00e9fl\u00e9chissez aux mesures \u00e0 prendre localement et \u00e0 comment agir au niveau international&nbsp;pour lutter contre les microplastiques. Jeudi 18 juin 2026 \u00e0&hellip;<\/p>\n","protected":false},"author":1003038,"featured_media":0,"parent":0,"menu_order":0,"comment_status":"closed","ping_status":"closed","template":"","meta":{"_seopress_robots_primary_cat":"","_seopress_titles_title":"","_seopress_titles_desc":"","_seopress_robots_index":"","footnotes":""},"class_list":["post-421","page","type-page","status-publish","has-post-thumbnail"],"_links":{"self":[{"href":"https:\/\/wp.unil.ch\/toxic\/wp-json\/wp\/v2\/pages\/421","targetHints":{"allow":["GET"]}}],"collection":[{"href":"https:\/\/wp.unil.ch\/toxic\/wp-json\/wp\/v2\/pages"}],"about":[{"href":"https:\/\/wp.unil.ch\/toxic\/wp-json\/wp\/v2\/types\/page"}],"author":[{"embeddable":true,"href":"https:\/\/wp.unil.ch\/toxic\/wp-json\/wp\/v2\/users\/1003038"}],"replies":[{"embeddable":true,"href":"https:\/\/wp.unil.ch\/toxic\/wp-json\/wp\/v2\/comments?post=421"}],"version-history":[{"count":5,"href":"https:\/\/wp.unil.ch\/toxic\/wp-json\/wp\/v2\/pages\/421\/revisions"}],"predecessor-version":[{"id":1257,"href":"https:\/\/wp.unil.ch\/toxic\/wp-json\/wp\/v2\/pages\/421\/revisions\/1257"}],"wp:attachment":[{"href":"https:\/\/wp.unil.ch\/toxic\/wp-json\/wp\/v2\/media?parent=421"}],"curies":[{"name":"wp","href":"https:\/\/api.w.org\/{rel}","templated":true}]}}