{"id":419,"date":"2025-10-12T13:29:56","date_gmt":"2025-10-12T11:29:56","guid":{"rendered":"https:\/\/wp.unil.ch\/toxic\/?page_id=419"},"modified":"2026-03-10T13:17:32","modified_gmt":"2026-03-10T12:17:32","slug":"balade-dioxines","status":"publish","type":"page","link":"https:\/\/wp.unil.ch\/toxic\/balade-dioxines\/","title":{"rendered":"Toxic tour \u00a0\u00abDioxines\u00bb"},"content":{"rendered":"\n<h2 class=\"wp-block-heading alignwide\">De l&rsquo;incin\u00e9rateur de d\u00e9chets au jardin potager<\/h2>\n\n\n\n<figure class=\"wp-block-image alignwide size-full is-style-default\"><img loading=\"lazy\" decoding=\"async\" width=\"1800\" height=\"1200\" src=\"https:\/\/wp.unil.ch\/toxic\/files\/2025\/10\/plantage_2.jpg\" alt=\"plantage 2\" class=\"wp-image-622\" srcset=\"https:\/\/wp.unil.ch\/toxic\/files\/2025\/10\/plantage_2.jpg 1800w, https:\/\/wp.unil.ch\/toxic\/files\/2025\/10\/plantage_2-300x200.jpg 300w, https:\/\/wp.unil.ch\/toxic\/files\/2025\/10\/plantage_2-1024x683.jpg 1024w, https:\/\/wp.unil.ch\/toxic\/files\/2025\/10\/plantage_2-768x512.jpg 768w, https:\/\/wp.unil.ch\/toxic\/files\/2025\/10\/plantage_2-1536x1024.jpg 1536w, https:\/\/wp.unil.ch\/toxic\/files\/2025\/10\/plantage_2-540x360.jpg 540w, https:\/\/wp.unil.ch\/toxic\/files\/2025\/10\/plantage_2-1080x720.jpg 1080w\" sizes=\"auto, (max-width: 1800px) 100vw, 1800px\" \/><figcaption class=\"wp-element-caption\">Jardins potagers du quartier du Vallon, Lausanne <em>\u00a9<\/em>Dominique Hugon<\/figcaption><\/figure>\n\n\n\n<div class=\"wp-block-columns alignwide is-layout-flex wp-container-core-columns-is-layout-9d6595d7 wp-block-columns-is-layout-flex\">\n<div class=\"wp-block-column is-layout-flow wp-block-column-is-layout-flow\">\n<h4 class=\"wp-block-heading\">Arpentez&nbsp;le&nbsp;quartier&nbsp;lausannois du Vallon&nbsp;et&nbsp;d\u00e9couvrez&nbsp;l\u2019histoire de son ancienne usine d\u2019incin\u00e9ration et les nuisances&nbsp;et contaminations qu\u2019elle a engendr\u00e9es.&nbsp;<\/h4>\n\n\n\n<h5 class=\"wp-block-heading\">Jeudi 28 mai 2026 \u00e0 18 heures, Quartier du Vallon, Lausanne<\/h5>\n\n\n\n<p>Au c\u0153ur de Lausanne, le quartier du Vallon conserve les traces d\u2019une histoire industrielle et environnementale marqu\u00e9e par l\u2019installation d\u2019une ancienne&nbsp;usine d\u2019incin\u00e9ration&nbsp;de d\u00e9chets.<\/p>\n\n\n\n<p>Participez \u00e0 un <em>Toxic tour<\/em> accompagn\u00e9\u00b7e par&nbsp;Dominique Hugon, membre du Comit\u00e9 de&nbsp;l\u2019Association de quartier du Vallon, l\u2019historien&nbsp;Fabien Moll-Fran\u00e7ois (Universit\u00e9 de Lausanne et Unisant\u00e9) et la toxicologue Christelle&nbsp;Oltramare (Unisant\u00e9),&nbsp;afin de comprendre les origines et les cons\u00e9quences de la contamination record aux dioxines des sols lausannois.<\/p>\n\n\n\n<p>Plongez dans&nbsp;l\u2019histoire&nbsp;de&nbsp;ce quartier populaire, \u00e0 travers des archives et les t\u00e9moignages d\u2019habitant\u00b7es confront\u00e9\u00b7es de longue date aux nuisances caus\u00e9es par l\u2019usine. D\u00e9couvrez ce que disent les connaissances scientifiques actuelles quant aux risques encore pr\u00e9sents&nbsp;et quelles sont les mesures mises en place par les autorit\u00e9s pour faire face \u00e0 cette situation.<\/p>\n\n\n\n<p>Enfin, prenez part \u00e0 la r\u00e9flexion sur&nbsp;l\u2019avenir du Vallon&nbsp;: Quelles perspectives pour ce territoire marqu\u00e9 par son h\u00e9ritage industriel ? Comment articuler attentes citoyennes, contraintes sanitaires et projets urbains&nbsp;?<\/p>\n\n\n\n<p>En croisant m\u00e9moire locale, mobilisation des habitant\u00b7es et regards scientifiques, cette rencontre invite \u00e0 imaginer collectivement le futur d\u2019un lieu en transformation.<\/p>\n\n\n\n<p><em>La balade sera suivie d&rsquo;un ap\u00e9ritif.<\/em><\/p>\n\n\n\n<div class=\"wp-block-buttons is-layout-flex wp-block-buttons-is-layout-flex\">\n<div class=\"wp-block-button\"><a class=\"wp-block-button__link wp-element-button\" href=\"https:\/\/ep-adultes.mapado.com\/event\/675268-dioxines-de-lincinerateur-de-dechets-au-jardin-potager-toxic-tour\">Inscription recommand\u00e9e, cliquez ici<\/a><\/div>\n<\/div>\n\n\n\n<div class=\"wp-block-columns is-layout-flex wp-container-core-columns-is-layout-9d6595d7 wp-block-columns-is-layout-flex\">\n<div class=\"wp-block-column is-layout-flow wp-block-column-is-layout-flow\" style=\"flex-basis:66.66%\">\n<p><strong>Intervenant\u00b7es <\/strong><\/p>\n\n\n\n<ul class=\"wp-block-list\">\n<li>Dominique Hugon,&nbsp;Habitant du quartier du Vallon &nbsp;<br><em>Membre du Comit\u00e9&nbsp;de l\u2019<a href=\"https:\/\/www.quartierduvallon.ch\/\" target=\"_blank\" rel=\"noreferrer noopener\">Association de quartier du Vallon<\/a>&nbsp;<\/em><\/li>\n\n\n\n<li>Fabien Moll-Fran\u00e7ois,&nbsp;Historien&nbsp;et sociologue des sciences&nbsp;&nbsp;<br><em>Unisant\u00e9&nbsp;et Universit\u00e9 de Lausanne<\/em> (Unil)<\/li>\n\n\n\n<li>Christelle&nbsp;Oltramare,&nbsp;Toxicologue&nbsp;<br><em>D\u00e9partement Sant\u00e9, Travail et Environnement &#8211;&nbsp;Unisant\u00e9<\/em><\/li>\n<\/ul>\n<\/div>\n\n\n\n<div class=\"wp-block-column is-layout-flow wp-block-column-is-layout-flow\" style=\"flex-basis:33.33%\">\n<p><strong><strong>Lieu de rendez-vous<\/strong> <\/strong><br><br>Garages, \u00e0 c\u00f4t\u00e9 du th\u00e9\u00e2tre&nbsp;2.21<br>rue de l&rsquo;industrie 10, Lausanne<br><a href=\"https:\/\/maps.app.goo.gl\/65ssn2TFas6xF5ts7\" target=\"_blank\" rel=\"noreferrer noopener\">https:\/\/maps.app.goo.gl\/65ssn2TFas6xF5ts7<\/a>&nbsp;<\/p>\n\n\n\n<p><strong>Acc\u00e8s <\/strong><br><br>Bus&nbsp;7, Arr\u00eat&nbsp;C\u00e9sar Roux.&nbsp;<\/p>\n<\/div>\n<\/div>\n\n\n\n<p>La rencontre sera&nbsp;report\u00e9e&nbsp;au&nbsp;mercredi 3 juin \u00e0 18 heures&nbsp;<strong>en cas de mauvais temps<\/strong>.<\/p>\n\n\n\n<h5 class=\"wp-block-heading\">En partenariat avec<\/h5>\n\n\n\n<div class=\"wp-block-columns is-not-stacked-on-mobile is-layout-flex wp-container-core-columns-is-layout-9d6595d7 wp-block-columns-is-layout-flex\">\n<div class=\"wp-block-column is-layout-flow wp-block-column-is-layout-flow\" style=\"flex-basis:15%\">\n<a href=\"https:\/\/www.eprouvette-unil.ch\/\">\n  <img decoding=\"async\" src=\"https:\/\/wp.unil.ch\/toxic\/files\/2025\/10\/eprouvette_complet_noir.png\" alt=\"Description de l'image cliquable\">\n<\/a>\n<\/div>\n\n\n\n<div class=\"wp-block-column is-layout-flow wp-block-column-is-layout-flow\"><\/div>\n\n\n\n<div class=\"wp-block-column is-layout-flow wp-block-column-is-layout-flow\"><\/div>\n<\/div>\n<\/div>\n<\/div>\n","protected":false},"excerpt":{"rendered":"<p>De l&rsquo;incin\u00e9rateur de d\u00e9chets au jardin potager Arpentez&nbsp;le&nbsp;quartier&nbsp;lausannois du Vallon&nbsp;et&nbsp;d\u00e9couvrez&nbsp;l\u2019histoire de son ancienne usine d\u2019incin\u00e9ration et les nuisances&nbsp;et contaminations qu\u2019elle a engendr\u00e9es.&nbsp; Jeudi 28 mai 2026 \u00e0 18&hellip;<\/p>\n","protected":false},"author":1003038,"featured_media":0,"parent":0,"menu_order":0,"comment_status":"closed","ping_status":"closed","template":"","meta":{"_seopress_robots_primary_cat":"","_seopress_titles_title":"","_seopress_titles_desc":"","_seopress_robots_index":"","footnotes":""},"class_list":["post-419","page","type-page","status-publish","has-post-thumbnail"],"_links":{"self":[{"href":"https:\/\/wp.unil.ch\/toxic\/wp-json\/wp\/v2\/pages\/419","targetHints":{"allow":["GET"]}}],"collection":[{"href":"https:\/\/wp.unil.ch\/toxic\/wp-json\/wp\/v2\/pages"}],"about":[{"href":"https:\/\/wp.unil.ch\/toxic\/wp-json\/wp\/v2\/types\/page"}],"author":[{"embeddable":true,"href":"https:\/\/wp.unil.ch\/toxic\/wp-json\/wp\/v2\/users\/1003038"}],"replies":[{"embeddable":true,"href":"https:\/\/wp.unil.ch\/toxic\/wp-json\/wp\/v2\/comments?post=419"}],"version-history":[{"count":4,"href":"https:\/\/wp.unil.ch\/toxic\/wp-json\/wp\/v2\/pages\/419\/revisions"}],"predecessor-version":[{"id":1256,"href":"https:\/\/wp.unil.ch\/toxic\/wp-json\/wp\/v2\/pages\/419\/revisions\/1256"}],"wp:attachment":[{"href":"https:\/\/wp.unil.ch\/toxic\/wp-json\/wp\/v2\/media?parent=419"}],"curies":[{"name":"wp","href":"https:\/\/api.w.org\/{rel}","templated":true}]}}