{"id":368,"date":"2025-10-10T15:09:19","date_gmt":"2025-10-10T13:09:19","guid":{"rendered":"https:\/\/wp.unil.ch\/toxic\/?page_id=368"},"modified":"2026-01-14T08:17:47","modified_gmt":"2026-01-14T07:17:47","slug":"a-propos","status":"publish","type":"page","link":"https:\/\/wp.unil.ch\/toxic\/a-propos\/","title":{"rendered":"A propos"},"content":{"rendered":"\n<div class=\"wp-block-columns is-layout-flex wp-container-core-columns-is-layout-9d6595d7 wp-block-columns-is-layout-flex\">\n<div class=\"wp-block-column is-layout-flow wp-block-column-is-layout-flow\">\n<figure class=\"wp-block-image size-large\"><img loading=\"lazy\" decoding=\"async\" width=\"716\" height=\"1024\" src=\"https:\/\/wp.unil.ch\/toxic\/files\/2025\/10\/toxic_affiche_f4_final_20.10.2025_b_page-0001-716x1024.jpg\" alt=\"toxic affiche f4 final 20.10.2025 b page 0001\" class=\"wp-image-950\" srcset=\"https:\/\/wp.unil.ch\/toxic\/files\/2025\/10\/toxic_affiche_f4_final_20.10.2025_b_page-0001-716x1024.jpg 716w, https:\/\/wp.unil.ch\/toxic\/files\/2025\/10\/toxic_affiche_f4_final_20.10.2025_b_page-0001-210x300.jpg 210w, https:\/\/wp.unil.ch\/toxic\/files\/2025\/10\/toxic_affiche_f4_final_20.10.2025_b_page-0001-768x1098.jpg 768w, https:\/\/wp.unil.ch\/toxic\/files\/2025\/10\/toxic_affiche_f4_final_20.10.2025_b_page-0001-540x772.jpg 540w, https:\/\/wp.unil.ch\/toxic\/files\/2025\/10\/toxic_affiche_f4_final_20.10.2025_b_page-0001.jpg 839w\" sizes=\"auto, (max-width: 716px) 100vw, 716px\" \/><figcaption class=\"wp-element-caption\"><em>\u00a9<\/em> Ultrastudio<\/figcaption><\/figure>\n\n\n\n<p><\/p>\n<\/div>\n\n\n\n<div class=\"wp-block-column is-layout-flow wp-block-column-is-layout-flow\">\n<p>Le projet Agora \u00abToxic\u00bb est un projet de m\u00e9diation scientifique financ\u00e9 par le Fonds national suisse de la recherche scientifique. Il est port\u00e9 par des chercheur\u00b7euse\u00b7s travaillant sur les pollutions environnementales et venant de diff\u00e9rentes disciplines, \u00e0 la fois des sciences sociales et des sciences de la nature.<\/p>\n\n\n\n<p>Le projet est co-dirig\u00e9 par <a href=\"https:\/\/applicationspub.unil.ch\/interpub\/noauth\/php\/Un\/UnPers.php?PerNum=59493&amp;LanCode=37&amp;menu=coord\">C\u00e9line Mavrot<\/a> (politiste, Unil &#8211; Facult\u00e9 des sciences sociales et politiques) et <a href=\"https:\/\/www.unisante.ch\/fr\/formation-recherche\/annuaire-chercheurs\/chercheur\/berthet-aurelie\">Aur\u00e9lie Berthet<\/a> (toxicologue, Unisant\u00e9 et Unil). Il est coordonn\u00e9 par <a href=\"https:\/\/annuaire.unil.ch\/person\/UVUsbXXGhcDnw5\">Fabien Moll-Fran\u00e7ois<\/a> (historien des sciences, Unil et Unisant\u00e9), avec l\u2019appui du <a href=\"https:\/\/www.unil.ch\/unil\/fr\/home\/menuinst\/universite\/organisation-universite\/unites-et-services\/service-culture-et-mediation-scientifique.html\">Service Culture et M\u00e9diation scientifique de l\u2019Unil<\/a>.<\/p>\n\n\n\n<p>Le projet r\u00e9unit de nombreux partenaires :<\/p>\n\n\n\n<ul class=\"wp-block-list\">\n<li><a href=\"https:\/\/www.lausanne.ch\/vie-pratique\/culture\/musees\/mhl\">Mus\u00e9e Historique Lausanne<\/a><\/li>\n\n\n\n<li><a href=\"https:\/\/www.labo-histoire.ch\/\">Laboratoire Histoire et Cit\u00e9<\/a><\/li>\n\n\n\n<li><a href=\"https:\/\/2025.festivalcite.ch\/fr\/\">Festival de la Cit\u00e9<\/a><\/li>\n\n\n\n<li><a href=\"https:\/\/www.grange-unil.ch\/\">La Grange, Centre \/ Arts et Sciences \/ Unil<\/a><\/li>\n\n\n\n<li><a href=\"https:\/\/www.eprouvette-unil.ch\/\">L\u2019\u00e9prouvette, Laboratoire \/ Sciences et Soci\u00e9t\u00e9 \/ Unil<\/a><\/li>\n\n\n\n<li><a href=\"https:\/\/www.ville-en-tete.ch\/\">Ville en t\u00eate<\/a><\/li>\n\n\n\n<li><a href=\"https:\/\/fasl.ch\/\">Fondation pour l\u2019Animation Socioculturelle Lausannoise <\/a><\/li>\n\n\n\n<li><a href=\"https:\/\/www.animcite.ch\/vallon\/\">Centre d\u2019animation du Vallon<\/a> <\/li>\n\n\n\n<li><a href=\"https:\/\/www.quartierduvallon.ch\/\">Association de Quartier du Vallon<\/a><\/li>\n\n\n\n<li><a href=\"https:\/\/www.amisdelacite.ch\/\">Association des Amis de la Cit\u00e9<\/a><\/li>\n\n\n\n<li><a href=\"https:\/\/www.gymnasecite.ch\/\">Gymnase de la Cit\u00e9<\/a><\/li>\n<\/ul>\n<\/div>\n<\/div>\n\n\n\n<p><strong>Contactez-nous<\/strong>: toxic[at]unil.ch<\/p>\n","protected":false},"excerpt":{"rendered":"<p>Le projet Agora \u00abToxic\u00bb est un projet de m\u00e9diation scientifique financ\u00e9 par le Fonds national suisse de la recherche scientifique. Il est port\u00e9 par des chercheur\u00b7euse\u00b7s travaillant sur&hellip;<\/p>\n","protected":false},"author":1003038,"featured_media":0,"parent":0,"menu_order":0,"comment_status":"closed","ping_status":"closed","template":"","meta":{"_seopress_robots_primary_cat":"","_seopress_titles_title":"","_seopress_titles_desc":"","_seopress_robots_index":"","footnotes":""},"class_list":["post-368","page","type-page","status-publish","has-post-thumbnail"],"_links":{"self":[{"href":"https:\/\/wp.unil.ch\/toxic\/wp-json\/wp\/v2\/pages\/368","targetHints":{"allow":["GET"]}}],"collection":[{"href":"https:\/\/wp.unil.ch\/toxic\/wp-json\/wp\/v2\/pages"}],"about":[{"href":"https:\/\/wp.unil.ch\/toxic\/wp-json\/wp\/v2\/types\/page"}],"author":[{"embeddable":true,"href":"https:\/\/wp.unil.ch\/toxic\/wp-json\/wp\/v2\/users\/1003038"}],"replies":[{"embeddable":true,"href":"https:\/\/wp.unil.ch\/toxic\/wp-json\/wp\/v2\/comments?post=368"}],"version-history":[{"count":5,"href":"https:\/\/wp.unil.ch\/toxic\/wp-json\/wp\/v2\/pages\/368\/revisions"}],"predecessor-version":[{"id":1204,"href":"https:\/\/wp.unil.ch\/toxic\/wp-json\/wp\/v2\/pages\/368\/revisions\/1204"}],"wp:attachment":[{"href":"https:\/\/wp.unil.ch\/toxic\/wp-json\/wp\/v2\/media?parent=368"}],"curies":[{"name":"wp","href":"https:\/\/api.w.org\/{rel}","templated":true}]}}