{"id":352,"date":"2025-10-10T14:30:22","date_gmt":"2025-10-10T12:30:22","guid":{"rendered":"https:\/\/wp.unil.ch\/toxic\/?page_id=352"},"modified":"2025-10-27T15:46:03","modified_gmt":"2025-10-27T14:46:03","slug":"musee-historique-de-lausanne","status":"publish","type":"page","link":"https:\/\/wp.unil.ch\/toxic\/musee-historique-de-lausanne\/","title":{"rendered":"Mus\u00e9e Historique Lausanne: un \u00e9clairage in\u00e9dit sur l&rsquo;usine d&rsquo;incin\u00e9ration du Vallon et la transformation de la vall\u00e9e sup\u00e9rieure du Flon"},"content":{"rendered":"\n<div class=\"wp-block-columns alignwide is-layout-flex wp-container-core-columns-is-layout-9d6595d7 wp-block-columns-is-layout-flex\">\n<div class=\"wp-block-column is-layout-flow wp-block-column-is-layout-flow\">\n<div class=\"wp-block-columns is-layout-flex wp-container-core-columns-is-layout-9d6595d7 wp-block-columns-is-layout-flex\">\n<div class=\"wp-block-column is-vertically-aligned-stretch is-layout-flow wp-block-column-is-layout-flow\" style=\"flex-basis:66.66%\">\n<p><strong>D\u00e8s novembre 2025, le Mus\u00e9e Historique Lausanne d\u00e9voile la mise \u00e0 jour de son parcours permanent.<\/strong><\/p>\n\n\n\n<p>Visiteurs et visiteuses d\u00e9couvriront deux multim\u00e9dias sp\u00e9cialement con\u00e7us dans le cadre du projet \u00abToxic\u00bb, qui retracent l\u2019histoire m\u00e9connue du quartier du Vallon et de la vall\u00e9e sup\u00e9rieure du Flon.<\/p>\n\n\n\n<p>Dans les ann\u00e9es 1950, l\u2019installation de la premi\u00e8re usine d\u2019incin\u00e9ration des ordures m\u00e9nag\u00e8res en ville de Lausanne entra\u00eene le comblement de la rivi\u00e8re du Flon et le remblaiement de la vall\u00e9e, alors si pittoresque.<\/p>\n\n\n\n<p>Bouleversant \u00e0 jamais le paysage lausannois, cette usine va durablement marquer la ville de son empreinte.<\/p>\n\n\n\n<p>A travers plus de 120 images, d\u00e9couvrez l\u2019histoire de cette usine hors normes qui est pass\u00e9e du statut de symbole de la modernit\u00e9 \u00e0 celui de vestige du pass\u00e9, laissant derri\u00e8re elle un h\u00e9ritage toxique avec lequel il faut d\u00e9sormais composer.<\/p>\n\n\n\n<p><em>En prolongement de ces nouveaux modules du parcours permanent, <a href=\"https:\/\/wp.unil.ch\/toxic\/atelier-territoire-toxique-lhistoire-de-lausanne-a-travers-ses-dechets\/\" data-type=\"page\" data-id=\"1091\">des ateliers seront propos\u00e9s aux \u00e9l\u00e8ves du Canton de Vaud \u00e0 partir de mars 2026<\/a>.<\/em><\/p>\n<\/div>\n\n\n\n<div class=\"wp-block-column is-layout-flow wp-block-column-is-layout-flow\" style=\"flex-basis:33.33%\">\n<figure class=\"wp-block-image size-full\"><img loading=\"lazy\" decoding=\"async\" width=\"562\" height=\"746\" src=\"https:\/\/wp.unil.ch\/toxic\/files\/2025\/10\/comblement.jpg\" alt=\"comblement\" class=\"wp-image-970\" srcset=\"https:\/\/wp.unil.ch\/toxic\/files\/2025\/10\/comblement.jpg 562w, https:\/\/wp.unil.ch\/toxic\/files\/2025\/10\/comblement-226x300.jpg 226w, https:\/\/wp.unil.ch\/toxic\/files\/2025\/10\/comblement-540x717.jpg 540w\" sizes=\"auto, (max-width: 562px) 100vw, 562px\" \/><figcaption class=\"wp-element-caption\">Anonyme, D\u00e9charge au Vallon, photographie, 1965, coll. Mus\u00e9e Historique de Lausanne \u00a9 Atelier de num\u00e9risation Ville de Lausanne.<\/figcaption><\/figure>\n<\/div>\n<\/div>\n<\/div>\n<\/div>\n\n\n\n<h6 class=\"wp-block-heading has-small-font-size\">En partenariat avec<\/h6>\n\n\n\n<div class=\"wp-block-columns is-not-stacked-on-mobile is-layout-flex wp-container-core-columns-is-layout-9d6595d7 wp-block-columns-is-layout-flex\">\n<div class=\"wp-block-column is-layout-flow wp-block-column-is-layout-flow\">\n<a href=\"https:\/\/www.lausanne.ch\/vie-pratique\/culture\/musees\/mhl\">\n <img decoding=\"async\" src=\"https:\/\/wp.unil.ch\/toxic\/files\/2025\/10\/logo_mhl-1.png\" alt=\"Description de l'image cliquable\">\n<\/a>\n<\/div>\n\n\n\n<div class=\"wp-block-column is-layout-flow wp-block-column-is-layout-flow\"><\/div>\n\n\n\n<div class=\"wp-block-column is-layout-flow wp-block-column-is-layout-flow\"><\/div>\n<\/div>\n","protected":false},"excerpt":{"rendered":"<p>D\u00e8s novembre 2025, le Mus\u00e9e Historique Lausanne d\u00e9voile la mise \u00e0 jour de son parcours permanent. Visiteurs et visiteuses d\u00e9couvriront deux multim\u00e9dias sp\u00e9cialement con\u00e7us dans le cadre du&hellip;<\/p>\n","protected":false},"author":1003038,"featured_media":1041,"parent":0,"menu_order":0,"comment_status":"closed","ping_status":"closed","template":"","meta":{"_seopress_robots_primary_cat":"","_seopress_titles_title":"","_seopress_titles_desc":"","_seopress_robots_index":"","footnotes":""},"class_list":["post-352","page","type-page","status-publish","has-post-thumbnail"],"_links":{"self":[{"href":"https:\/\/wp.unil.ch\/toxic\/wp-json\/wp\/v2\/pages\/352","targetHints":{"allow":["GET"]}}],"collection":[{"href":"https:\/\/wp.unil.ch\/toxic\/wp-json\/wp\/v2\/pages"}],"about":[{"href":"https:\/\/wp.unil.ch\/toxic\/wp-json\/wp\/v2\/types\/page"}],"author":[{"embeddable":true,"href":"https:\/\/wp.unil.ch\/toxic\/wp-json\/wp\/v2\/users\/1003038"}],"replies":[{"embeddable":true,"href":"https:\/\/wp.unil.ch\/toxic\/wp-json\/wp\/v2\/comments?post=352"}],"version-history":[{"count":5,"href":"https:\/\/wp.unil.ch\/toxic\/wp-json\/wp\/v2\/pages\/352\/revisions"}],"predecessor-version":[{"id":1133,"href":"https:\/\/wp.unil.ch\/toxic\/wp-json\/wp\/v2\/pages\/352\/revisions\/1133"}],"wp:featuredmedia":[{"embeddable":true,"href":"https:\/\/wp.unil.ch\/toxic\/wp-json\/wp\/v2\/media\/1041"}],"wp:attachment":[{"href":"https:\/\/wp.unil.ch\/toxic\/wp-json\/wp\/v2\/media?parent=352"}],"curies":[{"name":"wp","href":"https:\/\/api.w.org\/{rel}","templated":true}]}}