{"id":233,"date":"2025-10-09T22:48:51","date_gmt":"2025-10-09T20:48:51","guid":{"rendered":"https:\/\/wp.unil.ch\/toxic\/?page_id=233"},"modified":"2026-03-16T13:12:04","modified_gmt":"2026-03-16T12:12:04","slug":"spectacle","status":"publish","type":"page","link":"https:\/\/wp.unil.ch\/toxic\/spectacle\/","title":{"rendered":"Spectacle"},"content":{"rendered":"\n<h2 class=\"wp-block-heading\"><mark style=\"background-color:#ffffff\" class=\"has-inline-color has-accent-color\">Toxicorama<\/mark><\/h2>\n\n\n\n<p><strong>Installation sonore pr\u00e9sent\u00e9e \u00e0 La Grange \u2013<\/strong> <strong>Unil (9 au 14 juin 2026) et lors de la 54e \u00e9dition du Festival de la Cit\u00e9 (3 au 5 juillet 2026)<\/strong><\/p>\n\n\n\n<p>Un collectif d\u2019habitants et d\u2019habitantes m\u00e8ne l\u2019enqu\u00eate sur un cas de pollution environnementale longtemps rest\u00e9e invisible en plein c\u0153ur de Lausanne. Accompagn\u00e9 par l\u2019artiste sonore Louis Schild et des scientifiques de l\u2019Unil, le groupe suit les traces des dioxines rel\u00e2ch\u00e9es pendant des d\u00e9cennies par l&rsquo;ancienne usine d&rsquo;incin\u00e9ration du Vallon. Comment ces polluants persistants ont-ils marqu\u00e9&nbsp;les sols, le quotidien et la m\u00e9moire du quartier ? \u00c0 La&nbsp;Grange \u2013 Unil puis au Festival de la Cit\u00e9, <em>Toxicorama<\/em>&nbsp;invite le public \u00e0 entrer dans un acousmonium, un orchestre de haut-parleurs, et \u00e0 s\u2019immerger dans un paysage sonore et textuel de la pollution, fa\u00e7onn\u00e9 \u00e0 partir des r\u00e9cits de vie et des enregistrements recueillis.&nbsp;<\/p>\n\n\n\n<p>Dur\u00e9e ~ 50 minutes<\/p>\n\n\n\n<p>D\u00e8s 13 ans<\/p>\n\n\n\n<p><strong>G\u00e9n\u00e9rique<\/strong><\/p>\n\n\n\n<p>Enqu\u00eateur\u00b7ices du Vallon : Alexandre Abrecht, Fanny El-Aghar, Jayant Schmid, Fatou Senghor \/ Coordination et cr\u00e9ation de podcast&nbsp;: Louis Schild \/ Cr\u00e9ation et diffusion sonore&nbsp;: Olga Kokcharova \/ Lumi\u00e8re et sc\u00e9nographie&nbsp;: Victor Roy \/ Formation \u00e0 l\u2019enqu\u00eate : Na\u00efk\u00e9 Desquesnes \/ Collaboration scientifique : Aur\u00e9lie Berthet, C\u00e9line Mavrot, Fabien Moll-Fran\u00e7ois \/ Production : Cartouche Tonnerre \/ Coproduction : La Grange \u2013 Unil, Festival de la Cit\u00e9 \/ Soutien : Fondation Leenaards<\/p>\n\n\n\n<p class=\"has-small-font-size\">Cr\u00e9dit banni\u00e8re: \u00a9 Nikita Th\u00e9voz<\/p>\n\n\n\n<p><\/p>\n\n\n\n<p><\/p>\n\n\n\n<h6 class=\"wp-block-heading has-small-font-size\">En partenariat avec<\/h6>\n\n\n\n<div class=\"wp-block-columns is-not-stacked-on-mobile is-layout-flex wp-container-core-columns-is-layout-9d6595d7 wp-block-columns-is-layout-flex\">\n<div class=\"wp-block-column is-layout-flow wp-block-column-is-layout-flow\" style=\"flex-basis:17%\">\n<a href=\"https:\/\/www.grange-unil.ch\/\">\n  <img decoding=\"async\" src=\"https:\/\/wp.unil.ch\/toxic\/files\/2025\/10\/images-2.png\" alt=\"Description de l'image cliquable\">\n<\/a>\n<\/div>\n\n\n\n<div class=\"wp-block-column is-layout-flow wp-block-column-is-layout-flow\" style=\"flex-basis:13%\">\n<a href=\"https:\/\/2025.festivalcite.ch\/fr\/\">\n<img decoding=\"async\" src=\"https:\/\/wp.unil.ch\/toxic\/files\/2025\/10\/festivalcite-1.png\" alt=\"Description de l'image cliquable\">\n<\/a>\n<\/div>\n\n\n\n<div class=\"wp-block-column is-layout-flow wp-block-column-is-layout-flow\" style=\"flex-basis:33.33%\"><\/div>\n<\/div>\n","protected":false},"excerpt":{"rendered":"<p>Toxicorama Installation sonore pr\u00e9sent\u00e9e \u00e0 La Grange \u2013 Unil (9 au 14 juin 2026) et lors de la 54e \u00e9dition du Festival de la Cit\u00e9 (3 au 5&hellip;<\/p>\n","protected":false},"author":1003038,"featured_media":997,"parent":0,"menu_order":0,"comment_status":"closed","ping_status":"closed","template":"template-full-width-cover.php","meta":{"_seopress_robots_primary_cat":"","_seopress_titles_title":"","_seopress_titles_desc":"","_seopress_robots_index":"","footnotes":""},"class_list":["post-233","page","type-page","status-publish","has-post-thumbnail"],"_links":{"self":[{"href":"https:\/\/wp.unil.ch\/toxic\/wp-json\/wp\/v2\/pages\/233","targetHints":{"allow":["GET"]}}],"collection":[{"href":"https:\/\/wp.unil.ch\/toxic\/wp-json\/wp\/v2\/pages"}],"about":[{"href":"https:\/\/wp.unil.ch\/toxic\/wp-json\/wp\/v2\/types\/page"}],"author":[{"embeddable":true,"href":"https:\/\/wp.unil.ch\/toxic\/wp-json\/wp\/v2\/users\/1003038"}],"replies":[{"embeddable":true,"href":"https:\/\/wp.unil.ch\/toxic\/wp-json\/wp\/v2\/comments?post=233"}],"version-history":[{"count":5,"href":"https:\/\/wp.unil.ch\/toxic\/wp-json\/wp\/v2\/pages\/233\/revisions"}],"predecessor-version":[{"id":1263,"href":"https:\/\/wp.unil.ch\/toxic\/wp-json\/wp\/v2\/pages\/233\/revisions\/1263"}],"wp:featuredmedia":[{"embeddable":true,"href":"https:\/\/wp.unil.ch\/toxic\/wp-json\/wp\/v2\/media\/997"}],"wp:attachment":[{"href":"https:\/\/wp.unil.ch\/toxic\/wp-json\/wp\/v2\/media?parent=233"}],"curies":[{"name":"wp","href":"https:\/\/api.w.org\/{rel}","templated":true}]}}